{"id":12478,"date":"2022-06-16T09:20:07","date_gmt":"2022-06-16T07:20:07","guid":{"rendered":"https:\/\/thegarden.it\/staging8\/prodotto\/espresso-kaffeemaschine-graef-contessa\/"},"modified":"2024-06-23T22:43:50","modified_gmt":"2024-06-23T20:43:50","slug":"espresso-kaffeemaschine-graef-contessa","status":"publish","type":"product","link":"https:\/\/www.bertazzofood.com\/de\/prodotto\/espresso-kaffeemaschine-graef-contessa\/","title":{"rendered":"Espresso Kaffeemaschine Graef Contessa"},"content":{"rendered":"<p>K\u00f6niglicher Kaffeegenuss: mit der Espressomaschine <strong>Contessa<\/strong> von <strong>GRAEF<\/strong><\/p>\n<p>Eine fl\u00fcsterleise Espressopumpe, ein leistungsstarker Dreifach-Thermoblock und zahlreiche Barista-Einstellungen treffen auf hochglanzpolierten Edelstahl mit edlen Seitenteilen aus Glas \u2013 die Gr\u00e4fin unter den Siebtr\u00e4ger-Espressomaschinen, die <strong>Contessa<\/strong> von <strong>GRAEF<\/strong>, entf\u00fchrt Kaffeeliebhaber besonders stilvoll in die vielseitige Welt des italienischen Kaffeegenusses.<\/p>\n<p>Das Flaggschiff des <strong>GRAEF<\/strong> CoffeeKitchen-Sortiments geh\u00f6rt zur K\u00f6nigsklasse der Siebtr\u00e4germaschinen. Hinter der edlen Fassade aus poliertem Edelstahl und Glas versteckt die <strong>Contessa<\/strong> zupackende Technik f\u00fcr den besten Espresso. Das Zusammenspiel von Hitze, Wasser und Zeit wird nach den W\u00fcnschen des Hobby-Barista optimal geregelt.<\/p>\n<p>Die <strong>Contessa<\/strong> besitzt gleich 3 Thermobl\u00f6cke! Einen f\u00fcr die Espressozubereitung, einen zweiten f\u00fcr den Dampf und der dritte dient zum Vorw\u00e4rmen des Br\u00fchkopfs. So ist die Maschine schneller und somit bereits nach 3 bis 5 Minuten einsatzbereit. Das spart Zeit und Energie! Die Siebtr\u00e4germaschine erw\u00e4rmt dar\u00fcber hinaus nur das im Moment tats\u00e4chlich ben\u00f6tigte Wasser \u201eon Demand\u201c und verbraucht dadurch noch einmal deutlich weniger Strom.<\/p>\n<p>Technische Daten:<\/p>\n<p>\u2022 Edelstahlgeh\u00e4use, Seitenteile aus Glas, schwarz<\/p>\n<p>\u2022 Fl\u00fcsterleise Espressopumpe (max. 16 bar), Dampfpumpe (max. 6 bar)<\/p>\n<p>\u2022 Dreifach-Thermoblock (gleichzeitige Zubereitung Espresso und Milchschaum)<\/p>\n<p>\u2022 Aktiv beheizte Br\u00fchgruppe<\/p>\n<p>\u2022 PID-Steuerung zur Temperaturkontrolle<\/p>\n<p>\u2022 Intuitives LCD-Display mit verschiedenen Barista-Einstellungen<\/p>\n<p>\u2022 4 Vorbr\u00fchprogramme und 7 Dampfprogramme<\/p>\n<p>\u2022 Pre-Infusion (Vorbr\u00fchfunktion) und Puck-Entw\u00e4sserung<\/p>\n<p>\u2022 1-\/2-Tassen-Funktion; Espresso-Shot-Timer<\/p>\n<p>\u2022 Manueller Bezug \u00fcber Handhebel<\/p>\n<p>\u2022 Manometeranzeige zur Druckkontrolle<\/p>\n<p>\u2022 360\u00b0-Hei\u00dfwasserlanze, separate No-Burn Dampflanze f\u00fcr perfekten Milchschaum<\/p>\n<p>\u2022 Passiv beheizte Tassenauflage<\/p>\n<p>\u2022 Herausnehmbarer 2,5-Liter-Wassertank + praktisches Entkalkungsprogramm<\/p>\n<p>\u2022 Zwei Edelstahl-Siebtr\u00e4ger (1er- und 2er-Auslauf) mit 58-mm-Profidurchmesser \u2013 f\u00fcr eine gr\u00f6\u00dftm\u00f6gliche Oberfl\u00e4che zum Freisetzen aller Aromen<\/p>\n<p>\u2022 Gewicht 19,15 kg<\/p>\n<p>\u2022 Ma\u00dfe (L x B x H): 31.5 mm x 42.5 mm x 48.0\u00a0 cm (h)<\/p>\n<p>\u2022 Durchmesser\u00a0 58mm<\/p>\n<p class=\" text-LEFT\"><strong>MASCHINENZUBEH\u00d6R:<\/strong><\/p>\n<p class=\" text-LEFT\">A. Siebtr\u00e4ger mit 1er Auslauf<\/p>\n<p class=\" text-LEFT\">B. Siebtr\u00e4ger mit 2er Auslauf<br \/>\nC. Blindsieb<br \/>\nD. Reinigungswerkzeug<br \/>\nE. Plastic Tamper<br \/>\nF. Milchk\u00e4nnchen<\/p>\n<p class=\" text-LEFT\">G. Wasserfilter (bereits im Wassertank eingebaut)<\/p>\n<p>H. Einwandige Siebeins\u00e4tze f\u00fcr 1 und 2 Tassen<\/p>\n<p>&nbsp;<\/p>\n<p><strong>24 Monate Garantie<\/strong>.<\/p>\n<p><strong>Versand kostenlos<\/strong>.<\/p>\n","protected":false},"excerpt":{"rendered":"<p>K\u00f6niglicher Kaffeegenuss: mit der Espressomaschine Contessa von GRAEF Eine fl\u00fcsterleise Espressopumpe, ein leistungsstarker Dreifach-Thermoblock und zahlreiche Barista-Einstellungen treffen auf hochglanzpolierten Edelstahl mit edlen Seitenteilen aus Glas \u2013 die Gr\u00e4fin unter den Siebtr\u00e4ger-Espressomaschinen, die Contessa von GRAEF, entf\u00fchrt Kaffeeliebhaber besonders stilvoll in die vielseitige Welt des italienischen Kaffeegenusses. Das Flaggschiff des GRAEF CoffeeKitchen-Sortiments geh\u00f6rt zur K\u00f6nigsklasse [&hellip;]<\/p>\n","protected":false},"featured_media":7429,"comment_status":"open","ping_status":"closed","template":"","meta":{"_acf_changed":false,"iawp_total_views":53},"product_brand":[],"product_cat":[1176,1155],"product_tag":[],"brands":[1822],"flag_home":[],"class_list":{"0":"post-12478","1":"product","2":"type-product","3":"status-publish","4":"has-post-thumbnail","6":"product_cat-espressomaschinen","7":"product_cat-kaffeemaschinen-zubehoer","8":"pa_garanzia-24-monate","9":"pa_tipo-di-alimentazione-acqua-wassertank","10":"pa_tipo-di-caldaia-ein-kessel","11":"pa_tipo-di-pompa-vibrationspumpe","12":"brands-graef","14":"first","15":"outofstock","16":"taxable","17":"shipping-taxable","18":"purchasable","19":"product-type-simple"},"acf":[],"yoast_head":"<!-- This site is optimized with the Yoast SEO plugin v27.5 - https:\/\/yoast.com\/product\/yoast-seo-wordpress\/ -->\n<title>Espresso Kaffeemaschine Graef Contessa<\/title>\n<meta name=\"robots\" content=\"index, follow, max-snippet:-1, max-image-preview:large, max-video-preview:-1\" \/>\n<link rel=\"canonical\" href=\"https:\/\/www.bertazzofood.com\/de\/prodotto\/espresso-kaffeemaschine-graef-contessa\/\" \/>\n<meta property=\"og:locale\" content=\"de_DE\" \/>\n<meta property=\"og:type\" content=\"article\" \/>\n<meta property=\"og:title\" content=\"Espresso Kaffeemaschine Graef Contessa\" \/>\n<meta property=\"og:description\" content=\"K\u00f6niglicher Kaffeegenuss: mit der Espressomaschine Contessa von GRAEF Eine fl\u00fcsterleise Espressopumpe, ein leistungsstarker Dreifach-Thermoblock und zahlreiche Barista-Einstellungen treffen auf hochglanzpolierten Edelstahl mit edlen Seitenteilen aus Glas \u2013 die Gr\u00e4fin unter den Siebtr\u00e4ger-Espressomaschinen, die Contessa von GRAEF, entf\u00fchrt Kaffeeliebhaber besonders stilvoll in die vielseitige Welt des italienischen Kaffeegenusses. Das Flaggschiff des GRAEF CoffeeKitchen-Sortiments geh\u00f6rt zur K\u00f6nigsklasse [&hellip;]\" \/>\n<meta property=\"og:url\" content=\"https:\/\/www.bertazzofood.com\/de\/prodotto\/espresso-kaffeemaschine-graef-contessa\/\" \/>\n<meta property=\"og:site_name\" content=\"Bertazzo Food\" \/>\n<meta property=\"article:publisher\" content=\"https:\/\/www.facebook.com\/BertazzoItalianQualityFood\" \/>\n<meta property=\"article:modified_time\" content=\"2024-06-23T20:43:50+00:00\" \/>\n<meta property=\"og:image\" content=\"https:\/\/www.bertazzofood.com\/wp-content\/uploads\/2024\/06\/Graef-Contessa-8-1-2.jpg\" \/>\n\t<meta property=\"og:image:width\" content=\"800\" \/>\n\t<meta property=\"og:image:height\" content=\"800\" \/>\n\t<meta property=\"og:image:type\" content=\"image\/jpeg\" \/>\n<meta name=\"twitter:card\" content=\"summary_large_image\" \/>\n<meta name=\"twitter:label1\" content=\"Gesch\u00e4tzte Lesezeit\" \/>\n\t<meta name=\"twitter:data1\" content=\"2\u00a0Minuten\" \/>\n<script type=\"application\/ld+json\" class=\"yoast-schema-graph\">{\"@context\":\"https:\\\/\\\/schema.org\",\"@graph\":[{\"@type\":\"WebPage\",\"@id\":\"https:\\\/\\\/www.bertazzofood.com\\\/de\\\/prodotto\\\/espresso-kaffeemaschine-graef-contessa\\\/\",\"url\":\"https:\\\/\\\/www.bertazzofood.com\\\/de\\\/prodotto\\\/espresso-kaffeemaschine-graef-contessa\\\/\",\"name\":\"Espresso Kaffeemaschine Graef Contessa\",\"isPartOf\":{\"@id\":\"https:\\\/\\\/www.bertazzofood.com\\\/de\\\/#website\"},\"primaryImageOfPage\":{\"@id\":\"https:\\\/\\\/www.bertazzofood.com\\\/de\\\/prodotto\\\/espresso-kaffeemaschine-graef-contessa\\\/#primaryimage\"},\"image\":{\"@id\":\"https:\\\/\\\/www.bertazzofood.com\\\/de\\\/prodotto\\\/espresso-kaffeemaschine-graef-contessa\\\/#primaryimage\"},\"thumbnailUrl\":\"https:\\\/\\\/www.bertazzofood.com\\\/wp-content\\\/uploads\\\/2024\\\/06\\\/Graef-Contessa-8-1-2.jpg\",\"datePublished\":\"2022-06-16T07:20:07+00:00\",\"dateModified\":\"2024-06-23T20:43:50+00:00\",\"breadcrumb\":{\"@id\":\"https:\\\/\\\/www.bertazzofood.com\\\/de\\\/prodotto\\\/espresso-kaffeemaschine-graef-contessa\\\/#breadcrumb\"},\"inLanguage\":\"de\",\"potentialAction\":[{\"@type\":\"ReadAction\",\"target\":[\"https:\\\/\\\/www.bertazzofood.com\\\/de\\\/prodotto\\\/espresso-kaffeemaschine-graef-contessa\\\/\"]}]},{\"@type\":\"ImageObject\",\"inLanguage\":\"de\",\"@id\":\"https:\\\/\\\/www.bertazzofood.com\\\/de\\\/prodotto\\\/espresso-kaffeemaschine-graef-contessa\\\/#primaryimage\",\"url\":\"https:\\\/\\\/www.bertazzofood.com\\\/wp-content\\\/uploads\\\/2024\\\/06\\\/Graef-Contessa-8-1-2.jpg\",\"contentUrl\":\"https:\\\/\\\/www.bertazzofood.com\\\/wp-content\\\/uploads\\\/2024\\\/06\\\/Graef-Contessa-8-1-2.jpg\",\"width\":800,\"height\":800},{\"@type\":\"BreadcrumbList\",\"@id\":\"https:\\\/\\\/www.bertazzofood.com\\\/de\\\/prodotto\\\/espresso-kaffeemaschine-graef-contessa\\\/#breadcrumb\",\"itemListElement\":[{\"@type\":\"ListItem\",\"position\":1,\"name\":\"Home\",\"item\":\"https:\\\/\\\/www.bertazzofood.com\\\/de\\\/homepage\\\/\"},{\"@type\":\"ListItem\",\"position\":2,\"name\":\"Produkte\",\"item\":\"https:\\\/\\\/www.bertazzofood.com\\\/de\\\/shop\\\/\"},{\"@type\":\"ListItem\",\"position\":3,\"name\":\"Espresso Kaffeemaschine Graef Contessa\"}]},{\"@type\":\"WebSite\",\"@id\":\"https:\\\/\\\/www.bertazzofood.com\\\/de\\\/#website\",\"url\":\"https:\\\/\\\/www.bertazzofood.com\\\/de\\\/\",\"name\":\"Bertazzo Food\",\"description\":\"Prodotti Alimentari Italiani Online e Macchine Da Caff\u00e8\",\"publisher\":{\"@id\":\"https:\\\/\\\/www.bertazzofood.com\\\/de\\\/#organization\"},\"potentialAction\":[{\"@type\":\"SearchAction\",\"target\":{\"@type\":\"EntryPoint\",\"urlTemplate\":\"https:\\\/\\\/www.bertazzofood.com\\\/de\\\/?s={search_term_string}\"},\"query-input\":{\"@type\":\"PropertyValueSpecification\",\"valueRequired\":true,\"valueName\":\"search_term_string\"}}],\"inLanguage\":\"de\"},{\"@type\":\"Organization\",\"@id\":\"https:\\\/\\\/www.bertazzofood.com\\\/de\\\/#organization\",\"name\":\"Bertazzo Italian Quality Food S.a.s. di Bertazzo Fabio & C.\",\"alternateName\":\"Bertazzo Food\",\"url\":\"https:\\\/\\\/www.bertazzofood.com\\\/de\\\/\",\"logo\":{\"@type\":\"ImageObject\",\"inLanguage\":\"de\",\"@id\":\"https:\\\/\\\/www.bertazzofood.com\\\/de\\\/#\\\/schema\\\/logo\\\/image\\\/\",\"url\":\"https:\\\/\\\/www.bertazzofood.com\\\/wp-content\\\/uploads\\\/2024\\\/06\\\/logo-bertazzo.webp\",\"contentUrl\":\"https:\\\/\\\/www.bertazzofood.com\\\/wp-content\\\/uploads\\\/2024\\\/06\\\/logo-bertazzo.webp\",\"width\":410,\"height\":166,\"caption\":\"Bertazzo Italian Quality Food S.a.s. di Bertazzo Fabio & C.\"},\"image\":{\"@id\":\"https:\\\/\\\/www.bertazzofood.com\\\/de\\\/#\\\/schema\\\/logo\\\/image\\\/\"},\"sameAs\":[\"https:\\\/\\\/www.facebook.com\\\/BertazzoItalianQualityFood\",\"https:\\\/\\\/www.instagram.com\\\/bertazzo_italian_quality_food\\\/\"]}]}<\/script>\n<!-- \/ Yoast SEO plugin. -->","yoast_head_json":{"title":"Espresso Kaffeemaschine Graef Contessa","robots":{"index":"index","follow":"follow","max-snippet":"max-snippet:-1","max-image-preview":"max-image-preview:large","max-video-preview":"max-video-preview:-1"},"canonical":"https:\/\/www.bertazzofood.com\/de\/prodotto\/espresso-kaffeemaschine-graef-contessa\/","og_locale":"de_DE","og_type":"article","og_title":"Espresso Kaffeemaschine Graef Contessa","og_description":"K\u00f6niglicher Kaffeegenuss: mit der Espressomaschine Contessa von GRAEF Eine fl\u00fcsterleise Espressopumpe, ein leistungsstarker Dreifach-Thermoblock und zahlreiche Barista-Einstellungen treffen auf hochglanzpolierten Edelstahl mit edlen Seitenteilen aus Glas \u2013 die Gr\u00e4fin unter den Siebtr\u00e4ger-Espressomaschinen, die Contessa von GRAEF, entf\u00fchrt Kaffeeliebhaber besonders stilvoll in die vielseitige Welt des italienischen Kaffeegenusses. Das Flaggschiff des GRAEF CoffeeKitchen-Sortiments geh\u00f6rt zur K\u00f6nigsklasse [&hellip;]","og_url":"https:\/\/www.bertazzofood.com\/de\/prodotto\/espresso-kaffeemaschine-graef-contessa\/","og_site_name":"Bertazzo Food","article_publisher":"https:\/\/www.facebook.com\/BertazzoItalianQualityFood","article_modified_time":"2024-06-23T20:43:50+00:00","og_image":[{"width":800,"height":800,"url":"https:\/\/www.bertazzofood.com\/wp-content\/uploads\/2024\/06\/Graef-Contessa-8-1-2.jpg","type":"image\/jpeg"}],"twitter_card":"summary_large_image","twitter_misc":{"Gesch\u00e4tzte Lesezeit":"2\u00a0Minuten"},"schema":{"@context":"https:\/\/schema.org","@graph":[{"@type":"WebPage","@id":"https:\/\/www.bertazzofood.com\/de\/prodotto\/espresso-kaffeemaschine-graef-contessa\/","url":"https:\/\/www.bertazzofood.com\/de\/prodotto\/espresso-kaffeemaschine-graef-contessa\/","name":"Espresso Kaffeemaschine Graef Contessa","isPartOf":{"@id":"https:\/\/www.bertazzofood.com\/de\/#website"},"primaryImageOfPage":{"@id":"https:\/\/www.bertazzofood.com\/de\/prodotto\/espresso-kaffeemaschine-graef-contessa\/#primaryimage"},"image":{"@id":"https:\/\/www.bertazzofood.com\/de\/prodotto\/espresso-kaffeemaschine-graef-contessa\/#primaryimage"},"thumbnailUrl":"https:\/\/www.bertazzofood.com\/wp-content\/uploads\/2024\/06\/Graef-Contessa-8-1-2.jpg","datePublished":"2022-06-16T07:20:07+00:00","dateModified":"2024-06-23T20:43:50+00:00","breadcrumb":{"@id":"https:\/\/www.bertazzofood.com\/de\/prodotto\/espresso-kaffeemaschine-graef-contessa\/#breadcrumb"},"inLanguage":"de","potentialAction":[{"@type":"ReadAction","target":["https:\/\/www.bertazzofood.com\/de\/prodotto\/espresso-kaffeemaschine-graef-contessa\/"]}]},{"@type":"ImageObject","inLanguage":"de","@id":"https:\/\/www.bertazzofood.com\/de\/prodotto\/espresso-kaffeemaschine-graef-contessa\/#primaryimage","url":"https:\/\/www.bertazzofood.com\/wp-content\/uploads\/2024\/06\/Graef-Contessa-8-1-2.jpg","contentUrl":"https:\/\/www.bertazzofood.com\/wp-content\/uploads\/2024\/06\/Graef-Contessa-8-1-2.jpg","width":800,"height":800},{"@type":"BreadcrumbList","@id":"https:\/\/www.bertazzofood.com\/de\/prodotto\/espresso-kaffeemaschine-graef-contessa\/#breadcrumb","itemListElement":[{"@type":"ListItem","position":1,"name":"Home","item":"https:\/\/www.bertazzofood.com\/de\/homepage\/"},{"@type":"ListItem","position":2,"name":"Produkte","item":"https:\/\/www.bertazzofood.com\/de\/shop\/"},{"@type":"ListItem","position":3,"name":"Espresso Kaffeemaschine Graef Contessa"}]},{"@type":"WebSite","@id":"https:\/\/www.bertazzofood.com\/de\/#website","url":"https:\/\/www.bertazzofood.com\/de\/","name":"Bertazzo Food","description":"Prodotti Alimentari Italiani Online e Macchine Da Caff\u00e8","publisher":{"@id":"https:\/\/www.bertazzofood.com\/de\/#organization"},"potentialAction":[{"@type":"SearchAction","target":{"@type":"EntryPoint","urlTemplate":"https:\/\/www.bertazzofood.com\/de\/?s={search_term_string}"},"query-input":{"@type":"PropertyValueSpecification","valueRequired":true,"valueName":"search_term_string"}}],"inLanguage":"de"},{"@type":"Organization","@id":"https:\/\/www.bertazzofood.com\/de\/#organization","name":"Bertazzo Italian Quality Food S.a.s. di Bertazzo Fabio & C.","alternateName":"Bertazzo Food","url":"https:\/\/www.bertazzofood.com\/de\/","logo":{"@type":"ImageObject","inLanguage":"de","@id":"https:\/\/www.bertazzofood.com\/de\/#\/schema\/logo\/image\/","url":"https:\/\/www.bertazzofood.com\/wp-content\/uploads\/2024\/06\/logo-bertazzo.webp","contentUrl":"https:\/\/www.bertazzofood.com\/wp-content\/uploads\/2024\/06\/logo-bertazzo.webp","width":410,"height":166,"caption":"Bertazzo Italian Quality Food S.a.s. di Bertazzo Fabio & C."},"image":{"@id":"https:\/\/www.bertazzofood.com\/de\/#\/schema\/logo\/image\/"},"sameAs":["https:\/\/www.facebook.com\/BertazzoItalianQualityFood","https:\/\/www.instagram.com\/bertazzo_italian_quality_food\/"]}]}},"_links":{"self":[{"href":"https:\/\/www.bertazzofood.com\/de\/wp-json\/wp\/v2\/product\/12478","targetHints":{"allow":["GET"]}}],"collection":[{"href":"https:\/\/www.bertazzofood.com\/de\/wp-json\/wp\/v2\/product"}],"about":[{"href":"https:\/\/www.bertazzofood.com\/de\/wp-json\/wp\/v2\/types\/product"}],"replies":[{"embeddable":true,"href":"https:\/\/www.bertazzofood.com\/de\/wp-json\/wp\/v2\/comments?post=12478"}],"version-history":[{"count":0,"href":"https:\/\/www.bertazzofood.com\/de\/wp-json\/wp\/v2\/product\/12478\/revisions"}],"wp:featuredmedia":[{"embeddable":true,"href":"https:\/\/www.bertazzofood.com\/de\/wp-json\/wp\/v2\/media\/7429"}],"wp:attachment":[{"href":"https:\/\/www.bertazzofood.com\/de\/wp-json\/wp\/v2\/media?parent=12478"}],"wp:term":[{"taxonomy":"product_brand","embeddable":true,"href":"https:\/\/www.bertazzofood.com\/de\/wp-json\/wp\/v2\/product_brand?post=12478"},{"taxonomy":"product_cat","embeddable":true,"href":"https:\/\/www.bertazzofood.com\/de\/wp-json\/wp\/v2\/product_cat?post=12478"},{"taxonomy":"product_tag","embeddable":true,"href":"https:\/\/www.bertazzofood.com\/de\/wp-json\/wp\/v2\/product_tag?post=12478"},{"taxonomy":"brands","embeddable":true,"href":"https:\/\/www.bertazzofood.com\/de\/wp-json\/wp\/v2\/brands?post=12478"},{"taxonomy":"flag_home","embeddable":true,"href":"https:\/\/www.bertazzofood.com\/de\/wp-json\/wp\/v2\/flag_home?post=12478"}],"curies":[{"name":"wp","href":"https:\/\/api.w.org\/{rel}","templated":true}]}}