{"id":12311,"date":"2022-03-22T07:54:17","date_gmt":"2022-03-22T06:54:17","guid":{"rendered":"https:\/\/thegarden.it\/staging8\/prodotto\/kaffeemuehle-eureka-mignon-turbo-matt-schwarz-15bl\/"},"modified":"2024-10-01T11:35:13","modified_gmt":"2024-10-01T09:35:13","slug":"kaffeemuehle-eureka-mignon-turbo-matt-schwarz-15bl","status":"publish","type":"product","link":"https:\/\/www.bertazzofood.com\/de\/prodotto\/kaffeemuehle-eureka-mignon-turbo-matt-schwarz-15bl\/","title":{"rendered":"Kaffeem\u00fchle Eureka MIGNON TURBO Matt Schwarz 15BL"},"content":{"rendered":"<p>Kaffeem\u00fchle\u00a0<strong><em>Eureka MIGNON TURBO<\/em><\/strong>: Portionsgenaue Vermahlung mit stufenloser und hoch pr\u00e4ziser Mahlgradverstellung.<\/p>\n<p><strong>M\u00dcHLEN:<\/strong><\/p>\n<p>Typ: Flach<br \/>\nDurchmesser: 65 mm<br \/>\nMaterial: Geh\u00e4rteter Stahl<\/p>\n<p><strong>MOTOR:<\/strong><\/p>\n<p>Antrieb: Direkt<br \/>\nUmdrehungen\/Minute: 1650 rpm<br \/>\nLesitung: 320 watt<br \/>\nVersorgung: Einphasig<\/p>\n<p><strong>VERSCHIEDENE:<\/strong><\/p>\n<p>Display touch<br \/>\nDosisz\u00e4hler<br \/>\nVerf\u00fcgbare Version: 2 Dosen + kontinuierliche<br \/>\nStufenloser Mahlgradverstellung: Ja<br \/>\nTrichterinhalt: 300 g<br \/>\nMahlgeschwindigkeit: Ca. 1,8 bis 2,3 g\/sek<br \/>\nGewicht: 7,2 kg<\/p>\n<p><strong>PLUS:<\/strong><\/p>\n<p>Silent Technology<br \/>\nACE System (Anti-Clump\u00a0 &amp; Electrostaticity)<br \/>\n<span style=\"text-decoration: underline;\">All-Purpose Hands-free fork\u00a0(<span lang=\"en\">adjustable)<\/span><\/span><\/p>\n<p>&#8220;High-Speed&#8221; Wartung<\/p>\n<p>Espresso &amp; Brew<\/p>\n<p>Auswurfschacht aus Metall<\/p>\n<p><strong>24 Monate Garantie<\/strong>.<\/p>\n<p><strong>Versand kostenlos<\/strong>.<\/p>\n","protected":false},"excerpt":{"rendered":"<p>Kaffeem\u00fchle\u00a0Eureka MIGNON TURBO: Portionsgenaue Vermahlung mit stufenloser und hoch pr\u00e4ziser Mahlgradverstellung. M\u00dcHLEN: Typ: Flach Durchmesser: 65 mm Material: Geh\u00e4rteter Stahl MOTOR: Antrieb: Direkt Umdrehungen\/Minute: 1650 rpm Lesitung: 320 watt Versorgung: Einphasig VERSCHIEDENE: Display touch Dosisz\u00e4hler Verf\u00fcgbare Version: 2 Dosen + kontinuierliche Stufenloser Mahlgradverstellung: Ja Trichterinhalt: 300 g Mahlgeschwindigkeit: Ca. 1,8 bis 2,3 g\/sek Gewicht: 7,2 [&hellip;]<\/p>\n","protected":false},"featured_media":7117,"comment_status":"open","ping_status":"closed","template":"","meta":{"_acf_changed":false,"iawp_total_views":28},"product_brand":[],"product_cat":[1155,1178],"product_tag":[1557,1255,1285],"brands":[1705],"flag_home":[],"class_list":{"0":"post-12311","1":"product","2":"type-product","3":"status-publish","4":"has-post-thumbnail","6":"product_cat-kaffeemaschinen-zubehoer","7":"product_cat-kaffeemuehlen","8":"product_tag-ads-ottobre-2024-de","9":"product_tag-eureka-mignon-turbo-de-2","10":"product_tag-promogrinder-de","11":"pa_diametro-macine-65-mm","12":"pa_garanzia-24-monate","13":"pa_tipo-macinacaffe-on-demand-de","14":"brands-eureka","16":"first","17":"instock","18":"taxable","19":"shipping-taxable","20":"purchasable","21":"product-type-simple"},"acf":[],"yoast_head":"<!-- This site is optimized with the Yoast SEO plugin v27.5 - https:\/\/yoast.com\/product\/yoast-seo-wordpress\/ -->\n<title>Kaffeem\u00fchle Eureka MIGNON TURBO Matt Schwarz 15BL<\/title>\n<meta name=\"robots\" content=\"index, follow, max-snippet:-1, max-image-preview:large, max-video-preview:-1\" \/>\n<link rel=\"canonical\" href=\"https:\/\/www.bertazzofood.com\/de\/prodotto\/kaffeemuehle-eureka-mignon-turbo-matt-schwarz-15bl\/\" \/>\n<meta property=\"og:locale\" content=\"de_DE\" \/>\n<meta property=\"og:type\" content=\"article\" \/>\n<meta property=\"og:title\" content=\"Kaffeem\u00fchle Eureka MIGNON TURBO Matt Schwarz 15BL\" \/>\n<meta property=\"og:description\" content=\"Kaffeem\u00fchle\u00a0Eureka MIGNON TURBO: Portionsgenaue Vermahlung mit stufenloser und hoch pr\u00e4ziser Mahlgradverstellung. M\u00dcHLEN: Typ: Flach Durchmesser: 65 mm Material: Geh\u00e4rteter Stahl MOTOR: Antrieb: Direkt Umdrehungen\/Minute: 1650 rpm Lesitung: 320 watt Versorgung: Einphasig VERSCHIEDENE: Display touch Dosisz\u00e4hler Verf\u00fcgbare Version: 2 Dosen + kontinuierliche Stufenloser Mahlgradverstellung: Ja Trichterinhalt: 300 g Mahlgeschwindigkeit: Ca. 1,8 bis 2,3 g\/sek Gewicht: 7,2 [&hellip;]\" \/>\n<meta property=\"og:url\" content=\"https:\/\/www.bertazzofood.com\/de\/prodotto\/kaffeemuehle-eureka-mignon-turbo-matt-schwarz-15bl\/\" \/>\n<meta property=\"og:site_name\" content=\"Bertazzo Food\" \/>\n<meta property=\"article:publisher\" content=\"https:\/\/www.facebook.com\/BertazzoItalianQualityFood\" \/>\n<meta property=\"article:modified_time\" content=\"2024-10-01T09:35:13+00:00\" \/>\n<meta property=\"og:image\" content=\"https:\/\/www.bertazzofood.com\/wp-content\/uploads\/2024\/06\/Mignon-Turbo-15BL-Nero-Opaco-2.jpg\" \/>\n\t<meta property=\"og:image:width\" content=\"800\" \/>\n\t<meta property=\"og:image:height\" content=\"800\" \/>\n\t<meta property=\"og:image:type\" content=\"image\/jpeg\" \/>\n<meta name=\"twitter:card\" content=\"summary_large_image\" \/>\n<script type=\"application\/ld+json\" class=\"yoast-schema-graph\">{\"@context\":\"https:\\\/\\\/schema.org\",\"@graph\":[{\"@type\":\"WebPage\",\"@id\":\"https:\\\/\\\/www.bertazzofood.com\\\/de\\\/prodotto\\\/kaffeemuehle-eureka-mignon-turbo-matt-schwarz-15bl\\\/\",\"url\":\"https:\\\/\\\/www.bertazzofood.com\\\/de\\\/prodotto\\\/kaffeemuehle-eureka-mignon-turbo-matt-schwarz-15bl\\\/\",\"name\":\"Kaffeem\u00fchle Eureka MIGNON TURBO Matt Schwarz 15BL\",\"isPartOf\":{\"@id\":\"https:\\\/\\\/www.bertazzofood.com\\\/de\\\/#website\"},\"primaryImageOfPage\":{\"@id\":\"https:\\\/\\\/www.bertazzofood.com\\\/de\\\/prodotto\\\/kaffeemuehle-eureka-mignon-turbo-matt-schwarz-15bl\\\/#primaryimage\"},\"image\":{\"@id\":\"https:\\\/\\\/www.bertazzofood.com\\\/de\\\/prodotto\\\/kaffeemuehle-eureka-mignon-turbo-matt-schwarz-15bl\\\/#primaryimage\"},\"thumbnailUrl\":\"https:\\\/\\\/www.bertazzofood.com\\\/wp-content\\\/uploads\\\/2024\\\/06\\\/Mignon-Turbo-15BL-Nero-Opaco-2.jpg\",\"datePublished\":\"2022-03-22T06:54:17+00:00\",\"dateModified\":\"2024-10-01T09:35:13+00:00\",\"breadcrumb\":{\"@id\":\"https:\\\/\\\/www.bertazzofood.com\\\/de\\\/prodotto\\\/kaffeemuehle-eureka-mignon-turbo-matt-schwarz-15bl\\\/#breadcrumb\"},\"inLanguage\":\"de\",\"potentialAction\":[{\"@type\":\"ReadAction\",\"target\":[\"https:\\\/\\\/www.bertazzofood.com\\\/de\\\/prodotto\\\/kaffeemuehle-eureka-mignon-turbo-matt-schwarz-15bl\\\/\"]}]},{\"@type\":\"ImageObject\",\"inLanguage\":\"de\",\"@id\":\"https:\\\/\\\/www.bertazzofood.com\\\/de\\\/prodotto\\\/kaffeemuehle-eureka-mignon-turbo-matt-schwarz-15bl\\\/#primaryimage\",\"url\":\"https:\\\/\\\/www.bertazzofood.com\\\/wp-content\\\/uploads\\\/2024\\\/06\\\/Mignon-Turbo-15BL-Nero-Opaco-2.jpg\",\"contentUrl\":\"https:\\\/\\\/www.bertazzofood.com\\\/wp-content\\\/uploads\\\/2024\\\/06\\\/Mignon-Turbo-15BL-Nero-Opaco-2.jpg\",\"width\":800,\"height\":800},{\"@type\":\"BreadcrumbList\",\"@id\":\"https:\\\/\\\/www.bertazzofood.com\\\/de\\\/prodotto\\\/kaffeemuehle-eureka-mignon-turbo-matt-schwarz-15bl\\\/#breadcrumb\",\"itemListElement\":[{\"@type\":\"ListItem\",\"position\":1,\"name\":\"Home\",\"item\":\"https:\\\/\\\/www.bertazzofood.com\\\/de\\\/homepage\\\/\"},{\"@type\":\"ListItem\",\"position\":2,\"name\":\"Produkte\",\"item\":\"https:\\\/\\\/www.bertazzofood.com\\\/de\\\/shop\\\/\"},{\"@type\":\"ListItem\",\"position\":3,\"name\":\"Kaffeem\u00fchle Eureka MIGNON TURBO Matt Schwarz 15BL\"}]},{\"@type\":\"WebSite\",\"@id\":\"https:\\\/\\\/www.bertazzofood.com\\\/de\\\/#website\",\"url\":\"https:\\\/\\\/www.bertazzofood.com\\\/de\\\/\",\"name\":\"Bertazzo Food\",\"description\":\"Prodotti Alimentari Italiani Online e Macchine Da Caff\u00e8\",\"publisher\":{\"@id\":\"https:\\\/\\\/www.bertazzofood.com\\\/de\\\/#organization\"},\"potentialAction\":[{\"@type\":\"SearchAction\",\"target\":{\"@type\":\"EntryPoint\",\"urlTemplate\":\"https:\\\/\\\/www.bertazzofood.com\\\/de\\\/?s={search_term_string}\"},\"query-input\":{\"@type\":\"PropertyValueSpecification\",\"valueRequired\":true,\"valueName\":\"search_term_string\"}}],\"inLanguage\":\"de\"},{\"@type\":\"Organization\",\"@id\":\"https:\\\/\\\/www.bertazzofood.com\\\/de\\\/#organization\",\"name\":\"Bertazzo Italian Quality Food S.a.s. di Bertazzo Fabio & C.\",\"alternateName\":\"Bertazzo Food\",\"url\":\"https:\\\/\\\/www.bertazzofood.com\\\/de\\\/\",\"logo\":{\"@type\":\"ImageObject\",\"inLanguage\":\"de\",\"@id\":\"https:\\\/\\\/www.bertazzofood.com\\\/de\\\/#\\\/schema\\\/logo\\\/image\\\/\",\"url\":\"https:\\\/\\\/www.bertazzofood.com\\\/wp-content\\\/uploads\\\/2024\\\/06\\\/logo-bertazzo.webp\",\"contentUrl\":\"https:\\\/\\\/www.bertazzofood.com\\\/wp-content\\\/uploads\\\/2024\\\/06\\\/logo-bertazzo.webp\",\"width\":410,\"height\":166,\"caption\":\"Bertazzo Italian Quality Food S.a.s. di Bertazzo Fabio & C.\"},\"image\":{\"@id\":\"https:\\\/\\\/www.bertazzofood.com\\\/de\\\/#\\\/schema\\\/logo\\\/image\\\/\"},\"sameAs\":[\"https:\\\/\\\/www.facebook.com\\\/BertazzoItalianQualityFood\",\"https:\\\/\\\/www.instagram.com\\\/bertazzo_italian_quality_food\\\/\"]}]}<\/script>\n<!-- \/ Yoast SEO plugin. -->","yoast_head_json":{"title":"Kaffeem\u00fchle Eureka MIGNON TURBO Matt Schwarz 15BL","robots":{"index":"index","follow":"follow","max-snippet":"max-snippet:-1","max-image-preview":"max-image-preview:large","max-video-preview":"max-video-preview:-1"},"canonical":"https:\/\/www.bertazzofood.com\/de\/prodotto\/kaffeemuehle-eureka-mignon-turbo-matt-schwarz-15bl\/","og_locale":"de_DE","og_type":"article","og_title":"Kaffeem\u00fchle Eureka MIGNON TURBO Matt Schwarz 15BL","og_description":"Kaffeem\u00fchle\u00a0Eureka MIGNON TURBO: Portionsgenaue Vermahlung mit stufenloser und hoch pr\u00e4ziser Mahlgradverstellung. M\u00dcHLEN: Typ: Flach Durchmesser: 65 mm Material: Geh\u00e4rteter Stahl MOTOR: Antrieb: Direkt Umdrehungen\/Minute: 1650 rpm Lesitung: 320 watt Versorgung: Einphasig VERSCHIEDENE: Display touch Dosisz\u00e4hler Verf\u00fcgbare Version: 2 Dosen + kontinuierliche Stufenloser Mahlgradverstellung: Ja Trichterinhalt: 300 g Mahlgeschwindigkeit: Ca. 1,8 bis 2,3 g\/sek Gewicht: 7,2 [&hellip;]","og_url":"https:\/\/www.bertazzofood.com\/de\/prodotto\/kaffeemuehle-eureka-mignon-turbo-matt-schwarz-15bl\/","og_site_name":"Bertazzo Food","article_publisher":"https:\/\/www.facebook.com\/BertazzoItalianQualityFood","article_modified_time":"2024-10-01T09:35:13+00:00","og_image":[{"width":800,"height":800,"url":"https:\/\/www.bertazzofood.com\/wp-content\/uploads\/2024\/06\/Mignon-Turbo-15BL-Nero-Opaco-2.jpg","type":"image\/jpeg"}],"twitter_card":"summary_large_image","schema":{"@context":"https:\/\/schema.org","@graph":[{"@type":"WebPage","@id":"https:\/\/www.bertazzofood.com\/de\/prodotto\/kaffeemuehle-eureka-mignon-turbo-matt-schwarz-15bl\/","url":"https:\/\/www.bertazzofood.com\/de\/prodotto\/kaffeemuehle-eureka-mignon-turbo-matt-schwarz-15bl\/","name":"Kaffeem\u00fchle Eureka MIGNON TURBO Matt Schwarz 15BL","isPartOf":{"@id":"https:\/\/www.bertazzofood.com\/de\/#website"},"primaryImageOfPage":{"@id":"https:\/\/www.bertazzofood.com\/de\/prodotto\/kaffeemuehle-eureka-mignon-turbo-matt-schwarz-15bl\/#primaryimage"},"image":{"@id":"https:\/\/www.bertazzofood.com\/de\/prodotto\/kaffeemuehle-eureka-mignon-turbo-matt-schwarz-15bl\/#primaryimage"},"thumbnailUrl":"https:\/\/www.bertazzofood.com\/wp-content\/uploads\/2024\/06\/Mignon-Turbo-15BL-Nero-Opaco-2.jpg","datePublished":"2022-03-22T06:54:17+00:00","dateModified":"2024-10-01T09:35:13+00:00","breadcrumb":{"@id":"https:\/\/www.bertazzofood.com\/de\/prodotto\/kaffeemuehle-eureka-mignon-turbo-matt-schwarz-15bl\/#breadcrumb"},"inLanguage":"de","potentialAction":[{"@type":"ReadAction","target":["https:\/\/www.bertazzofood.com\/de\/prodotto\/kaffeemuehle-eureka-mignon-turbo-matt-schwarz-15bl\/"]}]},{"@type":"ImageObject","inLanguage":"de","@id":"https:\/\/www.bertazzofood.com\/de\/prodotto\/kaffeemuehle-eureka-mignon-turbo-matt-schwarz-15bl\/#primaryimage","url":"https:\/\/www.bertazzofood.com\/wp-content\/uploads\/2024\/06\/Mignon-Turbo-15BL-Nero-Opaco-2.jpg","contentUrl":"https:\/\/www.bertazzofood.com\/wp-content\/uploads\/2024\/06\/Mignon-Turbo-15BL-Nero-Opaco-2.jpg","width":800,"height":800},{"@type":"BreadcrumbList","@id":"https:\/\/www.bertazzofood.com\/de\/prodotto\/kaffeemuehle-eureka-mignon-turbo-matt-schwarz-15bl\/#breadcrumb","itemListElement":[{"@type":"ListItem","position":1,"name":"Home","item":"https:\/\/www.bertazzofood.com\/de\/homepage\/"},{"@type":"ListItem","position":2,"name":"Produkte","item":"https:\/\/www.bertazzofood.com\/de\/shop\/"},{"@type":"ListItem","position":3,"name":"Kaffeem\u00fchle Eureka MIGNON TURBO Matt Schwarz 15BL"}]},{"@type":"WebSite","@id":"https:\/\/www.bertazzofood.com\/de\/#website","url":"https:\/\/www.bertazzofood.com\/de\/","name":"Bertazzo Food","description":"Prodotti Alimentari Italiani Online e Macchine Da Caff\u00e8","publisher":{"@id":"https:\/\/www.bertazzofood.com\/de\/#organization"},"potentialAction":[{"@type":"SearchAction","target":{"@type":"EntryPoint","urlTemplate":"https:\/\/www.bertazzofood.com\/de\/?s={search_term_string}"},"query-input":{"@type":"PropertyValueSpecification","valueRequired":true,"valueName":"search_term_string"}}],"inLanguage":"de"},{"@type":"Organization","@id":"https:\/\/www.bertazzofood.com\/de\/#organization","name":"Bertazzo Italian Quality Food S.a.s. di Bertazzo Fabio & C.","alternateName":"Bertazzo Food","url":"https:\/\/www.bertazzofood.com\/de\/","logo":{"@type":"ImageObject","inLanguage":"de","@id":"https:\/\/www.bertazzofood.com\/de\/#\/schema\/logo\/image\/","url":"https:\/\/www.bertazzofood.com\/wp-content\/uploads\/2024\/06\/logo-bertazzo.webp","contentUrl":"https:\/\/www.bertazzofood.com\/wp-content\/uploads\/2024\/06\/logo-bertazzo.webp","width":410,"height":166,"caption":"Bertazzo Italian Quality Food S.a.s. di Bertazzo Fabio & C."},"image":{"@id":"https:\/\/www.bertazzofood.com\/de\/#\/schema\/logo\/image\/"},"sameAs":["https:\/\/www.facebook.com\/BertazzoItalianQualityFood","https:\/\/www.instagram.com\/bertazzo_italian_quality_food\/"]}]}},"_links":{"self":[{"href":"https:\/\/www.bertazzofood.com\/de\/wp-json\/wp\/v2\/product\/12311","targetHints":{"allow":["GET"]}}],"collection":[{"href":"https:\/\/www.bertazzofood.com\/de\/wp-json\/wp\/v2\/product"}],"about":[{"href":"https:\/\/www.bertazzofood.com\/de\/wp-json\/wp\/v2\/types\/product"}],"replies":[{"embeddable":true,"href":"https:\/\/www.bertazzofood.com\/de\/wp-json\/wp\/v2\/comments?post=12311"}],"version-history":[{"count":0,"href":"https:\/\/www.bertazzofood.com\/de\/wp-json\/wp\/v2\/product\/12311\/revisions"}],"wp:featuredmedia":[{"embeddable":true,"href":"https:\/\/www.bertazzofood.com\/de\/wp-json\/wp\/v2\/media\/7117"}],"wp:attachment":[{"href":"https:\/\/www.bertazzofood.com\/de\/wp-json\/wp\/v2\/media?parent=12311"}],"wp:term":[{"taxonomy":"product_brand","embeddable":true,"href":"https:\/\/www.bertazzofood.com\/de\/wp-json\/wp\/v2\/product_brand?post=12311"},{"taxonomy":"product_cat","embeddable":true,"href":"https:\/\/www.bertazzofood.com\/de\/wp-json\/wp\/v2\/product_cat?post=12311"},{"taxonomy":"product_tag","embeddable":true,"href":"https:\/\/www.bertazzofood.com\/de\/wp-json\/wp\/v2\/product_tag?post=12311"},{"taxonomy":"brands","embeddable":true,"href":"https:\/\/www.bertazzofood.com\/de\/wp-json\/wp\/v2\/brands?post=12311"},{"taxonomy":"flag_home","embeddable":true,"href":"https:\/\/www.bertazzofood.com\/de\/wp-json\/wp\/v2\/flag_home?post=12311"}],"curies":[{"name":"wp","href":"https:\/\/api.w.org\/{rel}","templated":true}]}}