{"id":12049,"date":"2021-10-19T12:17:58","date_gmt":"2021-10-19T10:17:58","guid":{"rendered":"https:\/\/thegarden.it\/staging8\/prodotto\/italienische-espresso-mokaflor-miscela-rossa-2\/"},"modified":"2024-06-23T22:41:01","modified_gmt":"2024-06-23T20:41:01","slug":"italienische-espresso-mokaflor-miscela-rossa-2","status":"publish","type":"product","link":"https:\/\/www.bertazzofood.com\/de\/prodotto\/italienische-espresso-mokaflor-miscela-rossa-2\/","title":{"rendered":"Italienische Espresso Mokaflor Miscela Rossa"},"content":{"rendered":"<p><strong>Mokaflor Miscela Rossa<\/strong>: Mischung mit ausgepr\u00e4gtem, kr\u00e4ftigem Geschmack, die das kr\u00e4ftige Aroma der \u00e4thiopischen- mit der S\u00fc\u00dfe der brasilianischen Arabicasorten und der kr\u00e4ftigen cremigen Konsistenz der Robustasorten aus Uganda und Indien vereint.<\/p>\n<p>Die Crema ist Dunkelbraun \/ Haselnuss. Der K\u00f6rper und die Bitterkeit sind ein Highlight, kontrastiert von einer S\u00fc\u00dfe und einem Hauch S\u00e4ure. Das Aroma erinnert an Holz und Kakao mit einem leichten Nachgeschmack von Zitrusfr\u00fcchten.<\/p>\n<p>Seit<strong>\u00a01950<\/strong>\u00a0importieren wir Kaffee aus aller Welt und r\u00f6sten ihn in der Via delle Torri in Florenz. Seitdem\u00a0<strong>Vasco Bernini<\/strong>\u00a0das Unternehmen \u00fcbernommen hat, in dem er damals angestellt war, ist<strong>\u00a0Mokaflor<\/strong>\u00a0ein Familienunternehmen geblieben und wird heute in dritter Generation gef\u00fchrt. Seit fast\u00a0<strong>70 Jahren<\/strong> liegt unser Hauptaugenmerk auf der\u00a0 A<strong>uswahl<\/strong>,\u00a0<strong>Verkostung<\/strong>\u00a0und\u00a0<strong>Erforschung<\/strong>\u00a0der besten Kaffeesorten aus aller Welt. Wir r\u00f6sten sie dann einzeln, um das ideale Profil f\u00fcr jeden von ihnen zu erzielen. Wir glauben, dass unsere Hauptst\u00e4rke in der Kenntnis des Produkts liegt.<\/p>\n","protected":false},"excerpt":{"rendered":"<p>Mokaflor Miscela Rossa: Mischung mit ausgepr\u00e4gtem, kr\u00e4ftigem Geschmack, die das kr\u00e4ftige Aroma der \u00e4thiopischen- mit der S\u00fc\u00dfe der brasilianischen Arabicasorten und der kr\u00e4ftigen cremigen Konsistenz der Robustasorten aus Uganda und Indien vereint. Die Crema ist Dunkelbraun \/ Haselnuss. Der K\u00f6rper und die Bitterkeit sind ein Highlight, kontrastiert von einer S\u00fc\u00dfe und einem Hauch S\u00e4ure. Das [&hellip;]<\/p>\n","protected":false},"featured_media":6547,"comment_status":"open","ping_status":"closed","template":"","meta":{"_acf_changed":false,"iawp_total_views":2},"product_brand":[],"product_cat":[1134,1143],"product_tag":[1279],"brands":[1804],"flag_home":[],"class_list":{"0":"post-12049","1":"product","2":"type-product","3":"status-publish","4":"has-post-thumbnail","6":"product_cat-kaffeebohnen-online-kaufen","7":"product_cat-kaffee","8":"product_tag-fin_ok-de","9":"pa_formato-caffe-250-gr","10":"pa_percentuale-arabica-58","11":"brands-mokaflor","13":"first","14":"outofstock","15":"taxable","16":"shipping-taxable","17":"purchasable","18":"product-type-simple"},"acf":[],"yoast_head":"<!-- This site is optimized with the Yoast SEO plugin v27.5 - https:\/\/yoast.com\/product\/yoast-seo-wordpress\/ -->\n<title>Italienische Espresso Mokaflor Miscela Rossa<\/title>\n<meta name=\"robots\" content=\"index, follow, max-snippet:-1, max-image-preview:large, max-video-preview:-1\" \/>\n<link rel=\"canonical\" href=\"https:\/\/www.bertazzofood.com\/de\/prodotto\/italienische-espresso-mokaflor-miscela-rossa-2\/\" \/>\n<meta property=\"og:locale\" content=\"de_DE\" \/>\n<meta property=\"og:type\" content=\"article\" \/>\n<meta property=\"og:title\" content=\"Italienische Espresso Mokaflor Miscela Rossa\" \/>\n<meta property=\"og:description\" content=\"Mokaflor Miscela Rossa: Mischung mit ausgepr\u00e4gtem, kr\u00e4ftigem Geschmack, die das kr\u00e4ftige Aroma der \u00e4thiopischen- mit der S\u00fc\u00dfe der brasilianischen Arabicasorten und der kr\u00e4ftigen cremigen Konsistenz der Robustasorten aus Uganda und Indien vereint. Die Crema ist Dunkelbraun \/ Haselnuss. Der K\u00f6rper und die Bitterkeit sind ein Highlight, kontrastiert von einer S\u00fc\u00dfe und einem Hauch S\u00e4ure. Das [&hellip;]\" \/>\n<meta property=\"og:url\" content=\"https:\/\/www.bertazzofood.com\/de\/prodotto\/italienische-espresso-mokaflor-miscela-rossa-2\/\" \/>\n<meta property=\"og:site_name\" content=\"Bertazzo Food\" \/>\n<meta property=\"article:publisher\" content=\"https:\/\/www.facebook.com\/BertazzoItalianQualityFood\" \/>\n<meta property=\"article:modified_time\" content=\"2024-06-23T20:41:01+00:00\" \/>\n<meta property=\"og:image\" content=\"https:\/\/www.bertazzofood.com\/wp-content\/uploads\/2024\/06\/Mokaflor-Miscela-Rossa-250gr-2-2.jpg\" \/>\n\t<meta property=\"og:image:width\" content=\"800\" \/>\n\t<meta property=\"og:image:height\" content=\"800\" \/>\n\t<meta property=\"og:image:type\" content=\"image\/jpeg\" \/>\n<meta name=\"twitter:card\" content=\"summary_large_image\" \/>\n<meta name=\"twitter:label1\" content=\"Gesch\u00e4tzte Lesezeit\" \/>\n\t<meta name=\"twitter:data1\" content=\"1\u00a0Minute\" \/>\n<script type=\"application\/ld+json\" class=\"yoast-schema-graph\">{\"@context\":\"https:\\\/\\\/schema.org\",\"@graph\":[{\"@type\":\"WebPage\",\"@id\":\"https:\\\/\\\/www.bertazzofood.com\\\/de\\\/prodotto\\\/italienische-espresso-mokaflor-miscela-rossa-2\\\/\",\"url\":\"https:\\\/\\\/www.bertazzofood.com\\\/de\\\/prodotto\\\/italienische-espresso-mokaflor-miscela-rossa-2\\\/\",\"name\":\"Italienische Espresso Mokaflor Miscela Rossa\",\"isPartOf\":{\"@id\":\"https:\\\/\\\/www.bertazzofood.com\\\/de\\\/#website\"},\"primaryImageOfPage\":{\"@id\":\"https:\\\/\\\/www.bertazzofood.com\\\/de\\\/prodotto\\\/italienische-espresso-mokaflor-miscela-rossa-2\\\/#primaryimage\"},\"image\":{\"@id\":\"https:\\\/\\\/www.bertazzofood.com\\\/de\\\/prodotto\\\/italienische-espresso-mokaflor-miscela-rossa-2\\\/#primaryimage\"},\"thumbnailUrl\":\"https:\\\/\\\/www.bertazzofood.com\\\/wp-content\\\/uploads\\\/2024\\\/06\\\/Mokaflor-Miscela-Rossa-250gr-2-2.jpg\",\"datePublished\":\"2021-10-19T10:17:58+00:00\",\"dateModified\":\"2024-06-23T20:41:01+00:00\",\"breadcrumb\":{\"@id\":\"https:\\\/\\\/www.bertazzofood.com\\\/de\\\/prodotto\\\/italienische-espresso-mokaflor-miscela-rossa-2\\\/#breadcrumb\"},\"inLanguage\":\"de\",\"potentialAction\":[{\"@type\":\"ReadAction\",\"target\":[\"https:\\\/\\\/www.bertazzofood.com\\\/de\\\/prodotto\\\/italienische-espresso-mokaflor-miscela-rossa-2\\\/\"]}]},{\"@type\":\"ImageObject\",\"inLanguage\":\"de\",\"@id\":\"https:\\\/\\\/www.bertazzofood.com\\\/de\\\/prodotto\\\/italienische-espresso-mokaflor-miscela-rossa-2\\\/#primaryimage\",\"url\":\"https:\\\/\\\/www.bertazzofood.com\\\/wp-content\\\/uploads\\\/2024\\\/06\\\/Mokaflor-Miscela-Rossa-250gr-2-2.jpg\",\"contentUrl\":\"https:\\\/\\\/www.bertazzofood.com\\\/wp-content\\\/uploads\\\/2024\\\/06\\\/Mokaflor-Miscela-Rossa-250gr-2-2.jpg\",\"width\":800,\"height\":800},{\"@type\":\"BreadcrumbList\",\"@id\":\"https:\\\/\\\/www.bertazzofood.com\\\/de\\\/prodotto\\\/italienische-espresso-mokaflor-miscela-rossa-2\\\/#breadcrumb\",\"itemListElement\":[{\"@type\":\"ListItem\",\"position\":1,\"name\":\"Home\",\"item\":\"https:\\\/\\\/www.bertazzofood.com\\\/de\\\/homepage\\\/\"},{\"@type\":\"ListItem\",\"position\":2,\"name\":\"Produkte\",\"item\":\"https:\\\/\\\/www.bertazzofood.com\\\/de\\\/shop\\\/\"},{\"@type\":\"ListItem\",\"position\":3,\"name\":\"Italienische Espresso Mokaflor Miscela Rossa\"}]},{\"@type\":\"WebSite\",\"@id\":\"https:\\\/\\\/www.bertazzofood.com\\\/de\\\/#website\",\"url\":\"https:\\\/\\\/www.bertazzofood.com\\\/de\\\/\",\"name\":\"Bertazzo Food\",\"description\":\"Prodotti Alimentari Italiani Online e Macchine Da Caff\u00e8\",\"publisher\":{\"@id\":\"https:\\\/\\\/www.bertazzofood.com\\\/de\\\/#organization\"},\"potentialAction\":[{\"@type\":\"SearchAction\",\"target\":{\"@type\":\"EntryPoint\",\"urlTemplate\":\"https:\\\/\\\/www.bertazzofood.com\\\/de\\\/?s={search_term_string}\"},\"query-input\":{\"@type\":\"PropertyValueSpecification\",\"valueRequired\":true,\"valueName\":\"search_term_string\"}}],\"inLanguage\":\"de\"},{\"@type\":\"Organization\",\"@id\":\"https:\\\/\\\/www.bertazzofood.com\\\/de\\\/#organization\",\"name\":\"Bertazzo Italian Quality Food S.a.s. di Bertazzo Fabio & C.\",\"alternateName\":\"Bertazzo Food\",\"url\":\"https:\\\/\\\/www.bertazzofood.com\\\/de\\\/\",\"logo\":{\"@type\":\"ImageObject\",\"inLanguage\":\"de\",\"@id\":\"https:\\\/\\\/www.bertazzofood.com\\\/de\\\/#\\\/schema\\\/logo\\\/image\\\/\",\"url\":\"https:\\\/\\\/www.bertazzofood.com\\\/wp-content\\\/uploads\\\/2024\\\/06\\\/logo-bertazzo.webp\",\"contentUrl\":\"https:\\\/\\\/www.bertazzofood.com\\\/wp-content\\\/uploads\\\/2024\\\/06\\\/logo-bertazzo.webp\",\"width\":410,\"height\":166,\"caption\":\"Bertazzo Italian Quality Food S.a.s. di Bertazzo Fabio & C.\"},\"image\":{\"@id\":\"https:\\\/\\\/www.bertazzofood.com\\\/de\\\/#\\\/schema\\\/logo\\\/image\\\/\"},\"sameAs\":[\"https:\\\/\\\/www.facebook.com\\\/BertazzoItalianQualityFood\",\"https:\\\/\\\/www.instagram.com\\\/bertazzo_italian_quality_food\\\/\"]}]}<\/script>\n<!-- \/ Yoast SEO plugin. -->","yoast_head_json":{"title":"Italienische Espresso Mokaflor Miscela Rossa","robots":{"index":"index","follow":"follow","max-snippet":"max-snippet:-1","max-image-preview":"max-image-preview:large","max-video-preview":"max-video-preview:-1"},"canonical":"https:\/\/www.bertazzofood.com\/de\/prodotto\/italienische-espresso-mokaflor-miscela-rossa-2\/","og_locale":"de_DE","og_type":"article","og_title":"Italienische Espresso Mokaflor Miscela Rossa","og_description":"Mokaflor Miscela Rossa: Mischung mit ausgepr\u00e4gtem, kr\u00e4ftigem Geschmack, die das kr\u00e4ftige Aroma der \u00e4thiopischen- mit der S\u00fc\u00dfe der brasilianischen Arabicasorten und der kr\u00e4ftigen cremigen Konsistenz der Robustasorten aus Uganda und Indien vereint. Die Crema ist Dunkelbraun \/ Haselnuss. Der K\u00f6rper und die Bitterkeit sind ein Highlight, kontrastiert von einer S\u00fc\u00dfe und einem Hauch S\u00e4ure. Das [&hellip;]","og_url":"https:\/\/www.bertazzofood.com\/de\/prodotto\/italienische-espresso-mokaflor-miscela-rossa-2\/","og_site_name":"Bertazzo Food","article_publisher":"https:\/\/www.facebook.com\/BertazzoItalianQualityFood","article_modified_time":"2024-06-23T20:41:01+00:00","og_image":[{"width":800,"height":800,"url":"https:\/\/www.bertazzofood.com\/wp-content\/uploads\/2024\/06\/Mokaflor-Miscela-Rossa-250gr-2-2.jpg","type":"image\/jpeg"}],"twitter_card":"summary_large_image","twitter_misc":{"Gesch\u00e4tzte Lesezeit":"1\u00a0Minute"},"schema":{"@context":"https:\/\/schema.org","@graph":[{"@type":"WebPage","@id":"https:\/\/www.bertazzofood.com\/de\/prodotto\/italienische-espresso-mokaflor-miscela-rossa-2\/","url":"https:\/\/www.bertazzofood.com\/de\/prodotto\/italienische-espresso-mokaflor-miscela-rossa-2\/","name":"Italienische Espresso Mokaflor Miscela Rossa","isPartOf":{"@id":"https:\/\/www.bertazzofood.com\/de\/#website"},"primaryImageOfPage":{"@id":"https:\/\/www.bertazzofood.com\/de\/prodotto\/italienische-espresso-mokaflor-miscela-rossa-2\/#primaryimage"},"image":{"@id":"https:\/\/www.bertazzofood.com\/de\/prodotto\/italienische-espresso-mokaflor-miscela-rossa-2\/#primaryimage"},"thumbnailUrl":"https:\/\/www.bertazzofood.com\/wp-content\/uploads\/2024\/06\/Mokaflor-Miscela-Rossa-250gr-2-2.jpg","datePublished":"2021-10-19T10:17:58+00:00","dateModified":"2024-06-23T20:41:01+00:00","breadcrumb":{"@id":"https:\/\/www.bertazzofood.com\/de\/prodotto\/italienische-espresso-mokaflor-miscela-rossa-2\/#breadcrumb"},"inLanguage":"de","potentialAction":[{"@type":"ReadAction","target":["https:\/\/www.bertazzofood.com\/de\/prodotto\/italienische-espresso-mokaflor-miscela-rossa-2\/"]}]},{"@type":"ImageObject","inLanguage":"de","@id":"https:\/\/www.bertazzofood.com\/de\/prodotto\/italienische-espresso-mokaflor-miscela-rossa-2\/#primaryimage","url":"https:\/\/www.bertazzofood.com\/wp-content\/uploads\/2024\/06\/Mokaflor-Miscela-Rossa-250gr-2-2.jpg","contentUrl":"https:\/\/www.bertazzofood.com\/wp-content\/uploads\/2024\/06\/Mokaflor-Miscela-Rossa-250gr-2-2.jpg","width":800,"height":800},{"@type":"BreadcrumbList","@id":"https:\/\/www.bertazzofood.com\/de\/prodotto\/italienische-espresso-mokaflor-miscela-rossa-2\/#breadcrumb","itemListElement":[{"@type":"ListItem","position":1,"name":"Home","item":"https:\/\/www.bertazzofood.com\/de\/homepage\/"},{"@type":"ListItem","position":2,"name":"Produkte","item":"https:\/\/www.bertazzofood.com\/de\/shop\/"},{"@type":"ListItem","position":3,"name":"Italienische Espresso Mokaflor Miscela Rossa"}]},{"@type":"WebSite","@id":"https:\/\/www.bertazzofood.com\/de\/#website","url":"https:\/\/www.bertazzofood.com\/de\/","name":"Bertazzo Food","description":"Prodotti Alimentari Italiani Online e Macchine Da Caff\u00e8","publisher":{"@id":"https:\/\/www.bertazzofood.com\/de\/#organization"},"potentialAction":[{"@type":"SearchAction","target":{"@type":"EntryPoint","urlTemplate":"https:\/\/www.bertazzofood.com\/de\/?s={search_term_string}"},"query-input":{"@type":"PropertyValueSpecification","valueRequired":true,"valueName":"search_term_string"}}],"inLanguage":"de"},{"@type":"Organization","@id":"https:\/\/www.bertazzofood.com\/de\/#organization","name":"Bertazzo Italian Quality Food S.a.s. di Bertazzo Fabio & C.","alternateName":"Bertazzo Food","url":"https:\/\/www.bertazzofood.com\/de\/","logo":{"@type":"ImageObject","inLanguage":"de","@id":"https:\/\/www.bertazzofood.com\/de\/#\/schema\/logo\/image\/","url":"https:\/\/www.bertazzofood.com\/wp-content\/uploads\/2024\/06\/logo-bertazzo.webp","contentUrl":"https:\/\/www.bertazzofood.com\/wp-content\/uploads\/2024\/06\/logo-bertazzo.webp","width":410,"height":166,"caption":"Bertazzo Italian Quality Food S.a.s. di Bertazzo Fabio & C."},"image":{"@id":"https:\/\/www.bertazzofood.com\/de\/#\/schema\/logo\/image\/"},"sameAs":["https:\/\/www.facebook.com\/BertazzoItalianQualityFood","https:\/\/www.instagram.com\/bertazzo_italian_quality_food\/"]}]}},"_links":{"self":[{"href":"https:\/\/www.bertazzofood.com\/de\/wp-json\/wp\/v2\/product\/12049","targetHints":{"allow":["GET"]}}],"collection":[{"href":"https:\/\/www.bertazzofood.com\/de\/wp-json\/wp\/v2\/product"}],"about":[{"href":"https:\/\/www.bertazzofood.com\/de\/wp-json\/wp\/v2\/types\/product"}],"replies":[{"embeddable":true,"href":"https:\/\/www.bertazzofood.com\/de\/wp-json\/wp\/v2\/comments?post=12049"}],"version-history":[{"count":0,"href":"https:\/\/www.bertazzofood.com\/de\/wp-json\/wp\/v2\/product\/12049\/revisions"}],"wp:featuredmedia":[{"embeddable":true,"href":"https:\/\/www.bertazzofood.com\/de\/wp-json\/wp\/v2\/media\/6547"}],"wp:attachment":[{"href":"https:\/\/www.bertazzofood.com\/de\/wp-json\/wp\/v2\/media?parent=12049"}],"wp:term":[{"taxonomy":"product_brand","embeddable":true,"href":"https:\/\/www.bertazzofood.com\/de\/wp-json\/wp\/v2\/product_brand?post=12049"},{"taxonomy":"product_cat","embeddable":true,"href":"https:\/\/www.bertazzofood.com\/de\/wp-json\/wp\/v2\/product_cat?post=12049"},{"taxonomy":"product_tag","embeddable":true,"href":"https:\/\/www.bertazzofood.com\/de\/wp-json\/wp\/v2\/product_tag?post=12049"},{"taxonomy":"brands","embeddable":true,"href":"https:\/\/www.bertazzofood.com\/de\/wp-json\/wp\/v2\/brands?post=12049"},{"taxonomy":"flag_home","embeddable":true,"href":"https:\/\/www.bertazzofood.com\/de\/wp-json\/wp\/v2\/flag_home?post=12049"}],"curies":[{"name":"wp","href":"https:\/\/api.w.org\/{rel}","templated":true}]}}