{"id":11737,"date":"2020-11-20T15:27:30","date_gmt":"2020-11-20T14:27:30","guid":{"rendered":"https:\/\/thegarden.it\/staging8\/prodotto\/orchestrale-nota-weiss-mit-walnussholz-kit-joystick\/"},"modified":"2024-06-23T22:38:43","modified_gmt":"2024-06-23T20:38:43","slug":"orchestrale-nota-weiss-mit-walnussholz-kit-joystick","status":"publish","type":"product","link":"https:\/\/www.bertazzofood.com\/de\/prodotto\/orchestrale-nota-weiss-mit-walnussholz-kit-joystick\/","title":{"rendered":"Orchestrale Nota Wei\u00df mit Walnu\u00dfholz kit Joystick"},"content":{"rendered":"<p class=\"name\"><em><strong>Orchestrale Nota<\/strong><\/em> ist die kleinste professionelle Maschine aus der Kollektion Orchestrale. Manuell und mit erh\u00f6hter Br\u00fchgruppe mit Hebelbedienung bietet sie f\u00fcr eine kleine Bar, das B\u00fcro oder f\u00fcr Zuhause das Beste, was man von einer Maschine dieser Gr\u00f6\u00dfe in Hinblick auf \u00c4sthetik, Design und technische Ausstattung erwarten darf.<\/p>\n<p><em><strong>Nota<\/strong> <\/em>ist eine 1-gruppige professionelle Espressomaschine mit Kesseldrucksystem, E61 Hebelgruppe, 3 L. Kupferkessel, Wasserbef\u00fcllung \u00fcber 2,2 L. Tank, Niveausteuerung, professioneller Rotationspumpe, Sicherungsthermostat f\u00fcr die Heizspirale, doppelstufigem Manometer und einfach von Hand regulierbarem Pressostat (wichtig, wenn unterschiedliche Kaffeesorten verwendet werden), automatischer Kesselbef\u00fcllung und luftgek\u00fchltem Motor.<\/p>\n<p class=\"name\">Technische Daten:<\/p>\n<div class=\"section sez-dettagli\">\n<div class=\"section_wrapper clearfix\">\n<div class=\"items_group clearfix\">\n<div class=\"animate fadeInLeftLarge\" data-anim-type=\"fadeInLeftLarge\">\n<div class=\"column two-third column_column \">\n<div class=\"column_attr dark\">\n<div class=\"column one-second\">\n<p>\u2022Erh\u00f6hte Gruppe E 61 mit manuell Vorinfusion f\u00fcr eine optimale Kaffeeabgabe<\/p>\n<p>\u2022Geh\u00e4use aus reinem satiniertem Edelstahl AISI 304<\/p>\n<p>\u2022<span lang=\"de\">Wei\u00df Version <\/span>mit Walnu\u00dfholz kit<\/p>\n<p>\u2022Heizkessel (3 Lt.) aus Kupfer, Verrohrung aus Kupfer und Fittings aus Messing<\/p>\n<p>\u2022Wasserleistung aus Kanister von 2,2 Lt. mit Kapazitive Wasserstand-Sensor<\/p>\n<p>\u2022Wasserleistung aus Wasserrohrnetz<\/p>\n<p>\u2022Automatische Wasserf\u00fcllung<\/p>\n<p>\u2022Einphasige Motorpumpe RPM mit Luftk\u00fchlung \/ Rotations Pumpe Fluid-o-Tech<\/p>\n<p>\u20221 Leuchtanzeige bei betriebener Maschine und 1 Leuchtanzeige bei Wassermangel im Kanister<\/p>\n<p>\u2022Schutzthermostat f\u00fcr Widerstand<\/p>\n<p>\u20222 Manometern: 1 f\u00fcr Pumpe und 1 f\u00fcr Heizkessel<\/p>\n<p>\u2022Druckschalter (leichte manuelle Regelung)<\/p>\n<p>\u20221 multidirektionale manuelle Dampfd\u00fcse mit Joystick<\/p>\n<p>\u20221 multidirekionale Hei\u00dfwasserd\u00fcse mit Joystick<\/p>\n<p>\u20221 Filtertr\u00e4ger f\u00fcr eine Kaffeetasse, 1 Filtertr\u00e4ger f\u00fcr 2 Kaffeetassen und 1 blinder Filter<\/p>\n<p>\u2022LED-Leuchten auf der R\u00fcckseite<\/p>\n<\/div>\n<\/div>\n<\/div>\n<\/div>\n<\/div>\n<\/div>\n<\/div>\n<div class=\"section_wrapper clearfix\">\n<div class=\"items_group clearfix\">\n<div class=\"animate fadeInLeftLarge\" data-anim-type=\"fadeInLeftLarge\">\n<div class=\"column two-third column_column \">\n<div class=\"column_attr dark\">\n<div class=\"column one-second\">\n<p>\u2022Ma\u00dfen BxTxL: 37 x 44 x 45 cm<\/p>\n<p>\u2022Leistung 1800W<\/p>\n<\/div>\n<\/div>\n<\/div>\n<\/div>\n<\/div>\n<\/div>\n<p class=\"title\">\u2022Weight: 30 kg<\/p>\n<p class=\"title\">\u2022Ausstattung: 1 Filtertr\u00e4ger f\u00fcr eine Kaffeetasse, 1 Filtertr\u00e4ger f\u00fcr 2 Kaffeetassen und 1 blinder Filter.<\/p>\n<p class=\"name\"><strong>24 Monate Garantie<\/strong>.<\/p>\n<p><strong>Versand kostenlos<\/strong>.<\/p>\n","protected":false},"excerpt":{"rendered":"<p>Orchestrale Nota ist die kleinste professionelle Maschine aus der Kollektion Orchestrale. Manuell und mit erh\u00f6hter Br\u00fchgruppe mit Hebelbedienung bietet sie f\u00fcr eine kleine Bar, das B\u00fcro oder f\u00fcr Zuhause das Beste, was man von einer Maschine dieser Gr\u00f6\u00dfe in Hinblick auf \u00c4sthetik, Design und technische Ausstattung erwarten darf. Nota ist eine 1-gruppige professionelle Espressomaschine mit [&hellip;]<\/p>\n","protected":false},"featured_media":5680,"comment_status":"open","ping_status":"closed","template":"","meta":{"_acf_changed":false,"iawp_total_views":9},"product_brand":[],"product_cat":[1176,1155],"product_tag":[],"brands":[1789],"flag_home":[],"class_list":{"0":"post-11737","1":"product","2":"type-product","3":"status-publish","4":"has-post-thumbnail","6":"product_cat-espressomaschinen","7":"product_cat-kaffeemaschinen-zubehoer","8":"pa_garanzia-24-monate","9":"pa_tipo-di-alimentazione-acqua-tankfestwasseranschluss","10":"pa_tipo-di-caldaia-ein-kessel","11":"pa_tipo-di-pompa-rotationspumpe","12":"brands-orchestrale","14":"first","15":"outofstock","16":"taxable","17":"shipping-taxable","18":"purchasable","19":"product-type-simple"},"acf":[],"yoast_head":"<!-- This site is optimized with the Yoast SEO plugin v27.5 - https:\/\/yoast.com\/product\/yoast-seo-wordpress\/ -->\n<title>Orchestrale Nota Wei\u00df mit Walnu\u00dfholz kit Joystick<\/title>\n<meta name=\"robots\" content=\"index, follow, max-snippet:-1, max-image-preview:large, max-video-preview:-1\" \/>\n<link rel=\"canonical\" href=\"https:\/\/www.bertazzofood.com\/de\/prodotto\/orchestrale-nota-weiss-mit-walnussholz-kit-joystick\/\" \/>\n<meta property=\"og:locale\" content=\"de_DE\" \/>\n<meta property=\"og:type\" content=\"article\" \/>\n<meta property=\"og:title\" content=\"Orchestrale Nota Wei\u00df mit Walnu\u00dfholz kit Joystick\" \/>\n<meta property=\"og:description\" content=\"Orchestrale Nota ist die kleinste professionelle Maschine aus der Kollektion Orchestrale. Manuell und mit erh\u00f6hter Br\u00fchgruppe mit Hebelbedienung bietet sie f\u00fcr eine kleine Bar, das B\u00fcro oder f\u00fcr Zuhause das Beste, was man von einer Maschine dieser Gr\u00f6\u00dfe in Hinblick auf \u00c4sthetik, Design und technische Ausstattung erwarten darf. Nota ist eine 1-gruppige professionelle Espressomaschine mit [&hellip;]\" \/>\n<meta property=\"og:url\" content=\"https:\/\/www.bertazzofood.com\/de\/prodotto\/orchestrale-nota-weiss-mit-walnussholz-kit-joystick\/\" \/>\n<meta property=\"og:site_name\" content=\"Bertazzo Food\" \/>\n<meta property=\"article:publisher\" content=\"https:\/\/www.facebook.com\/BertazzoItalianQualityFood\" \/>\n<meta property=\"article:modified_time\" content=\"2024-06-23T20:38:43+00:00\" \/>\n<meta property=\"og:image\" content=\"https:\/\/www.bertazzofood.com\/wp-content\/uploads\/2024\/06\/Orchestrale-Nota-white-nut-wood-kit-2-2.jpg\" \/>\n\t<meta property=\"og:image:width\" content=\"800\" \/>\n\t<meta property=\"og:image:height\" content=\"800\" \/>\n\t<meta property=\"og:image:type\" content=\"image\/jpeg\" \/>\n<meta name=\"twitter:card\" content=\"summary_large_image\" \/>\n<meta name=\"twitter:label1\" content=\"Gesch\u00e4tzte Lesezeit\" \/>\n\t<meta name=\"twitter:data1\" content=\"1\u00a0Minute\" \/>\n<script type=\"application\/ld+json\" class=\"yoast-schema-graph\">{\"@context\":\"https:\\\/\\\/schema.org\",\"@graph\":[{\"@type\":\"WebPage\",\"@id\":\"https:\\\/\\\/www.bertazzofood.com\\\/de\\\/prodotto\\\/orchestrale-nota-weiss-mit-walnussholz-kit-joystick\\\/\",\"url\":\"https:\\\/\\\/www.bertazzofood.com\\\/de\\\/prodotto\\\/orchestrale-nota-weiss-mit-walnussholz-kit-joystick\\\/\",\"name\":\"Orchestrale Nota Wei\u00df mit Walnu\u00dfholz kit Joystick\",\"isPartOf\":{\"@id\":\"https:\\\/\\\/www.bertazzofood.com\\\/de\\\/#website\"},\"primaryImageOfPage\":{\"@id\":\"https:\\\/\\\/www.bertazzofood.com\\\/de\\\/prodotto\\\/orchestrale-nota-weiss-mit-walnussholz-kit-joystick\\\/#primaryimage\"},\"image\":{\"@id\":\"https:\\\/\\\/www.bertazzofood.com\\\/de\\\/prodotto\\\/orchestrale-nota-weiss-mit-walnussholz-kit-joystick\\\/#primaryimage\"},\"thumbnailUrl\":\"https:\\\/\\\/www.bertazzofood.com\\\/wp-content\\\/uploads\\\/2024\\\/06\\\/Orchestrale-Nota-white-nut-wood-kit-2-2.jpg\",\"datePublished\":\"2020-11-20T14:27:30+00:00\",\"dateModified\":\"2024-06-23T20:38:43+00:00\",\"breadcrumb\":{\"@id\":\"https:\\\/\\\/www.bertazzofood.com\\\/de\\\/prodotto\\\/orchestrale-nota-weiss-mit-walnussholz-kit-joystick\\\/#breadcrumb\"},\"inLanguage\":\"de\",\"potentialAction\":[{\"@type\":\"ReadAction\",\"target\":[\"https:\\\/\\\/www.bertazzofood.com\\\/de\\\/prodotto\\\/orchestrale-nota-weiss-mit-walnussholz-kit-joystick\\\/\"]}]},{\"@type\":\"ImageObject\",\"inLanguage\":\"de\",\"@id\":\"https:\\\/\\\/www.bertazzofood.com\\\/de\\\/prodotto\\\/orchestrale-nota-weiss-mit-walnussholz-kit-joystick\\\/#primaryimage\",\"url\":\"https:\\\/\\\/www.bertazzofood.com\\\/wp-content\\\/uploads\\\/2024\\\/06\\\/Orchestrale-Nota-white-nut-wood-kit-2-2.jpg\",\"contentUrl\":\"https:\\\/\\\/www.bertazzofood.com\\\/wp-content\\\/uploads\\\/2024\\\/06\\\/Orchestrale-Nota-white-nut-wood-kit-2-2.jpg\",\"width\":800,\"height\":800},{\"@type\":\"BreadcrumbList\",\"@id\":\"https:\\\/\\\/www.bertazzofood.com\\\/de\\\/prodotto\\\/orchestrale-nota-weiss-mit-walnussholz-kit-joystick\\\/#breadcrumb\",\"itemListElement\":[{\"@type\":\"ListItem\",\"position\":1,\"name\":\"Home\",\"item\":\"https:\\\/\\\/www.bertazzofood.com\\\/de\\\/homepage\\\/\"},{\"@type\":\"ListItem\",\"position\":2,\"name\":\"Produkte\",\"item\":\"https:\\\/\\\/www.bertazzofood.com\\\/de\\\/shop\\\/\"},{\"@type\":\"ListItem\",\"position\":3,\"name\":\"Orchestrale Nota Wei\u00df mit Walnu\u00dfholz kit Joystick\"}]},{\"@type\":\"WebSite\",\"@id\":\"https:\\\/\\\/www.bertazzofood.com\\\/de\\\/#website\",\"url\":\"https:\\\/\\\/www.bertazzofood.com\\\/de\\\/\",\"name\":\"Bertazzo Food\",\"description\":\"Prodotti Alimentari Italiani Online e Macchine Da Caff\u00e8\",\"publisher\":{\"@id\":\"https:\\\/\\\/www.bertazzofood.com\\\/de\\\/#organization\"},\"potentialAction\":[{\"@type\":\"SearchAction\",\"target\":{\"@type\":\"EntryPoint\",\"urlTemplate\":\"https:\\\/\\\/www.bertazzofood.com\\\/de\\\/?s={search_term_string}\"},\"query-input\":{\"@type\":\"PropertyValueSpecification\",\"valueRequired\":true,\"valueName\":\"search_term_string\"}}],\"inLanguage\":\"de\"},{\"@type\":\"Organization\",\"@id\":\"https:\\\/\\\/www.bertazzofood.com\\\/de\\\/#organization\",\"name\":\"Bertazzo Italian Quality Food S.a.s. di Bertazzo Fabio & C.\",\"alternateName\":\"Bertazzo Food\",\"url\":\"https:\\\/\\\/www.bertazzofood.com\\\/de\\\/\",\"logo\":{\"@type\":\"ImageObject\",\"inLanguage\":\"de\",\"@id\":\"https:\\\/\\\/www.bertazzofood.com\\\/de\\\/#\\\/schema\\\/logo\\\/image\\\/\",\"url\":\"https:\\\/\\\/www.bertazzofood.com\\\/wp-content\\\/uploads\\\/2024\\\/06\\\/logo-bertazzo.webp\",\"contentUrl\":\"https:\\\/\\\/www.bertazzofood.com\\\/wp-content\\\/uploads\\\/2024\\\/06\\\/logo-bertazzo.webp\",\"width\":410,\"height\":166,\"caption\":\"Bertazzo Italian Quality Food S.a.s. di Bertazzo Fabio & C.\"},\"image\":{\"@id\":\"https:\\\/\\\/www.bertazzofood.com\\\/de\\\/#\\\/schema\\\/logo\\\/image\\\/\"},\"sameAs\":[\"https:\\\/\\\/www.facebook.com\\\/BertazzoItalianQualityFood\",\"https:\\\/\\\/www.instagram.com\\\/bertazzo_italian_quality_food\\\/\"]}]}<\/script>\n<!-- \/ Yoast SEO plugin. -->","yoast_head_json":{"title":"Orchestrale Nota Wei\u00df mit Walnu\u00dfholz kit Joystick","robots":{"index":"index","follow":"follow","max-snippet":"max-snippet:-1","max-image-preview":"max-image-preview:large","max-video-preview":"max-video-preview:-1"},"canonical":"https:\/\/www.bertazzofood.com\/de\/prodotto\/orchestrale-nota-weiss-mit-walnussholz-kit-joystick\/","og_locale":"de_DE","og_type":"article","og_title":"Orchestrale Nota Wei\u00df mit Walnu\u00dfholz kit Joystick","og_description":"Orchestrale Nota ist die kleinste professionelle Maschine aus der Kollektion Orchestrale. Manuell und mit erh\u00f6hter Br\u00fchgruppe mit Hebelbedienung bietet sie f\u00fcr eine kleine Bar, das B\u00fcro oder f\u00fcr Zuhause das Beste, was man von einer Maschine dieser Gr\u00f6\u00dfe in Hinblick auf \u00c4sthetik, Design und technische Ausstattung erwarten darf. Nota ist eine 1-gruppige professionelle Espressomaschine mit [&hellip;]","og_url":"https:\/\/www.bertazzofood.com\/de\/prodotto\/orchestrale-nota-weiss-mit-walnussholz-kit-joystick\/","og_site_name":"Bertazzo Food","article_publisher":"https:\/\/www.facebook.com\/BertazzoItalianQualityFood","article_modified_time":"2024-06-23T20:38:43+00:00","og_image":[{"width":800,"height":800,"url":"https:\/\/www.bertazzofood.com\/wp-content\/uploads\/2024\/06\/Orchestrale-Nota-white-nut-wood-kit-2-2.jpg","type":"image\/jpeg"}],"twitter_card":"summary_large_image","twitter_misc":{"Gesch\u00e4tzte Lesezeit":"1\u00a0Minute"},"schema":{"@context":"https:\/\/schema.org","@graph":[{"@type":"WebPage","@id":"https:\/\/www.bertazzofood.com\/de\/prodotto\/orchestrale-nota-weiss-mit-walnussholz-kit-joystick\/","url":"https:\/\/www.bertazzofood.com\/de\/prodotto\/orchestrale-nota-weiss-mit-walnussholz-kit-joystick\/","name":"Orchestrale Nota Wei\u00df mit Walnu\u00dfholz kit Joystick","isPartOf":{"@id":"https:\/\/www.bertazzofood.com\/de\/#website"},"primaryImageOfPage":{"@id":"https:\/\/www.bertazzofood.com\/de\/prodotto\/orchestrale-nota-weiss-mit-walnussholz-kit-joystick\/#primaryimage"},"image":{"@id":"https:\/\/www.bertazzofood.com\/de\/prodotto\/orchestrale-nota-weiss-mit-walnussholz-kit-joystick\/#primaryimage"},"thumbnailUrl":"https:\/\/www.bertazzofood.com\/wp-content\/uploads\/2024\/06\/Orchestrale-Nota-white-nut-wood-kit-2-2.jpg","datePublished":"2020-11-20T14:27:30+00:00","dateModified":"2024-06-23T20:38:43+00:00","breadcrumb":{"@id":"https:\/\/www.bertazzofood.com\/de\/prodotto\/orchestrale-nota-weiss-mit-walnussholz-kit-joystick\/#breadcrumb"},"inLanguage":"de","potentialAction":[{"@type":"ReadAction","target":["https:\/\/www.bertazzofood.com\/de\/prodotto\/orchestrale-nota-weiss-mit-walnussholz-kit-joystick\/"]}]},{"@type":"ImageObject","inLanguage":"de","@id":"https:\/\/www.bertazzofood.com\/de\/prodotto\/orchestrale-nota-weiss-mit-walnussholz-kit-joystick\/#primaryimage","url":"https:\/\/www.bertazzofood.com\/wp-content\/uploads\/2024\/06\/Orchestrale-Nota-white-nut-wood-kit-2-2.jpg","contentUrl":"https:\/\/www.bertazzofood.com\/wp-content\/uploads\/2024\/06\/Orchestrale-Nota-white-nut-wood-kit-2-2.jpg","width":800,"height":800},{"@type":"BreadcrumbList","@id":"https:\/\/www.bertazzofood.com\/de\/prodotto\/orchestrale-nota-weiss-mit-walnussholz-kit-joystick\/#breadcrumb","itemListElement":[{"@type":"ListItem","position":1,"name":"Home","item":"https:\/\/www.bertazzofood.com\/de\/homepage\/"},{"@type":"ListItem","position":2,"name":"Produkte","item":"https:\/\/www.bertazzofood.com\/de\/shop\/"},{"@type":"ListItem","position":3,"name":"Orchestrale Nota Wei\u00df mit Walnu\u00dfholz kit Joystick"}]},{"@type":"WebSite","@id":"https:\/\/www.bertazzofood.com\/de\/#website","url":"https:\/\/www.bertazzofood.com\/de\/","name":"Bertazzo Food","description":"Prodotti Alimentari Italiani Online e Macchine Da Caff\u00e8","publisher":{"@id":"https:\/\/www.bertazzofood.com\/de\/#organization"},"potentialAction":[{"@type":"SearchAction","target":{"@type":"EntryPoint","urlTemplate":"https:\/\/www.bertazzofood.com\/de\/?s={search_term_string}"},"query-input":{"@type":"PropertyValueSpecification","valueRequired":true,"valueName":"search_term_string"}}],"inLanguage":"de"},{"@type":"Organization","@id":"https:\/\/www.bertazzofood.com\/de\/#organization","name":"Bertazzo Italian Quality Food S.a.s. di Bertazzo Fabio & C.","alternateName":"Bertazzo Food","url":"https:\/\/www.bertazzofood.com\/de\/","logo":{"@type":"ImageObject","inLanguage":"de","@id":"https:\/\/www.bertazzofood.com\/de\/#\/schema\/logo\/image\/","url":"https:\/\/www.bertazzofood.com\/wp-content\/uploads\/2024\/06\/logo-bertazzo.webp","contentUrl":"https:\/\/www.bertazzofood.com\/wp-content\/uploads\/2024\/06\/logo-bertazzo.webp","width":410,"height":166,"caption":"Bertazzo Italian Quality Food S.a.s. di Bertazzo Fabio & C."},"image":{"@id":"https:\/\/www.bertazzofood.com\/de\/#\/schema\/logo\/image\/"},"sameAs":["https:\/\/www.facebook.com\/BertazzoItalianQualityFood","https:\/\/www.instagram.com\/bertazzo_italian_quality_food\/"]}]}},"_links":{"self":[{"href":"https:\/\/www.bertazzofood.com\/de\/wp-json\/wp\/v2\/product\/11737","targetHints":{"allow":["GET"]}}],"collection":[{"href":"https:\/\/www.bertazzofood.com\/de\/wp-json\/wp\/v2\/product"}],"about":[{"href":"https:\/\/www.bertazzofood.com\/de\/wp-json\/wp\/v2\/types\/product"}],"replies":[{"embeddable":true,"href":"https:\/\/www.bertazzofood.com\/de\/wp-json\/wp\/v2\/comments?post=11737"}],"version-history":[{"count":0,"href":"https:\/\/www.bertazzofood.com\/de\/wp-json\/wp\/v2\/product\/11737\/revisions"}],"wp:featuredmedia":[{"embeddable":true,"href":"https:\/\/www.bertazzofood.com\/de\/wp-json\/wp\/v2\/media\/5680"}],"wp:attachment":[{"href":"https:\/\/www.bertazzofood.com\/de\/wp-json\/wp\/v2\/media?parent=11737"}],"wp:term":[{"taxonomy":"product_brand","embeddable":true,"href":"https:\/\/www.bertazzofood.com\/de\/wp-json\/wp\/v2\/product_brand?post=11737"},{"taxonomy":"product_cat","embeddable":true,"href":"https:\/\/www.bertazzofood.com\/de\/wp-json\/wp\/v2\/product_cat?post=11737"},{"taxonomy":"product_tag","embeddable":true,"href":"https:\/\/www.bertazzofood.com\/de\/wp-json\/wp\/v2\/product_tag?post=11737"},{"taxonomy":"brands","embeddable":true,"href":"https:\/\/www.bertazzofood.com\/de\/wp-json\/wp\/v2\/brands?post=11737"},{"taxonomy":"flag_home","embeddable":true,"href":"https:\/\/www.bertazzofood.com\/de\/wp-json\/wp\/v2\/flag_home?post=11737"}],"curies":[{"name":"wp","href":"https:\/\/api.w.org\/{rel}","templated":true}]}}