{"id":11666,"date":"2020-10-01T07:56:30","date_gmt":"2020-10-01T05:56:30","guid":{"rendered":"https:\/\/thegarden.it\/staging8\/prodotto\/apfelsaft-sigmund\/"},"modified":"2024-06-23T22:38:00","modified_gmt":"2024-06-23T20:38:00","slug":"apfelsaft-sigmund","status":"publish","type":"product","link":"https:\/\/www.bertazzofood.com\/de\/prodotto\/apfelsaft-sigmund\/","title":{"rendered":"Apfelsaft Sigmund"},"content":{"rendered":"<div id=\"text-5109-1-1-0\" class=\"module module-text text-5109-1-1-0 \" data-id=\"db4f41e\">\n<p>Der <strong><em>Schwarzielhof<\/em> <\/strong>der Familie <strong><em>Sigmund<\/em> <\/strong>liegt auf der Sonnenseite des Eisacktales auf 630m Meeresh\u00f6he. In unserem naturtr\u00fcben Apfelsaft sind viele wertvolle Inhaltsstoffe enthalten, Antioxidantien, rein nat\u00fcrlicher Fruchtzucker, Vitamine und Mineralstoffe. Er ist frei von Zusatz- und Konservierungsstoffen und wird mit gro\u00dfer Sorgfalt und in aufwendiger Handarbeit in unserem Familienbetrieb in Feldthurns in S\u00fcdtirol hergestellt.<br \/>\nUnd das alles schmeckt man!<\/p>\n<p>In gepresster Form ergeben die\u00a0\u00c4pfel mit ihren besonderen Aromen einen k\u00f6stlichen Durstl\u00f6scher, der bei Jung und Alt gleicherma\u00dfen beliebt ist.<\/p>\n<\/div>\n<div id=\"text-5109-1-1-1\" class=\"module module-text text-5109-1-1-1 \" data-id=\"8d48809\">\n<div id=\"text-4853-0-0-1\" class=\"module module-text text-4853-0-0-1    \" data-id=\"606613b\">\n<h3>N\u00e4hrwert\u00a0je 100 ml:<\/h3>\n<\/div>\n<div class=\"themify_builder_sub_row module_subrow clearfix sub_row_0-0-2\" data-id=\"92b1374\">\n<div class=\"subrow_inner col_align_top\">\n<div class=\"col4-2 sub_column module_column first sub_column_post_4853 sub_column_0-0-2-0\">\n<div class=\"tb-column-inner\">\n<div id=\"text-4853-sub_row_0-0-2-0-0\" class=\"module module-text text-4853-sub_row_0-0-2-0-0    \" data-id=\"3a65aab\">\n<p>Energie<br \/>\nKohlenhydrate<br \/>\ndavon Zucker<br \/>\nFett<br \/>\ndavon ges\u00e4ttigt<br \/>\nEiwei\u00df<br \/>\nSalz<\/p>\n<\/div>\n<\/div>\n<\/div>\n<div class=\"col4-2 sub_column module_column last sub_column_post_4853 sub_column_0-0-2-1\">\n<div class=\"tb-column-inner\">\n<div id=\"text-4853-sub_row_0-0-2-1-0\" class=\"module module-text text-4853-sub_row_0-0-2-1-0    \" data-id=\"acf1f37\">\n<p>57 kcal \/ 239 kj<br \/>\n13,36 g<br \/>\n12,25 g<br \/>\n0,041 g<br \/>\n0,017 g<br \/>\n0,3 g<br \/>\n0,003 g<\/p>\n<\/div>\n<\/div>\n<\/div>\n<\/div>\n<\/div>\n<\/div>\n","protected":false},"excerpt":{"rendered":"<p>Der Schwarzielhof der Familie Sigmund liegt auf der Sonnenseite des Eisacktales auf 630m Meeresh\u00f6he. In unserem naturtr\u00fcben Apfelsaft sind viele wertvolle Inhaltsstoffe enthalten, Antioxidantien, rein nat\u00fcrlicher Fruchtzucker, Vitamine und Mineralstoffe. Er ist frei von Zusatz- und Konservierungsstoffen und wird mit gro\u00dfer Sorgfalt und in aufwendiger Handarbeit in unserem Familienbetrieb in Feldthurns in S\u00fcdtirol hergestellt. Und [&hellip;]<\/p>\n","protected":false},"featured_media":5518,"comment_status":"open","ping_status":"open","template":"","meta":{"_acf_changed":false,"iawp_total_views":12},"product_brand":[],"product_cat":[1175],"product_tag":[],"brands":[],"flag_home":[],"class_list":{"0":"post-11666","1":"product","2":"type-product","3":"status-publish","4":"has-post-thumbnail","6":"product_cat-mehr","8":"first","9":"outofstock","10":"taxable","11":"shipping-taxable","12":"purchasable","13":"product-type-simple"},"acf":[],"yoast_head":"<!-- This site is optimized with the Yoast SEO plugin v27.5 - https:\/\/yoast.com\/product\/yoast-seo-wordpress\/ -->\n<title>Apfelsaft Sigmund<\/title>\n<meta name=\"robots\" content=\"index, follow, max-snippet:-1, max-image-preview:large, max-video-preview:-1\" \/>\n<link rel=\"canonical\" href=\"https:\/\/www.bertazzofood.com\/de\/prodotto\/apfelsaft-sigmund\/\" \/>\n<meta property=\"og:locale\" content=\"de_DE\" \/>\n<meta property=\"og:type\" content=\"article\" \/>\n<meta property=\"og:title\" content=\"Apfelsaft Sigmund\" \/>\n<meta property=\"og:description\" content=\"Der Schwarzielhof der Familie Sigmund liegt auf der Sonnenseite des Eisacktales auf 630m Meeresh\u00f6he. In unserem naturtr\u00fcben Apfelsaft sind viele wertvolle Inhaltsstoffe enthalten, Antioxidantien, rein nat\u00fcrlicher Fruchtzucker, Vitamine und Mineralstoffe. Er ist frei von Zusatz- und Konservierungsstoffen und wird mit gro\u00dfer Sorgfalt und in aufwendiger Handarbeit in unserem Familienbetrieb in Feldthurns in S\u00fcdtirol hergestellt. Und [&hellip;]\" \/>\n<meta property=\"og:url\" content=\"https:\/\/www.bertazzofood.com\/de\/prodotto\/apfelsaft-sigmund\/\" \/>\n<meta property=\"og:site_name\" content=\"Bertazzo Food\" \/>\n<meta property=\"article:publisher\" content=\"https:\/\/www.facebook.com\/BertazzoItalianQualityFood\" \/>\n<meta property=\"article:modified_time\" content=\"2024-06-23T20:38:00+00:00\" \/>\n<meta property=\"og:image\" content=\"https:\/\/www.bertazzofood.com\/wp-content\/uploads\/2024\/06\/Succo-di-mela-Sigmund-2.jpg\" \/>\n\t<meta property=\"og:image:width\" content=\"800\" \/>\n\t<meta property=\"og:image:height\" content=\"800\" \/>\n\t<meta property=\"og:image:type\" content=\"image\/jpeg\" \/>\n<meta name=\"twitter:card\" content=\"summary_large_image\" \/>\n<meta name=\"twitter:label1\" content=\"Gesch\u00e4tzte Lesezeit\" \/>\n\t<meta name=\"twitter:data1\" content=\"1\u00a0Minute\" \/>\n<script type=\"application\/ld+json\" class=\"yoast-schema-graph\">{\"@context\":\"https:\\\/\\\/schema.org\",\"@graph\":[{\"@type\":\"WebPage\",\"@id\":\"https:\\\/\\\/www.bertazzofood.com\\\/de\\\/prodotto\\\/apfelsaft-sigmund\\\/\",\"url\":\"https:\\\/\\\/www.bertazzofood.com\\\/de\\\/prodotto\\\/apfelsaft-sigmund\\\/\",\"name\":\"Apfelsaft Sigmund\",\"isPartOf\":{\"@id\":\"https:\\\/\\\/www.bertazzofood.com\\\/de\\\/#website\"},\"primaryImageOfPage\":{\"@id\":\"https:\\\/\\\/www.bertazzofood.com\\\/de\\\/prodotto\\\/apfelsaft-sigmund\\\/#primaryimage\"},\"image\":{\"@id\":\"https:\\\/\\\/www.bertazzofood.com\\\/de\\\/prodotto\\\/apfelsaft-sigmund\\\/#primaryimage\"},\"thumbnailUrl\":\"https:\\\/\\\/www.bertazzofood.com\\\/wp-content\\\/uploads\\\/2024\\\/06\\\/Succo-di-mela-Sigmund-2.jpg\",\"datePublished\":\"2020-10-01T05:56:30+00:00\",\"dateModified\":\"2024-06-23T20:38:00+00:00\",\"breadcrumb\":{\"@id\":\"https:\\\/\\\/www.bertazzofood.com\\\/de\\\/prodotto\\\/apfelsaft-sigmund\\\/#breadcrumb\"},\"inLanguage\":\"de\",\"potentialAction\":[{\"@type\":\"ReadAction\",\"target\":[\"https:\\\/\\\/www.bertazzofood.com\\\/de\\\/prodotto\\\/apfelsaft-sigmund\\\/\"]}]},{\"@type\":\"ImageObject\",\"inLanguage\":\"de\",\"@id\":\"https:\\\/\\\/www.bertazzofood.com\\\/de\\\/prodotto\\\/apfelsaft-sigmund\\\/#primaryimage\",\"url\":\"https:\\\/\\\/www.bertazzofood.com\\\/wp-content\\\/uploads\\\/2024\\\/06\\\/Succo-di-mela-Sigmund-2.jpg\",\"contentUrl\":\"https:\\\/\\\/www.bertazzofood.com\\\/wp-content\\\/uploads\\\/2024\\\/06\\\/Succo-di-mela-Sigmund-2.jpg\",\"width\":800,\"height\":800},{\"@type\":\"BreadcrumbList\",\"@id\":\"https:\\\/\\\/www.bertazzofood.com\\\/de\\\/prodotto\\\/apfelsaft-sigmund\\\/#breadcrumb\",\"itemListElement\":[{\"@type\":\"ListItem\",\"position\":1,\"name\":\"Home\",\"item\":\"https:\\\/\\\/www.bertazzofood.com\\\/de\\\/homepage\\\/\"},{\"@type\":\"ListItem\",\"position\":2,\"name\":\"Produkte\",\"item\":\"https:\\\/\\\/www.bertazzofood.com\\\/de\\\/shop\\\/\"},{\"@type\":\"ListItem\",\"position\":3,\"name\":\"Apfelsaft Sigmund\"}]},{\"@type\":\"WebSite\",\"@id\":\"https:\\\/\\\/www.bertazzofood.com\\\/de\\\/#website\",\"url\":\"https:\\\/\\\/www.bertazzofood.com\\\/de\\\/\",\"name\":\"Bertazzo Food\",\"description\":\"Prodotti Alimentari Italiani Online e Macchine Da Caff\u00e8\",\"publisher\":{\"@id\":\"https:\\\/\\\/www.bertazzofood.com\\\/de\\\/#organization\"},\"potentialAction\":[{\"@type\":\"SearchAction\",\"target\":{\"@type\":\"EntryPoint\",\"urlTemplate\":\"https:\\\/\\\/www.bertazzofood.com\\\/de\\\/?s={search_term_string}\"},\"query-input\":{\"@type\":\"PropertyValueSpecification\",\"valueRequired\":true,\"valueName\":\"search_term_string\"}}],\"inLanguage\":\"de\"},{\"@type\":\"Organization\",\"@id\":\"https:\\\/\\\/www.bertazzofood.com\\\/de\\\/#organization\",\"name\":\"Bertazzo Italian Quality Food S.a.s. di Bertazzo Fabio & C.\",\"alternateName\":\"Bertazzo Food\",\"url\":\"https:\\\/\\\/www.bertazzofood.com\\\/de\\\/\",\"logo\":{\"@type\":\"ImageObject\",\"inLanguage\":\"de\",\"@id\":\"https:\\\/\\\/www.bertazzofood.com\\\/de\\\/#\\\/schema\\\/logo\\\/image\\\/\",\"url\":\"https:\\\/\\\/www.bertazzofood.com\\\/wp-content\\\/uploads\\\/2024\\\/06\\\/logo-bertazzo.webp\",\"contentUrl\":\"https:\\\/\\\/www.bertazzofood.com\\\/wp-content\\\/uploads\\\/2024\\\/06\\\/logo-bertazzo.webp\",\"width\":410,\"height\":166,\"caption\":\"Bertazzo Italian Quality Food S.a.s. di Bertazzo Fabio & C.\"},\"image\":{\"@id\":\"https:\\\/\\\/www.bertazzofood.com\\\/de\\\/#\\\/schema\\\/logo\\\/image\\\/\"},\"sameAs\":[\"https:\\\/\\\/www.facebook.com\\\/BertazzoItalianQualityFood\",\"https:\\\/\\\/www.instagram.com\\\/bertazzo_italian_quality_food\\\/\"]}]}<\/script>\n<!-- \/ Yoast SEO plugin. -->","yoast_head_json":{"title":"Apfelsaft Sigmund","robots":{"index":"index","follow":"follow","max-snippet":"max-snippet:-1","max-image-preview":"max-image-preview:large","max-video-preview":"max-video-preview:-1"},"canonical":"https:\/\/www.bertazzofood.com\/de\/prodotto\/apfelsaft-sigmund\/","og_locale":"de_DE","og_type":"article","og_title":"Apfelsaft Sigmund","og_description":"Der Schwarzielhof der Familie Sigmund liegt auf der Sonnenseite des Eisacktales auf 630m Meeresh\u00f6he. In unserem naturtr\u00fcben Apfelsaft sind viele wertvolle Inhaltsstoffe enthalten, Antioxidantien, rein nat\u00fcrlicher Fruchtzucker, Vitamine und Mineralstoffe. Er ist frei von Zusatz- und Konservierungsstoffen und wird mit gro\u00dfer Sorgfalt und in aufwendiger Handarbeit in unserem Familienbetrieb in Feldthurns in S\u00fcdtirol hergestellt. Und [&hellip;]","og_url":"https:\/\/www.bertazzofood.com\/de\/prodotto\/apfelsaft-sigmund\/","og_site_name":"Bertazzo Food","article_publisher":"https:\/\/www.facebook.com\/BertazzoItalianQualityFood","article_modified_time":"2024-06-23T20:38:00+00:00","og_image":[{"width":800,"height":800,"url":"https:\/\/www.bertazzofood.com\/wp-content\/uploads\/2024\/06\/Succo-di-mela-Sigmund-2.jpg","type":"image\/jpeg"}],"twitter_card":"summary_large_image","twitter_misc":{"Gesch\u00e4tzte Lesezeit":"1\u00a0Minute"},"schema":{"@context":"https:\/\/schema.org","@graph":[{"@type":"WebPage","@id":"https:\/\/www.bertazzofood.com\/de\/prodotto\/apfelsaft-sigmund\/","url":"https:\/\/www.bertazzofood.com\/de\/prodotto\/apfelsaft-sigmund\/","name":"Apfelsaft Sigmund","isPartOf":{"@id":"https:\/\/www.bertazzofood.com\/de\/#website"},"primaryImageOfPage":{"@id":"https:\/\/www.bertazzofood.com\/de\/prodotto\/apfelsaft-sigmund\/#primaryimage"},"image":{"@id":"https:\/\/www.bertazzofood.com\/de\/prodotto\/apfelsaft-sigmund\/#primaryimage"},"thumbnailUrl":"https:\/\/www.bertazzofood.com\/wp-content\/uploads\/2024\/06\/Succo-di-mela-Sigmund-2.jpg","datePublished":"2020-10-01T05:56:30+00:00","dateModified":"2024-06-23T20:38:00+00:00","breadcrumb":{"@id":"https:\/\/www.bertazzofood.com\/de\/prodotto\/apfelsaft-sigmund\/#breadcrumb"},"inLanguage":"de","potentialAction":[{"@type":"ReadAction","target":["https:\/\/www.bertazzofood.com\/de\/prodotto\/apfelsaft-sigmund\/"]}]},{"@type":"ImageObject","inLanguage":"de","@id":"https:\/\/www.bertazzofood.com\/de\/prodotto\/apfelsaft-sigmund\/#primaryimage","url":"https:\/\/www.bertazzofood.com\/wp-content\/uploads\/2024\/06\/Succo-di-mela-Sigmund-2.jpg","contentUrl":"https:\/\/www.bertazzofood.com\/wp-content\/uploads\/2024\/06\/Succo-di-mela-Sigmund-2.jpg","width":800,"height":800},{"@type":"BreadcrumbList","@id":"https:\/\/www.bertazzofood.com\/de\/prodotto\/apfelsaft-sigmund\/#breadcrumb","itemListElement":[{"@type":"ListItem","position":1,"name":"Home","item":"https:\/\/www.bertazzofood.com\/de\/homepage\/"},{"@type":"ListItem","position":2,"name":"Produkte","item":"https:\/\/www.bertazzofood.com\/de\/shop\/"},{"@type":"ListItem","position":3,"name":"Apfelsaft Sigmund"}]},{"@type":"WebSite","@id":"https:\/\/www.bertazzofood.com\/de\/#website","url":"https:\/\/www.bertazzofood.com\/de\/","name":"Bertazzo Food","description":"Prodotti Alimentari Italiani Online e Macchine Da Caff\u00e8","publisher":{"@id":"https:\/\/www.bertazzofood.com\/de\/#organization"},"potentialAction":[{"@type":"SearchAction","target":{"@type":"EntryPoint","urlTemplate":"https:\/\/www.bertazzofood.com\/de\/?s={search_term_string}"},"query-input":{"@type":"PropertyValueSpecification","valueRequired":true,"valueName":"search_term_string"}}],"inLanguage":"de"},{"@type":"Organization","@id":"https:\/\/www.bertazzofood.com\/de\/#organization","name":"Bertazzo Italian Quality Food S.a.s. di Bertazzo Fabio & C.","alternateName":"Bertazzo Food","url":"https:\/\/www.bertazzofood.com\/de\/","logo":{"@type":"ImageObject","inLanguage":"de","@id":"https:\/\/www.bertazzofood.com\/de\/#\/schema\/logo\/image\/","url":"https:\/\/www.bertazzofood.com\/wp-content\/uploads\/2024\/06\/logo-bertazzo.webp","contentUrl":"https:\/\/www.bertazzofood.com\/wp-content\/uploads\/2024\/06\/logo-bertazzo.webp","width":410,"height":166,"caption":"Bertazzo Italian Quality Food S.a.s. di Bertazzo Fabio & C."},"image":{"@id":"https:\/\/www.bertazzofood.com\/de\/#\/schema\/logo\/image\/"},"sameAs":["https:\/\/www.facebook.com\/BertazzoItalianQualityFood","https:\/\/www.instagram.com\/bertazzo_italian_quality_food\/"]}]}},"_links":{"self":[{"href":"https:\/\/www.bertazzofood.com\/de\/wp-json\/wp\/v2\/product\/11666","targetHints":{"allow":["GET"]}}],"collection":[{"href":"https:\/\/www.bertazzofood.com\/de\/wp-json\/wp\/v2\/product"}],"about":[{"href":"https:\/\/www.bertazzofood.com\/de\/wp-json\/wp\/v2\/types\/product"}],"replies":[{"embeddable":true,"href":"https:\/\/www.bertazzofood.com\/de\/wp-json\/wp\/v2\/comments?post=11666"}],"version-history":[{"count":0,"href":"https:\/\/www.bertazzofood.com\/de\/wp-json\/wp\/v2\/product\/11666\/revisions"}],"wp:featuredmedia":[{"embeddable":true,"href":"https:\/\/www.bertazzofood.com\/de\/wp-json\/wp\/v2\/media\/5518"}],"wp:attachment":[{"href":"https:\/\/www.bertazzofood.com\/de\/wp-json\/wp\/v2\/media?parent=11666"}],"wp:term":[{"taxonomy":"product_brand","embeddable":true,"href":"https:\/\/www.bertazzofood.com\/de\/wp-json\/wp\/v2\/product_brand?post=11666"},{"taxonomy":"product_cat","embeddable":true,"href":"https:\/\/www.bertazzofood.com\/de\/wp-json\/wp\/v2\/product_cat?post=11666"},{"taxonomy":"product_tag","embeddable":true,"href":"https:\/\/www.bertazzofood.com\/de\/wp-json\/wp\/v2\/product_tag?post=11666"},{"taxonomy":"brands","embeddable":true,"href":"https:\/\/www.bertazzofood.com\/de\/wp-json\/wp\/v2\/brands?post=11666"},{"taxonomy":"flag_home","embeddable":true,"href":"https:\/\/www.bertazzofood.com\/de\/wp-json\/wp\/v2\/flag_home?post=11666"}],"curies":[{"name":"wp","href":"https:\/\/api.w.org\/{rel}","templated":true}]}}