{"id":11579,"date":"2020-06-05T09:03:35","date_gmt":"2020-06-05T07:03:35","guid":{"rendered":"https:\/\/thegarden.it\/staging8\/prodotto\/lelit-mara-pl62x-v2\/"},"modified":"2025-01-03T10:10:05","modified_gmt":"2025-01-03T09:10:05","slug":"lelit-mara-pl62x-v2","status":"publish","type":"product","link":"https:\/\/www.bertazzofood.com\/de\/prodotto\/lelit-mara-pl62x-v2\/","title":{"rendered":"Lelit Mara PL62X V2"},"content":{"rendered":"<p class=\"name\"><em><strong>Lelit MaraX <\/strong><\/em>ist eine L58E-Gruppenmaschine mit automatischer Extraktionstemperaturregelung, die es jedem erm\u00f6glicht, einen erstaunlichen Kaffee zu machen.<\/p>\n<p><strong>Innovative<\/strong>: Das neueste, patentierte Dual-Sonden-System von Lelit h\u00e4lt die Temperatur w\u00e4hrend der Extraktion konstant und sorgt so f\u00fcr das beste Ergebnis in jeder Tasse.<\/p>\n<p><strong>F\u00fcr alle<\/strong>: MaraX wurde entwickelt, um es jedem zu erm\u00f6glichen, einen Kaffee so gut wie im Caf\u00e9 zu bekommen, ohne den Charme der L58E-Gruppe aufzugeben.<\/p>\n<p><strong>Leise<\/strong>: MaraX ist dank eines zum Patent angemeldete System \u00e4u\u00dferst leise und bietet einen Wasserfluss, der entwickelt wurde, um in jeder Phase der Ausgabe die verschiedenen R\u00f6stungen und Kaffeesorten am besten zu extrahieren.<\/p>\n<p class=\"description\">Technische Daten:<\/p>\n<p>\u20221.8l Kessel<\/p>\n<p>\u2022W\u00e4rmetauscher aus Stahl AISI316L<\/p>\n<p>\u2022L58E- Typ Gruppe mit mechanischer Vorinfusion<\/p>\n<p>\u2022Erhitzung der Gruppe beschleunigt durch termosifonische Zirkulation mit HX Double Probe System (Patent Pending)<\/p>\n<p>\u2022Professionelle H\u00e4hne mit Federverschluss<\/p>\n<p>\u2022Zur\u00fccksetzung des Kaffeemanometers<\/p>\n<p>\u2022I\/O Edelstahl-Schalter mit hinter Beleuchtung<\/p>\n<p>\u2022Led f\u00fcr Wassermangel und\/oder Wassertank nicht in Position<\/p>\n<p>\u2022Die \u00c4sthetik von MaraX wird durch die Karosserie aus satiniertem Edelstahl verst\u00e4rkt. Die Abtropfschale und die geheizte Oberfl\u00e4che sind mit einem selbstreinigenden Gitter ausgestattet.<\/p>\n<p>\u2022Der neue Wassertank ist leichter zu entfernen und erf\u00fcllen. Die Reinigung ist auch bequemer dank der oberen, totalen Er\u00f6ffnung. Ausgestattet mit Indikatoren, um die Anzahl der F\u00fcllungen im Auge zu behalten, wird es auch einfacher, den Verbrauch des Wasserfilters zu \u00fcberwachen.<\/p>\n<p>\u2022Mit MaraX m\u00fcssen Sie sich keine Sorgen mehr um die Temperatur der Extraktion von Kaffee und Dampf machen: Dank der Konfigurationstasten k\u00f6nnen Sie sowohl den Betriebmodus als auch die bevorzugte Extraktionstemperatur zwischen warm, hot und extra hot w\u00e4hlen, um das perfekte Getr\u00e4nk zu erhalten.<\/p>\n<p>\u2022Mit dem Doppelmanometer von MaraX k\u00f6nnen Sie sowohl den Dampfkesseldruck als auch den Druck bei der Kaffeeextraktion kontrollieren. Sie k\u00f6nnen dann die Extraktionskurve von der Vorinfusion bis zum Ende der Dosierung beobachten.<\/p>\n<p>\u2022Die neuen Lelit Lanzen haben eine neue Geometrie f\u00fcr die richtige Ergonomie, sie sind alle Cool Touch (um das Risiko von Verbrennungen zu vermeiden) um Ablagerungen zu verhindern und sind leicht zu reinigen, f\u00fcr eine noch erf\u00fcllendere Benutzererfahrung.<\/p>\n<p>\u2022MaraX ist mit einem Energiesparsystem ausgestattet, bei dem der Druck im Dampfkessel nach einer bestimmten Inaktivit\u00e4t-Dauer gesenkt wird. Die erzielten Einsparungen sind erheblich und vermeiden unn\u00f6tige Energieverschwendung. Die Heiz-Zeit nach dem Wiedereinschalten der Maschine betr\u00e4gt maximal 24 Minuten.<\/p>\n<p class=\"title\">\u2022Wassertank: 2,5 l<\/p>\n<p class=\"title\">\u2022Heizelement: 1350W<\/p>\n<p>\u2022Gr\u00f6\u00dfe BxTxH: 22x41x35 cm<\/p>\n<p class=\"title\">\u2022Gewicht: 18 kg<\/p>\n<p>\u2022Leistung: 230V 50Hz<\/p>\n<p>\u2022Delivered with: LELIT58 professioneller Siebtr\u00e4ger mit geneigtem Griff und Coffee Slide-Auslauf, LELIT58 9-11 gr Filter, LELIT58 14-18 gr Filter, LELIT58 18-21 gr Filter, LELIT58 Blindfilter, LELIT58 Tamper mit rotem Holzgriff, Kunststoffl\u00f6ffel f\u00fcr Kaffeepulver, Support f\u00fcr Espressotassen, Abtropfschale mit Gitter, Wasserfilter, erste Reinigungsset, B\u00fcrste f\u00fcr die Reinigung der Untergruppendichtung.<\/p>\n<p class=\"title\"><span style=\"text-decoration: underline;\"><strong><a href=\"https:\/\/www.youtube.com\/watch?v=DDkTVc43aI4&amp;feature=youtu.be\" target=\"_blank\" rel=\"noopener noreferrer\">Click here for demo video<\/a><\/strong><\/span><\/p>\n<p class=\"name\"><strong>24 Monate Garantie<\/strong>.<\/p>\n<p><strong>Versand kostenlos<\/strong>.<\/p>\n","protected":false},"excerpt":{"rendered":"<p>Lelit MaraX ist eine L58E-Gruppenmaschine mit automatischer Extraktionstemperaturregelung, die es jedem erm\u00f6glicht, einen erstaunlichen Kaffee zu machen. Innovative: Das neueste, patentierte Dual-Sonden-System von Lelit h\u00e4lt die Temperatur w\u00e4hrend der Extraktion konstant und sorgt so f\u00fcr das beste Ergebnis in jeder Tasse. F\u00fcr alle: MaraX wurde entwickelt, um es jedem zu erm\u00f6glichen, einen Kaffee so gut [&hellip;]<\/p>\n","protected":false},"featured_media":5290,"comment_status":"open","ping_status":"closed","template":"","meta":{"_acf_changed":false,"iawp_total_views":92},"product_brand":[],"product_cat":[1176,1155],"product_tag":[],"brands":[1732],"flag_home":[],"class_list":{"0":"post-11579","1":"product","2":"type-product","3":"status-publish","4":"has-post-thumbnail","6":"product_cat-espressomaschinen","7":"product_cat-kaffeemaschinen-zubehoer","8":"pa_garanzia-24-monate","9":"pa_tipo-di-alimentazione-acqua-wassertank","10":"pa_tipo-di-caldaia-ein-kessel","11":"pa_tipo-di-pompa-vibrationspumpe","12":"brands-lelit","14":"first","15":"instock","16":"taxable","17":"shipping-taxable","18":"purchasable","19":"product-type-simple"},"acf":[],"yoast_head":"<!-- This site is optimized with the Yoast SEO plugin v27.5 - https:\/\/yoast.com\/product\/yoast-seo-wordpress\/ -->\n<title>Lelit Mara PL62X V2<\/title>\n<meta name=\"robots\" content=\"index, follow, max-snippet:-1, max-image-preview:large, max-video-preview:-1\" \/>\n<link rel=\"canonical\" href=\"https:\/\/www.bertazzofood.com\/de\/prodotto\/lelit-mara-pl62x-v2\/\" \/>\n<meta property=\"og:locale\" content=\"de_DE\" \/>\n<meta property=\"og:type\" content=\"article\" \/>\n<meta property=\"og:title\" content=\"Lelit Mara PL62X V2\" \/>\n<meta property=\"og:description\" content=\"Lelit MaraX ist eine L58E-Gruppenmaschine mit automatischer Extraktionstemperaturregelung, die es jedem erm\u00f6glicht, einen erstaunlichen Kaffee zu machen. Innovative: Das neueste, patentierte Dual-Sonden-System von Lelit h\u00e4lt die Temperatur w\u00e4hrend der Extraktion konstant und sorgt so f\u00fcr das beste Ergebnis in jeder Tasse. F\u00fcr alle: MaraX wurde entwickelt, um es jedem zu erm\u00f6glichen, einen Kaffee so gut [&hellip;]\" \/>\n<meta property=\"og:url\" content=\"https:\/\/www.bertazzofood.com\/de\/prodotto\/lelit-mara-pl62x-v2\/\" \/>\n<meta property=\"og:site_name\" content=\"Bertazzo Food\" \/>\n<meta property=\"article:publisher\" content=\"https:\/\/www.facebook.com\/BertazzoItalianQualityFood\" \/>\n<meta property=\"article:modified_time\" content=\"2025-01-03T09:10:05+00:00\" \/>\n<meta property=\"og:image\" content=\"https:\/\/www.bertazzofood.com\/wp-content\/uploads\/2024\/06\/Lelit-Mara-PL62-X-1-2.jpg\" \/>\n\t<meta property=\"og:image:width\" content=\"800\" \/>\n\t<meta property=\"og:image:height\" content=\"800\" \/>\n\t<meta property=\"og:image:type\" content=\"image\/jpeg\" \/>\n<meta name=\"twitter:card\" content=\"summary_large_image\" \/>\n<meta name=\"twitter:label1\" content=\"Gesch\u00e4tzte Lesezeit\" \/>\n\t<meta name=\"twitter:data1\" content=\"2\u00a0Minuten\" \/>\n<script type=\"application\/ld+json\" class=\"yoast-schema-graph\">{\"@context\":\"https:\\\/\\\/schema.org\",\"@graph\":[{\"@type\":\"WebPage\",\"@id\":\"https:\\\/\\\/www.bertazzofood.com\\\/de\\\/prodotto\\\/lelit-mara-pl62x-v2\\\/\",\"url\":\"https:\\\/\\\/www.bertazzofood.com\\\/de\\\/prodotto\\\/lelit-mara-pl62x-v2\\\/\",\"name\":\"Lelit Mara PL62X V2\",\"isPartOf\":{\"@id\":\"https:\\\/\\\/www.bertazzofood.com\\\/de\\\/#website\"},\"primaryImageOfPage\":{\"@id\":\"https:\\\/\\\/www.bertazzofood.com\\\/de\\\/prodotto\\\/lelit-mara-pl62x-v2\\\/#primaryimage\"},\"image\":{\"@id\":\"https:\\\/\\\/www.bertazzofood.com\\\/de\\\/prodotto\\\/lelit-mara-pl62x-v2\\\/#primaryimage\"},\"thumbnailUrl\":\"https:\\\/\\\/www.bertazzofood.com\\\/wp-content\\\/uploads\\\/2024\\\/06\\\/Lelit-Mara-PL62-X-1-2.jpg\",\"datePublished\":\"2020-06-05T07:03:35+00:00\",\"dateModified\":\"2025-01-03T09:10:05+00:00\",\"breadcrumb\":{\"@id\":\"https:\\\/\\\/www.bertazzofood.com\\\/de\\\/prodotto\\\/lelit-mara-pl62x-v2\\\/#breadcrumb\"},\"inLanguage\":\"de\",\"potentialAction\":[{\"@type\":\"ReadAction\",\"target\":[\"https:\\\/\\\/www.bertazzofood.com\\\/de\\\/prodotto\\\/lelit-mara-pl62x-v2\\\/\"]}]},{\"@type\":\"ImageObject\",\"inLanguage\":\"de\",\"@id\":\"https:\\\/\\\/www.bertazzofood.com\\\/de\\\/prodotto\\\/lelit-mara-pl62x-v2\\\/#primaryimage\",\"url\":\"https:\\\/\\\/www.bertazzofood.com\\\/wp-content\\\/uploads\\\/2024\\\/06\\\/Lelit-Mara-PL62-X-1-2.jpg\",\"contentUrl\":\"https:\\\/\\\/www.bertazzofood.com\\\/wp-content\\\/uploads\\\/2024\\\/06\\\/Lelit-Mara-PL62-X-1-2.jpg\",\"width\":800,\"height\":800},{\"@type\":\"BreadcrumbList\",\"@id\":\"https:\\\/\\\/www.bertazzofood.com\\\/de\\\/prodotto\\\/lelit-mara-pl62x-v2\\\/#breadcrumb\",\"itemListElement\":[{\"@type\":\"ListItem\",\"position\":1,\"name\":\"Home\",\"item\":\"https:\\\/\\\/www.bertazzofood.com\\\/de\\\/homepage\\\/\"},{\"@type\":\"ListItem\",\"position\":2,\"name\":\"Produkte\",\"item\":\"https:\\\/\\\/www.bertazzofood.com\\\/de\\\/shop\\\/\"},{\"@type\":\"ListItem\",\"position\":3,\"name\":\"Lelit Mara PL62X V2\"}]},{\"@type\":\"WebSite\",\"@id\":\"https:\\\/\\\/www.bertazzofood.com\\\/de\\\/#website\",\"url\":\"https:\\\/\\\/www.bertazzofood.com\\\/de\\\/\",\"name\":\"Bertazzo Food\",\"description\":\"Prodotti Alimentari Italiani Online e Macchine Da Caff\u00e8\",\"publisher\":{\"@id\":\"https:\\\/\\\/www.bertazzofood.com\\\/de\\\/#organization\"},\"potentialAction\":[{\"@type\":\"SearchAction\",\"target\":{\"@type\":\"EntryPoint\",\"urlTemplate\":\"https:\\\/\\\/www.bertazzofood.com\\\/de\\\/?s={search_term_string}\"},\"query-input\":{\"@type\":\"PropertyValueSpecification\",\"valueRequired\":true,\"valueName\":\"search_term_string\"}}],\"inLanguage\":\"de\"},{\"@type\":\"Organization\",\"@id\":\"https:\\\/\\\/www.bertazzofood.com\\\/de\\\/#organization\",\"name\":\"Bertazzo Italian Quality Food S.a.s. di Bertazzo Fabio & C.\",\"alternateName\":\"Bertazzo Food\",\"url\":\"https:\\\/\\\/www.bertazzofood.com\\\/de\\\/\",\"logo\":{\"@type\":\"ImageObject\",\"inLanguage\":\"de\",\"@id\":\"https:\\\/\\\/www.bertazzofood.com\\\/de\\\/#\\\/schema\\\/logo\\\/image\\\/\",\"url\":\"https:\\\/\\\/www.bertazzofood.com\\\/wp-content\\\/uploads\\\/2024\\\/06\\\/logo-bertazzo.webp\",\"contentUrl\":\"https:\\\/\\\/www.bertazzofood.com\\\/wp-content\\\/uploads\\\/2024\\\/06\\\/logo-bertazzo.webp\",\"width\":410,\"height\":166,\"caption\":\"Bertazzo Italian Quality Food S.a.s. di Bertazzo Fabio & C.\"},\"image\":{\"@id\":\"https:\\\/\\\/www.bertazzofood.com\\\/de\\\/#\\\/schema\\\/logo\\\/image\\\/\"},\"sameAs\":[\"https:\\\/\\\/www.facebook.com\\\/BertazzoItalianQualityFood\",\"https:\\\/\\\/www.instagram.com\\\/bertazzo_italian_quality_food\\\/\"]}]}<\/script>\n<!-- \/ Yoast SEO plugin. -->","yoast_head_json":{"title":"Lelit Mara PL62X V2","robots":{"index":"index","follow":"follow","max-snippet":"max-snippet:-1","max-image-preview":"max-image-preview:large","max-video-preview":"max-video-preview:-1"},"canonical":"https:\/\/www.bertazzofood.com\/de\/prodotto\/lelit-mara-pl62x-v2\/","og_locale":"de_DE","og_type":"article","og_title":"Lelit Mara PL62X V2","og_description":"Lelit MaraX ist eine L58E-Gruppenmaschine mit automatischer Extraktionstemperaturregelung, die es jedem erm\u00f6glicht, einen erstaunlichen Kaffee zu machen. Innovative: Das neueste, patentierte Dual-Sonden-System von Lelit h\u00e4lt die Temperatur w\u00e4hrend der Extraktion konstant und sorgt so f\u00fcr das beste Ergebnis in jeder Tasse. F\u00fcr alle: MaraX wurde entwickelt, um es jedem zu erm\u00f6glichen, einen Kaffee so gut [&hellip;]","og_url":"https:\/\/www.bertazzofood.com\/de\/prodotto\/lelit-mara-pl62x-v2\/","og_site_name":"Bertazzo Food","article_publisher":"https:\/\/www.facebook.com\/BertazzoItalianQualityFood","article_modified_time":"2025-01-03T09:10:05+00:00","og_image":[{"width":800,"height":800,"url":"https:\/\/www.bertazzofood.com\/wp-content\/uploads\/2024\/06\/Lelit-Mara-PL62-X-1-2.jpg","type":"image\/jpeg"}],"twitter_card":"summary_large_image","twitter_misc":{"Gesch\u00e4tzte Lesezeit":"2\u00a0Minuten"},"schema":{"@context":"https:\/\/schema.org","@graph":[{"@type":"WebPage","@id":"https:\/\/www.bertazzofood.com\/de\/prodotto\/lelit-mara-pl62x-v2\/","url":"https:\/\/www.bertazzofood.com\/de\/prodotto\/lelit-mara-pl62x-v2\/","name":"Lelit Mara PL62X V2","isPartOf":{"@id":"https:\/\/www.bertazzofood.com\/de\/#website"},"primaryImageOfPage":{"@id":"https:\/\/www.bertazzofood.com\/de\/prodotto\/lelit-mara-pl62x-v2\/#primaryimage"},"image":{"@id":"https:\/\/www.bertazzofood.com\/de\/prodotto\/lelit-mara-pl62x-v2\/#primaryimage"},"thumbnailUrl":"https:\/\/www.bertazzofood.com\/wp-content\/uploads\/2024\/06\/Lelit-Mara-PL62-X-1-2.jpg","datePublished":"2020-06-05T07:03:35+00:00","dateModified":"2025-01-03T09:10:05+00:00","breadcrumb":{"@id":"https:\/\/www.bertazzofood.com\/de\/prodotto\/lelit-mara-pl62x-v2\/#breadcrumb"},"inLanguage":"de","potentialAction":[{"@type":"ReadAction","target":["https:\/\/www.bertazzofood.com\/de\/prodotto\/lelit-mara-pl62x-v2\/"]}]},{"@type":"ImageObject","inLanguage":"de","@id":"https:\/\/www.bertazzofood.com\/de\/prodotto\/lelit-mara-pl62x-v2\/#primaryimage","url":"https:\/\/www.bertazzofood.com\/wp-content\/uploads\/2024\/06\/Lelit-Mara-PL62-X-1-2.jpg","contentUrl":"https:\/\/www.bertazzofood.com\/wp-content\/uploads\/2024\/06\/Lelit-Mara-PL62-X-1-2.jpg","width":800,"height":800},{"@type":"BreadcrumbList","@id":"https:\/\/www.bertazzofood.com\/de\/prodotto\/lelit-mara-pl62x-v2\/#breadcrumb","itemListElement":[{"@type":"ListItem","position":1,"name":"Home","item":"https:\/\/www.bertazzofood.com\/de\/homepage\/"},{"@type":"ListItem","position":2,"name":"Produkte","item":"https:\/\/www.bertazzofood.com\/de\/shop\/"},{"@type":"ListItem","position":3,"name":"Lelit Mara PL62X V2"}]},{"@type":"WebSite","@id":"https:\/\/www.bertazzofood.com\/de\/#website","url":"https:\/\/www.bertazzofood.com\/de\/","name":"Bertazzo Food","description":"Prodotti Alimentari Italiani Online e Macchine Da Caff\u00e8","publisher":{"@id":"https:\/\/www.bertazzofood.com\/de\/#organization"},"potentialAction":[{"@type":"SearchAction","target":{"@type":"EntryPoint","urlTemplate":"https:\/\/www.bertazzofood.com\/de\/?s={search_term_string}"},"query-input":{"@type":"PropertyValueSpecification","valueRequired":true,"valueName":"search_term_string"}}],"inLanguage":"de"},{"@type":"Organization","@id":"https:\/\/www.bertazzofood.com\/de\/#organization","name":"Bertazzo Italian Quality Food S.a.s. di Bertazzo Fabio & C.","alternateName":"Bertazzo Food","url":"https:\/\/www.bertazzofood.com\/de\/","logo":{"@type":"ImageObject","inLanguage":"de","@id":"https:\/\/www.bertazzofood.com\/de\/#\/schema\/logo\/image\/","url":"https:\/\/www.bertazzofood.com\/wp-content\/uploads\/2024\/06\/logo-bertazzo.webp","contentUrl":"https:\/\/www.bertazzofood.com\/wp-content\/uploads\/2024\/06\/logo-bertazzo.webp","width":410,"height":166,"caption":"Bertazzo Italian Quality Food S.a.s. di Bertazzo Fabio & C."},"image":{"@id":"https:\/\/www.bertazzofood.com\/de\/#\/schema\/logo\/image\/"},"sameAs":["https:\/\/www.facebook.com\/BertazzoItalianQualityFood","https:\/\/www.instagram.com\/bertazzo_italian_quality_food\/"]}]}},"_links":{"self":[{"href":"https:\/\/www.bertazzofood.com\/de\/wp-json\/wp\/v2\/product\/11579","targetHints":{"allow":["GET"]}}],"collection":[{"href":"https:\/\/www.bertazzofood.com\/de\/wp-json\/wp\/v2\/product"}],"about":[{"href":"https:\/\/www.bertazzofood.com\/de\/wp-json\/wp\/v2\/types\/product"}],"replies":[{"embeddable":true,"href":"https:\/\/www.bertazzofood.com\/de\/wp-json\/wp\/v2\/comments?post=11579"}],"version-history":[{"count":0,"href":"https:\/\/www.bertazzofood.com\/de\/wp-json\/wp\/v2\/product\/11579\/revisions"}],"wp:featuredmedia":[{"embeddable":true,"href":"https:\/\/www.bertazzofood.com\/de\/wp-json\/wp\/v2\/media\/5290"}],"wp:attachment":[{"href":"https:\/\/www.bertazzofood.com\/de\/wp-json\/wp\/v2\/media?parent=11579"}],"wp:term":[{"taxonomy":"product_brand","embeddable":true,"href":"https:\/\/www.bertazzofood.com\/de\/wp-json\/wp\/v2\/product_brand?post=11579"},{"taxonomy":"product_cat","embeddable":true,"href":"https:\/\/www.bertazzofood.com\/de\/wp-json\/wp\/v2\/product_cat?post=11579"},{"taxonomy":"product_tag","embeddable":true,"href":"https:\/\/www.bertazzofood.com\/de\/wp-json\/wp\/v2\/product_tag?post=11579"},{"taxonomy":"brands","embeddable":true,"href":"https:\/\/www.bertazzofood.com\/de\/wp-json\/wp\/v2\/brands?post=11579"},{"taxonomy":"flag_home","embeddable":true,"href":"https:\/\/www.bertazzofood.com\/de\/wp-json\/wp\/v2\/flag_home?post=11579"}],"curies":[{"name":"wp","href":"https:\/\/api.w.org\/{rel}","templated":true}]}}