{"id":11560,"date":"2020-05-07T18:59:10","date_gmt":"2020-05-07T16:59:10","guid":{"rendered":"https:\/\/thegarden.it\/staging8\/prodotto\/natives-olivenoel-extra-manestrini-dop-garda-bresciano\/"},"modified":"2024-06-23T22:36:42","modified_gmt":"2024-06-23T20:36:42","slug":"natives-olivenoel-extra-manestrini-dop-garda-bresciano","status":"publish","type":"product","link":"https:\/\/www.bertazzofood.com\/de\/prodotto\/natives-olivenoel-extra-manestrini-dop-garda-bresciano\/","title":{"rendered":"Natives Oliven\u00f6l Extra Manestrini DOP Garda Bresciano"},"content":{"rendered":"<p>Das D.O.P. native Oliven\u00f6l extra aus <em><strong>Frantoio Manestrini<\/strong><\/em>, ist ein qualitativ hochwertiges \u00d6l, das am besten roh konsumiert wird. Leicht verdaulich, angenehm im Geschmack, mit heilender Wirkung und hohem N\u00e4hrwert ist es eines der ges\u00fcndesten und reinsten Nahrungsmittel. Das native Oliven\u00f6l extra ist die wichtigste W\u00fcrze zum Verfeinern von Speisen in der mediterranen K\u00fcche, das ebenso f\u00fcr Di\u00e4ten und die Ern\u00e4hrung von Kindern geeignet ist.<\/p>\n<p><strong>Produktionsgebiet:<\/strong>\u00a0Garda Bresciano (s\u00fcdliches Westufer).<\/p>\n<p><strong>Olivensorten:\u00a0<\/strong>60% Leccino, 20% Frantoio, 15% Casaliva und Pendolino, 5% andere Sorten.<\/p>\n<p><strong>Pressmethode:\u00a0<\/strong>kontinuierliches Verfahren, Kaltpressung.<\/p>\n<p><strong>Aroma:\u00a0<\/strong>ausgepr\u00e4gtes intensives Gr\u00fcn mit Geschmacksnoten von frischem Gem\u00fcse, die im Laufe der Zeit immer mehr abklingen. Leicht mittelfruchtig.<\/p>\n<p><strong>Geschmack:<\/strong>\u00a0fruchtig mit einer leicht bitteren und scharfen Note.<\/p>\n<p><strong>S\u00e4ure:<\/strong>die schnelle Ernte und das unverz\u00fcgliche Pressen der Oliven ergeben ein \u00d6l mit niedrigem S\u00e4uregehalt (0,2 \u2013 0,3% im Vergleich zu 0,6%, Maximalwert, der vom Zertifizierungsamt zur Bestimmung der kontrollierten Herkunftsbezeichnung \u2013 D.O.P. \u2013 vorgesehen ist).<\/p>\n","protected":false},"excerpt":{"rendered":"<p>Das D.O.P. native Oliven\u00f6l extra aus Frantoio Manestrini, ist ein qualitativ hochwertiges \u00d6l, das am besten roh konsumiert wird. Leicht verdaulich, angenehm im Geschmack, mit heilender Wirkung und hohem N\u00e4hrwert ist es eines der ges\u00fcndesten und reinsten Nahrungsmittel. Das native Oliven\u00f6l extra ist die wichtigste W\u00fcrze zum Verfeinern von Speisen in der mediterranen K\u00fcche, das [&hellip;]<\/p>\n","protected":false},"featured_media":5269,"comment_status":"open","ping_status":"closed","template":"","meta":{"_acf_changed":false,"iawp_total_views":41},"product_brand":[],"product_cat":[1148,1171],"product_tag":[],"brands":[1780],"flag_home":[],"class_list":{"0":"post-11560","1":"product","2":"type-product","3":"status-publish","4":"has-post-thumbnail","6":"product_cat-italienische-olivenoel-d-o-p","7":"product_cat-natives-olivenoel-online-kaufen","8":"pa_formato-0-50l","9":"pa_formato-0-75l","10":"brands-frantoio-manestrini","12":"first","13":"outofstock","14":"taxable","15":"shipping-taxable","16":"purchasable","17":"product-type-simple"},"acf":[],"yoast_head":"<!-- This site is optimized with the Yoast SEO plugin v27.5 - https:\/\/yoast.com\/product\/yoast-seo-wordpress\/ -->\n<title>Natives Oliven\u00f6l Extra Manestrini DOP Garda Bresciano<\/title>\n<meta name=\"robots\" content=\"index, follow, max-snippet:-1, max-image-preview:large, max-video-preview:-1\" \/>\n<link rel=\"canonical\" href=\"https:\/\/www.bertazzofood.com\/de\/prodotto\/natives-olivenoel-extra-manestrini-dop-garda-bresciano\/\" \/>\n<meta property=\"og:locale\" content=\"de_DE\" \/>\n<meta property=\"og:type\" content=\"article\" \/>\n<meta property=\"og:title\" content=\"Natives Oliven\u00f6l Extra Manestrini DOP Garda Bresciano\" \/>\n<meta property=\"og:description\" content=\"Das D.O.P. native Oliven\u00f6l extra aus Frantoio Manestrini, ist ein qualitativ hochwertiges \u00d6l, das am besten roh konsumiert wird. Leicht verdaulich, angenehm im Geschmack, mit heilender Wirkung und hohem N\u00e4hrwert ist es eines der ges\u00fcndesten und reinsten Nahrungsmittel. Das native Oliven\u00f6l extra ist die wichtigste W\u00fcrze zum Verfeinern von Speisen in der mediterranen K\u00fcche, das [&hellip;]\" \/>\n<meta property=\"og:url\" content=\"https:\/\/www.bertazzofood.com\/de\/prodotto\/natives-olivenoel-extra-manestrini-dop-garda-bresciano\/\" \/>\n<meta property=\"og:site_name\" content=\"Bertazzo Food\" \/>\n<meta property=\"article:publisher\" content=\"https:\/\/www.facebook.com\/BertazzoItalianQualityFood\" \/>\n<meta property=\"article:modified_time\" content=\"2024-06-23T20:36:42+00:00\" \/>\n<meta property=\"og:image\" content=\"https:\/\/www.bertazzofood.com\/wp-content\/uploads\/2024\/06\/Frantoio-Manestrini-Garda-DOP-075-l-2.jpg\" \/>\n\t<meta property=\"og:image:width\" content=\"800\" \/>\n\t<meta property=\"og:image:height\" content=\"800\" \/>\n\t<meta property=\"og:image:type\" content=\"image\/jpeg\" \/>\n<meta name=\"twitter:card\" content=\"summary_large_image\" \/>\n<meta name=\"twitter:label1\" content=\"Gesch\u00e4tzte Lesezeit\" \/>\n\t<meta name=\"twitter:data1\" content=\"1\u00a0Minute\" \/>\n<script type=\"application\/ld+json\" class=\"yoast-schema-graph\">{\"@context\":\"https:\\\/\\\/schema.org\",\"@graph\":[{\"@type\":\"WebPage\",\"@id\":\"https:\\\/\\\/www.bertazzofood.com\\\/de\\\/prodotto\\\/natives-olivenoel-extra-manestrini-dop-garda-bresciano\\\/\",\"url\":\"https:\\\/\\\/www.bertazzofood.com\\\/de\\\/prodotto\\\/natives-olivenoel-extra-manestrini-dop-garda-bresciano\\\/\",\"name\":\"Natives Oliven\u00f6l Extra Manestrini DOP Garda Bresciano\",\"isPartOf\":{\"@id\":\"https:\\\/\\\/www.bertazzofood.com\\\/de\\\/#website\"},\"primaryImageOfPage\":{\"@id\":\"https:\\\/\\\/www.bertazzofood.com\\\/de\\\/prodotto\\\/natives-olivenoel-extra-manestrini-dop-garda-bresciano\\\/#primaryimage\"},\"image\":{\"@id\":\"https:\\\/\\\/www.bertazzofood.com\\\/de\\\/prodotto\\\/natives-olivenoel-extra-manestrini-dop-garda-bresciano\\\/#primaryimage\"},\"thumbnailUrl\":\"https:\\\/\\\/www.bertazzofood.com\\\/wp-content\\\/uploads\\\/2024\\\/06\\\/Frantoio-Manestrini-Garda-DOP-075-l-2.jpg\",\"datePublished\":\"2020-05-07T16:59:10+00:00\",\"dateModified\":\"2024-06-23T20:36:42+00:00\",\"breadcrumb\":{\"@id\":\"https:\\\/\\\/www.bertazzofood.com\\\/de\\\/prodotto\\\/natives-olivenoel-extra-manestrini-dop-garda-bresciano\\\/#breadcrumb\"},\"inLanguage\":\"de\",\"potentialAction\":[{\"@type\":\"ReadAction\",\"target\":[\"https:\\\/\\\/www.bertazzofood.com\\\/de\\\/prodotto\\\/natives-olivenoel-extra-manestrini-dop-garda-bresciano\\\/\"]}]},{\"@type\":\"ImageObject\",\"inLanguage\":\"de\",\"@id\":\"https:\\\/\\\/www.bertazzofood.com\\\/de\\\/prodotto\\\/natives-olivenoel-extra-manestrini-dop-garda-bresciano\\\/#primaryimage\",\"url\":\"https:\\\/\\\/www.bertazzofood.com\\\/wp-content\\\/uploads\\\/2024\\\/06\\\/Frantoio-Manestrini-Garda-DOP-075-l-2.jpg\",\"contentUrl\":\"https:\\\/\\\/www.bertazzofood.com\\\/wp-content\\\/uploads\\\/2024\\\/06\\\/Frantoio-Manestrini-Garda-DOP-075-l-2.jpg\",\"width\":800,\"height\":800},{\"@type\":\"BreadcrumbList\",\"@id\":\"https:\\\/\\\/www.bertazzofood.com\\\/de\\\/prodotto\\\/natives-olivenoel-extra-manestrini-dop-garda-bresciano\\\/#breadcrumb\",\"itemListElement\":[{\"@type\":\"ListItem\",\"position\":1,\"name\":\"Home\",\"item\":\"https:\\\/\\\/www.bertazzofood.com\\\/de\\\/homepage\\\/\"},{\"@type\":\"ListItem\",\"position\":2,\"name\":\"Produkte\",\"item\":\"https:\\\/\\\/www.bertazzofood.com\\\/de\\\/shop\\\/\"},{\"@type\":\"ListItem\",\"position\":3,\"name\":\"Natives Oliven\u00f6l Extra Manestrini DOP Garda Bresciano\"}]},{\"@type\":\"WebSite\",\"@id\":\"https:\\\/\\\/www.bertazzofood.com\\\/de\\\/#website\",\"url\":\"https:\\\/\\\/www.bertazzofood.com\\\/de\\\/\",\"name\":\"Bertazzo Food\",\"description\":\"Prodotti Alimentari Italiani Online e Macchine Da Caff\u00e8\",\"publisher\":{\"@id\":\"https:\\\/\\\/www.bertazzofood.com\\\/de\\\/#organization\"},\"potentialAction\":[{\"@type\":\"SearchAction\",\"target\":{\"@type\":\"EntryPoint\",\"urlTemplate\":\"https:\\\/\\\/www.bertazzofood.com\\\/de\\\/?s={search_term_string}\"},\"query-input\":{\"@type\":\"PropertyValueSpecification\",\"valueRequired\":true,\"valueName\":\"search_term_string\"}}],\"inLanguage\":\"de\"},{\"@type\":\"Organization\",\"@id\":\"https:\\\/\\\/www.bertazzofood.com\\\/de\\\/#organization\",\"name\":\"Bertazzo Italian Quality Food S.a.s. di Bertazzo Fabio & C.\",\"alternateName\":\"Bertazzo Food\",\"url\":\"https:\\\/\\\/www.bertazzofood.com\\\/de\\\/\",\"logo\":{\"@type\":\"ImageObject\",\"inLanguage\":\"de\",\"@id\":\"https:\\\/\\\/www.bertazzofood.com\\\/de\\\/#\\\/schema\\\/logo\\\/image\\\/\",\"url\":\"https:\\\/\\\/www.bertazzofood.com\\\/wp-content\\\/uploads\\\/2024\\\/06\\\/logo-bertazzo.webp\",\"contentUrl\":\"https:\\\/\\\/www.bertazzofood.com\\\/wp-content\\\/uploads\\\/2024\\\/06\\\/logo-bertazzo.webp\",\"width\":410,\"height\":166,\"caption\":\"Bertazzo Italian Quality Food S.a.s. di Bertazzo Fabio & C.\"},\"image\":{\"@id\":\"https:\\\/\\\/www.bertazzofood.com\\\/de\\\/#\\\/schema\\\/logo\\\/image\\\/\"},\"sameAs\":[\"https:\\\/\\\/www.facebook.com\\\/BertazzoItalianQualityFood\",\"https:\\\/\\\/www.instagram.com\\\/bertazzo_italian_quality_food\\\/\"]}]}<\/script>\n<!-- \/ Yoast SEO plugin. -->","yoast_head_json":{"title":"Natives Oliven\u00f6l Extra Manestrini DOP Garda Bresciano","robots":{"index":"index","follow":"follow","max-snippet":"max-snippet:-1","max-image-preview":"max-image-preview:large","max-video-preview":"max-video-preview:-1"},"canonical":"https:\/\/www.bertazzofood.com\/de\/prodotto\/natives-olivenoel-extra-manestrini-dop-garda-bresciano\/","og_locale":"de_DE","og_type":"article","og_title":"Natives Oliven\u00f6l Extra Manestrini DOP Garda Bresciano","og_description":"Das D.O.P. native Oliven\u00f6l extra aus Frantoio Manestrini, ist ein qualitativ hochwertiges \u00d6l, das am besten roh konsumiert wird. Leicht verdaulich, angenehm im Geschmack, mit heilender Wirkung und hohem N\u00e4hrwert ist es eines der ges\u00fcndesten und reinsten Nahrungsmittel. Das native Oliven\u00f6l extra ist die wichtigste W\u00fcrze zum Verfeinern von Speisen in der mediterranen K\u00fcche, das [&hellip;]","og_url":"https:\/\/www.bertazzofood.com\/de\/prodotto\/natives-olivenoel-extra-manestrini-dop-garda-bresciano\/","og_site_name":"Bertazzo Food","article_publisher":"https:\/\/www.facebook.com\/BertazzoItalianQualityFood","article_modified_time":"2024-06-23T20:36:42+00:00","og_image":[{"width":800,"height":800,"url":"https:\/\/www.bertazzofood.com\/wp-content\/uploads\/2024\/06\/Frantoio-Manestrini-Garda-DOP-075-l-2.jpg","type":"image\/jpeg"}],"twitter_card":"summary_large_image","twitter_misc":{"Gesch\u00e4tzte Lesezeit":"1\u00a0Minute"},"schema":{"@context":"https:\/\/schema.org","@graph":[{"@type":"WebPage","@id":"https:\/\/www.bertazzofood.com\/de\/prodotto\/natives-olivenoel-extra-manestrini-dop-garda-bresciano\/","url":"https:\/\/www.bertazzofood.com\/de\/prodotto\/natives-olivenoel-extra-manestrini-dop-garda-bresciano\/","name":"Natives Oliven\u00f6l Extra Manestrini DOP Garda Bresciano","isPartOf":{"@id":"https:\/\/www.bertazzofood.com\/de\/#website"},"primaryImageOfPage":{"@id":"https:\/\/www.bertazzofood.com\/de\/prodotto\/natives-olivenoel-extra-manestrini-dop-garda-bresciano\/#primaryimage"},"image":{"@id":"https:\/\/www.bertazzofood.com\/de\/prodotto\/natives-olivenoel-extra-manestrini-dop-garda-bresciano\/#primaryimage"},"thumbnailUrl":"https:\/\/www.bertazzofood.com\/wp-content\/uploads\/2024\/06\/Frantoio-Manestrini-Garda-DOP-075-l-2.jpg","datePublished":"2020-05-07T16:59:10+00:00","dateModified":"2024-06-23T20:36:42+00:00","breadcrumb":{"@id":"https:\/\/www.bertazzofood.com\/de\/prodotto\/natives-olivenoel-extra-manestrini-dop-garda-bresciano\/#breadcrumb"},"inLanguage":"de","potentialAction":[{"@type":"ReadAction","target":["https:\/\/www.bertazzofood.com\/de\/prodotto\/natives-olivenoel-extra-manestrini-dop-garda-bresciano\/"]}]},{"@type":"ImageObject","inLanguage":"de","@id":"https:\/\/www.bertazzofood.com\/de\/prodotto\/natives-olivenoel-extra-manestrini-dop-garda-bresciano\/#primaryimage","url":"https:\/\/www.bertazzofood.com\/wp-content\/uploads\/2024\/06\/Frantoio-Manestrini-Garda-DOP-075-l-2.jpg","contentUrl":"https:\/\/www.bertazzofood.com\/wp-content\/uploads\/2024\/06\/Frantoio-Manestrini-Garda-DOP-075-l-2.jpg","width":800,"height":800},{"@type":"BreadcrumbList","@id":"https:\/\/www.bertazzofood.com\/de\/prodotto\/natives-olivenoel-extra-manestrini-dop-garda-bresciano\/#breadcrumb","itemListElement":[{"@type":"ListItem","position":1,"name":"Home","item":"https:\/\/www.bertazzofood.com\/de\/homepage\/"},{"@type":"ListItem","position":2,"name":"Produkte","item":"https:\/\/www.bertazzofood.com\/de\/shop\/"},{"@type":"ListItem","position":3,"name":"Natives Oliven\u00f6l Extra Manestrini DOP Garda Bresciano"}]},{"@type":"WebSite","@id":"https:\/\/www.bertazzofood.com\/de\/#website","url":"https:\/\/www.bertazzofood.com\/de\/","name":"Bertazzo Food","description":"Prodotti Alimentari Italiani Online e Macchine Da Caff\u00e8","publisher":{"@id":"https:\/\/www.bertazzofood.com\/de\/#organization"},"potentialAction":[{"@type":"SearchAction","target":{"@type":"EntryPoint","urlTemplate":"https:\/\/www.bertazzofood.com\/de\/?s={search_term_string}"},"query-input":{"@type":"PropertyValueSpecification","valueRequired":true,"valueName":"search_term_string"}}],"inLanguage":"de"},{"@type":"Organization","@id":"https:\/\/www.bertazzofood.com\/de\/#organization","name":"Bertazzo Italian Quality Food S.a.s. di Bertazzo Fabio & C.","alternateName":"Bertazzo Food","url":"https:\/\/www.bertazzofood.com\/de\/","logo":{"@type":"ImageObject","inLanguage":"de","@id":"https:\/\/www.bertazzofood.com\/de\/#\/schema\/logo\/image\/","url":"https:\/\/www.bertazzofood.com\/wp-content\/uploads\/2024\/06\/logo-bertazzo.webp","contentUrl":"https:\/\/www.bertazzofood.com\/wp-content\/uploads\/2024\/06\/logo-bertazzo.webp","width":410,"height":166,"caption":"Bertazzo Italian Quality Food S.a.s. di Bertazzo Fabio & C."},"image":{"@id":"https:\/\/www.bertazzofood.com\/de\/#\/schema\/logo\/image\/"},"sameAs":["https:\/\/www.facebook.com\/BertazzoItalianQualityFood","https:\/\/www.instagram.com\/bertazzo_italian_quality_food\/"]}]}},"_links":{"self":[{"href":"https:\/\/www.bertazzofood.com\/de\/wp-json\/wp\/v2\/product\/11560","targetHints":{"allow":["GET"]}}],"collection":[{"href":"https:\/\/www.bertazzofood.com\/de\/wp-json\/wp\/v2\/product"}],"about":[{"href":"https:\/\/www.bertazzofood.com\/de\/wp-json\/wp\/v2\/types\/product"}],"replies":[{"embeddable":true,"href":"https:\/\/www.bertazzofood.com\/de\/wp-json\/wp\/v2\/comments?post=11560"}],"version-history":[{"count":0,"href":"https:\/\/www.bertazzofood.com\/de\/wp-json\/wp\/v2\/product\/11560\/revisions"}],"wp:featuredmedia":[{"embeddable":true,"href":"https:\/\/www.bertazzofood.com\/de\/wp-json\/wp\/v2\/media\/5269"}],"wp:attachment":[{"href":"https:\/\/www.bertazzofood.com\/de\/wp-json\/wp\/v2\/media?parent=11560"}],"wp:term":[{"taxonomy":"product_brand","embeddable":true,"href":"https:\/\/www.bertazzofood.com\/de\/wp-json\/wp\/v2\/product_brand?post=11560"},{"taxonomy":"product_cat","embeddable":true,"href":"https:\/\/www.bertazzofood.com\/de\/wp-json\/wp\/v2\/product_cat?post=11560"},{"taxonomy":"product_tag","embeddable":true,"href":"https:\/\/www.bertazzofood.com\/de\/wp-json\/wp\/v2\/product_tag?post=11560"},{"taxonomy":"brands","embeddable":true,"href":"https:\/\/www.bertazzofood.com\/de\/wp-json\/wp\/v2\/brands?post=11560"},{"taxonomy":"flag_home","embeddable":true,"href":"https:\/\/www.bertazzofood.com\/de\/wp-json\/wp\/v2\/flag_home?post=11560"}],"curies":[{"name":"wp","href":"https:\/\/api.w.org\/{rel}","templated":true}]}}