{"id":11198,"date":"2020-01-27T08:29:21","date_gmt":"2020-01-27T07:29:21","guid":{"rendered":"https:\/\/thegarden.it\/staging8\/prodotto\/panettone-al-vino-san-martim-grigoletti-exquisita\/"},"modified":"2024-06-23T22:35:51","modified_gmt":"2024-06-23T20:35:51","slug":"panettone-al-vino-san-martim-grigoletti-exquisita","status":"publish","type":"product","link":"https:\/\/www.bertazzofood.com\/de\/prodotto\/panettone-al-vino-san-martim-grigoletti-exquisita\/","title":{"rendered":"Panettone al Vino San Martim Grigoletti &#8211; Exquisita"},"content":{"rendered":"<p>Diese Erfindung von uns haben wir dem Trentino gewidmet \u2013 ein Panettone mit Natursauerteig und ohne kandierte Fr\u00fcchte. Die Rosinen werden f\u00fcr vier Tage eingelegt in den einzigartigen Dessertwein, Sp\u00e4tlese San Martim aus dem Hause Grigoletti (Nomi &#8211; Trentino). Das Ergebnis ist ein Panettone, der einzigartig zart ist und einen unverwechselbaren Duft und Geschmack besitzt. Frei von k\u00fcnstlichen Aromastoffen.\u00a0<span lang=\"de\">Geschenkbox in feiner Karton<\/span>. Das Produkt wird nur in begrenzter St\u00fcckzahl hergestellt.<\/p>\n","protected":false},"excerpt":{"rendered":"<p>Diese Erfindung von uns haben wir dem Trentino gewidmet \u2013 ein Panettone mit Natursauerteig und ohne kandierte Fr\u00fcchte. Die Rosinen werden f\u00fcr vier Tage eingelegt in den einzigartigen Dessertwein, Sp\u00e4tlese San Martim aus dem Hause Grigoletti (Nomi &#8211; Trentino). Das Ergebnis ist ein Panettone, der einzigartig zart ist und einen unverwechselbaren Duft und Geschmack besitzt. [&hellip;]<\/p>\n","protected":false},"featured_media":4853,"comment_status":"open","ping_status":"open","template":"","meta":{"_acf_changed":false,"iawp_total_views":6},"product_brand":[],"product_cat":[1167],"product_tag":[],"brands":[1609],"flag_home":[],"class_list":{"0":"post-11198","1":"product","2":"type-product","3":"status-publish","4":"has-post-thumbnail","6":"product_cat-panettoni-de","7":"pa_formato-1000gr","8":"pa_formato-500gr","9":"brands-exquisita","11":"first","12":"outofstock","13":"taxable","14":"shipping-taxable","15":"purchasable","16":"product-type-simple"},"acf":[],"yoast_head":"<!-- This site is optimized with the Yoast SEO plugin v27.5 - https:\/\/yoast.com\/product\/yoast-seo-wordpress\/ -->\n<title>Panettone al Vino San Martim Grigoletti - Exquisita<\/title>\n<meta name=\"robots\" content=\"index, follow, max-snippet:-1, max-image-preview:large, max-video-preview:-1\" \/>\n<link rel=\"canonical\" href=\"https:\/\/www.bertazzofood.com\/de\/prodotto\/panettone-al-vino-san-martim-grigoletti-exquisita\/\" \/>\n<meta property=\"og:locale\" content=\"de_DE\" \/>\n<meta property=\"og:type\" content=\"article\" \/>\n<meta property=\"og:title\" content=\"Panettone al Vino San Martim Grigoletti - Exquisita\" \/>\n<meta property=\"og:description\" content=\"Diese Erfindung von uns haben wir dem Trentino gewidmet \u2013 ein Panettone mit Natursauerteig und ohne kandierte Fr\u00fcchte. Die Rosinen werden f\u00fcr vier Tage eingelegt in den einzigartigen Dessertwein, Sp\u00e4tlese San Martim aus dem Hause Grigoletti (Nomi &#8211; Trentino). Das Ergebnis ist ein Panettone, der einzigartig zart ist und einen unverwechselbaren Duft und Geschmack besitzt. [&hellip;]\" \/>\n<meta property=\"og:url\" content=\"https:\/\/www.bertazzofood.com\/de\/prodotto\/panettone-al-vino-san-martim-grigoletti-exquisita\/\" \/>\n<meta property=\"og:site_name\" content=\"Bertazzo Food\" \/>\n<meta property=\"article:publisher\" content=\"https:\/\/www.facebook.com\/BertazzoItalianQualityFood\" \/>\n<meta property=\"article:modified_time\" content=\"2024-06-23T20:35:51+00:00\" \/>\n<meta property=\"og:image\" content=\"https:\/\/www.bertazzofood.com\/wp-content\/uploads\/2024\/06\/Panettone-San-Martim-Exquisita-2.jpg\" \/>\n\t<meta property=\"og:image:width\" content=\"800\" \/>\n\t<meta property=\"og:image:height\" content=\"800\" \/>\n\t<meta property=\"og:image:type\" content=\"image\/jpeg\" \/>\n<meta name=\"twitter:card\" content=\"summary_large_image\" \/>\n<script type=\"application\/ld+json\" class=\"yoast-schema-graph\">{\"@context\":\"https:\\\/\\\/schema.org\",\"@graph\":[{\"@type\":\"WebPage\",\"@id\":\"https:\\\/\\\/www.bertazzofood.com\\\/de\\\/prodotto\\\/panettone-al-vino-san-martim-grigoletti-exquisita\\\/\",\"url\":\"https:\\\/\\\/www.bertazzofood.com\\\/de\\\/prodotto\\\/panettone-al-vino-san-martim-grigoletti-exquisita\\\/\",\"name\":\"Panettone al Vino San Martim Grigoletti - Exquisita\",\"isPartOf\":{\"@id\":\"https:\\\/\\\/www.bertazzofood.com\\\/de\\\/#website\"},\"primaryImageOfPage\":{\"@id\":\"https:\\\/\\\/www.bertazzofood.com\\\/de\\\/prodotto\\\/panettone-al-vino-san-martim-grigoletti-exquisita\\\/#primaryimage\"},\"image\":{\"@id\":\"https:\\\/\\\/www.bertazzofood.com\\\/de\\\/prodotto\\\/panettone-al-vino-san-martim-grigoletti-exquisita\\\/#primaryimage\"},\"thumbnailUrl\":\"https:\\\/\\\/www.bertazzofood.com\\\/wp-content\\\/uploads\\\/2024\\\/06\\\/Panettone-San-Martim-Exquisita-2.jpg\",\"datePublished\":\"2020-01-27T07:29:21+00:00\",\"dateModified\":\"2024-06-23T20:35:51+00:00\",\"breadcrumb\":{\"@id\":\"https:\\\/\\\/www.bertazzofood.com\\\/de\\\/prodotto\\\/panettone-al-vino-san-martim-grigoletti-exquisita\\\/#breadcrumb\"},\"inLanguage\":\"de\",\"potentialAction\":[{\"@type\":\"ReadAction\",\"target\":[\"https:\\\/\\\/www.bertazzofood.com\\\/de\\\/prodotto\\\/panettone-al-vino-san-martim-grigoletti-exquisita\\\/\"]}]},{\"@type\":\"ImageObject\",\"inLanguage\":\"de\",\"@id\":\"https:\\\/\\\/www.bertazzofood.com\\\/de\\\/prodotto\\\/panettone-al-vino-san-martim-grigoletti-exquisita\\\/#primaryimage\",\"url\":\"https:\\\/\\\/www.bertazzofood.com\\\/wp-content\\\/uploads\\\/2024\\\/06\\\/Panettone-San-Martim-Exquisita-2.jpg\",\"contentUrl\":\"https:\\\/\\\/www.bertazzofood.com\\\/wp-content\\\/uploads\\\/2024\\\/06\\\/Panettone-San-Martim-Exquisita-2.jpg\",\"width\":800,\"height\":800},{\"@type\":\"BreadcrumbList\",\"@id\":\"https:\\\/\\\/www.bertazzofood.com\\\/de\\\/prodotto\\\/panettone-al-vino-san-martim-grigoletti-exquisita\\\/#breadcrumb\",\"itemListElement\":[{\"@type\":\"ListItem\",\"position\":1,\"name\":\"Home\",\"item\":\"https:\\\/\\\/www.bertazzofood.com\\\/de\\\/homepage\\\/\"},{\"@type\":\"ListItem\",\"position\":2,\"name\":\"Produkte\",\"item\":\"https:\\\/\\\/www.bertazzofood.com\\\/de\\\/shop\\\/\"},{\"@type\":\"ListItem\",\"position\":3,\"name\":\"Panettone al Vino San Martim Grigoletti &#8211; Exquisita\"}]},{\"@type\":\"WebSite\",\"@id\":\"https:\\\/\\\/www.bertazzofood.com\\\/de\\\/#website\",\"url\":\"https:\\\/\\\/www.bertazzofood.com\\\/de\\\/\",\"name\":\"Bertazzo Food\",\"description\":\"Prodotti Alimentari Italiani Online e Macchine Da Caff\u00e8\",\"publisher\":{\"@id\":\"https:\\\/\\\/www.bertazzofood.com\\\/de\\\/#organization\"},\"potentialAction\":[{\"@type\":\"SearchAction\",\"target\":{\"@type\":\"EntryPoint\",\"urlTemplate\":\"https:\\\/\\\/www.bertazzofood.com\\\/de\\\/?s={search_term_string}\"},\"query-input\":{\"@type\":\"PropertyValueSpecification\",\"valueRequired\":true,\"valueName\":\"search_term_string\"}}],\"inLanguage\":\"de\"},{\"@type\":\"Organization\",\"@id\":\"https:\\\/\\\/www.bertazzofood.com\\\/de\\\/#organization\",\"name\":\"Bertazzo Italian Quality Food S.a.s. di Bertazzo Fabio & C.\",\"alternateName\":\"Bertazzo Food\",\"url\":\"https:\\\/\\\/www.bertazzofood.com\\\/de\\\/\",\"logo\":{\"@type\":\"ImageObject\",\"inLanguage\":\"de\",\"@id\":\"https:\\\/\\\/www.bertazzofood.com\\\/de\\\/#\\\/schema\\\/logo\\\/image\\\/\",\"url\":\"https:\\\/\\\/www.bertazzofood.com\\\/wp-content\\\/uploads\\\/2024\\\/06\\\/logo-bertazzo.webp\",\"contentUrl\":\"https:\\\/\\\/www.bertazzofood.com\\\/wp-content\\\/uploads\\\/2024\\\/06\\\/logo-bertazzo.webp\",\"width\":410,\"height\":166,\"caption\":\"Bertazzo Italian Quality Food S.a.s. di Bertazzo Fabio & C.\"},\"image\":{\"@id\":\"https:\\\/\\\/www.bertazzofood.com\\\/de\\\/#\\\/schema\\\/logo\\\/image\\\/\"},\"sameAs\":[\"https:\\\/\\\/www.facebook.com\\\/BertazzoItalianQualityFood\",\"https:\\\/\\\/www.instagram.com\\\/bertazzo_italian_quality_food\\\/\"]}]}<\/script>\n<!-- \/ Yoast SEO plugin. -->","yoast_head_json":{"title":"Panettone al Vino San Martim Grigoletti - Exquisita","robots":{"index":"index","follow":"follow","max-snippet":"max-snippet:-1","max-image-preview":"max-image-preview:large","max-video-preview":"max-video-preview:-1"},"canonical":"https:\/\/www.bertazzofood.com\/de\/prodotto\/panettone-al-vino-san-martim-grigoletti-exquisita\/","og_locale":"de_DE","og_type":"article","og_title":"Panettone al Vino San Martim Grigoletti - Exquisita","og_description":"Diese Erfindung von uns haben wir dem Trentino gewidmet \u2013 ein Panettone mit Natursauerteig und ohne kandierte Fr\u00fcchte. Die Rosinen werden f\u00fcr vier Tage eingelegt in den einzigartigen Dessertwein, Sp\u00e4tlese San Martim aus dem Hause Grigoletti (Nomi &#8211; Trentino). Das Ergebnis ist ein Panettone, der einzigartig zart ist und einen unverwechselbaren Duft und Geschmack besitzt. [&hellip;]","og_url":"https:\/\/www.bertazzofood.com\/de\/prodotto\/panettone-al-vino-san-martim-grigoletti-exquisita\/","og_site_name":"Bertazzo Food","article_publisher":"https:\/\/www.facebook.com\/BertazzoItalianQualityFood","article_modified_time":"2024-06-23T20:35:51+00:00","og_image":[{"width":800,"height":800,"url":"https:\/\/www.bertazzofood.com\/wp-content\/uploads\/2024\/06\/Panettone-San-Martim-Exquisita-2.jpg","type":"image\/jpeg"}],"twitter_card":"summary_large_image","schema":{"@context":"https:\/\/schema.org","@graph":[{"@type":"WebPage","@id":"https:\/\/www.bertazzofood.com\/de\/prodotto\/panettone-al-vino-san-martim-grigoletti-exquisita\/","url":"https:\/\/www.bertazzofood.com\/de\/prodotto\/panettone-al-vino-san-martim-grigoletti-exquisita\/","name":"Panettone al Vino San Martim Grigoletti - Exquisita","isPartOf":{"@id":"https:\/\/www.bertazzofood.com\/de\/#website"},"primaryImageOfPage":{"@id":"https:\/\/www.bertazzofood.com\/de\/prodotto\/panettone-al-vino-san-martim-grigoletti-exquisita\/#primaryimage"},"image":{"@id":"https:\/\/www.bertazzofood.com\/de\/prodotto\/panettone-al-vino-san-martim-grigoletti-exquisita\/#primaryimage"},"thumbnailUrl":"https:\/\/www.bertazzofood.com\/wp-content\/uploads\/2024\/06\/Panettone-San-Martim-Exquisita-2.jpg","datePublished":"2020-01-27T07:29:21+00:00","dateModified":"2024-06-23T20:35:51+00:00","breadcrumb":{"@id":"https:\/\/www.bertazzofood.com\/de\/prodotto\/panettone-al-vino-san-martim-grigoletti-exquisita\/#breadcrumb"},"inLanguage":"de","potentialAction":[{"@type":"ReadAction","target":["https:\/\/www.bertazzofood.com\/de\/prodotto\/panettone-al-vino-san-martim-grigoletti-exquisita\/"]}]},{"@type":"ImageObject","inLanguage":"de","@id":"https:\/\/www.bertazzofood.com\/de\/prodotto\/panettone-al-vino-san-martim-grigoletti-exquisita\/#primaryimage","url":"https:\/\/www.bertazzofood.com\/wp-content\/uploads\/2024\/06\/Panettone-San-Martim-Exquisita-2.jpg","contentUrl":"https:\/\/www.bertazzofood.com\/wp-content\/uploads\/2024\/06\/Panettone-San-Martim-Exquisita-2.jpg","width":800,"height":800},{"@type":"BreadcrumbList","@id":"https:\/\/www.bertazzofood.com\/de\/prodotto\/panettone-al-vino-san-martim-grigoletti-exquisita\/#breadcrumb","itemListElement":[{"@type":"ListItem","position":1,"name":"Home","item":"https:\/\/www.bertazzofood.com\/de\/homepage\/"},{"@type":"ListItem","position":2,"name":"Produkte","item":"https:\/\/www.bertazzofood.com\/de\/shop\/"},{"@type":"ListItem","position":3,"name":"Panettone al Vino San Martim Grigoletti &#8211; Exquisita"}]},{"@type":"WebSite","@id":"https:\/\/www.bertazzofood.com\/de\/#website","url":"https:\/\/www.bertazzofood.com\/de\/","name":"Bertazzo Food","description":"Prodotti Alimentari Italiani Online e Macchine Da Caff\u00e8","publisher":{"@id":"https:\/\/www.bertazzofood.com\/de\/#organization"},"potentialAction":[{"@type":"SearchAction","target":{"@type":"EntryPoint","urlTemplate":"https:\/\/www.bertazzofood.com\/de\/?s={search_term_string}"},"query-input":{"@type":"PropertyValueSpecification","valueRequired":true,"valueName":"search_term_string"}}],"inLanguage":"de"},{"@type":"Organization","@id":"https:\/\/www.bertazzofood.com\/de\/#organization","name":"Bertazzo Italian Quality Food S.a.s. di Bertazzo Fabio & C.","alternateName":"Bertazzo Food","url":"https:\/\/www.bertazzofood.com\/de\/","logo":{"@type":"ImageObject","inLanguage":"de","@id":"https:\/\/www.bertazzofood.com\/de\/#\/schema\/logo\/image\/","url":"https:\/\/www.bertazzofood.com\/wp-content\/uploads\/2024\/06\/logo-bertazzo.webp","contentUrl":"https:\/\/www.bertazzofood.com\/wp-content\/uploads\/2024\/06\/logo-bertazzo.webp","width":410,"height":166,"caption":"Bertazzo Italian Quality Food S.a.s. di Bertazzo Fabio & C."},"image":{"@id":"https:\/\/www.bertazzofood.com\/de\/#\/schema\/logo\/image\/"},"sameAs":["https:\/\/www.facebook.com\/BertazzoItalianQualityFood","https:\/\/www.instagram.com\/bertazzo_italian_quality_food\/"]}]}},"_links":{"self":[{"href":"https:\/\/www.bertazzofood.com\/de\/wp-json\/wp\/v2\/product\/11198","targetHints":{"allow":["GET"]}}],"collection":[{"href":"https:\/\/www.bertazzofood.com\/de\/wp-json\/wp\/v2\/product"}],"about":[{"href":"https:\/\/www.bertazzofood.com\/de\/wp-json\/wp\/v2\/types\/product"}],"replies":[{"embeddable":true,"href":"https:\/\/www.bertazzofood.com\/de\/wp-json\/wp\/v2\/comments?post=11198"}],"version-history":[{"count":0,"href":"https:\/\/www.bertazzofood.com\/de\/wp-json\/wp\/v2\/product\/11198\/revisions"}],"wp:featuredmedia":[{"embeddable":true,"href":"https:\/\/www.bertazzofood.com\/de\/wp-json\/wp\/v2\/media\/4853"}],"wp:attachment":[{"href":"https:\/\/www.bertazzofood.com\/de\/wp-json\/wp\/v2\/media?parent=11198"}],"wp:term":[{"taxonomy":"product_brand","embeddable":true,"href":"https:\/\/www.bertazzofood.com\/de\/wp-json\/wp\/v2\/product_brand?post=11198"},{"taxonomy":"product_cat","embeddable":true,"href":"https:\/\/www.bertazzofood.com\/de\/wp-json\/wp\/v2\/product_cat?post=11198"},{"taxonomy":"product_tag","embeddable":true,"href":"https:\/\/www.bertazzofood.com\/de\/wp-json\/wp\/v2\/product_tag?post=11198"},{"taxonomy":"brands","embeddable":true,"href":"https:\/\/www.bertazzofood.com\/de\/wp-json\/wp\/v2\/brands?post=11198"},{"taxonomy":"flag_home","embeddable":true,"href":"https:\/\/www.bertazzofood.com\/de\/wp-json\/wp\/v2\/flag_home?post=11198"}],"curies":[{"name":"wp","href":"https:\/\/api.w.org\/{rel}","templated":true}]}}