{"id":11110,"date":"2020-01-24T08:49:01","date_gmt":"2020-01-24T07:49:01","guid":{"rendered":"https:\/\/thegarden.it\/staging8\/prodotto\/espresso-kaffeemaschine-carimali-genius-pro\/"},"modified":"2024-06-23T22:32:55","modified_gmt":"2024-06-23T20:32:55","slug":"espresso-kaffeemaschine-carimali-genius-pro","status":"publish","type":"product","link":"https:\/\/www.bertazzofood.com\/de\/prodotto\/espresso-kaffeemaschine-carimali-genius-pro\/","title":{"rendered":"Espresso Kaffeemaschine Carimali GENIUS Pro"},"content":{"rendered":"<p>Die optimalen Abmessungen machen die <strong><em>Carimali Genius<\/em><\/strong> <em><strong>Pro<\/strong><\/em> zum idealen Protagonisten f\u00fcr alle, die einen exzellenten Espresso genie\u00dfen wollen, so als w\u00e4re er vom Barista. Die Genius hat ein benutzerfreundliches Display, \u00fcber welches Sie Getr\u00e4nkeparameter programmieren und Statusmeldungen ablesen k\u00f6nnen. Ihre Getr\u00e4nke-Auswahl k\u00f6nnen Sie problemlos auf f\u00fcnf gro\u00dfe, beleuchtete Tasten speichern.<br \/>\nSerienm\u00e4\u00dfig sind au\u00dferdem ein regulierbares Dampfschwert, welches dank eines speziellen Holzdrehknopfes bedient wird, sowie ein Edelstahlhahn f\u00fcr Hei\u00dfwasser, der \u00fcber einen programmierbaren Knopf aktiviert wird, und mit dem Sie in wenigen Sekunden Tee oder andere hei\u00dfe Instantgetr\u00e4nke zubereiten k\u00f6nnen.<br \/>\nTechnische Daten:<\/p>\n<p>\u2022Wassertank + kit Festwasseranschluss mit Jolly System: Sofortiges Umschalten durch <span lang=\"de\" tabindex=\"0\">Hahn<\/span><\/p>\n<p><span lang=\"de\" tabindex=\"0\">\u2022Edle Materialien in lackiertem und schwarzem Metall<\/span><\/p>\n<p>\u2022Br\u00fchgruppe aus Edelstahl 0.6L<\/p>\n<p>\u2022Dampfkessel aus Edelstahl 1.8L mit 2000W unabh\u00e4ngig<\/p>\n<p>\u2022Rotationspumpe<\/p>\n<p>\u2022LCD\u00a0Display<\/p>\n<p>\u2022Dampfd\u00fcse mit cool touch<\/p>\n<p>\u2022<span lang=\"de\" tabindex=\"0\">Professioneller <\/span>Br\u00fchgruppe 2,5 kg mit PID<\/p>\n<p>\u2022Edelstahl\u00a0Tassenablage erw\u00e4rmt<\/p>\n<p>\u2022<span lang=\"de\" tabindex=\"0\">Professioneller Siebtr\u00e4ger aus Holz<\/span><\/p>\n<p>\u2022Gewicht\u00a0 27 kg<\/p>\n<p>\u2022Leistung 2800W<\/p>\n<p>\u2022Durchmesser 58mm<\/p>\n<p><strong>24 Monate Garantie<\/strong>.<\/p>\n<p><strong>Versand kostenlos<\/strong>.<\/p>\n","protected":false},"excerpt":{"rendered":"<p>Die optimalen Abmessungen machen die Carimali Genius Pro zum idealen Protagonisten f\u00fcr alle, die einen exzellenten Espresso genie\u00dfen wollen, so als w\u00e4re er vom Barista. Die Genius hat ein benutzerfreundliches Display, \u00fcber welches Sie Getr\u00e4nkeparameter programmieren und Statusmeldungen ablesen k\u00f6nnen. Ihre Getr\u00e4nke-Auswahl k\u00f6nnen Sie problemlos auf f\u00fcnf gro\u00dfe, beleuchtete Tasten speichern. Serienm\u00e4\u00dfig sind au\u00dferdem ein [&hellip;]<\/p>\n","protected":false},"featured_media":4727,"comment_status":"open","ping_status":"closed","template":"","meta":{"_acf_changed":false,"iawp_total_views":15},"product_brand":[],"product_cat":[1176,1155],"product_tag":[],"brands":[1687],"flag_home":[],"class_list":{"0":"post-11110","1":"product","2":"type-product","3":"status-publish","4":"has-post-thumbnail","6":"product_cat-espressomaschinen","7":"product_cat-kaffeemaschinen-zubehoer","8":"pa_garanzia-24-monate","9":"pa_tipo-di-alimentazione-acqua-tankfestwasseranschluss","10":"pa_tipo-di-caldaia-doppelkessel","11":"brands-carimali","13":"first","14":"outofstock","15":"taxable","16":"shipping-taxable","17":"purchasable","18":"product-type-simple"},"acf":[],"yoast_head":"<!-- This site is optimized with the Yoast SEO plugin v27.5 - https:\/\/yoast.com\/product\/yoast-seo-wordpress\/ -->\n<title>Espresso Kaffeemaschine Carimali GENIUS Pro<\/title>\n<meta name=\"robots\" content=\"index, follow, max-snippet:-1, max-image-preview:large, max-video-preview:-1\" \/>\n<link rel=\"canonical\" href=\"https:\/\/www.bertazzofood.com\/de\/prodotto\/espresso-kaffeemaschine-carimali-genius-pro\/\" \/>\n<meta property=\"og:locale\" content=\"de_DE\" \/>\n<meta property=\"og:type\" content=\"article\" \/>\n<meta property=\"og:title\" content=\"Espresso Kaffeemaschine Carimali GENIUS Pro\" \/>\n<meta property=\"og:description\" content=\"Die optimalen Abmessungen machen die Carimali Genius Pro zum idealen Protagonisten f\u00fcr alle, die einen exzellenten Espresso genie\u00dfen wollen, so als w\u00e4re er vom Barista. Die Genius hat ein benutzerfreundliches Display, \u00fcber welches Sie Getr\u00e4nkeparameter programmieren und Statusmeldungen ablesen k\u00f6nnen. Ihre Getr\u00e4nke-Auswahl k\u00f6nnen Sie problemlos auf f\u00fcnf gro\u00dfe, beleuchtete Tasten speichern. Serienm\u00e4\u00dfig sind au\u00dferdem ein [&hellip;]\" \/>\n<meta property=\"og:url\" content=\"https:\/\/www.bertazzofood.com\/de\/prodotto\/espresso-kaffeemaschine-carimali-genius-pro\/\" \/>\n<meta property=\"og:site_name\" content=\"Bertazzo Food\" \/>\n<meta property=\"article:publisher\" content=\"https:\/\/www.facebook.com\/BertazzoItalianQualityFood\" \/>\n<meta property=\"article:modified_time\" content=\"2024-06-23T20:32:55+00:00\" \/>\n<meta property=\"og:image\" content=\"https:\/\/www.bertazzofood.com\/wp-content\/uploads\/2024\/06\/Carimali-Genius-Pro-2-2.jpg\" \/>\n\t<meta property=\"og:image:width\" content=\"800\" \/>\n\t<meta property=\"og:image:height\" content=\"800\" \/>\n\t<meta property=\"og:image:type\" content=\"image\/jpeg\" \/>\n<meta name=\"twitter:card\" content=\"summary_large_image\" \/>\n<meta name=\"twitter:label1\" content=\"Gesch\u00e4tzte Lesezeit\" \/>\n\t<meta name=\"twitter:data1\" content=\"1\u00a0Minute\" \/>\n<script type=\"application\/ld+json\" class=\"yoast-schema-graph\">{\"@context\":\"https:\\\/\\\/schema.org\",\"@graph\":[{\"@type\":\"WebPage\",\"@id\":\"https:\\\/\\\/www.bertazzofood.com\\\/de\\\/prodotto\\\/espresso-kaffeemaschine-carimali-genius-pro\\\/\",\"url\":\"https:\\\/\\\/www.bertazzofood.com\\\/de\\\/prodotto\\\/espresso-kaffeemaschine-carimali-genius-pro\\\/\",\"name\":\"Espresso Kaffeemaschine Carimali GENIUS Pro\",\"isPartOf\":{\"@id\":\"https:\\\/\\\/www.bertazzofood.com\\\/de\\\/#website\"},\"primaryImageOfPage\":{\"@id\":\"https:\\\/\\\/www.bertazzofood.com\\\/de\\\/prodotto\\\/espresso-kaffeemaschine-carimali-genius-pro\\\/#primaryimage\"},\"image\":{\"@id\":\"https:\\\/\\\/www.bertazzofood.com\\\/de\\\/prodotto\\\/espresso-kaffeemaschine-carimali-genius-pro\\\/#primaryimage\"},\"thumbnailUrl\":\"https:\\\/\\\/www.bertazzofood.com\\\/wp-content\\\/uploads\\\/2024\\\/06\\\/Carimali-Genius-Pro-2-2.jpg\",\"datePublished\":\"2020-01-24T07:49:01+00:00\",\"dateModified\":\"2024-06-23T20:32:55+00:00\",\"breadcrumb\":{\"@id\":\"https:\\\/\\\/www.bertazzofood.com\\\/de\\\/prodotto\\\/espresso-kaffeemaschine-carimali-genius-pro\\\/#breadcrumb\"},\"inLanguage\":\"de\",\"potentialAction\":[{\"@type\":\"ReadAction\",\"target\":[\"https:\\\/\\\/www.bertazzofood.com\\\/de\\\/prodotto\\\/espresso-kaffeemaschine-carimali-genius-pro\\\/\"]}]},{\"@type\":\"ImageObject\",\"inLanguage\":\"de\",\"@id\":\"https:\\\/\\\/www.bertazzofood.com\\\/de\\\/prodotto\\\/espresso-kaffeemaschine-carimali-genius-pro\\\/#primaryimage\",\"url\":\"https:\\\/\\\/www.bertazzofood.com\\\/wp-content\\\/uploads\\\/2024\\\/06\\\/Carimali-Genius-Pro-2-2.jpg\",\"contentUrl\":\"https:\\\/\\\/www.bertazzofood.com\\\/wp-content\\\/uploads\\\/2024\\\/06\\\/Carimali-Genius-Pro-2-2.jpg\",\"width\":800,\"height\":800},{\"@type\":\"BreadcrumbList\",\"@id\":\"https:\\\/\\\/www.bertazzofood.com\\\/de\\\/prodotto\\\/espresso-kaffeemaschine-carimali-genius-pro\\\/#breadcrumb\",\"itemListElement\":[{\"@type\":\"ListItem\",\"position\":1,\"name\":\"Home\",\"item\":\"https:\\\/\\\/www.bertazzofood.com\\\/de\\\/homepage\\\/\"},{\"@type\":\"ListItem\",\"position\":2,\"name\":\"Produkte\",\"item\":\"https:\\\/\\\/www.bertazzofood.com\\\/de\\\/shop\\\/\"},{\"@type\":\"ListItem\",\"position\":3,\"name\":\"Espresso Kaffeemaschine Carimali GENIUS Pro\"}]},{\"@type\":\"WebSite\",\"@id\":\"https:\\\/\\\/www.bertazzofood.com\\\/de\\\/#website\",\"url\":\"https:\\\/\\\/www.bertazzofood.com\\\/de\\\/\",\"name\":\"Bertazzo Food\",\"description\":\"Prodotti Alimentari Italiani Online e Macchine Da Caff\u00e8\",\"publisher\":{\"@id\":\"https:\\\/\\\/www.bertazzofood.com\\\/de\\\/#organization\"},\"potentialAction\":[{\"@type\":\"SearchAction\",\"target\":{\"@type\":\"EntryPoint\",\"urlTemplate\":\"https:\\\/\\\/www.bertazzofood.com\\\/de\\\/?s={search_term_string}\"},\"query-input\":{\"@type\":\"PropertyValueSpecification\",\"valueRequired\":true,\"valueName\":\"search_term_string\"}}],\"inLanguage\":\"de\"},{\"@type\":\"Organization\",\"@id\":\"https:\\\/\\\/www.bertazzofood.com\\\/de\\\/#organization\",\"name\":\"Bertazzo Italian Quality Food S.a.s. di Bertazzo Fabio & C.\",\"alternateName\":\"Bertazzo Food\",\"url\":\"https:\\\/\\\/www.bertazzofood.com\\\/de\\\/\",\"logo\":{\"@type\":\"ImageObject\",\"inLanguage\":\"de\",\"@id\":\"https:\\\/\\\/www.bertazzofood.com\\\/de\\\/#\\\/schema\\\/logo\\\/image\\\/\",\"url\":\"https:\\\/\\\/www.bertazzofood.com\\\/wp-content\\\/uploads\\\/2024\\\/06\\\/logo-bertazzo.webp\",\"contentUrl\":\"https:\\\/\\\/www.bertazzofood.com\\\/wp-content\\\/uploads\\\/2024\\\/06\\\/logo-bertazzo.webp\",\"width\":410,\"height\":166,\"caption\":\"Bertazzo Italian Quality Food S.a.s. di Bertazzo Fabio & C.\"},\"image\":{\"@id\":\"https:\\\/\\\/www.bertazzofood.com\\\/de\\\/#\\\/schema\\\/logo\\\/image\\\/\"},\"sameAs\":[\"https:\\\/\\\/www.facebook.com\\\/BertazzoItalianQualityFood\",\"https:\\\/\\\/www.instagram.com\\\/bertazzo_italian_quality_food\\\/\"]}]}<\/script>\n<!-- \/ Yoast SEO plugin. -->","yoast_head_json":{"title":"Espresso Kaffeemaschine Carimali GENIUS Pro","robots":{"index":"index","follow":"follow","max-snippet":"max-snippet:-1","max-image-preview":"max-image-preview:large","max-video-preview":"max-video-preview:-1"},"canonical":"https:\/\/www.bertazzofood.com\/de\/prodotto\/espresso-kaffeemaschine-carimali-genius-pro\/","og_locale":"de_DE","og_type":"article","og_title":"Espresso Kaffeemaschine Carimali GENIUS Pro","og_description":"Die optimalen Abmessungen machen die Carimali Genius Pro zum idealen Protagonisten f\u00fcr alle, die einen exzellenten Espresso genie\u00dfen wollen, so als w\u00e4re er vom Barista. Die Genius hat ein benutzerfreundliches Display, \u00fcber welches Sie Getr\u00e4nkeparameter programmieren und Statusmeldungen ablesen k\u00f6nnen. Ihre Getr\u00e4nke-Auswahl k\u00f6nnen Sie problemlos auf f\u00fcnf gro\u00dfe, beleuchtete Tasten speichern. Serienm\u00e4\u00dfig sind au\u00dferdem ein [&hellip;]","og_url":"https:\/\/www.bertazzofood.com\/de\/prodotto\/espresso-kaffeemaschine-carimali-genius-pro\/","og_site_name":"Bertazzo Food","article_publisher":"https:\/\/www.facebook.com\/BertazzoItalianQualityFood","article_modified_time":"2024-06-23T20:32:55+00:00","og_image":[{"width":800,"height":800,"url":"https:\/\/www.bertazzofood.com\/wp-content\/uploads\/2024\/06\/Carimali-Genius-Pro-2-2.jpg","type":"image\/jpeg"}],"twitter_card":"summary_large_image","twitter_misc":{"Gesch\u00e4tzte Lesezeit":"1\u00a0Minute"},"schema":{"@context":"https:\/\/schema.org","@graph":[{"@type":"WebPage","@id":"https:\/\/www.bertazzofood.com\/de\/prodotto\/espresso-kaffeemaschine-carimali-genius-pro\/","url":"https:\/\/www.bertazzofood.com\/de\/prodotto\/espresso-kaffeemaschine-carimali-genius-pro\/","name":"Espresso Kaffeemaschine Carimali GENIUS Pro","isPartOf":{"@id":"https:\/\/www.bertazzofood.com\/de\/#website"},"primaryImageOfPage":{"@id":"https:\/\/www.bertazzofood.com\/de\/prodotto\/espresso-kaffeemaschine-carimali-genius-pro\/#primaryimage"},"image":{"@id":"https:\/\/www.bertazzofood.com\/de\/prodotto\/espresso-kaffeemaschine-carimali-genius-pro\/#primaryimage"},"thumbnailUrl":"https:\/\/www.bertazzofood.com\/wp-content\/uploads\/2024\/06\/Carimali-Genius-Pro-2-2.jpg","datePublished":"2020-01-24T07:49:01+00:00","dateModified":"2024-06-23T20:32:55+00:00","breadcrumb":{"@id":"https:\/\/www.bertazzofood.com\/de\/prodotto\/espresso-kaffeemaschine-carimali-genius-pro\/#breadcrumb"},"inLanguage":"de","potentialAction":[{"@type":"ReadAction","target":["https:\/\/www.bertazzofood.com\/de\/prodotto\/espresso-kaffeemaschine-carimali-genius-pro\/"]}]},{"@type":"ImageObject","inLanguage":"de","@id":"https:\/\/www.bertazzofood.com\/de\/prodotto\/espresso-kaffeemaschine-carimali-genius-pro\/#primaryimage","url":"https:\/\/www.bertazzofood.com\/wp-content\/uploads\/2024\/06\/Carimali-Genius-Pro-2-2.jpg","contentUrl":"https:\/\/www.bertazzofood.com\/wp-content\/uploads\/2024\/06\/Carimali-Genius-Pro-2-2.jpg","width":800,"height":800},{"@type":"BreadcrumbList","@id":"https:\/\/www.bertazzofood.com\/de\/prodotto\/espresso-kaffeemaschine-carimali-genius-pro\/#breadcrumb","itemListElement":[{"@type":"ListItem","position":1,"name":"Home","item":"https:\/\/www.bertazzofood.com\/de\/homepage\/"},{"@type":"ListItem","position":2,"name":"Produkte","item":"https:\/\/www.bertazzofood.com\/de\/shop\/"},{"@type":"ListItem","position":3,"name":"Espresso Kaffeemaschine Carimali GENIUS Pro"}]},{"@type":"WebSite","@id":"https:\/\/www.bertazzofood.com\/de\/#website","url":"https:\/\/www.bertazzofood.com\/de\/","name":"Bertazzo Food","description":"Prodotti Alimentari Italiani Online e Macchine Da Caff\u00e8","publisher":{"@id":"https:\/\/www.bertazzofood.com\/de\/#organization"},"potentialAction":[{"@type":"SearchAction","target":{"@type":"EntryPoint","urlTemplate":"https:\/\/www.bertazzofood.com\/de\/?s={search_term_string}"},"query-input":{"@type":"PropertyValueSpecification","valueRequired":true,"valueName":"search_term_string"}}],"inLanguage":"de"},{"@type":"Organization","@id":"https:\/\/www.bertazzofood.com\/de\/#organization","name":"Bertazzo Italian Quality Food S.a.s. di Bertazzo Fabio & C.","alternateName":"Bertazzo Food","url":"https:\/\/www.bertazzofood.com\/de\/","logo":{"@type":"ImageObject","inLanguage":"de","@id":"https:\/\/www.bertazzofood.com\/de\/#\/schema\/logo\/image\/","url":"https:\/\/www.bertazzofood.com\/wp-content\/uploads\/2024\/06\/logo-bertazzo.webp","contentUrl":"https:\/\/www.bertazzofood.com\/wp-content\/uploads\/2024\/06\/logo-bertazzo.webp","width":410,"height":166,"caption":"Bertazzo Italian Quality Food S.a.s. di Bertazzo Fabio & C."},"image":{"@id":"https:\/\/www.bertazzofood.com\/de\/#\/schema\/logo\/image\/"},"sameAs":["https:\/\/www.facebook.com\/BertazzoItalianQualityFood","https:\/\/www.instagram.com\/bertazzo_italian_quality_food\/"]}]}},"_links":{"self":[{"href":"https:\/\/www.bertazzofood.com\/de\/wp-json\/wp\/v2\/product\/11110","targetHints":{"allow":["GET"]}}],"collection":[{"href":"https:\/\/www.bertazzofood.com\/de\/wp-json\/wp\/v2\/product"}],"about":[{"href":"https:\/\/www.bertazzofood.com\/de\/wp-json\/wp\/v2\/types\/product"}],"replies":[{"embeddable":true,"href":"https:\/\/www.bertazzofood.com\/de\/wp-json\/wp\/v2\/comments?post=11110"}],"version-history":[{"count":0,"href":"https:\/\/www.bertazzofood.com\/de\/wp-json\/wp\/v2\/product\/11110\/revisions"}],"wp:featuredmedia":[{"embeddable":true,"href":"https:\/\/www.bertazzofood.com\/de\/wp-json\/wp\/v2\/media\/4727"}],"wp:attachment":[{"href":"https:\/\/www.bertazzofood.com\/de\/wp-json\/wp\/v2\/media?parent=11110"}],"wp:term":[{"taxonomy":"product_brand","embeddable":true,"href":"https:\/\/www.bertazzofood.com\/de\/wp-json\/wp\/v2\/product_brand?post=11110"},{"taxonomy":"product_cat","embeddable":true,"href":"https:\/\/www.bertazzofood.com\/de\/wp-json\/wp\/v2\/product_cat?post=11110"},{"taxonomy":"product_tag","embeddable":true,"href":"https:\/\/www.bertazzofood.com\/de\/wp-json\/wp\/v2\/product_tag?post=11110"},{"taxonomy":"brands","embeddable":true,"href":"https:\/\/www.bertazzofood.com\/de\/wp-json\/wp\/v2\/brands?post=11110"},{"taxonomy":"flag_home","embeddable":true,"href":"https:\/\/www.bertazzofood.com\/de\/wp-json\/wp\/v2\/flag_home?post=11110"}],"curies":[{"name":"wp","href":"https:\/\/api.w.org\/{rel}","templated":true}]}}