{"id":11067,"date":"2020-01-24T08:46:09","date_gmt":"2020-01-24T07:46:09","guid":{"rendered":"https:\/\/thegarden.it\/staging8\/prodotto\/rehsosse-alpe-magna\/"},"modified":"2024-06-23T22:32:16","modified_gmt":"2024-06-23T20:32:16","slug":"rehsosse-alpe-magna","status":"publish","type":"product","link":"https:\/\/www.bertazzofood.com\/de\/prodotto\/rehsosse-alpe-magna\/","title":{"rendered":"RehSo\u00dfe Alpe Magna"},"content":{"rendered":"<p><strong>Descrizione in etichetta \/ Beschreibung \/ Label description<\/strong><br \/>\nRag\u00f9 cotto lentamente con carne scelta di capriolo. \/ Fleischso\u00dfe aus ausgew\u00e4hltem, gegartem reh. \/ Slow-cooked rag\u00f9 with selected roe deer meat.<\/p>\n<p><strong>Ingredienti \/ Zutaten \/ Ingredients<\/strong><br \/>\nCarne di capriolo 60%, verdure fresche in proporzione variabile (cipolle, carote, sedano), vino bianco trentino (solfiti), olio extravergine oliva italiano, burro, farina di riso, olio di girasole, pancetta suino 2%, aromi naturali, spezie, sale marino. SENZA CONSERVANTI E SENZA GLUTINE. \/ Rehfleisch 60%, frisches Gem\u00fcse in ver\u00e4nderlichen Anteilen (Zwiebeln, Karotten, Sellerie), Wei\u00dfwein aus dem Trentino (Sulfite), italienisches natives Oliven\u00f6l extra, Butter, Reismehl, Sonnenblumen\u00f6l, Schweinbauch 2%, nat\u00fcrlichen Aromen, Gew\u00fcrze, Meersalz. OHNE KONSERVIERUNGSSTOFFE UND OHNE GLUTEN. \/ Roe deer meat 60%, fresh vegetables in variable proportions (onions, carrots, celery), Trentino white wine (sulphites), Italian extra virgin olive oil, butter, rice flour, sunflower oil, pork bacon 2%, natural flavors, spices , sea salt. WITHOUT PRESERVATIVES AND GLUTEN FREE.<\/p>\n<p><strong>Valori nutrizionali \/ N\u00e4hrwerte \/ Nutritional value<\/strong><br \/>\nValore energetico \/ N\u00e4hrwert \/ Energy value : 562 kJ \/ 134 kcal<br \/>\nGrassi \/ Fett \/Fat : 6,4 g<br \/>\ndi cui acidi grassi saturi \/ Davon ges\u00e4ttigte Fetts\u00e4uren \/ of which saturated fatty acids : 1,6 g<br \/>\nCarboidrati \/ Kohlenhydrate \/ Carbohydrates : 3,3 g<br \/>\ndi cui zuccheri \/ Davon Zucker \/ of which sugars : 1,8 g<br \/>\nProteine \/ Eiwei\u00df \/ Proteins : 15,8 g<br \/>\nSale \/ Salz \/ Salt : 0,4 g<\/p>\n<p>&nbsp;<\/p>\n","protected":false},"excerpt":{"rendered":"<p>Descrizione in etichetta \/ Beschreibung \/ Label description Rag\u00f9 cotto lentamente con carne scelta di capriolo. \/ Fleischso\u00dfe aus ausgew\u00e4hltem, gegartem reh. \/ Slow-cooked rag\u00f9 with selected roe deer meat. Ingredienti \/ Zutaten \/ Ingredients Carne di capriolo 60%, verdure fresche in proporzione variabile (cipolle, carote, sedano), vino bianco trentino (solfiti), olio extravergine oliva italiano, [&hellip;]<\/p>\n","protected":false},"featured_media":4635,"comment_status":"open","ping_status":"open","template":"","meta":{"_acf_changed":false,"iawp_total_views":10},"product_brand":[],"product_cat":[1140,1172],"product_tag":[],"brands":[1750],"flag_home":[],"class_list":{"0":"post-11067","1":"product","2":"type-product","3":"status-publish","4":"has-post-thumbnail","6":"product_cat-pastasauce","7":"product_cat-pasta-pastasauce","8":"brands-alpe-magna","10":"first","11":"outofstock","12":"taxable","13":"shipping-taxable","14":"purchasable","15":"product-type-simple"},"acf":[],"yoast_head":"<!-- This site is optimized with the Yoast SEO plugin v27.5 - https:\/\/yoast.com\/product\/yoast-seo-wordpress\/ -->\n<title>RehSo\u00dfe Alpe Magna<\/title>\n<meta name=\"robots\" content=\"index, follow, max-snippet:-1, max-image-preview:large, max-video-preview:-1\" \/>\n<link rel=\"canonical\" href=\"https:\/\/www.bertazzofood.com\/de\/prodotto\/rehsosse-alpe-magna\/\" \/>\n<meta property=\"og:locale\" content=\"de_DE\" \/>\n<meta property=\"og:type\" content=\"article\" \/>\n<meta property=\"og:title\" content=\"RehSo\u00dfe Alpe Magna\" \/>\n<meta property=\"og:description\" content=\"Descrizione in etichetta \/ Beschreibung \/ Label description Rag\u00f9 cotto lentamente con carne scelta di capriolo. \/ Fleischso\u00dfe aus ausgew\u00e4hltem, gegartem reh. \/ Slow-cooked rag\u00f9 with selected roe deer meat. Ingredienti \/ Zutaten \/ Ingredients Carne di capriolo 60%, verdure fresche in proporzione variabile (cipolle, carote, sedano), vino bianco trentino (solfiti), olio extravergine oliva italiano, [&hellip;]\" \/>\n<meta property=\"og:url\" content=\"https:\/\/www.bertazzofood.com\/de\/prodotto\/rehsosse-alpe-magna\/\" \/>\n<meta property=\"og:site_name\" content=\"Bertazzo Food\" \/>\n<meta property=\"article:publisher\" content=\"https:\/\/www.facebook.com\/BertazzoItalianQualityFood\" \/>\n<meta property=\"article:modified_time\" content=\"2024-06-23T20:32:16+00:00\" \/>\n<meta property=\"og:image\" content=\"https:\/\/www.bertazzofood.com\/wp-content\/uploads\/2024\/06\/purezze_ragu_capriolo-2.jpg\" \/>\n\t<meta property=\"og:image:width\" content=\"800\" \/>\n\t<meta property=\"og:image:height\" content=\"800\" \/>\n\t<meta property=\"og:image:type\" content=\"image\/jpeg\" \/>\n<meta name=\"twitter:card\" content=\"summary_large_image\" \/>\n<meta name=\"twitter:label1\" content=\"Gesch\u00e4tzte Lesezeit\" \/>\n\t<meta name=\"twitter:data1\" content=\"1\u00a0Minute\" \/>\n<script type=\"application\/ld+json\" class=\"yoast-schema-graph\">{\"@context\":\"https:\\\/\\\/schema.org\",\"@graph\":[{\"@type\":\"WebPage\",\"@id\":\"https:\\\/\\\/www.bertazzofood.com\\\/de\\\/prodotto\\\/rehsosse-alpe-magna\\\/\",\"url\":\"https:\\\/\\\/www.bertazzofood.com\\\/de\\\/prodotto\\\/rehsosse-alpe-magna\\\/\",\"name\":\"RehSo\u00dfe Alpe Magna\",\"isPartOf\":{\"@id\":\"https:\\\/\\\/www.bertazzofood.com\\\/de\\\/#website\"},\"primaryImageOfPage\":{\"@id\":\"https:\\\/\\\/www.bertazzofood.com\\\/de\\\/prodotto\\\/rehsosse-alpe-magna\\\/#primaryimage\"},\"image\":{\"@id\":\"https:\\\/\\\/www.bertazzofood.com\\\/de\\\/prodotto\\\/rehsosse-alpe-magna\\\/#primaryimage\"},\"thumbnailUrl\":\"https:\\\/\\\/www.bertazzofood.com\\\/wp-content\\\/uploads\\\/2024\\\/06\\\/purezze_ragu_capriolo-2.jpg\",\"datePublished\":\"2020-01-24T07:46:09+00:00\",\"dateModified\":\"2024-06-23T20:32:16+00:00\",\"breadcrumb\":{\"@id\":\"https:\\\/\\\/www.bertazzofood.com\\\/de\\\/prodotto\\\/rehsosse-alpe-magna\\\/#breadcrumb\"},\"inLanguage\":\"de\",\"potentialAction\":[{\"@type\":\"ReadAction\",\"target\":[\"https:\\\/\\\/www.bertazzofood.com\\\/de\\\/prodotto\\\/rehsosse-alpe-magna\\\/\"]}]},{\"@type\":\"ImageObject\",\"inLanguage\":\"de\",\"@id\":\"https:\\\/\\\/www.bertazzofood.com\\\/de\\\/prodotto\\\/rehsosse-alpe-magna\\\/#primaryimage\",\"url\":\"https:\\\/\\\/www.bertazzofood.com\\\/wp-content\\\/uploads\\\/2024\\\/06\\\/purezze_ragu_capriolo-2.jpg\",\"contentUrl\":\"https:\\\/\\\/www.bertazzofood.com\\\/wp-content\\\/uploads\\\/2024\\\/06\\\/purezze_ragu_capriolo-2.jpg\",\"width\":800,\"height\":800},{\"@type\":\"BreadcrumbList\",\"@id\":\"https:\\\/\\\/www.bertazzofood.com\\\/de\\\/prodotto\\\/rehsosse-alpe-magna\\\/#breadcrumb\",\"itemListElement\":[{\"@type\":\"ListItem\",\"position\":1,\"name\":\"Home\",\"item\":\"https:\\\/\\\/www.bertazzofood.com\\\/de\\\/homepage\\\/\"},{\"@type\":\"ListItem\",\"position\":2,\"name\":\"Produkte\",\"item\":\"https:\\\/\\\/www.bertazzofood.com\\\/de\\\/shop\\\/\"},{\"@type\":\"ListItem\",\"position\":3,\"name\":\"RehSo\u00dfe Alpe Magna\"}]},{\"@type\":\"WebSite\",\"@id\":\"https:\\\/\\\/www.bertazzofood.com\\\/de\\\/#website\",\"url\":\"https:\\\/\\\/www.bertazzofood.com\\\/de\\\/\",\"name\":\"Bertazzo Food\",\"description\":\"Prodotti Alimentari Italiani Online e Macchine Da Caff\u00e8\",\"publisher\":{\"@id\":\"https:\\\/\\\/www.bertazzofood.com\\\/de\\\/#organization\"},\"potentialAction\":[{\"@type\":\"SearchAction\",\"target\":{\"@type\":\"EntryPoint\",\"urlTemplate\":\"https:\\\/\\\/www.bertazzofood.com\\\/de\\\/?s={search_term_string}\"},\"query-input\":{\"@type\":\"PropertyValueSpecification\",\"valueRequired\":true,\"valueName\":\"search_term_string\"}}],\"inLanguage\":\"de\"},{\"@type\":\"Organization\",\"@id\":\"https:\\\/\\\/www.bertazzofood.com\\\/de\\\/#organization\",\"name\":\"Bertazzo Italian Quality Food S.a.s. di Bertazzo Fabio & C.\",\"alternateName\":\"Bertazzo Food\",\"url\":\"https:\\\/\\\/www.bertazzofood.com\\\/de\\\/\",\"logo\":{\"@type\":\"ImageObject\",\"inLanguage\":\"de\",\"@id\":\"https:\\\/\\\/www.bertazzofood.com\\\/de\\\/#\\\/schema\\\/logo\\\/image\\\/\",\"url\":\"https:\\\/\\\/www.bertazzofood.com\\\/wp-content\\\/uploads\\\/2024\\\/06\\\/logo-bertazzo.webp\",\"contentUrl\":\"https:\\\/\\\/www.bertazzofood.com\\\/wp-content\\\/uploads\\\/2024\\\/06\\\/logo-bertazzo.webp\",\"width\":410,\"height\":166,\"caption\":\"Bertazzo Italian Quality Food S.a.s. di Bertazzo Fabio & C.\"},\"image\":{\"@id\":\"https:\\\/\\\/www.bertazzofood.com\\\/de\\\/#\\\/schema\\\/logo\\\/image\\\/\"},\"sameAs\":[\"https:\\\/\\\/www.facebook.com\\\/BertazzoItalianQualityFood\",\"https:\\\/\\\/www.instagram.com\\\/bertazzo_italian_quality_food\\\/\"]}]}<\/script>\n<!-- \/ Yoast SEO plugin. -->","yoast_head_json":{"title":"RehSo\u00dfe Alpe Magna","robots":{"index":"index","follow":"follow","max-snippet":"max-snippet:-1","max-image-preview":"max-image-preview:large","max-video-preview":"max-video-preview:-1"},"canonical":"https:\/\/www.bertazzofood.com\/de\/prodotto\/rehsosse-alpe-magna\/","og_locale":"de_DE","og_type":"article","og_title":"RehSo\u00dfe Alpe Magna","og_description":"Descrizione in etichetta \/ Beschreibung \/ Label description Rag\u00f9 cotto lentamente con carne scelta di capriolo. \/ Fleischso\u00dfe aus ausgew\u00e4hltem, gegartem reh. \/ Slow-cooked rag\u00f9 with selected roe deer meat. Ingredienti \/ Zutaten \/ Ingredients Carne di capriolo 60%, verdure fresche in proporzione variabile (cipolle, carote, sedano), vino bianco trentino (solfiti), olio extravergine oliva italiano, [&hellip;]","og_url":"https:\/\/www.bertazzofood.com\/de\/prodotto\/rehsosse-alpe-magna\/","og_site_name":"Bertazzo Food","article_publisher":"https:\/\/www.facebook.com\/BertazzoItalianQualityFood","article_modified_time":"2024-06-23T20:32:16+00:00","og_image":[{"width":800,"height":800,"url":"https:\/\/www.bertazzofood.com\/wp-content\/uploads\/2024\/06\/purezze_ragu_capriolo-2.jpg","type":"image\/jpeg"}],"twitter_card":"summary_large_image","twitter_misc":{"Gesch\u00e4tzte Lesezeit":"1\u00a0Minute"},"schema":{"@context":"https:\/\/schema.org","@graph":[{"@type":"WebPage","@id":"https:\/\/www.bertazzofood.com\/de\/prodotto\/rehsosse-alpe-magna\/","url":"https:\/\/www.bertazzofood.com\/de\/prodotto\/rehsosse-alpe-magna\/","name":"RehSo\u00dfe Alpe Magna","isPartOf":{"@id":"https:\/\/www.bertazzofood.com\/de\/#website"},"primaryImageOfPage":{"@id":"https:\/\/www.bertazzofood.com\/de\/prodotto\/rehsosse-alpe-magna\/#primaryimage"},"image":{"@id":"https:\/\/www.bertazzofood.com\/de\/prodotto\/rehsosse-alpe-magna\/#primaryimage"},"thumbnailUrl":"https:\/\/www.bertazzofood.com\/wp-content\/uploads\/2024\/06\/purezze_ragu_capriolo-2.jpg","datePublished":"2020-01-24T07:46:09+00:00","dateModified":"2024-06-23T20:32:16+00:00","breadcrumb":{"@id":"https:\/\/www.bertazzofood.com\/de\/prodotto\/rehsosse-alpe-magna\/#breadcrumb"},"inLanguage":"de","potentialAction":[{"@type":"ReadAction","target":["https:\/\/www.bertazzofood.com\/de\/prodotto\/rehsosse-alpe-magna\/"]}]},{"@type":"ImageObject","inLanguage":"de","@id":"https:\/\/www.bertazzofood.com\/de\/prodotto\/rehsosse-alpe-magna\/#primaryimage","url":"https:\/\/www.bertazzofood.com\/wp-content\/uploads\/2024\/06\/purezze_ragu_capriolo-2.jpg","contentUrl":"https:\/\/www.bertazzofood.com\/wp-content\/uploads\/2024\/06\/purezze_ragu_capriolo-2.jpg","width":800,"height":800},{"@type":"BreadcrumbList","@id":"https:\/\/www.bertazzofood.com\/de\/prodotto\/rehsosse-alpe-magna\/#breadcrumb","itemListElement":[{"@type":"ListItem","position":1,"name":"Home","item":"https:\/\/www.bertazzofood.com\/de\/homepage\/"},{"@type":"ListItem","position":2,"name":"Produkte","item":"https:\/\/www.bertazzofood.com\/de\/shop\/"},{"@type":"ListItem","position":3,"name":"RehSo\u00dfe Alpe Magna"}]},{"@type":"WebSite","@id":"https:\/\/www.bertazzofood.com\/de\/#website","url":"https:\/\/www.bertazzofood.com\/de\/","name":"Bertazzo Food","description":"Prodotti Alimentari Italiani Online e Macchine Da Caff\u00e8","publisher":{"@id":"https:\/\/www.bertazzofood.com\/de\/#organization"},"potentialAction":[{"@type":"SearchAction","target":{"@type":"EntryPoint","urlTemplate":"https:\/\/www.bertazzofood.com\/de\/?s={search_term_string}"},"query-input":{"@type":"PropertyValueSpecification","valueRequired":true,"valueName":"search_term_string"}}],"inLanguage":"de"},{"@type":"Organization","@id":"https:\/\/www.bertazzofood.com\/de\/#organization","name":"Bertazzo Italian Quality Food S.a.s. di Bertazzo Fabio & C.","alternateName":"Bertazzo Food","url":"https:\/\/www.bertazzofood.com\/de\/","logo":{"@type":"ImageObject","inLanguage":"de","@id":"https:\/\/www.bertazzofood.com\/de\/#\/schema\/logo\/image\/","url":"https:\/\/www.bertazzofood.com\/wp-content\/uploads\/2024\/06\/logo-bertazzo.webp","contentUrl":"https:\/\/www.bertazzofood.com\/wp-content\/uploads\/2024\/06\/logo-bertazzo.webp","width":410,"height":166,"caption":"Bertazzo Italian Quality Food S.a.s. di Bertazzo Fabio & C."},"image":{"@id":"https:\/\/www.bertazzofood.com\/de\/#\/schema\/logo\/image\/"},"sameAs":["https:\/\/www.facebook.com\/BertazzoItalianQualityFood","https:\/\/www.instagram.com\/bertazzo_italian_quality_food\/"]}]}},"_links":{"self":[{"href":"https:\/\/www.bertazzofood.com\/de\/wp-json\/wp\/v2\/product\/11067","targetHints":{"allow":["GET"]}}],"collection":[{"href":"https:\/\/www.bertazzofood.com\/de\/wp-json\/wp\/v2\/product"}],"about":[{"href":"https:\/\/www.bertazzofood.com\/de\/wp-json\/wp\/v2\/types\/product"}],"replies":[{"embeddable":true,"href":"https:\/\/www.bertazzofood.com\/de\/wp-json\/wp\/v2\/comments?post=11067"}],"version-history":[{"count":0,"href":"https:\/\/www.bertazzofood.com\/de\/wp-json\/wp\/v2\/product\/11067\/revisions"}],"wp:featuredmedia":[{"embeddable":true,"href":"https:\/\/www.bertazzofood.com\/de\/wp-json\/wp\/v2\/media\/4635"}],"wp:attachment":[{"href":"https:\/\/www.bertazzofood.com\/de\/wp-json\/wp\/v2\/media?parent=11067"}],"wp:term":[{"taxonomy":"product_brand","embeddable":true,"href":"https:\/\/www.bertazzofood.com\/de\/wp-json\/wp\/v2\/product_brand?post=11067"},{"taxonomy":"product_cat","embeddable":true,"href":"https:\/\/www.bertazzofood.com\/de\/wp-json\/wp\/v2\/product_cat?post=11067"},{"taxonomy":"product_tag","embeddable":true,"href":"https:\/\/www.bertazzofood.com\/de\/wp-json\/wp\/v2\/product_tag?post=11067"},{"taxonomy":"brands","embeddable":true,"href":"https:\/\/www.bertazzofood.com\/de\/wp-json\/wp\/v2\/brands?post=11067"},{"taxonomy":"flag_home","embeddable":true,"href":"https:\/\/www.bertazzofood.com\/de\/wp-json\/wp\/v2\/flag_home?post=11067"}],"curies":[{"name":"wp","href":"https:\/\/api.w.org\/{rel}","templated":true}]}}