{"id":10894,"date":"2020-01-24T08:32:18","date_gmt":"2020-01-24T07:32:18","guid":{"rendered":"https:\/\/thegarden.it\/staging8\/prodotto\/kaffeemuehle-eureka-olympus-75-neo-grau\/"},"modified":"2024-10-01T11:35:33","modified_gmt":"2024-10-01T09:35:33","slug":"kaffeemuehle-eureka-olympus-75-neo-grau","status":"publish","type":"product","link":"https:\/\/www.bertazzofood.com\/de\/prodotto\/kaffeemuehle-eureka-olympus-75-neo-grau\/","title":{"rendered":"Kaffeem\u00fchle Eureka OLYMPUS 75 NEO Grau"},"content":{"rendered":"<p>Kaffeem\u00fchle\u00a0<strong><em>Eureka OLYMPUS 75 NEO<\/em><\/strong>: Portionsgenaue Vermahlung (on-demand) mit stufenloser und hoch pr\u00e4ziser Mahlgradverstellung. Elektronische Dosierungsteuerung: Einfacher und doppelter Bezug, unabh\u00e4ngig einstellbar, sowie kontinuierliche Vermahlung. Digitaler Portionsz\u00e4hler mit Reset-M\u00f6glichkeit und Sperrfunktion der einzelnen Dosen. Beleuchtung oberhalb der Siebtr\u00e4gerhalterung.<\/p>\n<p><strong>PLUS:<\/strong><\/p>\n<p>&#8220;High-Speed&#8221; Mahlen<\/p>\n<p>ACE System<\/p>\n<p>&#8220;High Speed&#8221; Wartung<\/p>\n<p>&#8220;Barista Special&#8221; Elektronik<\/p>\n<p>Aluminium Bauweise<\/p>\n<p><strong>M\u00dcHLEN:<\/strong><\/p>\n<p>Typ: Flach<br \/>\nDurchmesser: 75 mm<br \/>\nMaterial: Geh\u00e4rteter Stahl<\/p>\n<p><strong>DOSER:<\/strong><\/p>\n<p>Display: Ja<\/p>\n<p>Dosenz\u00e4hler: Ja<br \/>\nIntervallTimer: 1 \u2013 20 sek<\/p>\n<p id=\"tw-target-text\" class=\"tw-data-text tw-ta tw-text-medium\" data-placeholder=\"Traduzione\">Filterhalter Beleuchtung<\/p>\n<p data-placeholder=\"Traduzione\">Einstellbarer F\u00f6rderkanal<\/p>\n<p><strong>MOTOR:<\/strong><\/p>\n<p>Antrieb: Direkt<br \/>\nUmdrehungen\/Minute: 1350 rpm<br \/>\nLesitung: 340 watt<br \/>\nVersorgung: Einphasig<\/p>\n<p><strong>VERSCHIEDENE:<\/strong><\/p>\n<p>Verf\u00fcgbare Version: Elektronische<br \/>\nStufenloser Mahlgradverstellung: Ja<br \/>\nF\u00fcllmenge Bohnenbeh\u00e4lter: 1,4 kg<br \/>\nLeistung (g\/s): 4,9 &#8211; 5,9<\/p>\n<p>Gewicht: 15,2 kg<\/p>\n<p><strong>24 Monate Garantie<\/strong>.<\/p>\n<p><strong>Versand kostenlos<\/strong>.<\/p>\n","protected":false},"excerpt":{"rendered":"<p>Kaffeem\u00fchle\u00a0Eureka OLYMPUS 75 NEO: Portionsgenaue Vermahlung (on-demand) mit stufenloser und hoch pr\u00e4ziser Mahlgradverstellung. Elektronische Dosierungsteuerung: Einfacher und doppelter Bezug, unabh\u00e4ngig einstellbar, sowie kontinuierliche Vermahlung. Digitaler Portionsz\u00e4hler mit Reset-M\u00f6glichkeit und Sperrfunktion der einzelnen Dosen. Beleuchtung oberhalb der Siebtr\u00e4gerhalterung. PLUS: &#8220;High-Speed&#8221; Mahlen ACE System &#8220;High Speed&#8221; Wartung &#8220;Barista Special&#8221; Elektronik Aluminium Bauweise M\u00dcHLEN: Typ: Flach Durchmesser: 75 [&hellip;]<\/p>\n","protected":false},"featured_media":4323,"comment_status":"open","ping_status":"closed","template":"","meta":{"_acf_changed":false,"iawp_total_views":12},"product_brand":[],"product_cat":[1155,1178],"product_tag":[1557],"brands":[1705],"flag_home":[],"class_list":{"0":"post-10894","1":"product","2":"type-product","3":"status-publish","4":"has-post-thumbnail","6":"product_cat-kaffeemaschinen-zubehoer","7":"product_cat-kaffeemuehlen","8":"product_tag-ads-ottobre-2024-de","9":"pa_diametro-macine-75-mm","10":"pa_garanzia-24-monate","11":"pa_tipo-macinacaffe-on-demand-de","12":"brands-eureka","14":"first","15":"instock","16":"taxable","17":"shipping-taxable","18":"purchasable","19":"product-type-simple"},"acf":[],"yoast_head":"<!-- This site is optimized with the Yoast SEO plugin v27.5 - https:\/\/yoast.com\/product\/yoast-seo-wordpress\/ -->\n<title>Kaffeem\u00fchle Eureka OLYMPUS 75 NEO Grau<\/title>\n<meta name=\"robots\" content=\"index, follow, max-snippet:-1, max-image-preview:large, max-video-preview:-1\" \/>\n<link rel=\"canonical\" href=\"https:\/\/www.bertazzofood.com\/de\/prodotto\/kaffeemuehle-eureka-olympus-75-neo-grau\/\" \/>\n<meta property=\"og:locale\" content=\"de_DE\" \/>\n<meta property=\"og:type\" content=\"article\" \/>\n<meta property=\"og:title\" content=\"Kaffeem\u00fchle Eureka OLYMPUS 75 NEO Grau\" \/>\n<meta property=\"og:description\" content=\"Kaffeem\u00fchle\u00a0Eureka OLYMPUS 75 NEO: Portionsgenaue Vermahlung (on-demand) mit stufenloser und hoch pr\u00e4ziser Mahlgradverstellung. Elektronische Dosierungsteuerung: Einfacher und doppelter Bezug, unabh\u00e4ngig einstellbar, sowie kontinuierliche Vermahlung. Digitaler Portionsz\u00e4hler mit Reset-M\u00f6glichkeit und Sperrfunktion der einzelnen Dosen. Beleuchtung oberhalb der Siebtr\u00e4gerhalterung. PLUS: &#8220;High-Speed&#8221; Mahlen ACE System &#8220;High Speed&#8221; Wartung &#8220;Barista Special&#8221; Elektronik Aluminium Bauweise M\u00dcHLEN: Typ: Flach Durchmesser: 75 [&hellip;]\" \/>\n<meta property=\"og:url\" content=\"https:\/\/www.bertazzofood.com\/de\/prodotto\/kaffeemuehle-eureka-olympus-75-neo-grau\/\" \/>\n<meta property=\"og:site_name\" content=\"Bertazzo Food\" \/>\n<meta property=\"article:publisher\" content=\"https:\/\/www.facebook.com\/BertazzoItalianQualityFood\" \/>\n<meta property=\"article:modified_time\" content=\"2024-10-01T09:35:33+00:00\" \/>\n<meta property=\"og:image\" content=\"https:\/\/www.bertazzofood.com\/wp-content\/uploads\/2024\/06\/Olympus-75-NEO-grigio-2.jpg\" \/>\n\t<meta property=\"og:image:width\" content=\"800\" \/>\n\t<meta property=\"og:image:height\" content=\"800\" \/>\n\t<meta property=\"og:image:type\" content=\"image\/jpeg\" \/>\n<meta name=\"twitter:card\" content=\"summary_large_image\" \/>\n<meta name=\"twitter:label1\" content=\"Gesch\u00e4tzte Lesezeit\" \/>\n\t<meta name=\"twitter:data1\" content=\"1\u00a0Minute\" \/>\n<script type=\"application\/ld+json\" class=\"yoast-schema-graph\">{\"@context\":\"https:\\\/\\\/schema.org\",\"@graph\":[{\"@type\":\"WebPage\",\"@id\":\"https:\\\/\\\/www.bertazzofood.com\\\/de\\\/prodotto\\\/kaffeemuehle-eureka-olympus-75-neo-grau\\\/\",\"url\":\"https:\\\/\\\/www.bertazzofood.com\\\/de\\\/prodotto\\\/kaffeemuehle-eureka-olympus-75-neo-grau\\\/\",\"name\":\"Kaffeem\u00fchle Eureka OLYMPUS 75 NEO Grau\",\"isPartOf\":{\"@id\":\"https:\\\/\\\/www.bertazzofood.com\\\/de\\\/#website\"},\"primaryImageOfPage\":{\"@id\":\"https:\\\/\\\/www.bertazzofood.com\\\/de\\\/prodotto\\\/kaffeemuehle-eureka-olympus-75-neo-grau\\\/#primaryimage\"},\"image\":{\"@id\":\"https:\\\/\\\/www.bertazzofood.com\\\/de\\\/prodotto\\\/kaffeemuehle-eureka-olympus-75-neo-grau\\\/#primaryimage\"},\"thumbnailUrl\":\"https:\\\/\\\/www.bertazzofood.com\\\/wp-content\\\/uploads\\\/2024\\\/06\\\/Olympus-75-NEO-grigio-2.jpg\",\"datePublished\":\"2020-01-24T07:32:18+00:00\",\"dateModified\":\"2024-10-01T09:35:33+00:00\",\"breadcrumb\":{\"@id\":\"https:\\\/\\\/www.bertazzofood.com\\\/de\\\/prodotto\\\/kaffeemuehle-eureka-olympus-75-neo-grau\\\/#breadcrumb\"},\"inLanguage\":\"de\",\"potentialAction\":[{\"@type\":\"ReadAction\",\"target\":[\"https:\\\/\\\/www.bertazzofood.com\\\/de\\\/prodotto\\\/kaffeemuehle-eureka-olympus-75-neo-grau\\\/\"]}]},{\"@type\":\"ImageObject\",\"inLanguage\":\"de\",\"@id\":\"https:\\\/\\\/www.bertazzofood.com\\\/de\\\/prodotto\\\/kaffeemuehle-eureka-olympus-75-neo-grau\\\/#primaryimage\",\"url\":\"https:\\\/\\\/www.bertazzofood.com\\\/wp-content\\\/uploads\\\/2024\\\/06\\\/Olympus-75-NEO-grigio-2.jpg\",\"contentUrl\":\"https:\\\/\\\/www.bertazzofood.com\\\/wp-content\\\/uploads\\\/2024\\\/06\\\/Olympus-75-NEO-grigio-2.jpg\",\"width\":800,\"height\":800},{\"@type\":\"BreadcrumbList\",\"@id\":\"https:\\\/\\\/www.bertazzofood.com\\\/de\\\/prodotto\\\/kaffeemuehle-eureka-olympus-75-neo-grau\\\/#breadcrumb\",\"itemListElement\":[{\"@type\":\"ListItem\",\"position\":1,\"name\":\"Home\",\"item\":\"https:\\\/\\\/www.bertazzofood.com\\\/de\\\/homepage\\\/\"},{\"@type\":\"ListItem\",\"position\":2,\"name\":\"Produkte\",\"item\":\"https:\\\/\\\/www.bertazzofood.com\\\/de\\\/shop\\\/\"},{\"@type\":\"ListItem\",\"position\":3,\"name\":\"Kaffeem\u00fchle Eureka OLYMPUS 75 NEO Grau\"}]},{\"@type\":\"WebSite\",\"@id\":\"https:\\\/\\\/www.bertazzofood.com\\\/de\\\/#website\",\"url\":\"https:\\\/\\\/www.bertazzofood.com\\\/de\\\/\",\"name\":\"Bertazzo Food\",\"description\":\"Prodotti Alimentari Italiani Online e Macchine Da Caff\u00e8\",\"publisher\":{\"@id\":\"https:\\\/\\\/www.bertazzofood.com\\\/de\\\/#organization\"},\"potentialAction\":[{\"@type\":\"SearchAction\",\"target\":{\"@type\":\"EntryPoint\",\"urlTemplate\":\"https:\\\/\\\/www.bertazzofood.com\\\/de\\\/?s={search_term_string}\"},\"query-input\":{\"@type\":\"PropertyValueSpecification\",\"valueRequired\":true,\"valueName\":\"search_term_string\"}}],\"inLanguage\":\"de\"},{\"@type\":\"Organization\",\"@id\":\"https:\\\/\\\/www.bertazzofood.com\\\/de\\\/#organization\",\"name\":\"Bertazzo Italian Quality Food S.a.s. di Bertazzo Fabio & C.\",\"alternateName\":\"Bertazzo Food\",\"url\":\"https:\\\/\\\/www.bertazzofood.com\\\/de\\\/\",\"logo\":{\"@type\":\"ImageObject\",\"inLanguage\":\"de\",\"@id\":\"https:\\\/\\\/www.bertazzofood.com\\\/de\\\/#\\\/schema\\\/logo\\\/image\\\/\",\"url\":\"https:\\\/\\\/www.bertazzofood.com\\\/wp-content\\\/uploads\\\/2024\\\/06\\\/logo-bertazzo.webp\",\"contentUrl\":\"https:\\\/\\\/www.bertazzofood.com\\\/wp-content\\\/uploads\\\/2024\\\/06\\\/logo-bertazzo.webp\",\"width\":410,\"height\":166,\"caption\":\"Bertazzo Italian Quality Food S.a.s. di Bertazzo Fabio & C.\"},\"image\":{\"@id\":\"https:\\\/\\\/www.bertazzofood.com\\\/de\\\/#\\\/schema\\\/logo\\\/image\\\/\"},\"sameAs\":[\"https:\\\/\\\/www.facebook.com\\\/BertazzoItalianQualityFood\",\"https:\\\/\\\/www.instagram.com\\\/bertazzo_italian_quality_food\\\/\"]}]}<\/script>\n<!-- \/ Yoast SEO plugin. -->","yoast_head_json":{"title":"Kaffeem\u00fchle Eureka OLYMPUS 75 NEO Grau","robots":{"index":"index","follow":"follow","max-snippet":"max-snippet:-1","max-image-preview":"max-image-preview:large","max-video-preview":"max-video-preview:-1"},"canonical":"https:\/\/www.bertazzofood.com\/de\/prodotto\/kaffeemuehle-eureka-olympus-75-neo-grau\/","og_locale":"de_DE","og_type":"article","og_title":"Kaffeem\u00fchle Eureka OLYMPUS 75 NEO Grau","og_description":"Kaffeem\u00fchle\u00a0Eureka OLYMPUS 75 NEO: Portionsgenaue Vermahlung (on-demand) mit stufenloser und hoch pr\u00e4ziser Mahlgradverstellung. Elektronische Dosierungsteuerung: Einfacher und doppelter Bezug, unabh\u00e4ngig einstellbar, sowie kontinuierliche Vermahlung. Digitaler Portionsz\u00e4hler mit Reset-M\u00f6glichkeit und Sperrfunktion der einzelnen Dosen. Beleuchtung oberhalb der Siebtr\u00e4gerhalterung. PLUS: &#8220;High-Speed&#8221; Mahlen ACE System &#8220;High Speed&#8221; Wartung &#8220;Barista Special&#8221; Elektronik Aluminium Bauweise M\u00dcHLEN: Typ: Flach Durchmesser: 75 [&hellip;]","og_url":"https:\/\/www.bertazzofood.com\/de\/prodotto\/kaffeemuehle-eureka-olympus-75-neo-grau\/","og_site_name":"Bertazzo Food","article_publisher":"https:\/\/www.facebook.com\/BertazzoItalianQualityFood","article_modified_time":"2024-10-01T09:35:33+00:00","og_image":[{"width":800,"height":800,"url":"https:\/\/www.bertazzofood.com\/wp-content\/uploads\/2024\/06\/Olympus-75-NEO-grigio-2.jpg","type":"image\/jpeg"}],"twitter_card":"summary_large_image","twitter_misc":{"Gesch\u00e4tzte Lesezeit":"1\u00a0Minute"},"schema":{"@context":"https:\/\/schema.org","@graph":[{"@type":"WebPage","@id":"https:\/\/www.bertazzofood.com\/de\/prodotto\/kaffeemuehle-eureka-olympus-75-neo-grau\/","url":"https:\/\/www.bertazzofood.com\/de\/prodotto\/kaffeemuehle-eureka-olympus-75-neo-grau\/","name":"Kaffeem\u00fchle Eureka OLYMPUS 75 NEO Grau","isPartOf":{"@id":"https:\/\/www.bertazzofood.com\/de\/#website"},"primaryImageOfPage":{"@id":"https:\/\/www.bertazzofood.com\/de\/prodotto\/kaffeemuehle-eureka-olympus-75-neo-grau\/#primaryimage"},"image":{"@id":"https:\/\/www.bertazzofood.com\/de\/prodotto\/kaffeemuehle-eureka-olympus-75-neo-grau\/#primaryimage"},"thumbnailUrl":"https:\/\/www.bertazzofood.com\/wp-content\/uploads\/2024\/06\/Olympus-75-NEO-grigio-2.jpg","datePublished":"2020-01-24T07:32:18+00:00","dateModified":"2024-10-01T09:35:33+00:00","breadcrumb":{"@id":"https:\/\/www.bertazzofood.com\/de\/prodotto\/kaffeemuehle-eureka-olympus-75-neo-grau\/#breadcrumb"},"inLanguage":"de","potentialAction":[{"@type":"ReadAction","target":["https:\/\/www.bertazzofood.com\/de\/prodotto\/kaffeemuehle-eureka-olympus-75-neo-grau\/"]}]},{"@type":"ImageObject","inLanguage":"de","@id":"https:\/\/www.bertazzofood.com\/de\/prodotto\/kaffeemuehle-eureka-olympus-75-neo-grau\/#primaryimage","url":"https:\/\/www.bertazzofood.com\/wp-content\/uploads\/2024\/06\/Olympus-75-NEO-grigio-2.jpg","contentUrl":"https:\/\/www.bertazzofood.com\/wp-content\/uploads\/2024\/06\/Olympus-75-NEO-grigio-2.jpg","width":800,"height":800},{"@type":"BreadcrumbList","@id":"https:\/\/www.bertazzofood.com\/de\/prodotto\/kaffeemuehle-eureka-olympus-75-neo-grau\/#breadcrumb","itemListElement":[{"@type":"ListItem","position":1,"name":"Home","item":"https:\/\/www.bertazzofood.com\/de\/homepage\/"},{"@type":"ListItem","position":2,"name":"Produkte","item":"https:\/\/www.bertazzofood.com\/de\/shop\/"},{"@type":"ListItem","position":3,"name":"Kaffeem\u00fchle Eureka OLYMPUS 75 NEO Grau"}]},{"@type":"WebSite","@id":"https:\/\/www.bertazzofood.com\/de\/#website","url":"https:\/\/www.bertazzofood.com\/de\/","name":"Bertazzo Food","description":"Prodotti Alimentari Italiani Online e Macchine Da Caff\u00e8","publisher":{"@id":"https:\/\/www.bertazzofood.com\/de\/#organization"},"potentialAction":[{"@type":"SearchAction","target":{"@type":"EntryPoint","urlTemplate":"https:\/\/www.bertazzofood.com\/de\/?s={search_term_string}"},"query-input":{"@type":"PropertyValueSpecification","valueRequired":true,"valueName":"search_term_string"}}],"inLanguage":"de"},{"@type":"Organization","@id":"https:\/\/www.bertazzofood.com\/de\/#organization","name":"Bertazzo Italian Quality Food S.a.s. di Bertazzo Fabio & C.","alternateName":"Bertazzo Food","url":"https:\/\/www.bertazzofood.com\/de\/","logo":{"@type":"ImageObject","inLanguage":"de","@id":"https:\/\/www.bertazzofood.com\/de\/#\/schema\/logo\/image\/","url":"https:\/\/www.bertazzofood.com\/wp-content\/uploads\/2024\/06\/logo-bertazzo.webp","contentUrl":"https:\/\/www.bertazzofood.com\/wp-content\/uploads\/2024\/06\/logo-bertazzo.webp","width":410,"height":166,"caption":"Bertazzo Italian Quality Food S.a.s. di Bertazzo Fabio & C."},"image":{"@id":"https:\/\/www.bertazzofood.com\/de\/#\/schema\/logo\/image\/"},"sameAs":["https:\/\/www.facebook.com\/BertazzoItalianQualityFood","https:\/\/www.instagram.com\/bertazzo_italian_quality_food\/"]}]}},"_links":{"self":[{"href":"https:\/\/www.bertazzofood.com\/de\/wp-json\/wp\/v2\/product\/10894","targetHints":{"allow":["GET"]}}],"collection":[{"href":"https:\/\/www.bertazzofood.com\/de\/wp-json\/wp\/v2\/product"}],"about":[{"href":"https:\/\/www.bertazzofood.com\/de\/wp-json\/wp\/v2\/types\/product"}],"replies":[{"embeddable":true,"href":"https:\/\/www.bertazzofood.com\/de\/wp-json\/wp\/v2\/comments?post=10894"}],"version-history":[{"count":0,"href":"https:\/\/www.bertazzofood.com\/de\/wp-json\/wp\/v2\/product\/10894\/revisions"}],"wp:featuredmedia":[{"embeddable":true,"href":"https:\/\/www.bertazzofood.com\/de\/wp-json\/wp\/v2\/media\/4323"}],"wp:attachment":[{"href":"https:\/\/www.bertazzofood.com\/de\/wp-json\/wp\/v2\/media?parent=10894"}],"wp:term":[{"taxonomy":"product_brand","embeddable":true,"href":"https:\/\/www.bertazzofood.com\/de\/wp-json\/wp\/v2\/product_brand?post=10894"},{"taxonomy":"product_cat","embeddable":true,"href":"https:\/\/www.bertazzofood.com\/de\/wp-json\/wp\/v2\/product_cat?post=10894"},{"taxonomy":"product_tag","embeddable":true,"href":"https:\/\/www.bertazzofood.com\/de\/wp-json\/wp\/v2\/product_tag?post=10894"},{"taxonomy":"brands","embeddable":true,"href":"https:\/\/www.bertazzofood.com\/de\/wp-json\/wp\/v2\/brands?post=10894"},{"taxonomy":"flag_home","embeddable":true,"href":"https:\/\/www.bertazzofood.com\/de\/wp-json\/wp\/v2\/flag_home?post=10894"}],"curies":[{"name":"wp","href":"https:\/\/api.w.org\/{rel}","templated":true}]}}