{"id":10879,"date":"2020-01-24T08:31:01","date_gmt":"2020-01-24T07:31:01","guid":{"rendered":"https:\/\/thegarden.it\/staging8\/prodotto\/espresso-kaffeemaschine-faema-enova-a1\/"},"modified":"2024-06-23T22:30:06","modified_gmt":"2024-06-23T20:30:06","slug":"espresso-kaffeemaschine-faema-enova-a1","status":"publish","type":"product","link":"https:\/\/www.bertazzofood.com\/de\/prodotto\/espresso-kaffeemaschine-faema-enova-a1\/","title":{"rendered":"Espresso Kaffeemaschine FAEMA ENOVA A1"},"content":{"rendered":"<div class=\"field field-name-field-titolo-header-prodotto field-type-text-long field-label-hidden\">\n<div class=\"field-items\">\n<div class=\"field-item even\"><em><strong>Faema Enova: <\/strong><\/em>Funktionalit\u00e4t und moderner Stil zusammen. <em><strong>Enova<\/strong> <\/em>ist die Espressound Cappuccinomaschine, welche nicht auf die Qualit\u00e4t und Tradition von <em><strong>Faema<\/strong> <\/em>verzichtet und ihre Funktionalit\u00e4t mit einem modernen und eleganten Stil vereint. Das hervorragende Ergebnis in der Tasse wird durch ein System mit einstellbarem thermischem Gleichgewicht (Patent Faema) gew\u00e4hrleistet, durch das die Temperatur jeder Gruppe leicht u\u0308ber einen Ring reguliert werden kann. Au\u00dferdem optimiert das Hei\u00dfwasser-Mischsystem die Wasserqualit\u00e4t und tr\u00e4gt zu einer erheblichen Energieersparnis bei.<\/div>\n<\/div>\n<\/div>\n<p>\u2022 Automatischer Version<\/p>\n<p>\u2022 Kesselkapazit\u00e4t 5L<\/p>\n<p>\u2022 1 Dampflanze<\/p>\n<p>\u2022 1 Wasserrohr<\/p>\n<p>\u2022 Automatischer Kesselwasser-Niveauregler<\/p>\n<p>\u2022 Doppel Manometer f\u00fcr Pumpe &#8211; und Kesseldruckkontrolle<\/p>\n<p>\u2022 Max Installierte Leistung 3100W<\/p>\n<p>\u2022 Spannung 220-240V 50Hz<\/p>\n<p>\u2022 Weight 46 kg<\/p>\n<p>\u2022Durchmesser 58mm<\/p>\n<p class=\"name\"><strong>24 Monate Garantie<\/strong>.<\/p>\n<p><strong>Versand kostenlos<\/strong>.<\/p>\n","protected":false},"excerpt":{"rendered":"<p>Faema Enova: Funktionalit\u00e4t und moderner Stil zusammen. Enova ist die Espressound Cappuccinomaschine, welche nicht auf die Qualit\u00e4t und Tradition von Faema verzichtet und ihre Funktionalit\u00e4t mit einem modernen und eleganten Stil vereint. Das hervorragende Ergebnis in der Tasse wird durch ein System mit einstellbarem thermischem Gleichgewicht (Patent Faema) gew\u00e4hrleistet, durch das die Temperatur jeder Gruppe [&hellip;]<\/p>\n","protected":false},"featured_media":4278,"comment_status":"open","ping_status":"closed","template":"","meta":{"_acf_changed":false,"iawp_total_views":629},"product_brand":[],"product_cat":[1176,1155],"product_tag":[],"brands":[1744],"flag_home":[],"class_list":{"0":"post-10879","1":"product","2":"type-product","3":"status-publish","4":"has-post-thumbnail","6":"product_cat-espressomaschinen","7":"product_cat-kaffeemaschinen-zubehoer","8":"pa_garanzia-24-monate","9":"pa_tipo-di-alimentazione-acqua-ausfuehrung-mit-festwasseranschluss","10":"pa_tipo-di-caldaia-ein-kessel","11":"pa_tipo-di-pompa-rotationspumpe","12":"brands-faema","14":"first","15":"outofstock","16":"taxable","17":"shipping-taxable","18":"purchasable","19":"product-type-simple"},"acf":[],"yoast_head":"<!-- This site is optimized with the Yoast SEO plugin v27.5 - https:\/\/yoast.com\/product\/yoast-seo-wordpress\/ -->\n<title>Espresso Kaffeemaschine FAEMA ENOVA A1<\/title>\n<meta name=\"robots\" content=\"index, follow, max-snippet:-1, max-image-preview:large, max-video-preview:-1\" \/>\n<link rel=\"canonical\" href=\"https:\/\/www.bertazzofood.com\/de\/prodotto\/espresso-kaffeemaschine-faema-enova-a1\/\" \/>\n<meta property=\"og:locale\" content=\"de_DE\" \/>\n<meta property=\"og:type\" content=\"article\" \/>\n<meta property=\"og:title\" content=\"Espresso Kaffeemaschine FAEMA ENOVA A1\" \/>\n<meta property=\"og:description\" content=\"Faema Enova: Funktionalit\u00e4t und moderner Stil zusammen. Enova ist die Espressound Cappuccinomaschine, welche nicht auf die Qualit\u00e4t und Tradition von Faema verzichtet und ihre Funktionalit\u00e4t mit einem modernen und eleganten Stil vereint. Das hervorragende Ergebnis in der Tasse wird durch ein System mit einstellbarem thermischem Gleichgewicht (Patent Faema) gew\u00e4hrleistet, durch das die Temperatur jeder Gruppe [&hellip;]\" \/>\n<meta property=\"og:url\" content=\"https:\/\/www.bertazzofood.com\/de\/prodotto\/espresso-kaffeemaschine-faema-enova-a1\/\" \/>\n<meta property=\"og:site_name\" content=\"Bertazzo Food\" \/>\n<meta property=\"article:publisher\" content=\"https:\/\/www.facebook.com\/BertazzoItalianQualityFood\" \/>\n<meta property=\"article:modified_time\" content=\"2024-06-23T20:30:06+00:00\" \/>\n<meta property=\"og:image\" content=\"https:\/\/www.bertazzofood.com\/wp-content\/uploads\/2024\/06\/Faema-Enova-2.jpg\" \/>\n\t<meta property=\"og:image:width\" content=\"800\" \/>\n\t<meta property=\"og:image:height\" content=\"800\" \/>\n\t<meta property=\"og:image:type\" content=\"image\/jpeg\" \/>\n<meta name=\"twitter:card\" content=\"summary_large_image\" \/>\n<meta name=\"twitter:label1\" content=\"Gesch\u00e4tzte Lesezeit\" \/>\n\t<meta name=\"twitter:data1\" content=\"1\u00a0Minute\" \/>\n<script type=\"application\/ld+json\" class=\"yoast-schema-graph\">{\"@context\":\"https:\\\/\\\/schema.org\",\"@graph\":[{\"@type\":\"WebPage\",\"@id\":\"https:\\\/\\\/www.bertazzofood.com\\\/de\\\/prodotto\\\/espresso-kaffeemaschine-faema-enova-a1\\\/\",\"url\":\"https:\\\/\\\/www.bertazzofood.com\\\/de\\\/prodotto\\\/espresso-kaffeemaschine-faema-enova-a1\\\/\",\"name\":\"Espresso Kaffeemaschine FAEMA ENOVA A1\",\"isPartOf\":{\"@id\":\"https:\\\/\\\/www.bertazzofood.com\\\/de\\\/#website\"},\"primaryImageOfPage\":{\"@id\":\"https:\\\/\\\/www.bertazzofood.com\\\/de\\\/prodotto\\\/espresso-kaffeemaschine-faema-enova-a1\\\/#primaryimage\"},\"image\":{\"@id\":\"https:\\\/\\\/www.bertazzofood.com\\\/de\\\/prodotto\\\/espresso-kaffeemaschine-faema-enova-a1\\\/#primaryimage\"},\"thumbnailUrl\":\"https:\\\/\\\/www.bertazzofood.com\\\/wp-content\\\/uploads\\\/2024\\\/06\\\/Faema-Enova-2.jpg\",\"datePublished\":\"2020-01-24T07:31:01+00:00\",\"dateModified\":\"2024-06-23T20:30:06+00:00\",\"breadcrumb\":{\"@id\":\"https:\\\/\\\/www.bertazzofood.com\\\/de\\\/prodotto\\\/espresso-kaffeemaschine-faema-enova-a1\\\/#breadcrumb\"},\"inLanguage\":\"de\",\"potentialAction\":[{\"@type\":\"ReadAction\",\"target\":[\"https:\\\/\\\/www.bertazzofood.com\\\/de\\\/prodotto\\\/espresso-kaffeemaschine-faema-enova-a1\\\/\"]}]},{\"@type\":\"ImageObject\",\"inLanguage\":\"de\",\"@id\":\"https:\\\/\\\/www.bertazzofood.com\\\/de\\\/prodotto\\\/espresso-kaffeemaschine-faema-enova-a1\\\/#primaryimage\",\"url\":\"https:\\\/\\\/www.bertazzofood.com\\\/wp-content\\\/uploads\\\/2024\\\/06\\\/Faema-Enova-2.jpg\",\"contentUrl\":\"https:\\\/\\\/www.bertazzofood.com\\\/wp-content\\\/uploads\\\/2024\\\/06\\\/Faema-Enova-2.jpg\",\"width\":800,\"height\":800},{\"@type\":\"BreadcrumbList\",\"@id\":\"https:\\\/\\\/www.bertazzofood.com\\\/de\\\/prodotto\\\/espresso-kaffeemaschine-faema-enova-a1\\\/#breadcrumb\",\"itemListElement\":[{\"@type\":\"ListItem\",\"position\":1,\"name\":\"Home\",\"item\":\"https:\\\/\\\/www.bertazzofood.com\\\/de\\\/homepage\\\/\"},{\"@type\":\"ListItem\",\"position\":2,\"name\":\"Produkte\",\"item\":\"https:\\\/\\\/www.bertazzofood.com\\\/de\\\/shop\\\/\"},{\"@type\":\"ListItem\",\"position\":3,\"name\":\"Espresso Kaffeemaschine FAEMA ENOVA A1\"}]},{\"@type\":\"WebSite\",\"@id\":\"https:\\\/\\\/www.bertazzofood.com\\\/de\\\/#website\",\"url\":\"https:\\\/\\\/www.bertazzofood.com\\\/de\\\/\",\"name\":\"Bertazzo Food\",\"description\":\"Prodotti Alimentari Italiani Online e Macchine Da Caff\u00e8\",\"publisher\":{\"@id\":\"https:\\\/\\\/www.bertazzofood.com\\\/de\\\/#organization\"},\"potentialAction\":[{\"@type\":\"SearchAction\",\"target\":{\"@type\":\"EntryPoint\",\"urlTemplate\":\"https:\\\/\\\/www.bertazzofood.com\\\/de\\\/?s={search_term_string}\"},\"query-input\":{\"@type\":\"PropertyValueSpecification\",\"valueRequired\":true,\"valueName\":\"search_term_string\"}}],\"inLanguage\":\"de\"},{\"@type\":\"Organization\",\"@id\":\"https:\\\/\\\/www.bertazzofood.com\\\/de\\\/#organization\",\"name\":\"Bertazzo Italian Quality Food S.a.s. di Bertazzo Fabio & C.\",\"alternateName\":\"Bertazzo Food\",\"url\":\"https:\\\/\\\/www.bertazzofood.com\\\/de\\\/\",\"logo\":{\"@type\":\"ImageObject\",\"inLanguage\":\"de\",\"@id\":\"https:\\\/\\\/www.bertazzofood.com\\\/de\\\/#\\\/schema\\\/logo\\\/image\\\/\",\"url\":\"https:\\\/\\\/www.bertazzofood.com\\\/wp-content\\\/uploads\\\/2024\\\/06\\\/logo-bertazzo.webp\",\"contentUrl\":\"https:\\\/\\\/www.bertazzofood.com\\\/wp-content\\\/uploads\\\/2024\\\/06\\\/logo-bertazzo.webp\",\"width\":410,\"height\":166,\"caption\":\"Bertazzo Italian Quality Food S.a.s. di Bertazzo Fabio & C.\"},\"image\":{\"@id\":\"https:\\\/\\\/www.bertazzofood.com\\\/de\\\/#\\\/schema\\\/logo\\\/image\\\/\"},\"sameAs\":[\"https:\\\/\\\/www.facebook.com\\\/BertazzoItalianQualityFood\",\"https:\\\/\\\/www.instagram.com\\\/bertazzo_italian_quality_food\\\/\"]}]}<\/script>\n<!-- \/ Yoast SEO plugin. -->","yoast_head_json":{"title":"Espresso Kaffeemaschine FAEMA ENOVA A1","robots":{"index":"index","follow":"follow","max-snippet":"max-snippet:-1","max-image-preview":"max-image-preview:large","max-video-preview":"max-video-preview:-1"},"canonical":"https:\/\/www.bertazzofood.com\/de\/prodotto\/espresso-kaffeemaschine-faema-enova-a1\/","og_locale":"de_DE","og_type":"article","og_title":"Espresso Kaffeemaschine FAEMA ENOVA A1","og_description":"Faema Enova: Funktionalit\u00e4t und moderner Stil zusammen. Enova ist die Espressound Cappuccinomaschine, welche nicht auf die Qualit\u00e4t und Tradition von Faema verzichtet und ihre Funktionalit\u00e4t mit einem modernen und eleganten Stil vereint. Das hervorragende Ergebnis in der Tasse wird durch ein System mit einstellbarem thermischem Gleichgewicht (Patent Faema) gew\u00e4hrleistet, durch das die Temperatur jeder Gruppe [&hellip;]","og_url":"https:\/\/www.bertazzofood.com\/de\/prodotto\/espresso-kaffeemaschine-faema-enova-a1\/","og_site_name":"Bertazzo Food","article_publisher":"https:\/\/www.facebook.com\/BertazzoItalianQualityFood","article_modified_time":"2024-06-23T20:30:06+00:00","og_image":[{"width":800,"height":800,"url":"https:\/\/www.bertazzofood.com\/wp-content\/uploads\/2024\/06\/Faema-Enova-2.jpg","type":"image\/jpeg"}],"twitter_card":"summary_large_image","twitter_misc":{"Gesch\u00e4tzte Lesezeit":"1\u00a0Minute"},"schema":{"@context":"https:\/\/schema.org","@graph":[{"@type":"WebPage","@id":"https:\/\/www.bertazzofood.com\/de\/prodotto\/espresso-kaffeemaschine-faema-enova-a1\/","url":"https:\/\/www.bertazzofood.com\/de\/prodotto\/espresso-kaffeemaschine-faema-enova-a1\/","name":"Espresso Kaffeemaschine FAEMA ENOVA A1","isPartOf":{"@id":"https:\/\/www.bertazzofood.com\/de\/#website"},"primaryImageOfPage":{"@id":"https:\/\/www.bertazzofood.com\/de\/prodotto\/espresso-kaffeemaschine-faema-enova-a1\/#primaryimage"},"image":{"@id":"https:\/\/www.bertazzofood.com\/de\/prodotto\/espresso-kaffeemaschine-faema-enova-a1\/#primaryimage"},"thumbnailUrl":"https:\/\/www.bertazzofood.com\/wp-content\/uploads\/2024\/06\/Faema-Enova-2.jpg","datePublished":"2020-01-24T07:31:01+00:00","dateModified":"2024-06-23T20:30:06+00:00","breadcrumb":{"@id":"https:\/\/www.bertazzofood.com\/de\/prodotto\/espresso-kaffeemaschine-faema-enova-a1\/#breadcrumb"},"inLanguage":"de","potentialAction":[{"@type":"ReadAction","target":["https:\/\/www.bertazzofood.com\/de\/prodotto\/espresso-kaffeemaschine-faema-enova-a1\/"]}]},{"@type":"ImageObject","inLanguage":"de","@id":"https:\/\/www.bertazzofood.com\/de\/prodotto\/espresso-kaffeemaschine-faema-enova-a1\/#primaryimage","url":"https:\/\/www.bertazzofood.com\/wp-content\/uploads\/2024\/06\/Faema-Enova-2.jpg","contentUrl":"https:\/\/www.bertazzofood.com\/wp-content\/uploads\/2024\/06\/Faema-Enova-2.jpg","width":800,"height":800},{"@type":"BreadcrumbList","@id":"https:\/\/www.bertazzofood.com\/de\/prodotto\/espresso-kaffeemaschine-faema-enova-a1\/#breadcrumb","itemListElement":[{"@type":"ListItem","position":1,"name":"Home","item":"https:\/\/www.bertazzofood.com\/de\/homepage\/"},{"@type":"ListItem","position":2,"name":"Produkte","item":"https:\/\/www.bertazzofood.com\/de\/shop\/"},{"@type":"ListItem","position":3,"name":"Espresso Kaffeemaschine FAEMA ENOVA A1"}]},{"@type":"WebSite","@id":"https:\/\/www.bertazzofood.com\/de\/#website","url":"https:\/\/www.bertazzofood.com\/de\/","name":"Bertazzo Food","description":"Prodotti Alimentari Italiani Online e Macchine Da Caff\u00e8","publisher":{"@id":"https:\/\/www.bertazzofood.com\/de\/#organization"},"potentialAction":[{"@type":"SearchAction","target":{"@type":"EntryPoint","urlTemplate":"https:\/\/www.bertazzofood.com\/de\/?s={search_term_string}"},"query-input":{"@type":"PropertyValueSpecification","valueRequired":true,"valueName":"search_term_string"}}],"inLanguage":"de"},{"@type":"Organization","@id":"https:\/\/www.bertazzofood.com\/de\/#organization","name":"Bertazzo Italian Quality Food S.a.s. di Bertazzo Fabio & C.","alternateName":"Bertazzo Food","url":"https:\/\/www.bertazzofood.com\/de\/","logo":{"@type":"ImageObject","inLanguage":"de","@id":"https:\/\/www.bertazzofood.com\/de\/#\/schema\/logo\/image\/","url":"https:\/\/www.bertazzofood.com\/wp-content\/uploads\/2024\/06\/logo-bertazzo.webp","contentUrl":"https:\/\/www.bertazzofood.com\/wp-content\/uploads\/2024\/06\/logo-bertazzo.webp","width":410,"height":166,"caption":"Bertazzo Italian Quality Food S.a.s. di Bertazzo Fabio & C."},"image":{"@id":"https:\/\/www.bertazzofood.com\/de\/#\/schema\/logo\/image\/"},"sameAs":["https:\/\/www.facebook.com\/BertazzoItalianQualityFood","https:\/\/www.instagram.com\/bertazzo_italian_quality_food\/"]}]}},"_links":{"self":[{"href":"https:\/\/www.bertazzofood.com\/de\/wp-json\/wp\/v2\/product\/10879","targetHints":{"allow":["GET"]}}],"collection":[{"href":"https:\/\/www.bertazzofood.com\/de\/wp-json\/wp\/v2\/product"}],"about":[{"href":"https:\/\/www.bertazzofood.com\/de\/wp-json\/wp\/v2\/types\/product"}],"replies":[{"embeddable":true,"href":"https:\/\/www.bertazzofood.com\/de\/wp-json\/wp\/v2\/comments?post=10879"}],"version-history":[{"count":0,"href":"https:\/\/www.bertazzofood.com\/de\/wp-json\/wp\/v2\/product\/10879\/revisions"}],"wp:featuredmedia":[{"embeddable":true,"href":"https:\/\/www.bertazzofood.com\/de\/wp-json\/wp\/v2\/media\/4278"}],"wp:attachment":[{"href":"https:\/\/www.bertazzofood.com\/de\/wp-json\/wp\/v2\/media?parent=10879"}],"wp:term":[{"taxonomy":"product_brand","embeddable":true,"href":"https:\/\/www.bertazzofood.com\/de\/wp-json\/wp\/v2\/product_brand?post=10879"},{"taxonomy":"product_cat","embeddable":true,"href":"https:\/\/www.bertazzofood.com\/de\/wp-json\/wp\/v2\/product_cat?post=10879"},{"taxonomy":"product_tag","embeddable":true,"href":"https:\/\/www.bertazzofood.com\/de\/wp-json\/wp\/v2\/product_tag?post=10879"},{"taxonomy":"brands","embeddable":true,"href":"https:\/\/www.bertazzofood.com\/de\/wp-json\/wp\/v2\/brands?post=10879"},{"taxonomy":"flag_home","embeddable":true,"href":"https:\/\/www.bertazzofood.com\/de\/wp-json\/wp\/v2\/flag_home?post=10879"}],"curies":[{"name":"wp","href":"https:\/\/api.w.org\/{rel}","templated":true}]}}