{"id":10859,"date":"2020-01-24T08:30:08","date_gmt":"2020-01-24T07:30:08","guid":{"rendered":"https:\/\/thegarden.it\/staging8\/prodotto\/kaffeemuehle-eureka-zenith-65-e-hs-chrom\/"},"modified":"2024-06-23T22:29:26","modified_gmt":"2024-06-23T20:29:26","slug":"kaffeemuehle-eureka-zenith-65-e-hs-chrom","status":"publish","type":"product","link":"https:\/\/www.bertazzofood.com\/de\/prodotto\/kaffeemuehle-eureka-zenith-65-e-hs-chrom\/","title":{"rendered":"Kaffeem\u00fchle Eureka ZENITH 65 E HS Chrom"},"content":{"rendered":"<p>Kaffeem\u00fchle\u00a0<strong><em>Eureka ZENITH 65 E Hi-Speed<\/em><\/strong>: Portionsgenaue Vermahlung (on-demand) mit stufenloser und hoch pr\u00e4ziser Mahlgradverstellung. Elektronische Dosierungsteuerung: Einfacher und doppelter Bezug, unabh\u00e4ngig einstellbar, sowie kontinuierliche Vermahlung. Digitaler Portionsz\u00e4hler mit Reset-M\u00f6glichkeit und Sperrfunktion der einzelnen Dosen. Beleuchtung oberhalb der Siebtr\u00e4gerhalterung.<\/p>\n<p><strong>M\u00dcHLEN:<\/strong><\/p>\n<p>Typ: Flach<br \/>\nDurchmesser: 65 mm<br \/>\nMaterial: Geh\u00e4rteter Stahl<\/p>\n<p><strong>DOSER:<\/strong><\/p>\n<p>Display: Ja<\/p>\n<p>Dosenz\u00e4hler: Ja<br \/>\nIntervallTimer: 1 \u2013 20 sek<\/p>\n<p id=\"tw-target-text\" class=\"tw-data-text tw-ta tw-text-medium\" data-placeholder=\"Traduzione\">Filterhalter Beleuchtung<\/p>\n<p data-placeholder=\"Traduzione\">Einstellbarer F\u00f6rderkanal<\/p>\n<p><strong>MOTOR:<\/strong><\/p>\n<p>Antrieb: Direkt<br \/>\nUmdrehungen\/Minute: 1310 rpm<br \/>\nLesitung: 510 watt<br \/>\nVersorgung: Einphasig<\/p>\n<p><strong>VERSCHIEDENE:<\/strong><\/p>\n<p>Verf\u00fcgbare Version: Elektronische<br \/>\nStufenloser Mahlgradverstellung: Ja<br \/>\nF\u00fcllmenge Bohnenbeh\u00e4lter: 1,2 kg<br \/>\nLeistung\/h: 5,5 kg\/h<\/p>\n<p>ACE System<br \/>\n\u201cHigh Speed\u201d Maintenance<br \/>\nAll-Purpose Fork for \u201cHands-Free\u201d Operations<br \/>\nGewicht: 11,8 kg<\/p>\n<p><strong>24 Monate Garantie<\/strong>.<\/p>\n<p><strong>Versand kostenlos<\/strong>.<\/p>\n","protected":false},"excerpt":{"rendered":"<p>Kaffeem\u00fchle\u00a0Eureka ZENITH 65 E Hi-Speed: Portionsgenaue Vermahlung (on-demand) mit stufenloser und hoch pr\u00e4ziser Mahlgradverstellung. Elektronische Dosierungsteuerung: Einfacher und doppelter Bezug, unabh\u00e4ngig einstellbar, sowie kontinuierliche Vermahlung. Digitaler Portionsz\u00e4hler mit Reset-M\u00f6glichkeit und Sperrfunktion der einzelnen Dosen. Beleuchtung oberhalb der Siebtr\u00e4gerhalterung. M\u00dcHLEN: Typ: Flach Durchmesser: 65 mm Material: Geh\u00e4rteter Stahl DOSER: Display: Ja Dosenz\u00e4hler: Ja IntervallTimer: 1 \u2013 [&hellip;]<\/p>\n","protected":false},"featured_media":4237,"comment_status":"open","ping_status":"closed","template":"","meta":{"_acf_changed":false,"iawp_total_views":14},"product_brand":[],"product_cat":[1155,1178],"product_tag":[1557],"brands":[1705],"flag_home":[],"class_list":{"0":"post-10859","1":"product","2":"type-product","3":"status-publish","4":"has-post-thumbnail","6":"product_cat-kaffeemaschinen-zubehoer","7":"product_cat-kaffeemuehlen","8":"product_tag-ads-ottobre-2024-de","9":"pa_diametro-macine-65-mm","10":"pa_garanzia-24-monate","11":"pa_tipo-macinacaffe-on-demand-de","12":"brands-eureka","14":"first","15":"outofstock","16":"taxable","17":"shipping-taxable","18":"purchasable","19":"product-type-simple"},"acf":[],"yoast_head":"<!-- This site is optimized with the Yoast SEO plugin v27.5 - https:\/\/yoast.com\/product\/yoast-seo-wordpress\/ -->\n<title>Kaffeem\u00fchle Eureka ZENITH 65 E HS Chrom<\/title>\n<meta name=\"robots\" content=\"index, follow, max-snippet:-1, max-image-preview:large, max-video-preview:-1\" \/>\n<link rel=\"canonical\" href=\"https:\/\/www.bertazzofood.com\/de\/prodotto\/kaffeemuehle-eureka-zenith-65-e-hs-chrom\/\" \/>\n<meta property=\"og:locale\" content=\"de_DE\" \/>\n<meta property=\"og:type\" content=\"article\" \/>\n<meta property=\"og:title\" content=\"Kaffeem\u00fchle Eureka ZENITH 65 E HS Chrom\" \/>\n<meta property=\"og:description\" content=\"Kaffeem\u00fchle\u00a0Eureka ZENITH 65 E Hi-Speed: Portionsgenaue Vermahlung (on-demand) mit stufenloser und hoch pr\u00e4ziser Mahlgradverstellung. Elektronische Dosierungsteuerung: Einfacher und doppelter Bezug, unabh\u00e4ngig einstellbar, sowie kontinuierliche Vermahlung. Digitaler Portionsz\u00e4hler mit Reset-M\u00f6glichkeit und Sperrfunktion der einzelnen Dosen. Beleuchtung oberhalb der Siebtr\u00e4gerhalterung. M\u00dcHLEN: Typ: Flach Durchmesser: 65 mm Material: Geh\u00e4rteter Stahl DOSER: Display: Ja Dosenz\u00e4hler: Ja IntervallTimer: 1 \u2013 [&hellip;]\" \/>\n<meta property=\"og:url\" content=\"https:\/\/www.bertazzofood.com\/de\/prodotto\/kaffeemuehle-eureka-zenith-65-e-hs-chrom\/\" \/>\n<meta property=\"og:site_name\" content=\"Bertazzo Food\" \/>\n<meta property=\"article:publisher\" content=\"https:\/\/www.facebook.com\/BertazzoItalianQualityFood\" \/>\n<meta property=\"article:modified_time\" content=\"2024-06-23T20:29:26+00:00\" \/>\n<meta property=\"og:image\" content=\"https:\/\/www.bertazzofood.com\/wp-content\/uploads\/2024\/06\/Zenith-65-E-HS-cromo-3-2.jpg\" \/>\n\t<meta property=\"og:image:width\" content=\"800\" \/>\n\t<meta property=\"og:image:height\" content=\"800\" \/>\n\t<meta property=\"og:image:type\" content=\"image\/jpeg\" \/>\n<meta name=\"twitter:card\" content=\"summary_large_image\" \/>\n<meta name=\"twitter:label1\" content=\"Gesch\u00e4tzte Lesezeit\" \/>\n\t<meta name=\"twitter:data1\" content=\"1\u00a0Minute\" \/>\n<script type=\"application\/ld+json\" class=\"yoast-schema-graph\">{\"@context\":\"https:\\\/\\\/schema.org\",\"@graph\":[{\"@type\":\"WebPage\",\"@id\":\"https:\\\/\\\/www.bertazzofood.com\\\/de\\\/prodotto\\\/kaffeemuehle-eureka-zenith-65-e-hs-chrom\\\/\",\"url\":\"https:\\\/\\\/www.bertazzofood.com\\\/de\\\/prodotto\\\/kaffeemuehle-eureka-zenith-65-e-hs-chrom\\\/\",\"name\":\"Kaffeem\u00fchle Eureka ZENITH 65 E HS Chrom\",\"isPartOf\":{\"@id\":\"https:\\\/\\\/www.bertazzofood.com\\\/de\\\/#website\"},\"primaryImageOfPage\":{\"@id\":\"https:\\\/\\\/www.bertazzofood.com\\\/de\\\/prodotto\\\/kaffeemuehle-eureka-zenith-65-e-hs-chrom\\\/#primaryimage\"},\"image\":{\"@id\":\"https:\\\/\\\/www.bertazzofood.com\\\/de\\\/prodotto\\\/kaffeemuehle-eureka-zenith-65-e-hs-chrom\\\/#primaryimage\"},\"thumbnailUrl\":\"https:\\\/\\\/www.bertazzofood.com\\\/wp-content\\\/uploads\\\/2024\\\/06\\\/Zenith-65-E-HS-cromo-3-2.jpg\",\"datePublished\":\"2020-01-24T07:30:08+00:00\",\"dateModified\":\"2024-06-23T20:29:26+00:00\",\"breadcrumb\":{\"@id\":\"https:\\\/\\\/www.bertazzofood.com\\\/de\\\/prodotto\\\/kaffeemuehle-eureka-zenith-65-e-hs-chrom\\\/#breadcrumb\"},\"inLanguage\":\"de\",\"potentialAction\":[{\"@type\":\"ReadAction\",\"target\":[\"https:\\\/\\\/www.bertazzofood.com\\\/de\\\/prodotto\\\/kaffeemuehle-eureka-zenith-65-e-hs-chrom\\\/\"]}]},{\"@type\":\"ImageObject\",\"inLanguage\":\"de\",\"@id\":\"https:\\\/\\\/www.bertazzofood.com\\\/de\\\/prodotto\\\/kaffeemuehle-eureka-zenith-65-e-hs-chrom\\\/#primaryimage\",\"url\":\"https:\\\/\\\/www.bertazzofood.com\\\/wp-content\\\/uploads\\\/2024\\\/06\\\/Zenith-65-E-HS-cromo-3-2.jpg\",\"contentUrl\":\"https:\\\/\\\/www.bertazzofood.com\\\/wp-content\\\/uploads\\\/2024\\\/06\\\/Zenith-65-E-HS-cromo-3-2.jpg\",\"width\":800,\"height\":800},{\"@type\":\"BreadcrumbList\",\"@id\":\"https:\\\/\\\/www.bertazzofood.com\\\/de\\\/prodotto\\\/kaffeemuehle-eureka-zenith-65-e-hs-chrom\\\/#breadcrumb\",\"itemListElement\":[{\"@type\":\"ListItem\",\"position\":1,\"name\":\"Home\",\"item\":\"https:\\\/\\\/www.bertazzofood.com\\\/de\\\/homepage\\\/\"},{\"@type\":\"ListItem\",\"position\":2,\"name\":\"Produkte\",\"item\":\"https:\\\/\\\/www.bertazzofood.com\\\/de\\\/shop\\\/\"},{\"@type\":\"ListItem\",\"position\":3,\"name\":\"Kaffeem\u00fchle Eureka ZENITH 65 E HS Chrom\"}]},{\"@type\":\"WebSite\",\"@id\":\"https:\\\/\\\/www.bertazzofood.com\\\/de\\\/#website\",\"url\":\"https:\\\/\\\/www.bertazzofood.com\\\/de\\\/\",\"name\":\"Bertazzo Food\",\"description\":\"Prodotti Alimentari Italiani Online e Macchine Da Caff\u00e8\",\"publisher\":{\"@id\":\"https:\\\/\\\/www.bertazzofood.com\\\/de\\\/#organization\"},\"potentialAction\":[{\"@type\":\"SearchAction\",\"target\":{\"@type\":\"EntryPoint\",\"urlTemplate\":\"https:\\\/\\\/www.bertazzofood.com\\\/de\\\/?s={search_term_string}\"},\"query-input\":{\"@type\":\"PropertyValueSpecification\",\"valueRequired\":true,\"valueName\":\"search_term_string\"}}],\"inLanguage\":\"de\"},{\"@type\":\"Organization\",\"@id\":\"https:\\\/\\\/www.bertazzofood.com\\\/de\\\/#organization\",\"name\":\"Bertazzo Italian Quality Food S.a.s. di Bertazzo Fabio & C.\",\"alternateName\":\"Bertazzo Food\",\"url\":\"https:\\\/\\\/www.bertazzofood.com\\\/de\\\/\",\"logo\":{\"@type\":\"ImageObject\",\"inLanguage\":\"de\",\"@id\":\"https:\\\/\\\/www.bertazzofood.com\\\/de\\\/#\\\/schema\\\/logo\\\/image\\\/\",\"url\":\"https:\\\/\\\/www.bertazzofood.com\\\/wp-content\\\/uploads\\\/2024\\\/06\\\/logo-bertazzo.webp\",\"contentUrl\":\"https:\\\/\\\/www.bertazzofood.com\\\/wp-content\\\/uploads\\\/2024\\\/06\\\/logo-bertazzo.webp\",\"width\":410,\"height\":166,\"caption\":\"Bertazzo Italian Quality Food S.a.s. di Bertazzo Fabio & C.\"},\"image\":{\"@id\":\"https:\\\/\\\/www.bertazzofood.com\\\/de\\\/#\\\/schema\\\/logo\\\/image\\\/\"},\"sameAs\":[\"https:\\\/\\\/www.facebook.com\\\/BertazzoItalianQualityFood\",\"https:\\\/\\\/www.instagram.com\\\/bertazzo_italian_quality_food\\\/\"]}]}<\/script>\n<!-- \/ Yoast SEO plugin. -->","yoast_head_json":{"title":"Kaffeem\u00fchle Eureka ZENITH 65 E HS Chrom","robots":{"index":"index","follow":"follow","max-snippet":"max-snippet:-1","max-image-preview":"max-image-preview:large","max-video-preview":"max-video-preview:-1"},"canonical":"https:\/\/www.bertazzofood.com\/de\/prodotto\/kaffeemuehle-eureka-zenith-65-e-hs-chrom\/","og_locale":"de_DE","og_type":"article","og_title":"Kaffeem\u00fchle Eureka ZENITH 65 E HS Chrom","og_description":"Kaffeem\u00fchle\u00a0Eureka ZENITH 65 E Hi-Speed: Portionsgenaue Vermahlung (on-demand) mit stufenloser und hoch pr\u00e4ziser Mahlgradverstellung. Elektronische Dosierungsteuerung: Einfacher und doppelter Bezug, unabh\u00e4ngig einstellbar, sowie kontinuierliche Vermahlung. Digitaler Portionsz\u00e4hler mit Reset-M\u00f6glichkeit und Sperrfunktion der einzelnen Dosen. Beleuchtung oberhalb der Siebtr\u00e4gerhalterung. M\u00dcHLEN: Typ: Flach Durchmesser: 65 mm Material: Geh\u00e4rteter Stahl DOSER: Display: Ja Dosenz\u00e4hler: Ja IntervallTimer: 1 \u2013 [&hellip;]","og_url":"https:\/\/www.bertazzofood.com\/de\/prodotto\/kaffeemuehle-eureka-zenith-65-e-hs-chrom\/","og_site_name":"Bertazzo Food","article_publisher":"https:\/\/www.facebook.com\/BertazzoItalianQualityFood","article_modified_time":"2024-06-23T20:29:26+00:00","og_image":[{"width":800,"height":800,"url":"https:\/\/www.bertazzofood.com\/wp-content\/uploads\/2024\/06\/Zenith-65-E-HS-cromo-3-2.jpg","type":"image\/jpeg"}],"twitter_card":"summary_large_image","twitter_misc":{"Gesch\u00e4tzte Lesezeit":"1\u00a0Minute"},"schema":{"@context":"https:\/\/schema.org","@graph":[{"@type":"WebPage","@id":"https:\/\/www.bertazzofood.com\/de\/prodotto\/kaffeemuehle-eureka-zenith-65-e-hs-chrom\/","url":"https:\/\/www.bertazzofood.com\/de\/prodotto\/kaffeemuehle-eureka-zenith-65-e-hs-chrom\/","name":"Kaffeem\u00fchle Eureka ZENITH 65 E HS Chrom","isPartOf":{"@id":"https:\/\/www.bertazzofood.com\/de\/#website"},"primaryImageOfPage":{"@id":"https:\/\/www.bertazzofood.com\/de\/prodotto\/kaffeemuehle-eureka-zenith-65-e-hs-chrom\/#primaryimage"},"image":{"@id":"https:\/\/www.bertazzofood.com\/de\/prodotto\/kaffeemuehle-eureka-zenith-65-e-hs-chrom\/#primaryimage"},"thumbnailUrl":"https:\/\/www.bertazzofood.com\/wp-content\/uploads\/2024\/06\/Zenith-65-E-HS-cromo-3-2.jpg","datePublished":"2020-01-24T07:30:08+00:00","dateModified":"2024-06-23T20:29:26+00:00","breadcrumb":{"@id":"https:\/\/www.bertazzofood.com\/de\/prodotto\/kaffeemuehle-eureka-zenith-65-e-hs-chrom\/#breadcrumb"},"inLanguage":"de","potentialAction":[{"@type":"ReadAction","target":["https:\/\/www.bertazzofood.com\/de\/prodotto\/kaffeemuehle-eureka-zenith-65-e-hs-chrom\/"]}]},{"@type":"ImageObject","inLanguage":"de","@id":"https:\/\/www.bertazzofood.com\/de\/prodotto\/kaffeemuehle-eureka-zenith-65-e-hs-chrom\/#primaryimage","url":"https:\/\/www.bertazzofood.com\/wp-content\/uploads\/2024\/06\/Zenith-65-E-HS-cromo-3-2.jpg","contentUrl":"https:\/\/www.bertazzofood.com\/wp-content\/uploads\/2024\/06\/Zenith-65-E-HS-cromo-3-2.jpg","width":800,"height":800},{"@type":"BreadcrumbList","@id":"https:\/\/www.bertazzofood.com\/de\/prodotto\/kaffeemuehle-eureka-zenith-65-e-hs-chrom\/#breadcrumb","itemListElement":[{"@type":"ListItem","position":1,"name":"Home","item":"https:\/\/www.bertazzofood.com\/de\/homepage\/"},{"@type":"ListItem","position":2,"name":"Produkte","item":"https:\/\/www.bertazzofood.com\/de\/shop\/"},{"@type":"ListItem","position":3,"name":"Kaffeem\u00fchle Eureka ZENITH 65 E HS Chrom"}]},{"@type":"WebSite","@id":"https:\/\/www.bertazzofood.com\/de\/#website","url":"https:\/\/www.bertazzofood.com\/de\/","name":"Bertazzo Food","description":"Prodotti Alimentari Italiani Online e Macchine Da Caff\u00e8","publisher":{"@id":"https:\/\/www.bertazzofood.com\/de\/#organization"},"potentialAction":[{"@type":"SearchAction","target":{"@type":"EntryPoint","urlTemplate":"https:\/\/www.bertazzofood.com\/de\/?s={search_term_string}"},"query-input":{"@type":"PropertyValueSpecification","valueRequired":true,"valueName":"search_term_string"}}],"inLanguage":"de"},{"@type":"Organization","@id":"https:\/\/www.bertazzofood.com\/de\/#organization","name":"Bertazzo Italian Quality Food S.a.s. di Bertazzo Fabio & C.","alternateName":"Bertazzo Food","url":"https:\/\/www.bertazzofood.com\/de\/","logo":{"@type":"ImageObject","inLanguage":"de","@id":"https:\/\/www.bertazzofood.com\/de\/#\/schema\/logo\/image\/","url":"https:\/\/www.bertazzofood.com\/wp-content\/uploads\/2024\/06\/logo-bertazzo.webp","contentUrl":"https:\/\/www.bertazzofood.com\/wp-content\/uploads\/2024\/06\/logo-bertazzo.webp","width":410,"height":166,"caption":"Bertazzo Italian Quality Food S.a.s. di Bertazzo Fabio & C."},"image":{"@id":"https:\/\/www.bertazzofood.com\/de\/#\/schema\/logo\/image\/"},"sameAs":["https:\/\/www.facebook.com\/BertazzoItalianQualityFood","https:\/\/www.instagram.com\/bertazzo_italian_quality_food\/"]}]}},"_links":{"self":[{"href":"https:\/\/www.bertazzofood.com\/de\/wp-json\/wp\/v2\/product\/10859","targetHints":{"allow":["GET"]}}],"collection":[{"href":"https:\/\/www.bertazzofood.com\/de\/wp-json\/wp\/v2\/product"}],"about":[{"href":"https:\/\/www.bertazzofood.com\/de\/wp-json\/wp\/v2\/types\/product"}],"replies":[{"embeddable":true,"href":"https:\/\/www.bertazzofood.com\/de\/wp-json\/wp\/v2\/comments?post=10859"}],"version-history":[{"count":0,"href":"https:\/\/www.bertazzofood.com\/de\/wp-json\/wp\/v2\/product\/10859\/revisions"}],"wp:featuredmedia":[{"embeddable":true,"href":"https:\/\/www.bertazzofood.com\/de\/wp-json\/wp\/v2\/media\/4237"}],"wp:attachment":[{"href":"https:\/\/www.bertazzofood.com\/de\/wp-json\/wp\/v2\/media?parent=10859"}],"wp:term":[{"taxonomy":"product_brand","embeddable":true,"href":"https:\/\/www.bertazzofood.com\/de\/wp-json\/wp\/v2\/product_brand?post=10859"},{"taxonomy":"product_cat","embeddable":true,"href":"https:\/\/www.bertazzofood.com\/de\/wp-json\/wp\/v2\/product_cat?post=10859"},{"taxonomy":"product_tag","embeddable":true,"href":"https:\/\/www.bertazzofood.com\/de\/wp-json\/wp\/v2\/product_tag?post=10859"},{"taxonomy":"brands","embeddable":true,"href":"https:\/\/www.bertazzofood.com\/de\/wp-json\/wp\/v2\/brands?post=10859"},{"taxonomy":"flag_home","embeddable":true,"href":"https:\/\/www.bertazzofood.com\/de\/wp-json\/wp\/v2\/flag_home?post=10859"}],"curies":[{"name":"wp","href":"https:\/\/api.w.org\/{rel}","templated":true}]}}