{"id":10836,"date":"2020-01-24T08:29:27","date_gmt":"2020-01-24T07:29:27","guid":{"rendered":"https:\/\/thegarden.it\/staging8\/prodotto\/la-san-marco-top-85-sprint-2gr-rot\/"},"modified":"2024-06-23T22:29:24","modified_gmt":"2024-06-23T20:29:24","slug":"la-san-marco-top-85-sprint-2gr-rot","status":"publish","type":"product","link":"https:\/\/www.bertazzofood.com\/de\/prodotto\/la-san-marco-top-85-sprint-2gr-rot\/","title":{"rendered":"La San Marco Top 85 Sprint 2GR Rot"},"content":{"rendered":"<p><em><strong>La San Marco TOP 85<\/strong><\/em> stellt die technische Evolution der traditionellen, bekannten und Italien sowie weltweit beliebten Baureihe 85 dar. Zus\u00e4tzlich zu den renommierten Eigenschaften wie Robustheit und Zuverl\u00e4ssigkeit verf\u00fcgt die TOP 85 \u00fcber ein modernes Display, eine LED Beleuchtung der Arbeitsfl\u00e4che in den verschiedenen Grundfarben und einer automatisch-elektronischen Einstellung der Temperatur im Kessel.<\/p>\n<p>Die inneren Komponenten werden nur aus den besten Materialien (wie Messing, Kupfer und rostfreier Edelstahl) hergestellt. Die Seiten des Aufbaus bestehen aus druckgegossenem Aluminium mit verschiedenen Beschichtungen. Die Materialien haben eine lange Lebensdauer, sind funktionell und leicht zu reinigen und erf\u00fcllen immer die hohen Qualit\u00e4tsstandards f\u00fcr die sich die Espresso-Kaffeemaschinen von La San Marco auszeichnen. Die optimal beleuchtete Arbeitsfl\u00e4che schafft eine malerische Wirkung, die sich harmonisch in jeden Einrichtungsstil passt.<br \/>\nJede Gruppe der Baureihe TOP 85 nutzt eine ergonomische, funktionale und beleuchtete Tastatur. Alle Tastaturen sind elektronisch an ein Grafikdisplay angeschlossen, das die ausf\u00fchrbare Programmierung durch die Tastatur integriert. Auf diese Weise sind weitere Einstellungen und Regulierungen m\u00f6glich und der Bediener erh\u00e4lt so n\u00fctzliche Informationen.<\/p>\n<p>Technische Daten:<\/p>\n<p>\u2022Boiler capacity 5L<\/p>\n<p>\u2022LED-Wasserstandanzeige<\/p>\n<p>\u2022Tastatur mit 4 programmierbaren Kaffeedosierungen sowie eine Start-\/Stopp-Taste f\u00fcr die Gruppe<\/p>\n<p>\u2022Nr. 1 manuell mit Hebel bet\u00e4tigter Hahn f\u00fcr Hei\u00dfwasser<\/p>\n<p>\u2022Nr. 2 manuell mit Hebel bet\u00e4tigte Dampfh\u00e4hne<\/p>\n<p>\u2022Tassenablage aus Edelstahl<\/p>\n<p>\u2022Edelstahloberfl\u00e4che gegen Fingerabdr\u00fccke<\/p>\n<p>\u2022Automatischer Reinigungszyklus<\/p>\n<p>\u2022Mit LED beleuchtete Tastatur<\/p>\n<p>\u2022Beleuchtung der Arbeitsfl\u00e4che mittels LED-Technologie mit 4 programmierbaren Farben (Wei\u00df, Blau, Rot, Gr\u00fcn)<\/p>\n<p>\u2022Elektronisch-automatische Regulierung der Temperatur im Kessel<\/p>\n<p>\u2022Temperaturregulierung mittels Durchflussregler f\u00fcr jede einzelne Gruppe<\/p>\n<p>\u202253 mm Siebtr\u00e4ger<\/p>\n<p>\u2022Net Weight 51 kg<\/p>\n<p>\u2022Power 3200 W<\/p>\n<p><strong>24 Monate Garantie<\/strong>.<\/p>\n<p><strong>Versand kostenlos<\/strong>.<\/p>\n","protected":false},"excerpt":{"rendered":"<p>La San Marco TOP 85 stellt die technische Evolution der traditionellen, bekannten und Italien sowie weltweit beliebten Baureihe 85 dar. Zus\u00e4tzlich zu den renommierten Eigenschaften wie Robustheit und Zuverl\u00e4ssigkeit verf\u00fcgt die TOP 85 \u00fcber ein modernes Display, eine LED Beleuchtung der Arbeitsfl\u00e4che in den verschiedenen Grundfarben und einer automatisch-elektronischen Einstellung der Temperatur im Kessel. Die [&hellip;]<\/p>\n","protected":false},"featured_media":4214,"comment_status":"open","ping_status":"closed","template":"","meta":{"_acf_changed":false,"iawp_total_views":205},"product_brand":[],"product_cat":[1176,1155],"product_tag":[],"brands":[1714],"flag_home":[],"class_list":{"0":"post-10836","1":"product","2":"type-product","3":"status-publish","4":"has-post-thumbnail","6":"product_cat-espressomaschinen","7":"product_cat-kaffeemaschinen-zubehoer","8":"pa_garanzia-24-monate","9":"pa_tipo-di-alimentazione-acqua-ausfuehrung-mit-festwasseranschluss","10":"pa_tipo-di-caldaia-ein-kessel","11":"pa_tipo-di-pompa-rotationspumpe","12":"brands-la-san-marco","14":"first","15":"outofstock","16":"taxable","17":"shipping-taxable","18":"purchasable","19":"product-type-simple"},"acf":[],"yoast_head":"<!-- This site is optimized with the Yoast SEO plugin v27.5 - https:\/\/yoast.com\/product\/yoast-seo-wordpress\/ -->\n<title>La San Marco Top 85 Sprint 2GR Rot<\/title>\n<meta name=\"robots\" content=\"index, follow, max-snippet:-1, max-image-preview:large, max-video-preview:-1\" \/>\n<link rel=\"canonical\" href=\"https:\/\/www.bertazzofood.com\/de\/prodotto\/la-san-marco-top-85-sprint-2gr-rot\/\" \/>\n<meta property=\"og:locale\" content=\"de_DE\" \/>\n<meta property=\"og:type\" content=\"article\" \/>\n<meta property=\"og:title\" content=\"La San Marco Top 85 Sprint 2GR Rot\" \/>\n<meta property=\"og:description\" content=\"La San Marco TOP 85 stellt die technische Evolution der traditionellen, bekannten und Italien sowie weltweit beliebten Baureihe 85 dar. Zus\u00e4tzlich zu den renommierten Eigenschaften wie Robustheit und Zuverl\u00e4ssigkeit verf\u00fcgt die TOP 85 \u00fcber ein modernes Display, eine LED Beleuchtung der Arbeitsfl\u00e4che in den verschiedenen Grundfarben und einer automatisch-elektronischen Einstellung der Temperatur im Kessel. Die [&hellip;]\" \/>\n<meta property=\"og:url\" content=\"https:\/\/www.bertazzofood.com\/de\/prodotto\/la-san-marco-top-85-sprint-2gr-rot\/\" \/>\n<meta property=\"og:site_name\" content=\"Bertazzo Food\" \/>\n<meta property=\"article:publisher\" content=\"https:\/\/www.facebook.com\/BertazzoItalianQualityFood\" \/>\n<meta property=\"article:modified_time\" content=\"2024-06-23T20:29:24+00:00\" \/>\n<meta property=\"og:image\" content=\"https:\/\/www.bertazzofood.com\/wp-content\/uploads\/2024\/06\/La-San-Marco-Top-85-Sprint-rossa-2.jpg\" \/>\n\t<meta property=\"og:image:width\" content=\"800\" \/>\n\t<meta property=\"og:image:height\" content=\"800\" \/>\n\t<meta property=\"og:image:type\" content=\"image\/jpeg\" \/>\n<meta name=\"twitter:card\" content=\"summary_large_image\" \/>\n<meta name=\"twitter:label1\" content=\"Gesch\u00e4tzte Lesezeit\" \/>\n\t<meta name=\"twitter:data1\" content=\"1\u00a0Minute\" \/>\n<script type=\"application\/ld+json\" class=\"yoast-schema-graph\">{\"@context\":\"https:\\\/\\\/schema.org\",\"@graph\":[{\"@type\":\"WebPage\",\"@id\":\"https:\\\/\\\/www.bertazzofood.com\\\/de\\\/prodotto\\\/la-san-marco-top-85-sprint-2gr-rot\\\/\",\"url\":\"https:\\\/\\\/www.bertazzofood.com\\\/de\\\/prodotto\\\/la-san-marco-top-85-sprint-2gr-rot\\\/\",\"name\":\"La San Marco Top 85 Sprint 2GR Rot\",\"isPartOf\":{\"@id\":\"https:\\\/\\\/www.bertazzofood.com\\\/de\\\/#website\"},\"primaryImageOfPage\":{\"@id\":\"https:\\\/\\\/www.bertazzofood.com\\\/de\\\/prodotto\\\/la-san-marco-top-85-sprint-2gr-rot\\\/#primaryimage\"},\"image\":{\"@id\":\"https:\\\/\\\/www.bertazzofood.com\\\/de\\\/prodotto\\\/la-san-marco-top-85-sprint-2gr-rot\\\/#primaryimage\"},\"thumbnailUrl\":\"https:\\\/\\\/www.bertazzofood.com\\\/wp-content\\\/uploads\\\/2024\\\/06\\\/La-San-Marco-Top-85-Sprint-rossa-2.jpg\",\"datePublished\":\"2020-01-24T07:29:27+00:00\",\"dateModified\":\"2024-06-23T20:29:24+00:00\",\"breadcrumb\":{\"@id\":\"https:\\\/\\\/www.bertazzofood.com\\\/de\\\/prodotto\\\/la-san-marco-top-85-sprint-2gr-rot\\\/#breadcrumb\"},\"inLanguage\":\"de\",\"potentialAction\":[{\"@type\":\"ReadAction\",\"target\":[\"https:\\\/\\\/www.bertazzofood.com\\\/de\\\/prodotto\\\/la-san-marco-top-85-sprint-2gr-rot\\\/\"]}]},{\"@type\":\"ImageObject\",\"inLanguage\":\"de\",\"@id\":\"https:\\\/\\\/www.bertazzofood.com\\\/de\\\/prodotto\\\/la-san-marco-top-85-sprint-2gr-rot\\\/#primaryimage\",\"url\":\"https:\\\/\\\/www.bertazzofood.com\\\/wp-content\\\/uploads\\\/2024\\\/06\\\/La-San-Marco-Top-85-Sprint-rossa-2.jpg\",\"contentUrl\":\"https:\\\/\\\/www.bertazzofood.com\\\/wp-content\\\/uploads\\\/2024\\\/06\\\/La-San-Marco-Top-85-Sprint-rossa-2.jpg\",\"width\":800,\"height\":800},{\"@type\":\"BreadcrumbList\",\"@id\":\"https:\\\/\\\/www.bertazzofood.com\\\/de\\\/prodotto\\\/la-san-marco-top-85-sprint-2gr-rot\\\/#breadcrumb\",\"itemListElement\":[{\"@type\":\"ListItem\",\"position\":1,\"name\":\"Home\",\"item\":\"https:\\\/\\\/www.bertazzofood.com\\\/de\\\/homepage\\\/\"},{\"@type\":\"ListItem\",\"position\":2,\"name\":\"Produkte\",\"item\":\"https:\\\/\\\/www.bertazzofood.com\\\/de\\\/shop\\\/\"},{\"@type\":\"ListItem\",\"position\":3,\"name\":\"La San Marco Top 85 Sprint 2GR Rot\"}]},{\"@type\":\"WebSite\",\"@id\":\"https:\\\/\\\/www.bertazzofood.com\\\/de\\\/#website\",\"url\":\"https:\\\/\\\/www.bertazzofood.com\\\/de\\\/\",\"name\":\"Bertazzo Food\",\"description\":\"Prodotti Alimentari Italiani Online e Macchine Da Caff\u00e8\",\"publisher\":{\"@id\":\"https:\\\/\\\/www.bertazzofood.com\\\/de\\\/#organization\"},\"potentialAction\":[{\"@type\":\"SearchAction\",\"target\":{\"@type\":\"EntryPoint\",\"urlTemplate\":\"https:\\\/\\\/www.bertazzofood.com\\\/de\\\/?s={search_term_string}\"},\"query-input\":{\"@type\":\"PropertyValueSpecification\",\"valueRequired\":true,\"valueName\":\"search_term_string\"}}],\"inLanguage\":\"de\"},{\"@type\":\"Organization\",\"@id\":\"https:\\\/\\\/www.bertazzofood.com\\\/de\\\/#organization\",\"name\":\"Bertazzo Italian Quality Food S.a.s. di Bertazzo Fabio & C.\",\"alternateName\":\"Bertazzo Food\",\"url\":\"https:\\\/\\\/www.bertazzofood.com\\\/de\\\/\",\"logo\":{\"@type\":\"ImageObject\",\"inLanguage\":\"de\",\"@id\":\"https:\\\/\\\/www.bertazzofood.com\\\/de\\\/#\\\/schema\\\/logo\\\/image\\\/\",\"url\":\"https:\\\/\\\/www.bertazzofood.com\\\/wp-content\\\/uploads\\\/2024\\\/06\\\/logo-bertazzo.webp\",\"contentUrl\":\"https:\\\/\\\/www.bertazzofood.com\\\/wp-content\\\/uploads\\\/2024\\\/06\\\/logo-bertazzo.webp\",\"width\":410,\"height\":166,\"caption\":\"Bertazzo Italian Quality Food S.a.s. di Bertazzo Fabio & C.\"},\"image\":{\"@id\":\"https:\\\/\\\/www.bertazzofood.com\\\/de\\\/#\\\/schema\\\/logo\\\/image\\\/\"},\"sameAs\":[\"https:\\\/\\\/www.facebook.com\\\/BertazzoItalianQualityFood\",\"https:\\\/\\\/www.instagram.com\\\/bertazzo_italian_quality_food\\\/\"]}]}<\/script>\n<!-- \/ Yoast SEO plugin. -->","yoast_head_json":{"title":"La San Marco Top 85 Sprint 2GR Rot","robots":{"index":"index","follow":"follow","max-snippet":"max-snippet:-1","max-image-preview":"max-image-preview:large","max-video-preview":"max-video-preview:-1"},"canonical":"https:\/\/www.bertazzofood.com\/de\/prodotto\/la-san-marco-top-85-sprint-2gr-rot\/","og_locale":"de_DE","og_type":"article","og_title":"La San Marco Top 85 Sprint 2GR Rot","og_description":"La San Marco TOP 85 stellt die technische Evolution der traditionellen, bekannten und Italien sowie weltweit beliebten Baureihe 85 dar. Zus\u00e4tzlich zu den renommierten Eigenschaften wie Robustheit und Zuverl\u00e4ssigkeit verf\u00fcgt die TOP 85 \u00fcber ein modernes Display, eine LED Beleuchtung der Arbeitsfl\u00e4che in den verschiedenen Grundfarben und einer automatisch-elektronischen Einstellung der Temperatur im Kessel. Die [&hellip;]","og_url":"https:\/\/www.bertazzofood.com\/de\/prodotto\/la-san-marco-top-85-sprint-2gr-rot\/","og_site_name":"Bertazzo Food","article_publisher":"https:\/\/www.facebook.com\/BertazzoItalianQualityFood","article_modified_time":"2024-06-23T20:29:24+00:00","og_image":[{"width":800,"height":800,"url":"https:\/\/www.bertazzofood.com\/wp-content\/uploads\/2024\/06\/La-San-Marco-Top-85-Sprint-rossa-2.jpg","type":"image\/jpeg"}],"twitter_card":"summary_large_image","twitter_misc":{"Gesch\u00e4tzte Lesezeit":"1\u00a0Minute"},"schema":{"@context":"https:\/\/schema.org","@graph":[{"@type":"WebPage","@id":"https:\/\/www.bertazzofood.com\/de\/prodotto\/la-san-marco-top-85-sprint-2gr-rot\/","url":"https:\/\/www.bertazzofood.com\/de\/prodotto\/la-san-marco-top-85-sprint-2gr-rot\/","name":"La San Marco Top 85 Sprint 2GR Rot","isPartOf":{"@id":"https:\/\/www.bertazzofood.com\/de\/#website"},"primaryImageOfPage":{"@id":"https:\/\/www.bertazzofood.com\/de\/prodotto\/la-san-marco-top-85-sprint-2gr-rot\/#primaryimage"},"image":{"@id":"https:\/\/www.bertazzofood.com\/de\/prodotto\/la-san-marco-top-85-sprint-2gr-rot\/#primaryimage"},"thumbnailUrl":"https:\/\/www.bertazzofood.com\/wp-content\/uploads\/2024\/06\/La-San-Marco-Top-85-Sprint-rossa-2.jpg","datePublished":"2020-01-24T07:29:27+00:00","dateModified":"2024-06-23T20:29:24+00:00","breadcrumb":{"@id":"https:\/\/www.bertazzofood.com\/de\/prodotto\/la-san-marco-top-85-sprint-2gr-rot\/#breadcrumb"},"inLanguage":"de","potentialAction":[{"@type":"ReadAction","target":["https:\/\/www.bertazzofood.com\/de\/prodotto\/la-san-marco-top-85-sprint-2gr-rot\/"]}]},{"@type":"ImageObject","inLanguage":"de","@id":"https:\/\/www.bertazzofood.com\/de\/prodotto\/la-san-marco-top-85-sprint-2gr-rot\/#primaryimage","url":"https:\/\/www.bertazzofood.com\/wp-content\/uploads\/2024\/06\/La-San-Marco-Top-85-Sprint-rossa-2.jpg","contentUrl":"https:\/\/www.bertazzofood.com\/wp-content\/uploads\/2024\/06\/La-San-Marco-Top-85-Sprint-rossa-2.jpg","width":800,"height":800},{"@type":"BreadcrumbList","@id":"https:\/\/www.bertazzofood.com\/de\/prodotto\/la-san-marco-top-85-sprint-2gr-rot\/#breadcrumb","itemListElement":[{"@type":"ListItem","position":1,"name":"Home","item":"https:\/\/www.bertazzofood.com\/de\/homepage\/"},{"@type":"ListItem","position":2,"name":"Produkte","item":"https:\/\/www.bertazzofood.com\/de\/shop\/"},{"@type":"ListItem","position":3,"name":"La San Marco Top 85 Sprint 2GR Rot"}]},{"@type":"WebSite","@id":"https:\/\/www.bertazzofood.com\/de\/#website","url":"https:\/\/www.bertazzofood.com\/de\/","name":"Bertazzo Food","description":"Prodotti Alimentari Italiani Online e Macchine Da Caff\u00e8","publisher":{"@id":"https:\/\/www.bertazzofood.com\/de\/#organization"},"potentialAction":[{"@type":"SearchAction","target":{"@type":"EntryPoint","urlTemplate":"https:\/\/www.bertazzofood.com\/de\/?s={search_term_string}"},"query-input":{"@type":"PropertyValueSpecification","valueRequired":true,"valueName":"search_term_string"}}],"inLanguage":"de"},{"@type":"Organization","@id":"https:\/\/www.bertazzofood.com\/de\/#organization","name":"Bertazzo Italian Quality Food S.a.s. di Bertazzo Fabio & C.","alternateName":"Bertazzo Food","url":"https:\/\/www.bertazzofood.com\/de\/","logo":{"@type":"ImageObject","inLanguage":"de","@id":"https:\/\/www.bertazzofood.com\/de\/#\/schema\/logo\/image\/","url":"https:\/\/www.bertazzofood.com\/wp-content\/uploads\/2024\/06\/logo-bertazzo.webp","contentUrl":"https:\/\/www.bertazzofood.com\/wp-content\/uploads\/2024\/06\/logo-bertazzo.webp","width":410,"height":166,"caption":"Bertazzo Italian Quality Food S.a.s. di Bertazzo Fabio & C."},"image":{"@id":"https:\/\/www.bertazzofood.com\/de\/#\/schema\/logo\/image\/"},"sameAs":["https:\/\/www.facebook.com\/BertazzoItalianQualityFood","https:\/\/www.instagram.com\/bertazzo_italian_quality_food\/"]}]}},"_links":{"self":[{"href":"https:\/\/www.bertazzofood.com\/de\/wp-json\/wp\/v2\/product\/10836","targetHints":{"allow":["GET"]}}],"collection":[{"href":"https:\/\/www.bertazzofood.com\/de\/wp-json\/wp\/v2\/product"}],"about":[{"href":"https:\/\/www.bertazzofood.com\/de\/wp-json\/wp\/v2\/types\/product"}],"replies":[{"embeddable":true,"href":"https:\/\/www.bertazzofood.com\/de\/wp-json\/wp\/v2\/comments?post=10836"}],"version-history":[{"count":0,"href":"https:\/\/www.bertazzofood.com\/de\/wp-json\/wp\/v2\/product\/10836\/revisions"}],"wp:featuredmedia":[{"embeddable":true,"href":"https:\/\/www.bertazzofood.com\/de\/wp-json\/wp\/v2\/media\/4214"}],"wp:attachment":[{"href":"https:\/\/www.bertazzofood.com\/de\/wp-json\/wp\/v2\/media?parent=10836"}],"wp:term":[{"taxonomy":"product_brand","embeddable":true,"href":"https:\/\/www.bertazzofood.com\/de\/wp-json\/wp\/v2\/product_brand?post=10836"},{"taxonomy":"product_cat","embeddable":true,"href":"https:\/\/www.bertazzofood.com\/de\/wp-json\/wp\/v2\/product_cat?post=10836"},{"taxonomy":"product_tag","embeddable":true,"href":"https:\/\/www.bertazzofood.com\/de\/wp-json\/wp\/v2\/product_tag?post=10836"},{"taxonomy":"brands","embeddable":true,"href":"https:\/\/www.bertazzofood.com\/de\/wp-json\/wp\/v2\/brands?post=10836"},{"taxonomy":"flag_home","embeddable":true,"href":"https:\/\/www.bertazzofood.com\/de\/wp-json\/wp\/v2\/flag_home?post=10836"}],"curies":[{"name":"wp","href":"https:\/\/api.w.org\/{rel}","templated":true}]}}