{"id":10808,"date":"2020-01-24T08:26:42","date_gmt":"2020-01-24T07:26:42","guid":{"rendered":"https:\/\/thegarden.it\/staging8\/prodotto\/natives-olivenoel-extra-oliocru-aus-biologischem-anbau\/"},"modified":"2024-06-23T22:29:21","modified_gmt":"2024-06-23T20:29:21","slug":"natives-olivenoel-extra-oliocru-aus-biologischem-anbau","status":"publish","type":"product","link":"https:\/\/www.bertazzofood.com\/de\/prodotto\/natives-olivenoel-extra-oliocru-aus-biologischem-anbau\/","title":{"rendered":"Natives Oliven\u00f6l Extra OlioCru aus Biologischem Anbau"},"content":{"rendered":"<p>NATIVES OLIVEN\u00d6L EXTRA AUS GARDASEE OLIVEN AUS ZERTIFIZIERTEM BIOLOGISCHEN ANBAU.<\/p>\n<p>Das <em><strong>OLIOCRU BIOLOGICO<\/strong><\/em> ist das Ergebnis, wenn der Mensch die Erde und ihre Fr\u00fcchte liebt und achtet. Dieses angenehm milde \u00d6l mit seinem frischen Geschmack nach gr\u00fcnen Mandeln und wilden Disteln ist der urtypische Vertreter der \u00d6ltradition. Die Zertifizierung als biologisches Produkt ist nur ein kleines Detail zur weiteren Aufwertung dessen, was seit Jahrhunderten weltweit als einzige Anbautechnik praktiziert wird.<\/p>\n<p>Inklusiv Geschenkpackung.<\/p>\n","protected":false},"excerpt":{"rendered":"<p>NATIVES OLIVEN\u00d6L EXTRA AUS GARDASEE OLIVEN AUS ZERTIFIZIERTEM BIOLOGISCHEN ANBAU. Das OLIOCRU BIOLOGICO ist das Ergebnis, wenn der Mensch die Erde und ihre Fr\u00fcchte liebt und achtet. Dieses angenehm milde \u00d6l mit seinem frischen Geschmack nach gr\u00fcnen Mandeln und wilden Disteln ist der urtypische Vertreter der \u00d6ltradition. Die Zertifizierung als biologisches Produkt ist nur ein [&hellip;]<\/p>\n","protected":false},"featured_media":4132,"comment_status":"open","ping_status":"open","template":"","meta":{"_acf_changed":false,"iawp_total_views":2},"product_brand":[],"product_cat":[1153,1171],"product_tag":[],"brands":[1735],"flag_home":[],"class_list":{"0":"post-10808","1":"product","2":"type-product","3":"status-publish","4":"has-post-thumbnail","6":"product_cat-biologisches-native-olivenoel","7":"product_cat-natives-olivenoel-online-kaufen","8":"brands-oliocru","10":"first","11":"outofstock","12":"taxable","13":"shipping-taxable","14":"purchasable","15":"product-type-simple"},"acf":[],"yoast_head":"<!-- This site is optimized with the Yoast SEO plugin v27.5 - https:\/\/yoast.com\/product\/yoast-seo-wordpress\/ -->\n<title>Natives Oliven\u00f6l Extra OlioCru aus Biologischem Anbau<\/title>\n<meta name=\"robots\" content=\"index, follow, max-snippet:-1, max-image-preview:large, max-video-preview:-1\" \/>\n<link rel=\"canonical\" href=\"https:\/\/www.bertazzofood.com\/de\/prodotto\/natives-olivenoel-extra-oliocru-aus-biologischem-anbau\/\" \/>\n<meta property=\"og:locale\" content=\"de_DE\" \/>\n<meta property=\"og:type\" content=\"article\" \/>\n<meta property=\"og:title\" content=\"Natives Oliven\u00f6l Extra OlioCru aus Biologischem Anbau\" \/>\n<meta property=\"og:description\" content=\"NATIVES OLIVEN\u00d6L EXTRA AUS GARDASEE OLIVEN AUS ZERTIFIZIERTEM BIOLOGISCHEN ANBAU. Das OLIOCRU BIOLOGICO ist das Ergebnis, wenn der Mensch die Erde und ihre Fr\u00fcchte liebt und achtet. Dieses angenehm milde \u00d6l mit seinem frischen Geschmack nach gr\u00fcnen Mandeln und wilden Disteln ist der urtypische Vertreter der \u00d6ltradition. Die Zertifizierung als biologisches Produkt ist nur ein [&hellip;]\" \/>\n<meta property=\"og:url\" content=\"https:\/\/www.bertazzofood.com\/de\/prodotto\/natives-olivenoel-extra-oliocru-aus-biologischem-anbau\/\" \/>\n<meta property=\"og:site_name\" content=\"Bertazzo Food\" \/>\n<meta property=\"article:publisher\" content=\"https:\/\/www.facebook.com\/BertazzoItalianQualityFood\" \/>\n<meta property=\"article:modified_time\" content=\"2024-06-23T20:29:21+00:00\" \/>\n<meta property=\"og:image\" content=\"https:\/\/www.bertazzofood.com\/wp-content\/uploads\/2024\/06\/OlioCru-Biologico-2.jpg\" \/>\n\t<meta property=\"og:image:width\" content=\"800\" \/>\n\t<meta property=\"og:image:height\" content=\"800\" \/>\n\t<meta property=\"og:image:type\" content=\"image\/jpeg\" \/>\n<meta name=\"twitter:card\" content=\"summary_large_image\" \/>\n<script type=\"application\/ld+json\" class=\"yoast-schema-graph\">{\"@context\":\"https:\\\/\\\/schema.org\",\"@graph\":[{\"@type\":\"WebPage\",\"@id\":\"https:\\\/\\\/www.bertazzofood.com\\\/de\\\/prodotto\\\/natives-olivenoel-extra-oliocru-aus-biologischem-anbau\\\/\",\"url\":\"https:\\\/\\\/www.bertazzofood.com\\\/de\\\/prodotto\\\/natives-olivenoel-extra-oliocru-aus-biologischem-anbau\\\/\",\"name\":\"Natives Oliven\u00f6l Extra OlioCru aus Biologischem Anbau\",\"isPartOf\":{\"@id\":\"https:\\\/\\\/www.bertazzofood.com\\\/de\\\/#website\"},\"primaryImageOfPage\":{\"@id\":\"https:\\\/\\\/www.bertazzofood.com\\\/de\\\/prodotto\\\/natives-olivenoel-extra-oliocru-aus-biologischem-anbau\\\/#primaryimage\"},\"image\":{\"@id\":\"https:\\\/\\\/www.bertazzofood.com\\\/de\\\/prodotto\\\/natives-olivenoel-extra-oliocru-aus-biologischem-anbau\\\/#primaryimage\"},\"thumbnailUrl\":\"https:\\\/\\\/www.bertazzofood.com\\\/wp-content\\\/uploads\\\/2024\\\/06\\\/OlioCru-Biologico-2.jpg\",\"datePublished\":\"2020-01-24T07:26:42+00:00\",\"dateModified\":\"2024-06-23T20:29:21+00:00\",\"breadcrumb\":{\"@id\":\"https:\\\/\\\/www.bertazzofood.com\\\/de\\\/prodotto\\\/natives-olivenoel-extra-oliocru-aus-biologischem-anbau\\\/#breadcrumb\"},\"inLanguage\":\"de\",\"potentialAction\":[{\"@type\":\"ReadAction\",\"target\":[\"https:\\\/\\\/www.bertazzofood.com\\\/de\\\/prodotto\\\/natives-olivenoel-extra-oliocru-aus-biologischem-anbau\\\/\"]}]},{\"@type\":\"ImageObject\",\"inLanguage\":\"de\",\"@id\":\"https:\\\/\\\/www.bertazzofood.com\\\/de\\\/prodotto\\\/natives-olivenoel-extra-oliocru-aus-biologischem-anbau\\\/#primaryimage\",\"url\":\"https:\\\/\\\/www.bertazzofood.com\\\/wp-content\\\/uploads\\\/2024\\\/06\\\/OlioCru-Biologico-2.jpg\",\"contentUrl\":\"https:\\\/\\\/www.bertazzofood.com\\\/wp-content\\\/uploads\\\/2024\\\/06\\\/OlioCru-Biologico-2.jpg\",\"width\":800,\"height\":800},{\"@type\":\"BreadcrumbList\",\"@id\":\"https:\\\/\\\/www.bertazzofood.com\\\/de\\\/prodotto\\\/natives-olivenoel-extra-oliocru-aus-biologischem-anbau\\\/#breadcrumb\",\"itemListElement\":[{\"@type\":\"ListItem\",\"position\":1,\"name\":\"Home\",\"item\":\"https:\\\/\\\/www.bertazzofood.com\\\/de\\\/homepage\\\/\"},{\"@type\":\"ListItem\",\"position\":2,\"name\":\"Produkte\",\"item\":\"https:\\\/\\\/www.bertazzofood.com\\\/de\\\/shop\\\/\"},{\"@type\":\"ListItem\",\"position\":3,\"name\":\"Natives Oliven\u00f6l Extra OlioCru aus Biologischem Anbau\"}]},{\"@type\":\"WebSite\",\"@id\":\"https:\\\/\\\/www.bertazzofood.com\\\/de\\\/#website\",\"url\":\"https:\\\/\\\/www.bertazzofood.com\\\/de\\\/\",\"name\":\"Bertazzo Food\",\"description\":\"Prodotti Alimentari Italiani Online e Macchine Da Caff\u00e8\",\"publisher\":{\"@id\":\"https:\\\/\\\/www.bertazzofood.com\\\/de\\\/#organization\"},\"potentialAction\":[{\"@type\":\"SearchAction\",\"target\":{\"@type\":\"EntryPoint\",\"urlTemplate\":\"https:\\\/\\\/www.bertazzofood.com\\\/de\\\/?s={search_term_string}\"},\"query-input\":{\"@type\":\"PropertyValueSpecification\",\"valueRequired\":true,\"valueName\":\"search_term_string\"}}],\"inLanguage\":\"de\"},{\"@type\":\"Organization\",\"@id\":\"https:\\\/\\\/www.bertazzofood.com\\\/de\\\/#organization\",\"name\":\"Bertazzo Italian Quality Food S.a.s. di Bertazzo Fabio & C.\",\"alternateName\":\"Bertazzo Food\",\"url\":\"https:\\\/\\\/www.bertazzofood.com\\\/de\\\/\",\"logo\":{\"@type\":\"ImageObject\",\"inLanguage\":\"de\",\"@id\":\"https:\\\/\\\/www.bertazzofood.com\\\/de\\\/#\\\/schema\\\/logo\\\/image\\\/\",\"url\":\"https:\\\/\\\/www.bertazzofood.com\\\/wp-content\\\/uploads\\\/2024\\\/06\\\/logo-bertazzo.webp\",\"contentUrl\":\"https:\\\/\\\/www.bertazzofood.com\\\/wp-content\\\/uploads\\\/2024\\\/06\\\/logo-bertazzo.webp\",\"width\":410,\"height\":166,\"caption\":\"Bertazzo Italian Quality Food S.a.s. di Bertazzo Fabio & C.\"},\"image\":{\"@id\":\"https:\\\/\\\/www.bertazzofood.com\\\/de\\\/#\\\/schema\\\/logo\\\/image\\\/\"},\"sameAs\":[\"https:\\\/\\\/www.facebook.com\\\/BertazzoItalianQualityFood\",\"https:\\\/\\\/www.instagram.com\\\/bertazzo_italian_quality_food\\\/\"]}]}<\/script>\n<!-- \/ Yoast SEO plugin. -->","yoast_head_json":{"title":"Natives Oliven\u00f6l Extra OlioCru aus Biologischem Anbau","robots":{"index":"index","follow":"follow","max-snippet":"max-snippet:-1","max-image-preview":"max-image-preview:large","max-video-preview":"max-video-preview:-1"},"canonical":"https:\/\/www.bertazzofood.com\/de\/prodotto\/natives-olivenoel-extra-oliocru-aus-biologischem-anbau\/","og_locale":"de_DE","og_type":"article","og_title":"Natives Oliven\u00f6l Extra OlioCru aus Biologischem Anbau","og_description":"NATIVES OLIVEN\u00d6L EXTRA AUS GARDASEE OLIVEN AUS ZERTIFIZIERTEM BIOLOGISCHEN ANBAU. Das OLIOCRU BIOLOGICO ist das Ergebnis, wenn der Mensch die Erde und ihre Fr\u00fcchte liebt und achtet. Dieses angenehm milde \u00d6l mit seinem frischen Geschmack nach gr\u00fcnen Mandeln und wilden Disteln ist der urtypische Vertreter der \u00d6ltradition. Die Zertifizierung als biologisches Produkt ist nur ein [&hellip;]","og_url":"https:\/\/www.bertazzofood.com\/de\/prodotto\/natives-olivenoel-extra-oliocru-aus-biologischem-anbau\/","og_site_name":"Bertazzo Food","article_publisher":"https:\/\/www.facebook.com\/BertazzoItalianQualityFood","article_modified_time":"2024-06-23T20:29:21+00:00","og_image":[{"width":800,"height":800,"url":"https:\/\/www.bertazzofood.com\/wp-content\/uploads\/2024\/06\/OlioCru-Biologico-2.jpg","type":"image\/jpeg"}],"twitter_card":"summary_large_image","schema":{"@context":"https:\/\/schema.org","@graph":[{"@type":"WebPage","@id":"https:\/\/www.bertazzofood.com\/de\/prodotto\/natives-olivenoel-extra-oliocru-aus-biologischem-anbau\/","url":"https:\/\/www.bertazzofood.com\/de\/prodotto\/natives-olivenoel-extra-oliocru-aus-biologischem-anbau\/","name":"Natives Oliven\u00f6l Extra OlioCru aus Biologischem Anbau","isPartOf":{"@id":"https:\/\/www.bertazzofood.com\/de\/#website"},"primaryImageOfPage":{"@id":"https:\/\/www.bertazzofood.com\/de\/prodotto\/natives-olivenoel-extra-oliocru-aus-biologischem-anbau\/#primaryimage"},"image":{"@id":"https:\/\/www.bertazzofood.com\/de\/prodotto\/natives-olivenoel-extra-oliocru-aus-biologischem-anbau\/#primaryimage"},"thumbnailUrl":"https:\/\/www.bertazzofood.com\/wp-content\/uploads\/2024\/06\/OlioCru-Biologico-2.jpg","datePublished":"2020-01-24T07:26:42+00:00","dateModified":"2024-06-23T20:29:21+00:00","breadcrumb":{"@id":"https:\/\/www.bertazzofood.com\/de\/prodotto\/natives-olivenoel-extra-oliocru-aus-biologischem-anbau\/#breadcrumb"},"inLanguage":"de","potentialAction":[{"@type":"ReadAction","target":["https:\/\/www.bertazzofood.com\/de\/prodotto\/natives-olivenoel-extra-oliocru-aus-biologischem-anbau\/"]}]},{"@type":"ImageObject","inLanguage":"de","@id":"https:\/\/www.bertazzofood.com\/de\/prodotto\/natives-olivenoel-extra-oliocru-aus-biologischem-anbau\/#primaryimage","url":"https:\/\/www.bertazzofood.com\/wp-content\/uploads\/2024\/06\/OlioCru-Biologico-2.jpg","contentUrl":"https:\/\/www.bertazzofood.com\/wp-content\/uploads\/2024\/06\/OlioCru-Biologico-2.jpg","width":800,"height":800},{"@type":"BreadcrumbList","@id":"https:\/\/www.bertazzofood.com\/de\/prodotto\/natives-olivenoel-extra-oliocru-aus-biologischem-anbau\/#breadcrumb","itemListElement":[{"@type":"ListItem","position":1,"name":"Home","item":"https:\/\/www.bertazzofood.com\/de\/homepage\/"},{"@type":"ListItem","position":2,"name":"Produkte","item":"https:\/\/www.bertazzofood.com\/de\/shop\/"},{"@type":"ListItem","position":3,"name":"Natives Oliven\u00f6l Extra OlioCru aus Biologischem Anbau"}]},{"@type":"WebSite","@id":"https:\/\/www.bertazzofood.com\/de\/#website","url":"https:\/\/www.bertazzofood.com\/de\/","name":"Bertazzo Food","description":"Prodotti Alimentari Italiani Online e Macchine Da Caff\u00e8","publisher":{"@id":"https:\/\/www.bertazzofood.com\/de\/#organization"},"potentialAction":[{"@type":"SearchAction","target":{"@type":"EntryPoint","urlTemplate":"https:\/\/www.bertazzofood.com\/de\/?s={search_term_string}"},"query-input":{"@type":"PropertyValueSpecification","valueRequired":true,"valueName":"search_term_string"}}],"inLanguage":"de"},{"@type":"Organization","@id":"https:\/\/www.bertazzofood.com\/de\/#organization","name":"Bertazzo Italian Quality Food S.a.s. di Bertazzo Fabio & C.","alternateName":"Bertazzo Food","url":"https:\/\/www.bertazzofood.com\/de\/","logo":{"@type":"ImageObject","inLanguage":"de","@id":"https:\/\/www.bertazzofood.com\/de\/#\/schema\/logo\/image\/","url":"https:\/\/www.bertazzofood.com\/wp-content\/uploads\/2024\/06\/logo-bertazzo.webp","contentUrl":"https:\/\/www.bertazzofood.com\/wp-content\/uploads\/2024\/06\/logo-bertazzo.webp","width":410,"height":166,"caption":"Bertazzo Italian Quality Food S.a.s. di Bertazzo Fabio & C."},"image":{"@id":"https:\/\/www.bertazzofood.com\/de\/#\/schema\/logo\/image\/"},"sameAs":["https:\/\/www.facebook.com\/BertazzoItalianQualityFood","https:\/\/www.instagram.com\/bertazzo_italian_quality_food\/"]}]}},"_links":{"self":[{"href":"https:\/\/www.bertazzofood.com\/de\/wp-json\/wp\/v2\/product\/10808","targetHints":{"allow":["GET"]}}],"collection":[{"href":"https:\/\/www.bertazzofood.com\/de\/wp-json\/wp\/v2\/product"}],"about":[{"href":"https:\/\/www.bertazzofood.com\/de\/wp-json\/wp\/v2\/types\/product"}],"replies":[{"embeddable":true,"href":"https:\/\/www.bertazzofood.com\/de\/wp-json\/wp\/v2\/comments?post=10808"}],"version-history":[{"count":0,"href":"https:\/\/www.bertazzofood.com\/de\/wp-json\/wp\/v2\/product\/10808\/revisions"}],"wp:featuredmedia":[{"embeddable":true,"href":"https:\/\/www.bertazzofood.com\/de\/wp-json\/wp\/v2\/media\/4132"}],"wp:attachment":[{"href":"https:\/\/www.bertazzofood.com\/de\/wp-json\/wp\/v2\/media?parent=10808"}],"wp:term":[{"taxonomy":"product_brand","embeddable":true,"href":"https:\/\/www.bertazzofood.com\/de\/wp-json\/wp\/v2\/product_brand?post=10808"},{"taxonomy":"product_cat","embeddable":true,"href":"https:\/\/www.bertazzofood.com\/de\/wp-json\/wp\/v2\/product_cat?post=10808"},{"taxonomy":"product_tag","embeddable":true,"href":"https:\/\/www.bertazzofood.com\/de\/wp-json\/wp\/v2\/product_tag?post=10808"},{"taxonomy":"brands","embeddable":true,"href":"https:\/\/www.bertazzofood.com\/de\/wp-json\/wp\/v2\/brands?post=10808"},{"taxonomy":"flag_home","embeddable":true,"href":"https:\/\/www.bertazzofood.com\/de\/wp-json\/wp\/v2\/flag_home?post=10808"}],"curies":[{"name":"wp","href":"https:\/\/api.w.org\/{rel}","templated":true}]}}