{"id":10555,"date":"2020-01-24T08:07:12","date_gmt":"2020-01-24T07:07:12","guid":{"rendered":"https:\/\/thegarden.it\/staging8\/prodotto\/natives-olivenoel-extra-46-parallelo-sortenreines-casaliva\/"},"modified":"2024-06-23T22:26:27","modified_gmt":"2024-06-23T20:26:27","slug":"natives-olivenoel-extra-46-parallelo-sortenreines-casaliva","status":"publish","type":"product","link":"https:\/\/www.bertazzofood.com\/de\/prodotto\/natives-olivenoel-extra-46-parallelo-sortenreines-casaliva\/","title":{"rendered":"Natives Oliven\u00f6l Extra 46\u00b0 Parallelo Sortenreines Casaliva"},"content":{"rendered":"<div class=\"product_description clearfix\">\n<p><em><strong>46\u00b0 Parallelo Casaliva<\/strong><\/em>, Natives Oliven\u00f6l Extra aus dem extremen Norden wird im Becken des Gardasees im Trentino hergestellt.\u00a0Das \u00d6l wird ausschlie\u00dflich von Oliven der einheimischen Sorte Casaliva erzeugt. Diese wird fr\u00fchreif geerntet und verarbeitet, um den Gehalt an Polyphenolen zu erh\u00f6hen.<\/p>\n<p><em>Farbe<\/em>: Goldgr\u00fcn mit sch\u00f6ner Klarheit.<br \/>\n<em>Geruch<\/em>: mittlere-intensive Fruchtigkeit, gr\u00fcn mit einer reinen grasigen Note, die an Rucola und Artischocke erinnert, mit einem Hauch von gr\u00fcner Mandel im Besonderen, aber auch von Pinienkernen und gr\u00fcnem Apfel.<br \/>\n<em>Geschmack<\/em>: zun\u00e4chst am Gaumen harmonisch und zart bitter, dann zeigt sich eine markante pikante Struktur, die die wiedergefundenen aromatischen Wahrnehmungen begleitet und schlie\u00dflich mit einem sch\u00f6nen mineralischen Akzent abschlie\u00dft.<\/p>\n<\/div>\n","protected":false},"excerpt":{"rendered":"<p>46\u00b0 Parallelo Casaliva, Natives Oliven\u00f6l Extra aus dem extremen Norden wird im Becken des Gardasees im Trentino hergestellt.\u00a0Das \u00d6l wird ausschlie\u00dflich von Oliven der einheimischen Sorte Casaliva erzeugt. Diese wird fr\u00fchreif geerntet und verarbeitet, um den Gehalt an Polyphenolen zu erh\u00f6hen. Farbe: Goldgr\u00fcn mit sch\u00f6ner Klarheit. Geruch: mittlere-intensive Fruchtigkeit, gr\u00fcn mit einer reinen grasigen Note, [&hellip;]<\/p>\n","protected":false},"featured_media":3494,"comment_status":"open","ping_status":"closed","template":"","meta":{"_acf_changed":false,"iawp_total_views":80},"product_brand":[],"product_cat":[1138,1171],"product_tag":[],"brands":[1642],"flag_home":[],"class_list":{"0":"post-10555","1":"product","2":"type-product","3":"status-publish","4":"has-post-thumbnail","6":"product_cat-italienisches-olivenoel-onlineshop","7":"product_cat-natives-olivenoel-online-kaufen","8":"brands-frantoio-di-riva","10":"first","11":"instock","12":"taxable","13":"shipping-taxable","14":"purchasable","15":"product-type-simple"},"acf":[],"yoast_head":"<!-- This site is optimized with the Yoast SEO plugin v27.5 - https:\/\/yoast.com\/product\/yoast-seo-wordpress\/ -->\n<title>Natives Oliven\u00f6l Extra 46\u00b0 Parallelo Sortenreines Casaliva<\/title>\n<meta name=\"robots\" content=\"index, follow, max-snippet:-1, max-image-preview:large, max-video-preview:-1\" \/>\n<link rel=\"canonical\" href=\"https:\/\/www.bertazzofood.com\/de\/prodotto\/natives-olivenoel-extra-46-parallelo-sortenreines-casaliva\/\" \/>\n<meta property=\"og:locale\" content=\"de_DE\" \/>\n<meta property=\"og:type\" content=\"article\" \/>\n<meta property=\"og:title\" content=\"Natives Oliven\u00f6l Extra 46\u00b0 Parallelo Sortenreines Casaliva\" \/>\n<meta property=\"og:description\" content=\"46\u00b0 Parallelo Casaliva, Natives Oliven\u00f6l Extra aus dem extremen Norden wird im Becken des Gardasees im Trentino hergestellt.\u00a0Das \u00d6l wird ausschlie\u00dflich von Oliven der einheimischen Sorte Casaliva erzeugt. Diese wird fr\u00fchreif geerntet und verarbeitet, um den Gehalt an Polyphenolen zu erh\u00f6hen. Farbe: Goldgr\u00fcn mit sch\u00f6ner Klarheit. Geruch: mittlere-intensive Fruchtigkeit, gr\u00fcn mit einer reinen grasigen Note, [&hellip;]\" \/>\n<meta property=\"og:url\" content=\"https:\/\/www.bertazzofood.com\/de\/prodotto\/natives-olivenoel-extra-46-parallelo-sortenreines-casaliva\/\" \/>\n<meta property=\"og:site_name\" content=\"Bertazzo Food\" \/>\n<meta property=\"article:publisher\" content=\"https:\/\/www.facebook.com\/BertazzoItalianQualityFood\" \/>\n<meta property=\"article:modified_time\" content=\"2024-06-23T20:26:27+00:00\" \/>\n<meta property=\"og:image\" content=\"https:\/\/www.bertazzofood.com\/wp-content\/uploads\/2024\/06\/Olio-46\u00b0-Parallelo-Casaliva-2.jpg\" \/>\n\t<meta property=\"og:image:width\" content=\"800\" \/>\n\t<meta property=\"og:image:height\" content=\"800\" \/>\n\t<meta property=\"og:image:type\" content=\"image\/jpeg\" \/>\n<meta name=\"twitter:card\" content=\"summary_large_image\" \/>\n<meta name=\"twitter:label1\" content=\"Gesch\u00e4tzte Lesezeit\" \/>\n\t<meta name=\"twitter:data1\" content=\"1\u00a0Minute\" \/>\n<script type=\"application\/ld+json\" class=\"yoast-schema-graph\">{\"@context\":\"https:\\\/\\\/schema.org\",\"@graph\":[{\"@type\":\"WebPage\",\"@id\":\"https:\\\/\\\/www.bertazzofood.com\\\/de\\\/prodotto\\\/natives-olivenoel-extra-46-parallelo-sortenreines-casaliva\\\/\",\"url\":\"https:\\\/\\\/www.bertazzofood.com\\\/de\\\/prodotto\\\/natives-olivenoel-extra-46-parallelo-sortenreines-casaliva\\\/\",\"name\":\"Natives Oliven\u00f6l Extra 46\u00b0 Parallelo Sortenreines Casaliva\",\"isPartOf\":{\"@id\":\"https:\\\/\\\/www.bertazzofood.com\\\/de\\\/#website\"},\"primaryImageOfPage\":{\"@id\":\"https:\\\/\\\/www.bertazzofood.com\\\/de\\\/prodotto\\\/natives-olivenoel-extra-46-parallelo-sortenreines-casaliva\\\/#primaryimage\"},\"image\":{\"@id\":\"https:\\\/\\\/www.bertazzofood.com\\\/de\\\/prodotto\\\/natives-olivenoel-extra-46-parallelo-sortenreines-casaliva\\\/#primaryimage\"},\"thumbnailUrl\":\"https:\\\/\\\/www.bertazzofood.com\\\/wp-content\\\/uploads\\\/2024\\\/06\\\/Olio-46\u00b0-Parallelo-Casaliva-2.jpg\",\"datePublished\":\"2020-01-24T07:07:12+00:00\",\"dateModified\":\"2024-06-23T20:26:27+00:00\",\"breadcrumb\":{\"@id\":\"https:\\\/\\\/www.bertazzofood.com\\\/de\\\/prodotto\\\/natives-olivenoel-extra-46-parallelo-sortenreines-casaliva\\\/#breadcrumb\"},\"inLanguage\":\"de\",\"potentialAction\":[{\"@type\":\"ReadAction\",\"target\":[\"https:\\\/\\\/www.bertazzofood.com\\\/de\\\/prodotto\\\/natives-olivenoel-extra-46-parallelo-sortenreines-casaliva\\\/\"]}]},{\"@type\":\"ImageObject\",\"inLanguage\":\"de\",\"@id\":\"https:\\\/\\\/www.bertazzofood.com\\\/de\\\/prodotto\\\/natives-olivenoel-extra-46-parallelo-sortenreines-casaliva\\\/#primaryimage\",\"url\":\"https:\\\/\\\/www.bertazzofood.com\\\/wp-content\\\/uploads\\\/2024\\\/06\\\/Olio-46\u00b0-Parallelo-Casaliva-2.jpg\",\"contentUrl\":\"https:\\\/\\\/www.bertazzofood.com\\\/wp-content\\\/uploads\\\/2024\\\/06\\\/Olio-46\u00b0-Parallelo-Casaliva-2.jpg\",\"width\":800,\"height\":800},{\"@type\":\"BreadcrumbList\",\"@id\":\"https:\\\/\\\/www.bertazzofood.com\\\/de\\\/prodotto\\\/natives-olivenoel-extra-46-parallelo-sortenreines-casaliva\\\/#breadcrumb\",\"itemListElement\":[{\"@type\":\"ListItem\",\"position\":1,\"name\":\"Home\",\"item\":\"https:\\\/\\\/www.bertazzofood.com\\\/de\\\/homepage\\\/\"},{\"@type\":\"ListItem\",\"position\":2,\"name\":\"Produkte\",\"item\":\"https:\\\/\\\/www.bertazzofood.com\\\/de\\\/shop\\\/\"},{\"@type\":\"ListItem\",\"position\":3,\"name\":\"Natives Oliven\u00f6l Extra 46\u00b0 Parallelo Sortenreines Casaliva\"}]},{\"@type\":\"WebSite\",\"@id\":\"https:\\\/\\\/www.bertazzofood.com\\\/de\\\/#website\",\"url\":\"https:\\\/\\\/www.bertazzofood.com\\\/de\\\/\",\"name\":\"Bertazzo Food\",\"description\":\"Prodotti Alimentari Italiani Online e Macchine Da Caff\u00e8\",\"publisher\":{\"@id\":\"https:\\\/\\\/www.bertazzofood.com\\\/de\\\/#organization\"},\"potentialAction\":[{\"@type\":\"SearchAction\",\"target\":{\"@type\":\"EntryPoint\",\"urlTemplate\":\"https:\\\/\\\/www.bertazzofood.com\\\/de\\\/?s={search_term_string}\"},\"query-input\":{\"@type\":\"PropertyValueSpecification\",\"valueRequired\":true,\"valueName\":\"search_term_string\"}}],\"inLanguage\":\"de\"},{\"@type\":\"Organization\",\"@id\":\"https:\\\/\\\/www.bertazzofood.com\\\/de\\\/#organization\",\"name\":\"Bertazzo Italian Quality Food S.a.s. di Bertazzo Fabio & C.\",\"alternateName\":\"Bertazzo Food\",\"url\":\"https:\\\/\\\/www.bertazzofood.com\\\/de\\\/\",\"logo\":{\"@type\":\"ImageObject\",\"inLanguage\":\"de\",\"@id\":\"https:\\\/\\\/www.bertazzofood.com\\\/de\\\/#\\\/schema\\\/logo\\\/image\\\/\",\"url\":\"https:\\\/\\\/www.bertazzofood.com\\\/wp-content\\\/uploads\\\/2024\\\/06\\\/logo-bertazzo.webp\",\"contentUrl\":\"https:\\\/\\\/www.bertazzofood.com\\\/wp-content\\\/uploads\\\/2024\\\/06\\\/logo-bertazzo.webp\",\"width\":410,\"height\":166,\"caption\":\"Bertazzo Italian Quality Food S.a.s. di Bertazzo Fabio & C.\"},\"image\":{\"@id\":\"https:\\\/\\\/www.bertazzofood.com\\\/de\\\/#\\\/schema\\\/logo\\\/image\\\/\"},\"sameAs\":[\"https:\\\/\\\/www.facebook.com\\\/BertazzoItalianQualityFood\",\"https:\\\/\\\/www.instagram.com\\\/bertazzo_italian_quality_food\\\/\"]}]}<\/script>\n<!-- \/ Yoast SEO plugin. -->","yoast_head_json":{"title":"Natives Oliven\u00f6l Extra 46\u00b0 Parallelo Sortenreines Casaliva","robots":{"index":"index","follow":"follow","max-snippet":"max-snippet:-1","max-image-preview":"max-image-preview:large","max-video-preview":"max-video-preview:-1"},"canonical":"https:\/\/www.bertazzofood.com\/de\/prodotto\/natives-olivenoel-extra-46-parallelo-sortenreines-casaliva\/","og_locale":"de_DE","og_type":"article","og_title":"Natives Oliven\u00f6l Extra 46\u00b0 Parallelo Sortenreines Casaliva","og_description":"46\u00b0 Parallelo Casaliva, Natives Oliven\u00f6l Extra aus dem extremen Norden wird im Becken des Gardasees im Trentino hergestellt.\u00a0Das \u00d6l wird ausschlie\u00dflich von Oliven der einheimischen Sorte Casaliva erzeugt. Diese wird fr\u00fchreif geerntet und verarbeitet, um den Gehalt an Polyphenolen zu erh\u00f6hen. Farbe: Goldgr\u00fcn mit sch\u00f6ner Klarheit. Geruch: mittlere-intensive Fruchtigkeit, gr\u00fcn mit einer reinen grasigen Note, [&hellip;]","og_url":"https:\/\/www.bertazzofood.com\/de\/prodotto\/natives-olivenoel-extra-46-parallelo-sortenreines-casaliva\/","og_site_name":"Bertazzo Food","article_publisher":"https:\/\/www.facebook.com\/BertazzoItalianQualityFood","article_modified_time":"2024-06-23T20:26:27+00:00","og_image":[{"width":800,"height":800,"url":"https:\/\/www.bertazzofood.com\/wp-content\/uploads\/2024\/06\/Olio-46\u00b0-Parallelo-Casaliva-2.jpg","type":"image\/jpeg"}],"twitter_card":"summary_large_image","twitter_misc":{"Gesch\u00e4tzte Lesezeit":"1\u00a0Minute"},"schema":{"@context":"https:\/\/schema.org","@graph":[{"@type":"WebPage","@id":"https:\/\/www.bertazzofood.com\/de\/prodotto\/natives-olivenoel-extra-46-parallelo-sortenreines-casaliva\/","url":"https:\/\/www.bertazzofood.com\/de\/prodotto\/natives-olivenoel-extra-46-parallelo-sortenreines-casaliva\/","name":"Natives Oliven\u00f6l Extra 46\u00b0 Parallelo Sortenreines Casaliva","isPartOf":{"@id":"https:\/\/www.bertazzofood.com\/de\/#website"},"primaryImageOfPage":{"@id":"https:\/\/www.bertazzofood.com\/de\/prodotto\/natives-olivenoel-extra-46-parallelo-sortenreines-casaliva\/#primaryimage"},"image":{"@id":"https:\/\/www.bertazzofood.com\/de\/prodotto\/natives-olivenoel-extra-46-parallelo-sortenreines-casaliva\/#primaryimage"},"thumbnailUrl":"https:\/\/www.bertazzofood.com\/wp-content\/uploads\/2024\/06\/Olio-46\u00b0-Parallelo-Casaliva-2.jpg","datePublished":"2020-01-24T07:07:12+00:00","dateModified":"2024-06-23T20:26:27+00:00","breadcrumb":{"@id":"https:\/\/www.bertazzofood.com\/de\/prodotto\/natives-olivenoel-extra-46-parallelo-sortenreines-casaliva\/#breadcrumb"},"inLanguage":"de","potentialAction":[{"@type":"ReadAction","target":["https:\/\/www.bertazzofood.com\/de\/prodotto\/natives-olivenoel-extra-46-parallelo-sortenreines-casaliva\/"]}]},{"@type":"ImageObject","inLanguage":"de","@id":"https:\/\/www.bertazzofood.com\/de\/prodotto\/natives-olivenoel-extra-46-parallelo-sortenreines-casaliva\/#primaryimage","url":"https:\/\/www.bertazzofood.com\/wp-content\/uploads\/2024\/06\/Olio-46\u00b0-Parallelo-Casaliva-2.jpg","contentUrl":"https:\/\/www.bertazzofood.com\/wp-content\/uploads\/2024\/06\/Olio-46\u00b0-Parallelo-Casaliva-2.jpg","width":800,"height":800},{"@type":"BreadcrumbList","@id":"https:\/\/www.bertazzofood.com\/de\/prodotto\/natives-olivenoel-extra-46-parallelo-sortenreines-casaliva\/#breadcrumb","itemListElement":[{"@type":"ListItem","position":1,"name":"Home","item":"https:\/\/www.bertazzofood.com\/de\/homepage\/"},{"@type":"ListItem","position":2,"name":"Produkte","item":"https:\/\/www.bertazzofood.com\/de\/shop\/"},{"@type":"ListItem","position":3,"name":"Natives Oliven\u00f6l Extra 46\u00b0 Parallelo Sortenreines Casaliva"}]},{"@type":"WebSite","@id":"https:\/\/www.bertazzofood.com\/de\/#website","url":"https:\/\/www.bertazzofood.com\/de\/","name":"Bertazzo Food","description":"Prodotti Alimentari Italiani Online e Macchine Da Caff\u00e8","publisher":{"@id":"https:\/\/www.bertazzofood.com\/de\/#organization"},"potentialAction":[{"@type":"SearchAction","target":{"@type":"EntryPoint","urlTemplate":"https:\/\/www.bertazzofood.com\/de\/?s={search_term_string}"},"query-input":{"@type":"PropertyValueSpecification","valueRequired":true,"valueName":"search_term_string"}}],"inLanguage":"de"},{"@type":"Organization","@id":"https:\/\/www.bertazzofood.com\/de\/#organization","name":"Bertazzo Italian Quality Food S.a.s. di Bertazzo Fabio & C.","alternateName":"Bertazzo Food","url":"https:\/\/www.bertazzofood.com\/de\/","logo":{"@type":"ImageObject","inLanguage":"de","@id":"https:\/\/www.bertazzofood.com\/de\/#\/schema\/logo\/image\/","url":"https:\/\/www.bertazzofood.com\/wp-content\/uploads\/2024\/06\/logo-bertazzo.webp","contentUrl":"https:\/\/www.bertazzofood.com\/wp-content\/uploads\/2024\/06\/logo-bertazzo.webp","width":410,"height":166,"caption":"Bertazzo Italian Quality Food S.a.s. di Bertazzo Fabio & C."},"image":{"@id":"https:\/\/www.bertazzofood.com\/de\/#\/schema\/logo\/image\/"},"sameAs":["https:\/\/www.facebook.com\/BertazzoItalianQualityFood","https:\/\/www.instagram.com\/bertazzo_italian_quality_food\/"]}]}},"_links":{"self":[{"href":"https:\/\/www.bertazzofood.com\/de\/wp-json\/wp\/v2\/product\/10555","targetHints":{"allow":["GET"]}}],"collection":[{"href":"https:\/\/www.bertazzofood.com\/de\/wp-json\/wp\/v2\/product"}],"about":[{"href":"https:\/\/www.bertazzofood.com\/de\/wp-json\/wp\/v2\/types\/product"}],"replies":[{"embeddable":true,"href":"https:\/\/www.bertazzofood.com\/de\/wp-json\/wp\/v2\/comments?post=10555"}],"version-history":[{"count":0,"href":"https:\/\/www.bertazzofood.com\/de\/wp-json\/wp\/v2\/product\/10555\/revisions"}],"wp:featuredmedia":[{"embeddable":true,"href":"https:\/\/www.bertazzofood.com\/de\/wp-json\/wp\/v2\/media\/3494"}],"wp:attachment":[{"href":"https:\/\/www.bertazzofood.com\/de\/wp-json\/wp\/v2\/media?parent=10555"}],"wp:term":[{"taxonomy":"product_brand","embeddable":true,"href":"https:\/\/www.bertazzofood.com\/de\/wp-json\/wp\/v2\/product_brand?post=10555"},{"taxonomy":"product_cat","embeddable":true,"href":"https:\/\/www.bertazzofood.com\/de\/wp-json\/wp\/v2\/product_cat?post=10555"},{"taxonomy":"product_tag","embeddable":true,"href":"https:\/\/www.bertazzofood.com\/de\/wp-json\/wp\/v2\/product_tag?post=10555"},{"taxonomy":"brands","embeddable":true,"href":"https:\/\/www.bertazzofood.com\/de\/wp-json\/wp\/v2\/brands?post=10555"},{"taxonomy":"flag_home","embeddable":true,"href":"https:\/\/www.bertazzofood.com\/de\/wp-json\/wp\/v2\/flag_home?post=10555"}],"curies":[{"name":"wp","href":"https:\/\/api.w.org\/{rel}","templated":true}]}}