{"id":10530,"date":"2020-01-24T08:05:49","date_gmt":"2020-01-24T07:05:49","guid":{"rendered":"https:\/\/thegarden.it\/staging8\/prodotto\/italienische-espresso-bendinelli-100-arabica-gourmet\/"},"modified":"2024-10-01T11:36:52","modified_gmt":"2024-10-01T09:36:52","slug":"italienische-espresso-bendinelli-100-arabica-gourmet","status":"publish","type":"product","link":"https:\/\/www.bertazzofood.com\/de\/prodotto\/italienische-espresso-bendinelli-100-arabica-gourmet\/","title":{"rendered":"Italienische Espresso Bendinelli 100% Arabica Gourmet"},"content":{"rendered":"<p>F\u00fcr diese Mischung haben wir die die besten mittel- und s\u00fcdamerikanischen Arabica ausgew\u00e4hlt. Um ihre besten Charakteristika hervorzuheben, haben wir sie geschicktlich gemischt und besonders zart ger\u00f6stet, um ihre feinen Aromen aufzubew\u00e4hren. Das Ergebnis ist eine 100% Arabica Mischung klassisch, aber sehr fein, mit einem reichen Bouquet an Aromen, darunter insbesonders Blumen, frischem Obst, Honig und ausgepr\u00e4gter aber ausgewogener S\u00e4ure, deswegen l\u00e4sst sich <strong><em>Bendinelli 100% Arabica Gourmet<\/em> <\/strong>am besten als purer Espresso geniessen.<\/p>\n","protected":false},"excerpt":{"rendered":"<p>F\u00fcr diese Mischung haben wir die die besten mittel- und s\u00fcdamerikanischen Arabica ausgew\u00e4hlt. Um ihre besten Charakteristika hervorzuheben, haben wir sie geschicktlich gemischt und besonders zart ger\u00f6stet, um ihre feinen Aromen aufzubew\u00e4hren. Das Ergebnis ist eine 100% Arabica Mischung klassisch, aber sehr fein, mit einem reichen Bouquet an Aromen, darunter insbesonders Blumen, frischem Obst, Honig [&hellip;]<\/p>\n","protected":false},"featured_media":3452,"comment_status":"open","ping_status":"closed","template":"","meta":{"_acf_changed":false,"iawp_total_views":452},"product_brand":[],"product_cat":[1134,1143],"product_tag":[1279,1557],"brands":[1729],"flag_home":[],"class_list":{"0":"post-10530","1":"product","2":"type-product","3":"status-publish","4":"has-post-thumbnail","6":"product_cat-kaffeebohnen-online-kaufen","7":"product_cat-kaffee","8":"product_tag-fin_ok-de","9":"product_tag-ads-ottobre-2024-de","10":"pa_formato-caffe-1-kg","11":"pa_percentuale-arabica-57","12":"brands-bendinelli","14":"first","15":"instock","16":"taxable","17":"shipping-taxable","18":"purchasable","19":"product-type-simple"},"acf":[],"yoast_head":"<!-- This site is optimized with the Yoast SEO plugin v27.5 - https:\/\/yoast.com\/product\/yoast-seo-wordpress\/ -->\n<title>Italienische Espresso Bendinelli 100% Arabica Gourmet<\/title>\n<meta name=\"robots\" content=\"index, follow, max-snippet:-1, max-image-preview:large, max-video-preview:-1\" \/>\n<link rel=\"canonical\" href=\"https:\/\/www.bertazzofood.com\/de\/prodotto\/italienische-espresso-bendinelli-100-arabica-gourmet\/\" \/>\n<meta property=\"og:locale\" content=\"de_DE\" \/>\n<meta property=\"og:type\" content=\"article\" \/>\n<meta property=\"og:title\" content=\"Italienische Espresso Bendinelli 100% Arabica Gourmet\" \/>\n<meta property=\"og:description\" content=\"F\u00fcr diese Mischung haben wir die die besten mittel- und s\u00fcdamerikanischen Arabica ausgew\u00e4hlt. Um ihre besten Charakteristika hervorzuheben, haben wir sie geschicktlich gemischt und besonders zart ger\u00f6stet, um ihre feinen Aromen aufzubew\u00e4hren. Das Ergebnis ist eine 100% Arabica Mischung klassisch, aber sehr fein, mit einem reichen Bouquet an Aromen, darunter insbesonders Blumen, frischem Obst, Honig [&hellip;]\" \/>\n<meta property=\"og:url\" content=\"https:\/\/www.bertazzofood.com\/de\/prodotto\/italienische-espresso-bendinelli-100-arabica-gourmet\/\" \/>\n<meta property=\"og:site_name\" content=\"Bertazzo Food\" \/>\n<meta property=\"article:publisher\" content=\"https:\/\/www.facebook.com\/BertazzoItalianQualityFood\" \/>\n<meta property=\"article:modified_time\" content=\"2024-10-01T09:36:52+00:00\" \/>\n<meta property=\"og:image\" content=\"https:\/\/www.bertazzofood.com\/wp-content\/uploads\/2024\/06\/Bendinelli-Arabica-Gourmet-2.jpg\" \/>\n\t<meta property=\"og:image:width\" content=\"806\" \/>\n\t<meta property=\"og:image:height\" content=\"800\" \/>\n\t<meta property=\"og:image:type\" content=\"image\/jpeg\" \/>\n<meta name=\"twitter:card\" content=\"summary_large_image\" \/>\n<script type=\"application\/ld+json\" class=\"yoast-schema-graph\">{\"@context\":\"https:\\\/\\\/schema.org\",\"@graph\":[{\"@type\":\"WebPage\",\"@id\":\"https:\\\/\\\/www.bertazzofood.com\\\/de\\\/prodotto\\\/italienische-espresso-bendinelli-100-arabica-gourmet\\\/\",\"url\":\"https:\\\/\\\/www.bertazzofood.com\\\/de\\\/prodotto\\\/italienische-espresso-bendinelli-100-arabica-gourmet\\\/\",\"name\":\"Italienische Espresso Bendinelli 100% Arabica Gourmet\",\"isPartOf\":{\"@id\":\"https:\\\/\\\/www.bertazzofood.com\\\/de\\\/#website\"},\"primaryImageOfPage\":{\"@id\":\"https:\\\/\\\/www.bertazzofood.com\\\/de\\\/prodotto\\\/italienische-espresso-bendinelli-100-arabica-gourmet\\\/#primaryimage\"},\"image\":{\"@id\":\"https:\\\/\\\/www.bertazzofood.com\\\/de\\\/prodotto\\\/italienische-espresso-bendinelli-100-arabica-gourmet\\\/#primaryimage\"},\"thumbnailUrl\":\"https:\\\/\\\/www.bertazzofood.com\\\/wp-content\\\/uploads\\\/2024\\\/06\\\/Bendinelli-Arabica-Gourmet-2.jpg\",\"datePublished\":\"2020-01-24T07:05:49+00:00\",\"dateModified\":\"2024-10-01T09:36:52+00:00\",\"breadcrumb\":{\"@id\":\"https:\\\/\\\/www.bertazzofood.com\\\/de\\\/prodotto\\\/italienische-espresso-bendinelli-100-arabica-gourmet\\\/#breadcrumb\"},\"inLanguage\":\"de\",\"potentialAction\":[{\"@type\":\"ReadAction\",\"target\":[\"https:\\\/\\\/www.bertazzofood.com\\\/de\\\/prodotto\\\/italienische-espresso-bendinelli-100-arabica-gourmet\\\/\"]}]},{\"@type\":\"ImageObject\",\"inLanguage\":\"de\",\"@id\":\"https:\\\/\\\/www.bertazzofood.com\\\/de\\\/prodotto\\\/italienische-espresso-bendinelli-100-arabica-gourmet\\\/#primaryimage\",\"url\":\"https:\\\/\\\/www.bertazzofood.com\\\/wp-content\\\/uploads\\\/2024\\\/06\\\/Bendinelli-Arabica-Gourmet-2.jpg\",\"contentUrl\":\"https:\\\/\\\/www.bertazzofood.com\\\/wp-content\\\/uploads\\\/2024\\\/06\\\/Bendinelli-Arabica-Gourmet-2.jpg\",\"width\":806,\"height\":800},{\"@type\":\"BreadcrumbList\",\"@id\":\"https:\\\/\\\/www.bertazzofood.com\\\/de\\\/prodotto\\\/italienische-espresso-bendinelli-100-arabica-gourmet\\\/#breadcrumb\",\"itemListElement\":[{\"@type\":\"ListItem\",\"position\":1,\"name\":\"Home\",\"item\":\"https:\\\/\\\/www.bertazzofood.com\\\/de\\\/homepage\\\/\"},{\"@type\":\"ListItem\",\"position\":2,\"name\":\"Produkte\",\"item\":\"https:\\\/\\\/www.bertazzofood.com\\\/de\\\/shop\\\/\"},{\"@type\":\"ListItem\",\"position\":3,\"name\":\"Italienische Espresso Bendinelli 100% Arabica Gourmet\"}]},{\"@type\":\"WebSite\",\"@id\":\"https:\\\/\\\/www.bertazzofood.com\\\/de\\\/#website\",\"url\":\"https:\\\/\\\/www.bertazzofood.com\\\/de\\\/\",\"name\":\"Bertazzo Food\",\"description\":\"Prodotti Alimentari Italiani Online e Macchine Da Caff\u00e8\",\"publisher\":{\"@id\":\"https:\\\/\\\/www.bertazzofood.com\\\/de\\\/#organization\"},\"potentialAction\":[{\"@type\":\"SearchAction\",\"target\":{\"@type\":\"EntryPoint\",\"urlTemplate\":\"https:\\\/\\\/www.bertazzofood.com\\\/de\\\/?s={search_term_string}\"},\"query-input\":{\"@type\":\"PropertyValueSpecification\",\"valueRequired\":true,\"valueName\":\"search_term_string\"}}],\"inLanguage\":\"de\"},{\"@type\":\"Organization\",\"@id\":\"https:\\\/\\\/www.bertazzofood.com\\\/de\\\/#organization\",\"name\":\"Bertazzo Italian Quality Food S.a.s. di Bertazzo Fabio & C.\",\"alternateName\":\"Bertazzo Food\",\"url\":\"https:\\\/\\\/www.bertazzofood.com\\\/de\\\/\",\"logo\":{\"@type\":\"ImageObject\",\"inLanguage\":\"de\",\"@id\":\"https:\\\/\\\/www.bertazzofood.com\\\/de\\\/#\\\/schema\\\/logo\\\/image\\\/\",\"url\":\"https:\\\/\\\/www.bertazzofood.com\\\/wp-content\\\/uploads\\\/2024\\\/06\\\/logo-bertazzo.webp\",\"contentUrl\":\"https:\\\/\\\/www.bertazzofood.com\\\/wp-content\\\/uploads\\\/2024\\\/06\\\/logo-bertazzo.webp\",\"width\":410,\"height\":166,\"caption\":\"Bertazzo Italian Quality Food S.a.s. di Bertazzo Fabio & C.\"},\"image\":{\"@id\":\"https:\\\/\\\/www.bertazzofood.com\\\/de\\\/#\\\/schema\\\/logo\\\/image\\\/\"},\"sameAs\":[\"https:\\\/\\\/www.facebook.com\\\/BertazzoItalianQualityFood\",\"https:\\\/\\\/www.instagram.com\\\/bertazzo_italian_quality_food\\\/\"]}]}<\/script>\n<!-- \/ Yoast SEO plugin. -->","yoast_head_json":{"title":"Italienische Espresso Bendinelli 100% Arabica Gourmet","robots":{"index":"index","follow":"follow","max-snippet":"max-snippet:-1","max-image-preview":"max-image-preview:large","max-video-preview":"max-video-preview:-1"},"canonical":"https:\/\/www.bertazzofood.com\/de\/prodotto\/italienische-espresso-bendinelli-100-arabica-gourmet\/","og_locale":"de_DE","og_type":"article","og_title":"Italienische Espresso Bendinelli 100% Arabica Gourmet","og_description":"F\u00fcr diese Mischung haben wir die die besten mittel- und s\u00fcdamerikanischen Arabica ausgew\u00e4hlt. Um ihre besten Charakteristika hervorzuheben, haben wir sie geschicktlich gemischt und besonders zart ger\u00f6stet, um ihre feinen Aromen aufzubew\u00e4hren. Das Ergebnis ist eine 100% Arabica Mischung klassisch, aber sehr fein, mit einem reichen Bouquet an Aromen, darunter insbesonders Blumen, frischem Obst, Honig [&hellip;]","og_url":"https:\/\/www.bertazzofood.com\/de\/prodotto\/italienische-espresso-bendinelli-100-arabica-gourmet\/","og_site_name":"Bertazzo Food","article_publisher":"https:\/\/www.facebook.com\/BertazzoItalianQualityFood","article_modified_time":"2024-10-01T09:36:52+00:00","og_image":[{"width":806,"height":800,"url":"https:\/\/www.bertazzofood.com\/wp-content\/uploads\/2024\/06\/Bendinelli-Arabica-Gourmet-2.jpg","type":"image\/jpeg"}],"twitter_card":"summary_large_image","schema":{"@context":"https:\/\/schema.org","@graph":[{"@type":"WebPage","@id":"https:\/\/www.bertazzofood.com\/de\/prodotto\/italienische-espresso-bendinelli-100-arabica-gourmet\/","url":"https:\/\/www.bertazzofood.com\/de\/prodotto\/italienische-espresso-bendinelli-100-arabica-gourmet\/","name":"Italienische Espresso Bendinelli 100% Arabica Gourmet","isPartOf":{"@id":"https:\/\/www.bertazzofood.com\/de\/#website"},"primaryImageOfPage":{"@id":"https:\/\/www.bertazzofood.com\/de\/prodotto\/italienische-espresso-bendinelli-100-arabica-gourmet\/#primaryimage"},"image":{"@id":"https:\/\/www.bertazzofood.com\/de\/prodotto\/italienische-espresso-bendinelli-100-arabica-gourmet\/#primaryimage"},"thumbnailUrl":"https:\/\/www.bertazzofood.com\/wp-content\/uploads\/2024\/06\/Bendinelli-Arabica-Gourmet-2.jpg","datePublished":"2020-01-24T07:05:49+00:00","dateModified":"2024-10-01T09:36:52+00:00","breadcrumb":{"@id":"https:\/\/www.bertazzofood.com\/de\/prodotto\/italienische-espresso-bendinelli-100-arabica-gourmet\/#breadcrumb"},"inLanguage":"de","potentialAction":[{"@type":"ReadAction","target":["https:\/\/www.bertazzofood.com\/de\/prodotto\/italienische-espresso-bendinelli-100-arabica-gourmet\/"]}]},{"@type":"ImageObject","inLanguage":"de","@id":"https:\/\/www.bertazzofood.com\/de\/prodotto\/italienische-espresso-bendinelli-100-arabica-gourmet\/#primaryimage","url":"https:\/\/www.bertazzofood.com\/wp-content\/uploads\/2024\/06\/Bendinelli-Arabica-Gourmet-2.jpg","contentUrl":"https:\/\/www.bertazzofood.com\/wp-content\/uploads\/2024\/06\/Bendinelli-Arabica-Gourmet-2.jpg","width":806,"height":800},{"@type":"BreadcrumbList","@id":"https:\/\/www.bertazzofood.com\/de\/prodotto\/italienische-espresso-bendinelli-100-arabica-gourmet\/#breadcrumb","itemListElement":[{"@type":"ListItem","position":1,"name":"Home","item":"https:\/\/www.bertazzofood.com\/de\/homepage\/"},{"@type":"ListItem","position":2,"name":"Produkte","item":"https:\/\/www.bertazzofood.com\/de\/shop\/"},{"@type":"ListItem","position":3,"name":"Italienische Espresso Bendinelli 100% Arabica Gourmet"}]},{"@type":"WebSite","@id":"https:\/\/www.bertazzofood.com\/de\/#website","url":"https:\/\/www.bertazzofood.com\/de\/","name":"Bertazzo Food","description":"Prodotti Alimentari Italiani Online e Macchine Da Caff\u00e8","publisher":{"@id":"https:\/\/www.bertazzofood.com\/de\/#organization"},"potentialAction":[{"@type":"SearchAction","target":{"@type":"EntryPoint","urlTemplate":"https:\/\/www.bertazzofood.com\/de\/?s={search_term_string}"},"query-input":{"@type":"PropertyValueSpecification","valueRequired":true,"valueName":"search_term_string"}}],"inLanguage":"de"},{"@type":"Organization","@id":"https:\/\/www.bertazzofood.com\/de\/#organization","name":"Bertazzo Italian Quality Food S.a.s. di Bertazzo Fabio & C.","alternateName":"Bertazzo Food","url":"https:\/\/www.bertazzofood.com\/de\/","logo":{"@type":"ImageObject","inLanguage":"de","@id":"https:\/\/www.bertazzofood.com\/de\/#\/schema\/logo\/image\/","url":"https:\/\/www.bertazzofood.com\/wp-content\/uploads\/2024\/06\/logo-bertazzo.webp","contentUrl":"https:\/\/www.bertazzofood.com\/wp-content\/uploads\/2024\/06\/logo-bertazzo.webp","width":410,"height":166,"caption":"Bertazzo Italian Quality Food S.a.s. di Bertazzo Fabio & C."},"image":{"@id":"https:\/\/www.bertazzofood.com\/de\/#\/schema\/logo\/image\/"},"sameAs":["https:\/\/www.facebook.com\/BertazzoItalianQualityFood","https:\/\/www.instagram.com\/bertazzo_italian_quality_food\/"]}]}},"_links":{"self":[{"href":"https:\/\/www.bertazzofood.com\/de\/wp-json\/wp\/v2\/product\/10530","targetHints":{"allow":["GET"]}}],"collection":[{"href":"https:\/\/www.bertazzofood.com\/de\/wp-json\/wp\/v2\/product"}],"about":[{"href":"https:\/\/www.bertazzofood.com\/de\/wp-json\/wp\/v2\/types\/product"}],"replies":[{"embeddable":true,"href":"https:\/\/www.bertazzofood.com\/de\/wp-json\/wp\/v2\/comments?post=10530"}],"version-history":[{"count":0,"href":"https:\/\/www.bertazzofood.com\/de\/wp-json\/wp\/v2\/product\/10530\/revisions"}],"wp:featuredmedia":[{"embeddable":true,"href":"https:\/\/www.bertazzofood.com\/de\/wp-json\/wp\/v2\/media\/3452"}],"wp:attachment":[{"href":"https:\/\/www.bertazzofood.com\/de\/wp-json\/wp\/v2\/media?parent=10530"}],"wp:term":[{"taxonomy":"product_brand","embeddable":true,"href":"https:\/\/www.bertazzofood.com\/de\/wp-json\/wp\/v2\/product_brand?post=10530"},{"taxonomy":"product_cat","embeddable":true,"href":"https:\/\/www.bertazzofood.com\/de\/wp-json\/wp\/v2\/product_cat?post=10530"},{"taxonomy":"product_tag","embeddable":true,"href":"https:\/\/www.bertazzofood.com\/de\/wp-json\/wp\/v2\/product_tag?post=10530"},{"taxonomy":"brands","embeddable":true,"href":"https:\/\/www.bertazzofood.com\/de\/wp-json\/wp\/v2\/brands?post=10530"},{"taxonomy":"flag_home","embeddable":true,"href":"https:\/\/www.bertazzofood.com\/de\/wp-json\/wp\/v2\/flag_home?post=10530"}],"curies":[{"name":"wp","href":"https:\/\/api.w.org\/{rel}","templated":true}]}}