{"id":10493,"date":"2020-04-08T09:02:59","date_gmt":"2020-04-08T07:02:59","guid":{"rendered":"https:\/\/thegarden.it\/staging8\/prodotto\/delonghi-eletta-ecam-44-660-b\/"},"modified":"2024-06-23T22:25:43","modified_gmt":"2024-06-23T20:25:43","slug":"delonghi-eletta-ecam-44-660-b","status":"publish","type":"product","link":"https:\/\/www.bertazzofood.com\/de\/prodotto\/delonghi-eletta-ecam-44-660-b\/","title":{"rendered":"De&#8217;Longhi ELETTA ECAM 44.660.B"},"content":{"rendered":"<p><em><strong>Eletta Cappuccino ECAM 44.660.B<\/strong><\/em>: Kaffee- und Milchspezialit\u00e4ten per einfachem Knopfdruck und gleichzeitige Zubereitung von zwei Tassen Espresso. Cremiger Milchschaum mit dem automatischen LatteCrema System und automatische Reinigung der Milchkaraffe. Passen Sie das Aroma und die Menge an. <span lang=\"de\">Hochglanzlackiertes Geh\u00e4use und Soft-Touch-Tasten.<\/span><\/p>\n<p><a>EIGENSCHAFTEN:<\/a><\/p>\n<p>\u2022Mahltechnologie: dank der integrierten Mahltechnologie werden die Bohnen immer frisch gemahlen. Der Mahlgrad kann nach Geschmack angepasst werden. Das konische Stahlmahlwerk ist mit 100%iger Genauigkeit kalibriert.<\/p>\n<p>\u2022Der frischeste Kaffee: das schlauchlose System von De&#8217;Longhi reduziert die Menge des \u00fcbrigen Kaffeepulvers im Mahlwerk auf ein Minimum, sodass nur frisch gemahlener Kaffee beim Br\u00fchen Ihres Espresso verwendet wird.<\/p>\n<p>\u2022Temperaturregelung: Zwei unabh\u00e4ngige Heizsysteme f\u00fcr perfekte Temperaturregelung: Ein Thermoblock f\u00fcr die Zubereitung von Kaffee und ein Heizsystem f\u00fcr die Zubereitung von Milch \u2013 beide arbeiten gleichzeitig.<\/p>\n<p>\u2022Einfache Reinigung: um h\u00f6chste Hygiene zu gew\u00e4hrleisten, ist die Karaffe mit einer integrierten Reinigungsfunktion ausgestattet: Nach der Getr\u00e4nkezubereitung werden alle Teile, die mit Milch in Ber\u00fchrung kommen, mit Hei\u00dfwasser und -Dampf gereinigt.<\/p>\n<p>\u2022Abmessungen (BxTxH cm): 26 x 36 x 46<\/p>\n<p>\u2022Gewicht (kg): 11<\/p>\n<p>\u2022Spannung\/Frequenz (V~Hz):\u00a0220\/240-50\/60<\/p>\n<p>\u2022Eingangsleistung (W):\u00a01450<\/p>\n<p>\u2022Farbe:\u00a0Schwarz<\/p>\n<p>\u2022Aroma control:\u00a0\u2713<\/p>\n<p>\u2022Long-Coffee-Funktion:\u00a0\u2713<\/p>\n<p>\u2022Tonsignal:\u00a0\u2713<\/p>\n<p>\u2022Automatische Reinigung:\u00a0\u2713<\/p>\n<p>\u2022Abschaltautomatik:\u00a0\u2713<\/p>\n<p>\u2022Kapazit\u00e4t Bohnenbeh\u00e4lter (g): 400g<\/p>\n<p>\u2022Reinigungsanzeige des Cappuccino-Systems:\u00a0\u2713<\/p>\n<p>\u2022Beh\u00e4lter f\u00fcr gemahlenen Kaffee:\u00a014<\/p>\n<p>\u2022Kaffeebohnen &amp; -pulver:\u00a0\u2713<\/p>\n<p>\u2022De&#8217;Longhi LatteCrema System:\u00a0\u2713<\/p>\n<p>\u2022Entkalkungs-, Reinigungs- und Sp\u00fclprogramm:\u00a0\u2713<\/p>\n<p>\u2022Kaffeeausgabe (min.\/max.): 90mm bis 142mm<\/p>\n<p>\u2022Display:\u00a0Zweizeiliges Textdisplay<\/p>\n<p>\u2022Energiesparfunktion:\u00a0\u2713<\/p>\n<p>\u2022Extraleises Kegelmahlwerk (13-stufig):\u00a0\u2713<\/p>\n<p>\u2022Netzhauptschalter:\u00a0\u2713<\/p>\n<p>\u2022Programmierbare Wasserh\u00e4rte:\u00a0\u2713<\/p>\n<p>\u2022Pumpendruck (bar):\u00a015<\/p>\n<p>\u2022Abnehmbare Abtropfschale:\u00a0\u2713<\/p>\n<p>\u2022Herausnehmbare Br\u00fcheinheit:\u00a0\u2713<\/p>\n<p>\u2022Herausnehmbarer Wassertank:\u00a0\u2713<\/p>\n<p>\u2022Auswahl f\u00fcr eine Tasse:\u00a0\u2713<\/p>\n<p>\u2022Auswahl f\u00fcr zwei Tassen:\u00a0\u2713<\/p>\n<p>\u2022Stand-by-Funktion:\u00a0\u2713<\/p>\n<p><strong>24 Monate Garantie<\/strong>.<\/p>\n<p><strong>Versand kostenlos<\/strong>.<\/p>\n","protected":false},"excerpt":{"rendered":"<p>Eletta Cappuccino ECAM 44.660.B: Kaffee- und Milchspezialit\u00e4ten per einfachem Knopfdruck und gleichzeitige Zubereitung von zwei Tassen Espresso. Cremiger Milchschaum mit dem automatischen LatteCrema System und automatische Reinigung der Milchkaraffe. Passen Sie das Aroma und die Menge an. Hochglanzlackiertes Geh\u00e4use und Soft-Touch-Tasten. EIGENSCHAFTEN: \u2022Mahltechnologie: dank der integrierten Mahltechnologie werden die Bohnen immer frisch gemahlen. Der Mahlgrad [&hellip;]<\/p>\n","protected":false},"featured_media":3420,"comment_status":"open","ping_status":"closed","template":"","meta":{"_acf_changed":false,"iawp_total_views":1},"product_brand":[],"product_cat":[1176,1155],"product_tag":[],"brands":[1723],"flag_home":[],"class_list":{"0":"post-10493","1":"product","2":"type-product","3":"status-publish","4":"has-post-thumbnail","6":"product_cat-espressomaschinen","7":"product_cat-kaffeemaschinen-zubehoer","8":"pa_garanzia-24-monate","9":"pa_tipo-di-alimentazione-acqua-wassertank","10":"pa_tipo-di-caldaia-ein-kessel","11":"pa_tipo-di-pompa-vibrationspumpe","12":"brands-de-longhi","14":"first","15":"outofstock","16":"taxable","17":"shipping-taxable","18":"purchasable","19":"product-type-simple"},"acf":[],"yoast_head":"<!-- This site is optimized with the Yoast SEO plugin v27.5 - https:\/\/yoast.com\/product\/yoast-seo-wordpress\/ -->\n<title>De&#039;Longhi ELETTA ECAM 44.660.B<\/title>\n<meta name=\"robots\" content=\"index, follow, max-snippet:-1, max-image-preview:large, max-video-preview:-1\" \/>\n<link rel=\"canonical\" href=\"https:\/\/www.bertazzofood.com\/de\/prodotto\/delonghi-eletta-ecam-44-660-b\/\" \/>\n<meta property=\"og:locale\" content=\"de_DE\" \/>\n<meta property=\"og:type\" content=\"article\" \/>\n<meta property=\"og:title\" content=\"De&#039;Longhi ELETTA ECAM 44.660.B\" \/>\n<meta property=\"og:description\" content=\"Eletta Cappuccino ECAM 44.660.B: Kaffee- und Milchspezialit\u00e4ten per einfachem Knopfdruck und gleichzeitige Zubereitung von zwei Tassen Espresso. Cremiger Milchschaum mit dem automatischen LatteCrema System und automatische Reinigung der Milchkaraffe. Passen Sie das Aroma und die Menge an. Hochglanzlackiertes Geh\u00e4use und Soft-Touch-Tasten. EIGENSCHAFTEN: \u2022Mahltechnologie: dank der integrierten Mahltechnologie werden die Bohnen immer frisch gemahlen. Der Mahlgrad [&hellip;]\" \/>\n<meta property=\"og:url\" content=\"https:\/\/www.bertazzofood.com\/de\/prodotto\/delonghi-eletta-ecam-44-660-b\/\" \/>\n<meta property=\"og:site_name\" content=\"Bertazzo Food\" \/>\n<meta property=\"article:publisher\" content=\"https:\/\/www.facebook.com\/BertazzoItalianQualityFood\" \/>\n<meta property=\"article:modified_time\" content=\"2024-06-23T20:25:43+00:00\" \/>\n<meta property=\"og:image\" content=\"https:\/\/www.bertazzofood.com\/wp-content\/uploads\/2024\/06\/ECAM-44.660.B-2.jpg\" \/>\n\t<meta property=\"og:image:width\" content=\"800\" \/>\n\t<meta property=\"og:image:height\" content=\"800\" \/>\n\t<meta property=\"og:image:type\" content=\"image\/jpeg\" \/>\n<meta name=\"twitter:card\" content=\"summary_large_image\" \/>\n<meta name=\"twitter:label1\" content=\"Gesch\u00e4tzte Lesezeit\" \/>\n\t<meta name=\"twitter:data1\" content=\"1\u00a0Minute\" \/>\n<script type=\"application\/ld+json\" class=\"yoast-schema-graph\">{\"@context\":\"https:\\\/\\\/schema.org\",\"@graph\":[{\"@type\":\"WebPage\",\"@id\":\"https:\\\/\\\/www.bertazzofood.com\\\/de\\\/prodotto\\\/delonghi-eletta-ecam-44-660-b\\\/\",\"url\":\"https:\\\/\\\/www.bertazzofood.com\\\/de\\\/prodotto\\\/delonghi-eletta-ecam-44-660-b\\\/\",\"name\":\"De'Longhi ELETTA ECAM 44.660.B\",\"isPartOf\":{\"@id\":\"https:\\\/\\\/www.bertazzofood.com\\\/de\\\/#website\"},\"primaryImageOfPage\":{\"@id\":\"https:\\\/\\\/www.bertazzofood.com\\\/de\\\/prodotto\\\/delonghi-eletta-ecam-44-660-b\\\/#primaryimage\"},\"image\":{\"@id\":\"https:\\\/\\\/www.bertazzofood.com\\\/de\\\/prodotto\\\/delonghi-eletta-ecam-44-660-b\\\/#primaryimage\"},\"thumbnailUrl\":\"https:\\\/\\\/www.bertazzofood.com\\\/wp-content\\\/uploads\\\/2024\\\/06\\\/ECAM-44.660.B-2.jpg\",\"datePublished\":\"2020-04-08T07:02:59+00:00\",\"dateModified\":\"2024-06-23T20:25:43+00:00\",\"breadcrumb\":{\"@id\":\"https:\\\/\\\/www.bertazzofood.com\\\/de\\\/prodotto\\\/delonghi-eletta-ecam-44-660-b\\\/#breadcrumb\"},\"inLanguage\":\"de\",\"potentialAction\":[{\"@type\":\"ReadAction\",\"target\":[\"https:\\\/\\\/www.bertazzofood.com\\\/de\\\/prodotto\\\/delonghi-eletta-ecam-44-660-b\\\/\"]}]},{\"@type\":\"ImageObject\",\"inLanguage\":\"de\",\"@id\":\"https:\\\/\\\/www.bertazzofood.com\\\/de\\\/prodotto\\\/delonghi-eletta-ecam-44-660-b\\\/#primaryimage\",\"url\":\"https:\\\/\\\/www.bertazzofood.com\\\/wp-content\\\/uploads\\\/2024\\\/06\\\/ECAM-44.660.B-2.jpg\",\"contentUrl\":\"https:\\\/\\\/www.bertazzofood.com\\\/wp-content\\\/uploads\\\/2024\\\/06\\\/ECAM-44.660.B-2.jpg\",\"width\":800,\"height\":800},{\"@type\":\"BreadcrumbList\",\"@id\":\"https:\\\/\\\/www.bertazzofood.com\\\/de\\\/prodotto\\\/delonghi-eletta-ecam-44-660-b\\\/#breadcrumb\",\"itemListElement\":[{\"@type\":\"ListItem\",\"position\":1,\"name\":\"Home\",\"item\":\"https:\\\/\\\/www.bertazzofood.com\\\/de\\\/homepage\\\/\"},{\"@type\":\"ListItem\",\"position\":2,\"name\":\"Produkte\",\"item\":\"https:\\\/\\\/www.bertazzofood.com\\\/de\\\/shop\\\/\"},{\"@type\":\"ListItem\",\"position\":3,\"name\":\"De&#8217;Longhi ELETTA ECAM 44.660.B\"}]},{\"@type\":\"WebSite\",\"@id\":\"https:\\\/\\\/www.bertazzofood.com\\\/de\\\/#website\",\"url\":\"https:\\\/\\\/www.bertazzofood.com\\\/de\\\/\",\"name\":\"Bertazzo Food\",\"description\":\"Prodotti Alimentari Italiani Online e Macchine Da Caff\u00e8\",\"publisher\":{\"@id\":\"https:\\\/\\\/www.bertazzofood.com\\\/de\\\/#organization\"},\"potentialAction\":[{\"@type\":\"SearchAction\",\"target\":{\"@type\":\"EntryPoint\",\"urlTemplate\":\"https:\\\/\\\/www.bertazzofood.com\\\/de\\\/?s={search_term_string}\"},\"query-input\":{\"@type\":\"PropertyValueSpecification\",\"valueRequired\":true,\"valueName\":\"search_term_string\"}}],\"inLanguage\":\"de\"},{\"@type\":\"Organization\",\"@id\":\"https:\\\/\\\/www.bertazzofood.com\\\/de\\\/#organization\",\"name\":\"Bertazzo Italian Quality Food S.a.s. di Bertazzo Fabio & C.\",\"alternateName\":\"Bertazzo Food\",\"url\":\"https:\\\/\\\/www.bertazzofood.com\\\/de\\\/\",\"logo\":{\"@type\":\"ImageObject\",\"inLanguage\":\"de\",\"@id\":\"https:\\\/\\\/www.bertazzofood.com\\\/de\\\/#\\\/schema\\\/logo\\\/image\\\/\",\"url\":\"https:\\\/\\\/www.bertazzofood.com\\\/wp-content\\\/uploads\\\/2024\\\/06\\\/logo-bertazzo.webp\",\"contentUrl\":\"https:\\\/\\\/www.bertazzofood.com\\\/wp-content\\\/uploads\\\/2024\\\/06\\\/logo-bertazzo.webp\",\"width\":410,\"height\":166,\"caption\":\"Bertazzo Italian Quality Food S.a.s. di Bertazzo Fabio & C.\"},\"image\":{\"@id\":\"https:\\\/\\\/www.bertazzofood.com\\\/de\\\/#\\\/schema\\\/logo\\\/image\\\/\"},\"sameAs\":[\"https:\\\/\\\/www.facebook.com\\\/BertazzoItalianQualityFood\",\"https:\\\/\\\/www.instagram.com\\\/bertazzo_italian_quality_food\\\/\"]}]}<\/script>\n<!-- \/ Yoast SEO plugin. -->","yoast_head_json":{"title":"De'Longhi ELETTA ECAM 44.660.B","robots":{"index":"index","follow":"follow","max-snippet":"max-snippet:-1","max-image-preview":"max-image-preview:large","max-video-preview":"max-video-preview:-1"},"canonical":"https:\/\/www.bertazzofood.com\/de\/prodotto\/delonghi-eletta-ecam-44-660-b\/","og_locale":"de_DE","og_type":"article","og_title":"De'Longhi ELETTA ECAM 44.660.B","og_description":"Eletta Cappuccino ECAM 44.660.B: Kaffee- und Milchspezialit\u00e4ten per einfachem Knopfdruck und gleichzeitige Zubereitung von zwei Tassen Espresso. Cremiger Milchschaum mit dem automatischen LatteCrema System und automatische Reinigung der Milchkaraffe. Passen Sie das Aroma und die Menge an. Hochglanzlackiertes Geh\u00e4use und Soft-Touch-Tasten. EIGENSCHAFTEN: \u2022Mahltechnologie: dank der integrierten Mahltechnologie werden die Bohnen immer frisch gemahlen. Der Mahlgrad [&hellip;]","og_url":"https:\/\/www.bertazzofood.com\/de\/prodotto\/delonghi-eletta-ecam-44-660-b\/","og_site_name":"Bertazzo Food","article_publisher":"https:\/\/www.facebook.com\/BertazzoItalianQualityFood","article_modified_time":"2024-06-23T20:25:43+00:00","og_image":[{"width":800,"height":800,"url":"https:\/\/www.bertazzofood.com\/wp-content\/uploads\/2024\/06\/ECAM-44.660.B-2.jpg","type":"image\/jpeg"}],"twitter_card":"summary_large_image","twitter_misc":{"Gesch\u00e4tzte Lesezeit":"1\u00a0Minute"},"schema":{"@context":"https:\/\/schema.org","@graph":[{"@type":"WebPage","@id":"https:\/\/www.bertazzofood.com\/de\/prodotto\/delonghi-eletta-ecam-44-660-b\/","url":"https:\/\/www.bertazzofood.com\/de\/prodotto\/delonghi-eletta-ecam-44-660-b\/","name":"De'Longhi ELETTA ECAM 44.660.B","isPartOf":{"@id":"https:\/\/www.bertazzofood.com\/de\/#website"},"primaryImageOfPage":{"@id":"https:\/\/www.bertazzofood.com\/de\/prodotto\/delonghi-eletta-ecam-44-660-b\/#primaryimage"},"image":{"@id":"https:\/\/www.bertazzofood.com\/de\/prodotto\/delonghi-eletta-ecam-44-660-b\/#primaryimage"},"thumbnailUrl":"https:\/\/www.bertazzofood.com\/wp-content\/uploads\/2024\/06\/ECAM-44.660.B-2.jpg","datePublished":"2020-04-08T07:02:59+00:00","dateModified":"2024-06-23T20:25:43+00:00","breadcrumb":{"@id":"https:\/\/www.bertazzofood.com\/de\/prodotto\/delonghi-eletta-ecam-44-660-b\/#breadcrumb"},"inLanguage":"de","potentialAction":[{"@type":"ReadAction","target":["https:\/\/www.bertazzofood.com\/de\/prodotto\/delonghi-eletta-ecam-44-660-b\/"]}]},{"@type":"ImageObject","inLanguage":"de","@id":"https:\/\/www.bertazzofood.com\/de\/prodotto\/delonghi-eletta-ecam-44-660-b\/#primaryimage","url":"https:\/\/www.bertazzofood.com\/wp-content\/uploads\/2024\/06\/ECAM-44.660.B-2.jpg","contentUrl":"https:\/\/www.bertazzofood.com\/wp-content\/uploads\/2024\/06\/ECAM-44.660.B-2.jpg","width":800,"height":800},{"@type":"BreadcrumbList","@id":"https:\/\/www.bertazzofood.com\/de\/prodotto\/delonghi-eletta-ecam-44-660-b\/#breadcrumb","itemListElement":[{"@type":"ListItem","position":1,"name":"Home","item":"https:\/\/www.bertazzofood.com\/de\/homepage\/"},{"@type":"ListItem","position":2,"name":"Produkte","item":"https:\/\/www.bertazzofood.com\/de\/shop\/"},{"@type":"ListItem","position":3,"name":"De&#8217;Longhi ELETTA ECAM 44.660.B"}]},{"@type":"WebSite","@id":"https:\/\/www.bertazzofood.com\/de\/#website","url":"https:\/\/www.bertazzofood.com\/de\/","name":"Bertazzo Food","description":"Prodotti Alimentari Italiani Online e Macchine Da Caff\u00e8","publisher":{"@id":"https:\/\/www.bertazzofood.com\/de\/#organization"},"potentialAction":[{"@type":"SearchAction","target":{"@type":"EntryPoint","urlTemplate":"https:\/\/www.bertazzofood.com\/de\/?s={search_term_string}"},"query-input":{"@type":"PropertyValueSpecification","valueRequired":true,"valueName":"search_term_string"}}],"inLanguage":"de"},{"@type":"Organization","@id":"https:\/\/www.bertazzofood.com\/de\/#organization","name":"Bertazzo Italian Quality Food S.a.s. di Bertazzo Fabio & C.","alternateName":"Bertazzo Food","url":"https:\/\/www.bertazzofood.com\/de\/","logo":{"@type":"ImageObject","inLanguage":"de","@id":"https:\/\/www.bertazzofood.com\/de\/#\/schema\/logo\/image\/","url":"https:\/\/www.bertazzofood.com\/wp-content\/uploads\/2024\/06\/logo-bertazzo.webp","contentUrl":"https:\/\/www.bertazzofood.com\/wp-content\/uploads\/2024\/06\/logo-bertazzo.webp","width":410,"height":166,"caption":"Bertazzo Italian Quality Food S.a.s. di Bertazzo Fabio & C."},"image":{"@id":"https:\/\/www.bertazzofood.com\/de\/#\/schema\/logo\/image\/"},"sameAs":["https:\/\/www.facebook.com\/BertazzoItalianQualityFood","https:\/\/www.instagram.com\/bertazzo_italian_quality_food\/"]}]}},"_links":{"self":[{"href":"https:\/\/www.bertazzofood.com\/de\/wp-json\/wp\/v2\/product\/10493","targetHints":{"allow":["GET"]}}],"collection":[{"href":"https:\/\/www.bertazzofood.com\/de\/wp-json\/wp\/v2\/product"}],"about":[{"href":"https:\/\/www.bertazzofood.com\/de\/wp-json\/wp\/v2\/types\/product"}],"replies":[{"embeddable":true,"href":"https:\/\/www.bertazzofood.com\/de\/wp-json\/wp\/v2\/comments?post=10493"}],"version-history":[{"count":0,"href":"https:\/\/www.bertazzofood.com\/de\/wp-json\/wp\/v2\/product\/10493\/revisions"}],"wp:featuredmedia":[{"embeddable":true,"href":"https:\/\/www.bertazzofood.com\/de\/wp-json\/wp\/v2\/media\/3420"}],"wp:attachment":[{"href":"https:\/\/www.bertazzofood.com\/de\/wp-json\/wp\/v2\/media?parent=10493"}],"wp:term":[{"taxonomy":"product_brand","embeddable":true,"href":"https:\/\/www.bertazzofood.com\/de\/wp-json\/wp\/v2\/product_brand?post=10493"},{"taxonomy":"product_cat","embeddable":true,"href":"https:\/\/www.bertazzofood.com\/de\/wp-json\/wp\/v2\/product_cat?post=10493"},{"taxonomy":"product_tag","embeddable":true,"href":"https:\/\/www.bertazzofood.com\/de\/wp-json\/wp\/v2\/product_tag?post=10493"},{"taxonomy":"brands","embeddable":true,"href":"https:\/\/www.bertazzofood.com\/de\/wp-json\/wp\/v2\/brands?post=10493"},{"taxonomy":"flag_home","embeddable":true,"href":"https:\/\/www.bertazzofood.com\/de\/wp-json\/wp\/v2\/flag_home?post=10493"}],"curies":[{"name":"wp","href":"https:\/\/api.w.org\/{rel}","templated":true}]}}