{"id":10490,"date":"2020-04-08T08:27:59","date_gmt":"2020-04-08T06:27:59","guid":{"rendered":"https:\/\/thegarden.it\/staging8\/prodotto\/jura-impressa-e6\/"},"modified":"2024-06-23T22:25:42","modified_gmt":"2024-06-23T20:25:42","slug":"jura-impressa-e6","status":"publish","type":"product","link":"https:\/\/www.bertazzofood.com\/de\/prodotto\/jura-impressa-e6\/","title":{"rendered":"Jura Impressa E6"},"content":{"rendered":"<p><strong>Weltneuheit P.E.P.<sup>\u00ae<\/sup>: Puls-Extraktionsprozess<\/strong><\/p>\n<p>Die neue E-Linie von JURA revolutioniert den Kaffeegenuss in jeder Hinsicht. Das Br\u00fchverfahren f\u00fcr Espresso wurde von Grund auf perfektioniert. Eine Weltneuheit, der Puls-Extraktionsprozess (P.E.P.<sup>\u00ae<\/sup>), optimiert die Extraktionszeit und garantiert auch bei kurzen Kaffeespezialit\u00e4ten ein H\u00f6chstma\u00df an Aroma. CLARIS Smart liefert perfekte Wasserqualit\u00e4t f\u00fcr puren Geschmack. Nie war die Verwendung des Filters einfacher, denn neu erkennt ihn das Intelligent Water System (I.W.S.<sup>\u00ae<\/sup>) automatisch. Frontal angeordnete Tasten und ein modernes TFT-Display machen die Bedienung spielend leicht. Und f\u00fcr ein H\u00f6chstma\u00df an Hygiene sorgen die integrierten Pflegeprogramme sowie der neue, auswechselbare Milchauslauf. Technische Daten:<\/p>\n<p>\u2022 Produkte: 1 Espresso &#8211;\u00a02 Espressi &#8211;\u00a01 Kaffee &#8211;\u00a02 Kaffees &#8211;\u00a01 Cappuccino &#8211;\u00a01 Milchschaum\u00adportion &#8211; Heisswasser<\/p>\n<p>\u2022 Hei\u00df\u00adwasser\u00adfunktion:\u00a03 Stufen<\/p>\n<p>\u2022 Pulse Extraction Process (P.E.P.<sup>\u00ae<\/sup>)<\/p>\n<p>\u2022 App Kompatibilit\u00e4t:\u00a0JURA Coffee App<\/p>\n<p>\u2022 Intelligent Pre Brew Aroma System (I.P.B.A.S.<sup>\u00a9<\/sup>)<\/p>\n<p>\u2022 Wireless ready<\/p>\n<p>\u2022 \u00dcberwachte Restwasserschale<\/p>\n<p>\u2022 Mahlwerktyp Aroma<sup>G3<\/sup><\/p>\n<p>\u2022 Hochleistungspumpe, 15 bar<\/p>\n<p>\u2022 Kaffeewassermenge programmierbar<\/p>\n<p>\u2022 Kaffeest\u00e4rke in Stufen programmierbar: 8<\/p>\n<p>\u2022 Kaffeewassermenge pro Zubereitung einstellbar<\/p>\n<p>\u2022 TFT-Farbdisplay<\/p>\n<p>\u2022 Energiesparmodus\u00a0(E.S.M.<sup>\u00a9<\/sup>)<\/p>\n<p>\u2022 Programmierbare Ausschaltzeit<\/p>\n<p>\u2022 Filterpatrone CLARIS\u00a0Smart<\/p>\n<p>\u2022 Integriertes Sp\u00fcl-, Reinigungs- und Entkalkungsprogramm<\/p>\n<p>\u2022 Wasserh\u00e4rte programmierbar<\/p>\n<p>\u2022 H\u00f6henverstellbarer Kaffeeauslauf 65 &#8211; 111 mm<\/p>\n<p>\u2022 H\u00f6henverstellbarer Hei\u00dfwasserauslauf 67 &#8211; 113 mm<\/p>\n<p>\u2022 F\u00fcllmenge Wassertank 1,9L<\/p>\n<p>\u2022 Kaffeesatzbeh\u00e4lter (Max. Portionen): 16<\/p>\n<p>\u2022 Kapazit\u00e4t pro Bohnenbeh\u00e4lter 280 gr<\/p>\n<p>\u2022 Leistung1450W<\/p>\n<p>\u2022 Gewicht 9,8 kg<\/p>\n<p><span style=\"text-decoration: underline;\"><strong><a href=\"https:\/\/youtu.be\/vObs91hAMmc\">Klicken Sie f\u00fcr das Video<\/a><\/strong><\/span><\/p>\n<p><strong>24 Monate Garantie<\/strong>.<\/p>\n<p><strong>Versand kostenlos<\/strong>.<\/p>\n","protected":false},"excerpt":{"rendered":"<p>Weltneuheit P.E.P.\u00ae: Puls-Extraktionsprozess Die neue E-Linie von JURA revolutioniert den Kaffeegenuss in jeder Hinsicht. Das Br\u00fchverfahren f\u00fcr Espresso wurde von Grund auf perfektioniert. Eine Weltneuheit, der Puls-Extraktionsprozess (P.E.P.\u00ae), optimiert die Extraktionszeit und garantiert auch bei kurzen Kaffeespezialit\u00e4ten ein H\u00f6chstma\u00df an Aroma. CLARIS Smart liefert perfekte Wasserqualit\u00e4t f\u00fcr puren Geschmack. Nie war die Verwendung des Filters [&hellip;]<\/p>\n","protected":false},"featured_media":3391,"comment_status":"open","ping_status":"closed","template":"","meta":{"_acf_changed":false,"iawp_total_views":27},"product_brand":[],"product_cat":[1176,1155],"product_tag":[],"brands":[],"flag_home":[],"class_list":{"0":"post-10490","1":"product","2":"type-product","3":"status-publish","4":"has-post-thumbnail","6":"product_cat-espressomaschinen","7":"product_cat-kaffeemaschinen-zubehoer","8":"pa_garanzia-24-monate","10":"first","11":"outofstock","12":"taxable","13":"shipping-taxable","14":"purchasable","15":"product-type-simple"},"acf":[],"yoast_head":"<!-- This site is optimized with the Yoast SEO plugin v27.5 - https:\/\/yoast.com\/product\/yoast-seo-wordpress\/ -->\n<title>Jura Impressa E6<\/title>\n<meta name=\"robots\" content=\"index, follow, max-snippet:-1, max-image-preview:large, max-video-preview:-1\" \/>\n<link rel=\"canonical\" href=\"https:\/\/www.bertazzofood.com\/de\/prodotto\/jura-impressa-e6\/\" \/>\n<meta property=\"og:locale\" content=\"de_DE\" \/>\n<meta property=\"og:type\" content=\"article\" \/>\n<meta property=\"og:title\" content=\"Jura Impressa E6\" \/>\n<meta property=\"og:description\" content=\"Weltneuheit P.E.P.\u00ae: Puls-Extraktionsprozess Die neue E-Linie von JURA revolutioniert den Kaffeegenuss in jeder Hinsicht. Das Br\u00fchverfahren f\u00fcr Espresso wurde von Grund auf perfektioniert. Eine Weltneuheit, der Puls-Extraktionsprozess (P.E.P.\u00ae), optimiert die Extraktionszeit und garantiert auch bei kurzen Kaffeespezialit\u00e4ten ein H\u00f6chstma\u00df an Aroma. CLARIS Smart liefert perfekte Wasserqualit\u00e4t f\u00fcr puren Geschmack. Nie war die Verwendung des Filters [&hellip;]\" \/>\n<meta property=\"og:url\" content=\"https:\/\/www.bertazzofood.com\/de\/prodotto\/jura-impressa-e6\/\" \/>\n<meta property=\"og:site_name\" content=\"Bertazzo Food\" \/>\n<meta property=\"article:publisher\" content=\"https:\/\/www.facebook.com\/BertazzoItalianQualityFood\" \/>\n<meta property=\"article:modified_time\" content=\"2024-06-23T20:25:42+00:00\" \/>\n<meta property=\"og:image\" content=\"https:\/\/www.bertazzofood.com\/wp-content\/uploads\/2024\/06\/jura-impressa-1-2.jpg\" \/>\n\t<meta property=\"og:image:width\" content=\"800\" \/>\n\t<meta property=\"og:image:height\" content=\"800\" \/>\n\t<meta property=\"og:image:type\" content=\"image\/jpeg\" \/>\n<meta name=\"twitter:card\" content=\"summary_large_image\" \/>\n<meta name=\"twitter:label1\" content=\"Gesch\u00e4tzte Lesezeit\" \/>\n\t<meta name=\"twitter:data1\" content=\"1\u00a0Minute\" \/>\n<script type=\"application\/ld+json\" class=\"yoast-schema-graph\">{\"@context\":\"https:\\\/\\\/schema.org\",\"@graph\":[{\"@type\":\"WebPage\",\"@id\":\"https:\\\/\\\/www.bertazzofood.com\\\/de\\\/prodotto\\\/jura-impressa-e6\\\/\",\"url\":\"https:\\\/\\\/www.bertazzofood.com\\\/de\\\/prodotto\\\/jura-impressa-e6\\\/\",\"name\":\"Jura Impressa E6\",\"isPartOf\":{\"@id\":\"https:\\\/\\\/www.bertazzofood.com\\\/de\\\/#website\"},\"primaryImageOfPage\":{\"@id\":\"https:\\\/\\\/www.bertazzofood.com\\\/de\\\/prodotto\\\/jura-impressa-e6\\\/#primaryimage\"},\"image\":{\"@id\":\"https:\\\/\\\/www.bertazzofood.com\\\/de\\\/prodotto\\\/jura-impressa-e6\\\/#primaryimage\"},\"thumbnailUrl\":\"https:\\\/\\\/www.bertazzofood.com\\\/wp-content\\\/uploads\\\/2024\\\/06\\\/jura-impressa-1-2.jpg\",\"datePublished\":\"2020-04-08T06:27:59+00:00\",\"dateModified\":\"2024-06-23T20:25:42+00:00\",\"breadcrumb\":{\"@id\":\"https:\\\/\\\/www.bertazzofood.com\\\/de\\\/prodotto\\\/jura-impressa-e6\\\/#breadcrumb\"},\"inLanguage\":\"de\",\"potentialAction\":[{\"@type\":\"ReadAction\",\"target\":[\"https:\\\/\\\/www.bertazzofood.com\\\/de\\\/prodotto\\\/jura-impressa-e6\\\/\"]}]},{\"@type\":\"ImageObject\",\"inLanguage\":\"de\",\"@id\":\"https:\\\/\\\/www.bertazzofood.com\\\/de\\\/prodotto\\\/jura-impressa-e6\\\/#primaryimage\",\"url\":\"https:\\\/\\\/www.bertazzofood.com\\\/wp-content\\\/uploads\\\/2024\\\/06\\\/jura-impressa-1-2.jpg\",\"contentUrl\":\"https:\\\/\\\/www.bertazzofood.com\\\/wp-content\\\/uploads\\\/2024\\\/06\\\/jura-impressa-1-2.jpg\",\"width\":800,\"height\":800},{\"@type\":\"BreadcrumbList\",\"@id\":\"https:\\\/\\\/www.bertazzofood.com\\\/de\\\/prodotto\\\/jura-impressa-e6\\\/#breadcrumb\",\"itemListElement\":[{\"@type\":\"ListItem\",\"position\":1,\"name\":\"Home\",\"item\":\"https:\\\/\\\/www.bertazzofood.com\\\/de\\\/homepage\\\/\"},{\"@type\":\"ListItem\",\"position\":2,\"name\":\"Produkte\",\"item\":\"https:\\\/\\\/www.bertazzofood.com\\\/de\\\/shop\\\/\"},{\"@type\":\"ListItem\",\"position\":3,\"name\":\"Jura Impressa E6\"}]},{\"@type\":\"WebSite\",\"@id\":\"https:\\\/\\\/www.bertazzofood.com\\\/de\\\/#website\",\"url\":\"https:\\\/\\\/www.bertazzofood.com\\\/de\\\/\",\"name\":\"Bertazzo Food\",\"description\":\"Prodotti Alimentari Italiani Online e Macchine Da Caff\u00e8\",\"publisher\":{\"@id\":\"https:\\\/\\\/www.bertazzofood.com\\\/de\\\/#organization\"},\"potentialAction\":[{\"@type\":\"SearchAction\",\"target\":{\"@type\":\"EntryPoint\",\"urlTemplate\":\"https:\\\/\\\/www.bertazzofood.com\\\/de\\\/?s={search_term_string}\"},\"query-input\":{\"@type\":\"PropertyValueSpecification\",\"valueRequired\":true,\"valueName\":\"search_term_string\"}}],\"inLanguage\":\"de\"},{\"@type\":\"Organization\",\"@id\":\"https:\\\/\\\/www.bertazzofood.com\\\/de\\\/#organization\",\"name\":\"Bertazzo Italian Quality Food S.a.s. di Bertazzo Fabio & C.\",\"alternateName\":\"Bertazzo Food\",\"url\":\"https:\\\/\\\/www.bertazzofood.com\\\/de\\\/\",\"logo\":{\"@type\":\"ImageObject\",\"inLanguage\":\"de\",\"@id\":\"https:\\\/\\\/www.bertazzofood.com\\\/de\\\/#\\\/schema\\\/logo\\\/image\\\/\",\"url\":\"https:\\\/\\\/www.bertazzofood.com\\\/wp-content\\\/uploads\\\/2024\\\/06\\\/logo-bertazzo.webp\",\"contentUrl\":\"https:\\\/\\\/www.bertazzofood.com\\\/wp-content\\\/uploads\\\/2024\\\/06\\\/logo-bertazzo.webp\",\"width\":410,\"height\":166,\"caption\":\"Bertazzo Italian Quality Food S.a.s. di Bertazzo Fabio & C.\"},\"image\":{\"@id\":\"https:\\\/\\\/www.bertazzofood.com\\\/de\\\/#\\\/schema\\\/logo\\\/image\\\/\"},\"sameAs\":[\"https:\\\/\\\/www.facebook.com\\\/BertazzoItalianQualityFood\",\"https:\\\/\\\/www.instagram.com\\\/bertazzo_italian_quality_food\\\/\"]}]}<\/script>\n<!-- \/ Yoast SEO plugin. -->","yoast_head_json":{"title":"Jura Impressa E6","robots":{"index":"index","follow":"follow","max-snippet":"max-snippet:-1","max-image-preview":"max-image-preview:large","max-video-preview":"max-video-preview:-1"},"canonical":"https:\/\/www.bertazzofood.com\/de\/prodotto\/jura-impressa-e6\/","og_locale":"de_DE","og_type":"article","og_title":"Jura Impressa E6","og_description":"Weltneuheit P.E.P.\u00ae: Puls-Extraktionsprozess Die neue E-Linie von JURA revolutioniert den Kaffeegenuss in jeder Hinsicht. Das Br\u00fchverfahren f\u00fcr Espresso wurde von Grund auf perfektioniert. Eine Weltneuheit, der Puls-Extraktionsprozess (P.E.P.\u00ae), optimiert die Extraktionszeit und garantiert auch bei kurzen Kaffeespezialit\u00e4ten ein H\u00f6chstma\u00df an Aroma. CLARIS Smart liefert perfekte Wasserqualit\u00e4t f\u00fcr puren Geschmack. Nie war die Verwendung des Filters [&hellip;]","og_url":"https:\/\/www.bertazzofood.com\/de\/prodotto\/jura-impressa-e6\/","og_site_name":"Bertazzo Food","article_publisher":"https:\/\/www.facebook.com\/BertazzoItalianQualityFood","article_modified_time":"2024-06-23T20:25:42+00:00","og_image":[{"width":800,"height":800,"url":"https:\/\/www.bertazzofood.com\/wp-content\/uploads\/2024\/06\/jura-impressa-1-2.jpg","type":"image\/jpeg"}],"twitter_card":"summary_large_image","twitter_misc":{"Gesch\u00e4tzte Lesezeit":"1\u00a0Minute"},"schema":{"@context":"https:\/\/schema.org","@graph":[{"@type":"WebPage","@id":"https:\/\/www.bertazzofood.com\/de\/prodotto\/jura-impressa-e6\/","url":"https:\/\/www.bertazzofood.com\/de\/prodotto\/jura-impressa-e6\/","name":"Jura Impressa E6","isPartOf":{"@id":"https:\/\/www.bertazzofood.com\/de\/#website"},"primaryImageOfPage":{"@id":"https:\/\/www.bertazzofood.com\/de\/prodotto\/jura-impressa-e6\/#primaryimage"},"image":{"@id":"https:\/\/www.bertazzofood.com\/de\/prodotto\/jura-impressa-e6\/#primaryimage"},"thumbnailUrl":"https:\/\/www.bertazzofood.com\/wp-content\/uploads\/2024\/06\/jura-impressa-1-2.jpg","datePublished":"2020-04-08T06:27:59+00:00","dateModified":"2024-06-23T20:25:42+00:00","breadcrumb":{"@id":"https:\/\/www.bertazzofood.com\/de\/prodotto\/jura-impressa-e6\/#breadcrumb"},"inLanguage":"de","potentialAction":[{"@type":"ReadAction","target":["https:\/\/www.bertazzofood.com\/de\/prodotto\/jura-impressa-e6\/"]}]},{"@type":"ImageObject","inLanguage":"de","@id":"https:\/\/www.bertazzofood.com\/de\/prodotto\/jura-impressa-e6\/#primaryimage","url":"https:\/\/www.bertazzofood.com\/wp-content\/uploads\/2024\/06\/jura-impressa-1-2.jpg","contentUrl":"https:\/\/www.bertazzofood.com\/wp-content\/uploads\/2024\/06\/jura-impressa-1-2.jpg","width":800,"height":800},{"@type":"BreadcrumbList","@id":"https:\/\/www.bertazzofood.com\/de\/prodotto\/jura-impressa-e6\/#breadcrumb","itemListElement":[{"@type":"ListItem","position":1,"name":"Home","item":"https:\/\/www.bertazzofood.com\/de\/homepage\/"},{"@type":"ListItem","position":2,"name":"Produkte","item":"https:\/\/www.bertazzofood.com\/de\/shop\/"},{"@type":"ListItem","position":3,"name":"Jura Impressa E6"}]},{"@type":"WebSite","@id":"https:\/\/www.bertazzofood.com\/de\/#website","url":"https:\/\/www.bertazzofood.com\/de\/","name":"Bertazzo Food","description":"Prodotti Alimentari Italiani Online e Macchine Da Caff\u00e8","publisher":{"@id":"https:\/\/www.bertazzofood.com\/de\/#organization"},"potentialAction":[{"@type":"SearchAction","target":{"@type":"EntryPoint","urlTemplate":"https:\/\/www.bertazzofood.com\/de\/?s={search_term_string}"},"query-input":{"@type":"PropertyValueSpecification","valueRequired":true,"valueName":"search_term_string"}}],"inLanguage":"de"},{"@type":"Organization","@id":"https:\/\/www.bertazzofood.com\/de\/#organization","name":"Bertazzo Italian Quality Food S.a.s. di Bertazzo Fabio & C.","alternateName":"Bertazzo Food","url":"https:\/\/www.bertazzofood.com\/de\/","logo":{"@type":"ImageObject","inLanguage":"de","@id":"https:\/\/www.bertazzofood.com\/de\/#\/schema\/logo\/image\/","url":"https:\/\/www.bertazzofood.com\/wp-content\/uploads\/2024\/06\/logo-bertazzo.webp","contentUrl":"https:\/\/www.bertazzofood.com\/wp-content\/uploads\/2024\/06\/logo-bertazzo.webp","width":410,"height":166,"caption":"Bertazzo Italian Quality Food S.a.s. di Bertazzo Fabio & C."},"image":{"@id":"https:\/\/www.bertazzofood.com\/de\/#\/schema\/logo\/image\/"},"sameAs":["https:\/\/www.facebook.com\/BertazzoItalianQualityFood","https:\/\/www.instagram.com\/bertazzo_italian_quality_food\/"]}]}},"_links":{"self":[{"href":"https:\/\/www.bertazzofood.com\/de\/wp-json\/wp\/v2\/product\/10490","targetHints":{"allow":["GET"]}}],"collection":[{"href":"https:\/\/www.bertazzofood.com\/de\/wp-json\/wp\/v2\/product"}],"about":[{"href":"https:\/\/www.bertazzofood.com\/de\/wp-json\/wp\/v2\/types\/product"}],"replies":[{"embeddable":true,"href":"https:\/\/www.bertazzofood.com\/de\/wp-json\/wp\/v2\/comments?post=10490"}],"version-history":[{"count":0,"href":"https:\/\/www.bertazzofood.com\/de\/wp-json\/wp\/v2\/product\/10490\/revisions"}],"wp:featuredmedia":[{"embeddable":true,"href":"https:\/\/www.bertazzofood.com\/de\/wp-json\/wp\/v2\/media\/3391"}],"wp:attachment":[{"href":"https:\/\/www.bertazzofood.com\/de\/wp-json\/wp\/v2\/media?parent=10490"}],"wp:term":[{"taxonomy":"product_brand","embeddable":true,"href":"https:\/\/www.bertazzofood.com\/de\/wp-json\/wp\/v2\/product_brand?post=10490"},{"taxonomy":"product_cat","embeddable":true,"href":"https:\/\/www.bertazzofood.com\/de\/wp-json\/wp\/v2\/product_cat?post=10490"},{"taxonomy":"product_tag","embeddable":true,"href":"https:\/\/www.bertazzofood.com\/de\/wp-json\/wp\/v2\/product_tag?post=10490"},{"taxonomy":"brands","embeddable":true,"href":"https:\/\/www.bertazzofood.com\/de\/wp-json\/wp\/v2\/brands?post=10490"},{"taxonomy":"flag_home","embeddable":true,"href":"https:\/\/www.bertazzofood.com\/de\/wp-json\/wp\/v2\/flag_home?post=10490"}],"curies":[{"name":"wp","href":"https:\/\/api.w.org\/{rel}","templated":true}]}}