{"id":10423,"date":"2020-01-23T16:56:17","date_gmt":"2020-01-23T15:56:17","guid":{"rendered":"https:\/\/thegarden.it\/staging8\/prodotto\/victoria-arduino-venus-family-messing\/"},"modified":"2024-06-23T22:24:59","modified_gmt":"2024-06-23T20:24:59","slug":"victoria-arduino-venus-family-messing","status":"publish","type":"product","link":"https:\/\/www.bertazzofood.com\/de\/prodotto\/victoria-arduino-venus-family-messing\/","title":{"rendered":"Victoria Arduino Venus Family Messing"},"content":{"rendered":"<p><span class=\"hps\"><span lang=\"DE\">Ein<\/span><\/span>\u00a0<span lang=\"DE\"><span class=\"hps\">Designerst\u00fcck<\/span>\u00a0perfekt f\u00fcr Liebhaber guten\u00a0<span class=\"hps\">Kaffees<\/span>\u00a0<span class=\"hps\">und<\/span>\u00a0<span class=\"hps\">cremigen Cappuccinos &#8211; einfach auf Knopfdruck. Die semi-professionelle Kaffeemaschine <strong>Venus Family<\/strong> ist die kleine Schwester der Venus Bar und eignet sich somit ideal f\u00fcr zu Hause oder B\u00fcros.<\/span><\/span><\/p>\n<p>Die <strong>Venus Family<\/strong> ist ein Meisterst\u00fcck. Genau gesagt arbeiten elf Handwerker und Techniker 76 Stunden daran, bis eine Espressomaschine der Venus Family vollendet ist.<\/p>\n<p>Technische Daten:<\/p>\n<p>\u2022Geh\u00e4mmerter Messing<\/p>\n<p>\u2022Professionellen\u00a0Siebtr\u00e4ger<\/p>\n<p>\u2022Flexible Dampfd\u00fcse<\/p>\n<p>\u2022Br\u00fchgruppein verchromtem Messing<\/p>\n<p>\u2022Halbautomatische Dosierung<\/p>\n<p>\u20222,3 L\u00a0Wassertank abnehmbar<\/p>\n<p>\u2022Gewicht\u00a0 16 kg<\/p>\n<p>\u2022Leistung\u00a01000 W<\/p>\n<p><strong>MASCHINENZUBEH\u00d6R:<\/strong><\/p>\n<p class=\" text-LEFT\">A. 1 Filterhalter mit\u00a0Einzeld\u00fcse und\u00a0Doppeld\u00fcse<br \/>\nB. 1 Filter set (Doppelfilter und Einzelfilter)<br \/>\nC.\u00a01 Feder<br \/>\nD. 1 Plastic Kaffeepresser<br \/>\nE.\u00a01 Kaffeedosierl\u00f6ffel<\/p>\n<p><strong>24 Monate Garantie<\/strong>.<\/p>\n<p><strong>Versand kostenlos<\/strong>.<\/p>\n","protected":false},"excerpt":{"rendered":"<p>Ein\u00a0Designerst\u00fcck\u00a0perfekt f\u00fcr Liebhaber guten\u00a0Kaffees\u00a0und\u00a0cremigen Cappuccinos &#8211; einfach auf Knopfdruck. Die semi-professionelle Kaffeemaschine Venus Family ist die kleine Schwester der Venus Bar und eignet sich somit ideal f\u00fcr zu Hause oder B\u00fcros. Die Venus Family ist ein Meisterst\u00fcck. Genau gesagt arbeiten elf Handwerker und Techniker 76 Stunden daran, bis eine Espressomaschine der Venus Family vollendet ist. [&hellip;]<\/p>\n","protected":false},"featured_media":3200,"comment_status":"open","ping_status":"closed","template":"","meta":{"_acf_changed":false,"iawp_total_views":104},"product_brand":[],"product_cat":[1176,1155],"product_tag":[],"brands":[1717],"flag_home":[],"class_list":{"0":"post-10423","1":"product","2":"type-product","3":"status-publish","4":"has-post-thumbnail","6":"product_cat-espressomaschinen","7":"product_cat-kaffeemaschinen-zubehoer","8":"pa_garanzia-24-monate","9":"pa_tipo-di-alimentazione-acqua-wassertank","10":"pa_tipo-di-caldaia-ein-kessel","11":"pa_tipo-di-pompa-vibrationspumpe","12":"brands-victoria-arduino","14":"first","15":"outofstock","16":"taxable","17":"shipping-taxable","18":"purchasable","19":"product-type-simple"},"acf":[],"yoast_head":"<!-- This site is optimized with the Yoast SEO plugin v27.5 - https:\/\/yoast.com\/product\/yoast-seo-wordpress\/ -->\n<title>Victoria Arduino Venus Family Messing<\/title>\n<meta name=\"robots\" content=\"index, follow, max-snippet:-1, max-image-preview:large, max-video-preview:-1\" \/>\n<link rel=\"canonical\" href=\"https:\/\/www.bertazzofood.com\/de\/prodotto\/victoria-arduino-venus-family-messing\/\" \/>\n<meta property=\"og:locale\" content=\"de_DE\" \/>\n<meta property=\"og:type\" content=\"article\" \/>\n<meta property=\"og:title\" content=\"Victoria Arduino Venus Family Messing\" \/>\n<meta property=\"og:description\" content=\"Ein\u00a0Designerst\u00fcck\u00a0perfekt f\u00fcr Liebhaber guten\u00a0Kaffees\u00a0und\u00a0cremigen Cappuccinos &#8211; einfach auf Knopfdruck. Die semi-professionelle Kaffeemaschine Venus Family ist die kleine Schwester der Venus Bar und eignet sich somit ideal f\u00fcr zu Hause oder B\u00fcros. Die Venus Family ist ein Meisterst\u00fcck. Genau gesagt arbeiten elf Handwerker und Techniker 76 Stunden daran, bis eine Espressomaschine der Venus Family vollendet ist. [&hellip;]\" \/>\n<meta property=\"og:url\" content=\"https:\/\/www.bertazzofood.com\/de\/prodotto\/victoria-arduino-venus-family-messing\/\" \/>\n<meta property=\"og:site_name\" content=\"Bertazzo Food\" \/>\n<meta property=\"article:publisher\" content=\"https:\/\/www.facebook.com\/BertazzoItalianQualityFood\" \/>\n<meta property=\"article:modified_time\" content=\"2024-06-23T20:24:59+00:00\" \/>\n<meta property=\"og:image\" content=\"https:\/\/www.bertazzofood.com\/wp-content\/uploads\/2024\/06\/venus-family-brass-2.jpg\" \/>\n\t<meta property=\"og:image:width\" content=\"800\" \/>\n\t<meta property=\"og:image:height\" content=\"800\" \/>\n\t<meta property=\"og:image:type\" content=\"image\/jpeg\" \/>\n<meta name=\"twitter:card\" content=\"summary_large_image\" \/>\n<meta name=\"twitter:label1\" content=\"Gesch\u00e4tzte Lesezeit\" \/>\n\t<meta name=\"twitter:data1\" content=\"1\u00a0Minute\" \/>\n<script type=\"application\/ld+json\" class=\"yoast-schema-graph\">{\"@context\":\"https:\\\/\\\/schema.org\",\"@graph\":[{\"@type\":\"WebPage\",\"@id\":\"https:\\\/\\\/www.bertazzofood.com\\\/de\\\/prodotto\\\/victoria-arduino-venus-family-messing\\\/\",\"url\":\"https:\\\/\\\/www.bertazzofood.com\\\/de\\\/prodotto\\\/victoria-arduino-venus-family-messing\\\/\",\"name\":\"Victoria Arduino Venus Family Messing\",\"isPartOf\":{\"@id\":\"https:\\\/\\\/www.bertazzofood.com\\\/de\\\/#website\"},\"primaryImageOfPage\":{\"@id\":\"https:\\\/\\\/www.bertazzofood.com\\\/de\\\/prodotto\\\/victoria-arduino-venus-family-messing\\\/#primaryimage\"},\"image\":{\"@id\":\"https:\\\/\\\/www.bertazzofood.com\\\/de\\\/prodotto\\\/victoria-arduino-venus-family-messing\\\/#primaryimage\"},\"thumbnailUrl\":\"https:\\\/\\\/www.bertazzofood.com\\\/wp-content\\\/uploads\\\/2024\\\/06\\\/venus-family-brass-2.jpg\",\"datePublished\":\"2020-01-23T15:56:17+00:00\",\"dateModified\":\"2024-06-23T20:24:59+00:00\",\"breadcrumb\":{\"@id\":\"https:\\\/\\\/www.bertazzofood.com\\\/de\\\/prodotto\\\/victoria-arduino-venus-family-messing\\\/#breadcrumb\"},\"inLanguage\":\"de\",\"potentialAction\":[{\"@type\":\"ReadAction\",\"target\":[\"https:\\\/\\\/www.bertazzofood.com\\\/de\\\/prodotto\\\/victoria-arduino-venus-family-messing\\\/\"]}]},{\"@type\":\"ImageObject\",\"inLanguage\":\"de\",\"@id\":\"https:\\\/\\\/www.bertazzofood.com\\\/de\\\/prodotto\\\/victoria-arduino-venus-family-messing\\\/#primaryimage\",\"url\":\"https:\\\/\\\/www.bertazzofood.com\\\/wp-content\\\/uploads\\\/2024\\\/06\\\/venus-family-brass-2.jpg\",\"contentUrl\":\"https:\\\/\\\/www.bertazzofood.com\\\/wp-content\\\/uploads\\\/2024\\\/06\\\/venus-family-brass-2.jpg\",\"width\":800,\"height\":800},{\"@type\":\"BreadcrumbList\",\"@id\":\"https:\\\/\\\/www.bertazzofood.com\\\/de\\\/prodotto\\\/victoria-arduino-venus-family-messing\\\/#breadcrumb\",\"itemListElement\":[{\"@type\":\"ListItem\",\"position\":1,\"name\":\"Home\",\"item\":\"https:\\\/\\\/www.bertazzofood.com\\\/de\\\/homepage\\\/\"},{\"@type\":\"ListItem\",\"position\":2,\"name\":\"Produkte\",\"item\":\"https:\\\/\\\/www.bertazzofood.com\\\/de\\\/shop\\\/\"},{\"@type\":\"ListItem\",\"position\":3,\"name\":\"Victoria Arduino Venus Family Messing\"}]},{\"@type\":\"WebSite\",\"@id\":\"https:\\\/\\\/www.bertazzofood.com\\\/de\\\/#website\",\"url\":\"https:\\\/\\\/www.bertazzofood.com\\\/de\\\/\",\"name\":\"Bertazzo Food\",\"description\":\"Prodotti Alimentari Italiani Online e Macchine Da Caff\u00e8\",\"publisher\":{\"@id\":\"https:\\\/\\\/www.bertazzofood.com\\\/de\\\/#organization\"},\"potentialAction\":[{\"@type\":\"SearchAction\",\"target\":{\"@type\":\"EntryPoint\",\"urlTemplate\":\"https:\\\/\\\/www.bertazzofood.com\\\/de\\\/?s={search_term_string}\"},\"query-input\":{\"@type\":\"PropertyValueSpecification\",\"valueRequired\":true,\"valueName\":\"search_term_string\"}}],\"inLanguage\":\"de\"},{\"@type\":\"Organization\",\"@id\":\"https:\\\/\\\/www.bertazzofood.com\\\/de\\\/#organization\",\"name\":\"Bertazzo Italian Quality Food S.a.s. di Bertazzo Fabio & C.\",\"alternateName\":\"Bertazzo Food\",\"url\":\"https:\\\/\\\/www.bertazzofood.com\\\/de\\\/\",\"logo\":{\"@type\":\"ImageObject\",\"inLanguage\":\"de\",\"@id\":\"https:\\\/\\\/www.bertazzofood.com\\\/de\\\/#\\\/schema\\\/logo\\\/image\\\/\",\"url\":\"https:\\\/\\\/www.bertazzofood.com\\\/wp-content\\\/uploads\\\/2024\\\/06\\\/logo-bertazzo.webp\",\"contentUrl\":\"https:\\\/\\\/www.bertazzofood.com\\\/wp-content\\\/uploads\\\/2024\\\/06\\\/logo-bertazzo.webp\",\"width\":410,\"height\":166,\"caption\":\"Bertazzo Italian Quality Food S.a.s. di Bertazzo Fabio & C.\"},\"image\":{\"@id\":\"https:\\\/\\\/www.bertazzofood.com\\\/de\\\/#\\\/schema\\\/logo\\\/image\\\/\"},\"sameAs\":[\"https:\\\/\\\/www.facebook.com\\\/BertazzoItalianQualityFood\",\"https:\\\/\\\/www.instagram.com\\\/bertazzo_italian_quality_food\\\/\"]}]}<\/script>\n<!-- \/ Yoast SEO plugin. -->","yoast_head_json":{"title":"Victoria Arduino Venus Family Messing","robots":{"index":"index","follow":"follow","max-snippet":"max-snippet:-1","max-image-preview":"max-image-preview:large","max-video-preview":"max-video-preview:-1"},"canonical":"https:\/\/www.bertazzofood.com\/de\/prodotto\/victoria-arduino-venus-family-messing\/","og_locale":"de_DE","og_type":"article","og_title":"Victoria Arduino Venus Family Messing","og_description":"Ein\u00a0Designerst\u00fcck\u00a0perfekt f\u00fcr Liebhaber guten\u00a0Kaffees\u00a0und\u00a0cremigen Cappuccinos &#8211; einfach auf Knopfdruck. Die semi-professionelle Kaffeemaschine Venus Family ist die kleine Schwester der Venus Bar und eignet sich somit ideal f\u00fcr zu Hause oder B\u00fcros. Die Venus Family ist ein Meisterst\u00fcck. Genau gesagt arbeiten elf Handwerker und Techniker 76 Stunden daran, bis eine Espressomaschine der Venus Family vollendet ist. [&hellip;]","og_url":"https:\/\/www.bertazzofood.com\/de\/prodotto\/victoria-arduino-venus-family-messing\/","og_site_name":"Bertazzo Food","article_publisher":"https:\/\/www.facebook.com\/BertazzoItalianQualityFood","article_modified_time":"2024-06-23T20:24:59+00:00","og_image":[{"width":800,"height":800,"url":"https:\/\/www.bertazzofood.com\/wp-content\/uploads\/2024\/06\/venus-family-brass-2.jpg","type":"image\/jpeg"}],"twitter_card":"summary_large_image","twitter_misc":{"Gesch\u00e4tzte Lesezeit":"1\u00a0Minute"},"schema":{"@context":"https:\/\/schema.org","@graph":[{"@type":"WebPage","@id":"https:\/\/www.bertazzofood.com\/de\/prodotto\/victoria-arduino-venus-family-messing\/","url":"https:\/\/www.bertazzofood.com\/de\/prodotto\/victoria-arduino-venus-family-messing\/","name":"Victoria Arduino Venus Family Messing","isPartOf":{"@id":"https:\/\/www.bertazzofood.com\/de\/#website"},"primaryImageOfPage":{"@id":"https:\/\/www.bertazzofood.com\/de\/prodotto\/victoria-arduino-venus-family-messing\/#primaryimage"},"image":{"@id":"https:\/\/www.bertazzofood.com\/de\/prodotto\/victoria-arduino-venus-family-messing\/#primaryimage"},"thumbnailUrl":"https:\/\/www.bertazzofood.com\/wp-content\/uploads\/2024\/06\/venus-family-brass-2.jpg","datePublished":"2020-01-23T15:56:17+00:00","dateModified":"2024-06-23T20:24:59+00:00","breadcrumb":{"@id":"https:\/\/www.bertazzofood.com\/de\/prodotto\/victoria-arduino-venus-family-messing\/#breadcrumb"},"inLanguage":"de","potentialAction":[{"@type":"ReadAction","target":["https:\/\/www.bertazzofood.com\/de\/prodotto\/victoria-arduino-venus-family-messing\/"]}]},{"@type":"ImageObject","inLanguage":"de","@id":"https:\/\/www.bertazzofood.com\/de\/prodotto\/victoria-arduino-venus-family-messing\/#primaryimage","url":"https:\/\/www.bertazzofood.com\/wp-content\/uploads\/2024\/06\/venus-family-brass-2.jpg","contentUrl":"https:\/\/www.bertazzofood.com\/wp-content\/uploads\/2024\/06\/venus-family-brass-2.jpg","width":800,"height":800},{"@type":"BreadcrumbList","@id":"https:\/\/www.bertazzofood.com\/de\/prodotto\/victoria-arduino-venus-family-messing\/#breadcrumb","itemListElement":[{"@type":"ListItem","position":1,"name":"Home","item":"https:\/\/www.bertazzofood.com\/de\/homepage\/"},{"@type":"ListItem","position":2,"name":"Produkte","item":"https:\/\/www.bertazzofood.com\/de\/shop\/"},{"@type":"ListItem","position":3,"name":"Victoria Arduino Venus Family Messing"}]},{"@type":"WebSite","@id":"https:\/\/www.bertazzofood.com\/de\/#website","url":"https:\/\/www.bertazzofood.com\/de\/","name":"Bertazzo Food","description":"Prodotti Alimentari Italiani Online e Macchine Da Caff\u00e8","publisher":{"@id":"https:\/\/www.bertazzofood.com\/de\/#organization"},"potentialAction":[{"@type":"SearchAction","target":{"@type":"EntryPoint","urlTemplate":"https:\/\/www.bertazzofood.com\/de\/?s={search_term_string}"},"query-input":{"@type":"PropertyValueSpecification","valueRequired":true,"valueName":"search_term_string"}}],"inLanguage":"de"},{"@type":"Organization","@id":"https:\/\/www.bertazzofood.com\/de\/#organization","name":"Bertazzo Italian Quality Food S.a.s. di Bertazzo Fabio & C.","alternateName":"Bertazzo Food","url":"https:\/\/www.bertazzofood.com\/de\/","logo":{"@type":"ImageObject","inLanguage":"de","@id":"https:\/\/www.bertazzofood.com\/de\/#\/schema\/logo\/image\/","url":"https:\/\/www.bertazzofood.com\/wp-content\/uploads\/2024\/06\/logo-bertazzo.webp","contentUrl":"https:\/\/www.bertazzofood.com\/wp-content\/uploads\/2024\/06\/logo-bertazzo.webp","width":410,"height":166,"caption":"Bertazzo Italian Quality Food S.a.s. di Bertazzo Fabio & C."},"image":{"@id":"https:\/\/www.bertazzofood.com\/de\/#\/schema\/logo\/image\/"},"sameAs":["https:\/\/www.facebook.com\/BertazzoItalianQualityFood","https:\/\/www.instagram.com\/bertazzo_italian_quality_food\/"]}]}},"_links":{"self":[{"href":"https:\/\/www.bertazzofood.com\/de\/wp-json\/wp\/v2\/product\/10423","targetHints":{"allow":["GET"]}}],"collection":[{"href":"https:\/\/www.bertazzofood.com\/de\/wp-json\/wp\/v2\/product"}],"about":[{"href":"https:\/\/www.bertazzofood.com\/de\/wp-json\/wp\/v2\/types\/product"}],"replies":[{"embeddable":true,"href":"https:\/\/www.bertazzofood.com\/de\/wp-json\/wp\/v2\/comments?post=10423"}],"version-history":[{"count":0,"href":"https:\/\/www.bertazzofood.com\/de\/wp-json\/wp\/v2\/product\/10423\/revisions"}],"wp:featuredmedia":[{"embeddable":true,"href":"https:\/\/www.bertazzofood.com\/de\/wp-json\/wp\/v2\/media\/3200"}],"wp:attachment":[{"href":"https:\/\/www.bertazzofood.com\/de\/wp-json\/wp\/v2\/media?parent=10423"}],"wp:term":[{"taxonomy":"product_brand","embeddable":true,"href":"https:\/\/www.bertazzofood.com\/de\/wp-json\/wp\/v2\/product_brand?post=10423"},{"taxonomy":"product_cat","embeddable":true,"href":"https:\/\/www.bertazzofood.com\/de\/wp-json\/wp\/v2\/product_cat?post=10423"},{"taxonomy":"product_tag","embeddable":true,"href":"https:\/\/www.bertazzofood.com\/de\/wp-json\/wp\/v2\/product_tag?post=10423"},{"taxonomy":"brands","embeddable":true,"href":"https:\/\/www.bertazzofood.com\/de\/wp-json\/wp\/v2\/brands?post=10423"},{"taxonomy":"flag_home","embeddable":true,"href":"https:\/\/www.bertazzofood.com\/de\/wp-json\/wp\/v2\/flag_home?post=10423"}],"curies":[{"name":"wp","href":"https:\/\/api.w.org\/{rel}","templated":true}]}}