{"id":10340,"date":"2020-01-23T16:50:21","date_gmt":"2020-01-23T15:50:21","guid":{"rendered":"https:\/\/thegarden.it\/staging8\/prodotto\/natives-olivenoel-extra-madonna-delle-vittorie-monocultivar-denocciolato\/"},"modified":"2024-06-23T22:24:16","modified_gmt":"2024-06-23T20:24:16","slug":"natives-olivenoel-extra-madonna-delle-vittorie-monocultivar-denocciolato","status":"publish","type":"product","link":"https:\/\/www.bertazzofood.com\/de\/prodotto\/natives-olivenoel-extra-madonna-delle-vittorie-monocultivar-denocciolato\/","title":{"rendered":"Natives Oliven\u00f6l Extra Madonna delle Vittorie Monocultivar Denocciolato"},"content":{"rendered":"<p>SORTE: 100% Frantoio<br \/>\nFARBE: leuchtend gelb, mit gr\u00fcnen Reflexen<br \/>\nFLUIDIT\u00c4T: sehr fl\u00fcssig<br \/>\nDUFT: mittelstark fruchtig mit gr\u00fcnen Noten, Mandeln und Artischocken.<br \/>\nGESCHMACK: anf\u00e4ngliche S\u00fc\u00dfe, gefolgt von mittlerer Sch\u00e4rfe und mittelstarken Bitternoten.<br \/>\nANBAUGEBIET: Arco, Riva del Grada, Torbole<\/p>\n<p>\u00d6l, das aus fr\u00fchzeitig geernteten Oliven stammt, die vom Kern getrennt werden. Durch das Kaltpressen nur des Olivenfleisches erhalten wir ein \u00d6l, das &#8211; verglichen mit dem traditionellen &#8211; fl\u00fcssiger ist und mehr Poliphenole enth\u00e4lt.<\/p>\n<p>Inklusiv Geschenkpackung.<\/p>\n","protected":false},"excerpt":{"rendered":"<p>SORTE: 100% Frantoio FARBE: leuchtend gelb, mit gr\u00fcnen Reflexen FLUIDIT\u00c4T: sehr fl\u00fcssig DUFT: mittelstark fruchtig mit gr\u00fcnen Noten, Mandeln und Artischocken. GESCHMACK: anf\u00e4ngliche S\u00fc\u00dfe, gefolgt von mittlerer Sch\u00e4rfe und mittelstarken Bitternoten. ANBAUGEBIET: Arco, Riva del Grada, Torbole \u00d6l, das aus fr\u00fchzeitig geernteten Oliven stammt, die vom Kern getrennt werden. Durch das Kaltpressen nur des Olivenfleisches [&hellip;]<\/p>\n","protected":false},"featured_media":2988,"comment_status":"open","ping_status":"closed","template":"","meta":{"_acf_changed":false,"iawp_total_views":68},"product_brand":[],"product_cat":[1138,1171],"product_tag":[],"brands":[1708],"flag_home":[],"class_list":{"0":"post-10340","1":"product","2":"type-product","3":"status-publish","4":"has-post-thumbnail","6":"product_cat-italienisches-olivenoel-onlineshop","7":"product_cat-natives-olivenoel-online-kaufen","8":"brands-madonna-delle-vittorie","10":"first","11":"outofstock","12":"taxable","13":"shipping-taxable","14":"purchasable","15":"product-type-simple"},"acf":[],"yoast_head":"<!-- This site is optimized with the Yoast SEO plugin v27.5 - https:\/\/yoast.com\/product\/yoast-seo-wordpress\/ -->\n<title>Natives Oliven\u00f6l Extra Madonna delle Vittorie Monocultivar Denocciolato<\/title>\n<meta name=\"robots\" content=\"index, follow, max-snippet:-1, max-image-preview:large, max-video-preview:-1\" \/>\n<link rel=\"canonical\" href=\"https:\/\/www.bertazzofood.com\/de\/prodotto\/natives-olivenoel-extra-madonna-delle-vittorie-monocultivar-denocciolato\/\" \/>\n<meta property=\"og:locale\" content=\"de_DE\" \/>\n<meta property=\"og:type\" content=\"article\" \/>\n<meta property=\"og:title\" content=\"Natives Oliven\u00f6l Extra Madonna delle Vittorie Monocultivar Denocciolato\" \/>\n<meta property=\"og:description\" content=\"SORTE: 100% Frantoio FARBE: leuchtend gelb, mit gr\u00fcnen Reflexen FLUIDIT\u00c4T: sehr fl\u00fcssig DUFT: mittelstark fruchtig mit gr\u00fcnen Noten, Mandeln und Artischocken. GESCHMACK: anf\u00e4ngliche S\u00fc\u00dfe, gefolgt von mittlerer Sch\u00e4rfe und mittelstarken Bitternoten. ANBAUGEBIET: Arco, Riva del Grada, Torbole \u00d6l, das aus fr\u00fchzeitig geernteten Oliven stammt, die vom Kern getrennt werden. Durch das Kaltpressen nur des Olivenfleisches [&hellip;]\" \/>\n<meta property=\"og:url\" content=\"https:\/\/www.bertazzofood.com\/de\/prodotto\/natives-olivenoel-extra-madonna-delle-vittorie-monocultivar-denocciolato\/\" \/>\n<meta property=\"og:site_name\" content=\"Bertazzo Food\" \/>\n<meta property=\"article:publisher\" content=\"https:\/\/www.facebook.com\/BertazzoItalianQualityFood\" \/>\n<meta property=\"article:modified_time\" content=\"2024-06-23T20:24:16+00:00\" \/>\n<meta property=\"og:image\" content=\"https:\/\/www.bertazzofood.com\/wp-content\/uploads\/2024\/06\/Olio-Madonna-delle-Vittorie-Denocciolato-2.jpg\" \/>\n\t<meta property=\"og:image:width\" content=\"800\" \/>\n\t<meta property=\"og:image:height\" content=\"800\" \/>\n\t<meta property=\"og:image:type\" content=\"image\/jpeg\" \/>\n<meta name=\"twitter:card\" content=\"summary_large_image\" \/>\n<script type=\"application\/ld+json\" class=\"yoast-schema-graph\">{\"@context\":\"https:\\\/\\\/schema.org\",\"@graph\":[{\"@type\":\"WebPage\",\"@id\":\"https:\\\/\\\/www.bertazzofood.com\\\/de\\\/prodotto\\\/natives-olivenoel-extra-madonna-delle-vittorie-monocultivar-denocciolato\\\/\",\"url\":\"https:\\\/\\\/www.bertazzofood.com\\\/de\\\/prodotto\\\/natives-olivenoel-extra-madonna-delle-vittorie-monocultivar-denocciolato\\\/\",\"name\":\"Natives Oliven\u00f6l Extra Madonna delle Vittorie Monocultivar Denocciolato\",\"isPartOf\":{\"@id\":\"https:\\\/\\\/www.bertazzofood.com\\\/de\\\/#website\"},\"primaryImageOfPage\":{\"@id\":\"https:\\\/\\\/www.bertazzofood.com\\\/de\\\/prodotto\\\/natives-olivenoel-extra-madonna-delle-vittorie-monocultivar-denocciolato\\\/#primaryimage\"},\"image\":{\"@id\":\"https:\\\/\\\/www.bertazzofood.com\\\/de\\\/prodotto\\\/natives-olivenoel-extra-madonna-delle-vittorie-monocultivar-denocciolato\\\/#primaryimage\"},\"thumbnailUrl\":\"https:\\\/\\\/www.bertazzofood.com\\\/wp-content\\\/uploads\\\/2024\\\/06\\\/Olio-Madonna-delle-Vittorie-Denocciolato-2.jpg\",\"datePublished\":\"2020-01-23T15:50:21+00:00\",\"dateModified\":\"2024-06-23T20:24:16+00:00\",\"breadcrumb\":{\"@id\":\"https:\\\/\\\/www.bertazzofood.com\\\/de\\\/prodotto\\\/natives-olivenoel-extra-madonna-delle-vittorie-monocultivar-denocciolato\\\/#breadcrumb\"},\"inLanguage\":\"de\",\"potentialAction\":[{\"@type\":\"ReadAction\",\"target\":[\"https:\\\/\\\/www.bertazzofood.com\\\/de\\\/prodotto\\\/natives-olivenoel-extra-madonna-delle-vittorie-monocultivar-denocciolato\\\/\"]}]},{\"@type\":\"ImageObject\",\"inLanguage\":\"de\",\"@id\":\"https:\\\/\\\/www.bertazzofood.com\\\/de\\\/prodotto\\\/natives-olivenoel-extra-madonna-delle-vittorie-monocultivar-denocciolato\\\/#primaryimage\",\"url\":\"https:\\\/\\\/www.bertazzofood.com\\\/wp-content\\\/uploads\\\/2024\\\/06\\\/Olio-Madonna-delle-Vittorie-Denocciolato-2.jpg\",\"contentUrl\":\"https:\\\/\\\/www.bertazzofood.com\\\/wp-content\\\/uploads\\\/2024\\\/06\\\/Olio-Madonna-delle-Vittorie-Denocciolato-2.jpg\",\"width\":800,\"height\":800},{\"@type\":\"BreadcrumbList\",\"@id\":\"https:\\\/\\\/www.bertazzofood.com\\\/de\\\/prodotto\\\/natives-olivenoel-extra-madonna-delle-vittorie-monocultivar-denocciolato\\\/#breadcrumb\",\"itemListElement\":[{\"@type\":\"ListItem\",\"position\":1,\"name\":\"Home\",\"item\":\"https:\\\/\\\/www.bertazzofood.com\\\/de\\\/homepage\\\/\"},{\"@type\":\"ListItem\",\"position\":2,\"name\":\"Produkte\",\"item\":\"https:\\\/\\\/www.bertazzofood.com\\\/de\\\/shop\\\/\"},{\"@type\":\"ListItem\",\"position\":3,\"name\":\"Natives Oliven\u00f6l Extra Madonna delle Vittorie Monocultivar Denocciolato\"}]},{\"@type\":\"WebSite\",\"@id\":\"https:\\\/\\\/www.bertazzofood.com\\\/de\\\/#website\",\"url\":\"https:\\\/\\\/www.bertazzofood.com\\\/de\\\/\",\"name\":\"Bertazzo Food\",\"description\":\"Prodotti Alimentari Italiani Online e Macchine Da Caff\u00e8\",\"publisher\":{\"@id\":\"https:\\\/\\\/www.bertazzofood.com\\\/de\\\/#organization\"},\"potentialAction\":[{\"@type\":\"SearchAction\",\"target\":{\"@type\":\"EntryPoint\",\"urlTemplate\":\"https:\\\/\\\/www.bertazzofood.com\\\/de\\\/?s={search_term_string}\"},\"query-input\":{\"@type\":\"PropertyValueSpecification\",\"valueRequired\":true,\"valueName\":\"search_term_string\"}}],\"inLanguage\":\"de\"},{\"@type\":\"Organization\",\"@id\":\"https:\\\/\\\/www.bertazzofood.com\\\/de\\\/#organization\",\"name\":\"Bertazzo Italian Quality Food S.a.s. di Bertazzo Fabio & C.\",\"alternateName\":\"Bertazzo Food\",\"url\":\"https:\\\/\\\/www.bertazzofood.com\\\/de\\\/\",\"logo\":{\"@type\":\"ImageObject\",\"inLanguage\":\"de\",\"@id\":\"https:\\\/\\\/www.bertazzofood.com\\\/de\\\/#\\\/schema\\\/logo\\\/image\\\/\",\"url\":\"https:\\\/\\\/www.bertazzofood.com\\\/wp-content\\\/uploads\\\/2024\\\/06\\\/logo-bertazzo.webp\",\"contentUrl\":\"https:\\\/\\\/www.bertazzofood.com\\\/wp-content\\\/uploads\\\/2024\\\/06\\\/logo-bertazzo.webp\",\"width\":410,\"height\":166,\"caption\":\"Bertazzo Italian Quality Food S.a.s. di Bertazzo Fabio & C.\"},\"image\":{\"@id\":\"https:\\\/\\\/www.bertazzofood.com\\\/de\\\/#\\\/schema\\\/logo\\\/image\\\/\"},\"sameAs\":[\"https:\\\/\\\/www.facebook.com\\\/BertazzoItalianQualityFood\",\"https:\\\/\\\/www.instagram.com\\\/bertazzo_italian_quality_food\\\/\"]}]}<\/script>\n<!-- \/ Yoast SEO plugin. -->","yoast_head_json":{"title":"Natives Oliven\u00f6l Extra Madonna delle Vittorie Monocultivar Denocciolato","robots":{"index":"index","follow":"follow","max-snippet":"max-snippet:-1","max-image-preview":"max-image-preview:large","max-video-preview":"max-video-preview:-1"},"canonical":"https:\/\/www.bertazzofood.com\/de\/prodotto\/natives-olivenoel-extra-madonna-delle-vittorie-monocultivar-denocciolato\/","og_locale":"de_DE","og_type":"article","og_title":"Natives Oliven\u00f6l Extra Madonna delle Vittorie Monocultivar Denocciolato","og_description":"SORTE: 100% Frantoio FARBE: leuchtend gelb, mit gr\u00fcnen Reflexen FLUIDIT\u00c4T: sehr fl\u00fcssig DUFT: mittelstark fruchtig mit gr\u00fcnen Noten, Mandeln und Artischocken. GESCHMACK: anf\u00e4ngliche S\u00fc\u00dfe, gefolgt von mittlerer Sch\u00e4rfe und mittelstarken Bitternoten. ANBAUGEBIET: Arco, Riva del Grada, Torbole \u00d6l, das aus fr\u00fchzeitig geernteten Oliven stammt, die vom Kern getrennt werden. Durch das Kaltpressen nur des Olivenfleisches [&hellip;]","og_url":"https:\/\/www.bertazzofood.com\/de\/prodotto\/natives-olivenoel-extra-madonna-delle-vittorie-monocultivar-denocciolato\/","og_site_name":"Bertazzo Food","article_publisher":"https:\/\/www.facebook.com\/BertazzoItalianQualityFood","article_modified_time":"2024-06-23T20:24:16+00:00","og_image":[{"width":800,"height":800,"url":"https:\/\/www.bertazzofood.com\/wp-content\/uploads\/2024\/06\/Olio-Madonna-delle-Vittorie-Denocciolato-2.jpg","type":"image\/jpeg"}],"twitter_card":"summary_large_image","schema":{"@context":"https:\/\/schema.org","@graph":[{"@type":"WebPage","@id":"https:\/\/www.bertazzofood.com\/de\/prodotto\/natives-olivenoel-extra-madonna-delle-vittorie-monocultivar-denocciolato\/","url":"https:\/\/www.bertazzofood.com\/de\/prodotto\/natives-olivenoel-extra-madonna-delle-vittorie-monocultivar-denocciolato\/","name":"Natives Oliven\u00f6l Extra Madonna delle Vittorie Monocultivar Denocciolato","isPartOf":{"@id":"https:\/\/www.bertazzofood.com\/de\/#website"},"primaryImageOfPage":{"@id":"https:\/\/www.bertazzofood.com\/de\/prodotto\/natives-olivenoel-extra-madonna-delle-vittorie-monocultivar-denocciolato\/#primaryimage"},"image":{"@id":"https:\/\/www.bertazzofood.com\/de\/prodotto\/natives-olivenoel-extra-madonna-delle-vittorie-monocultivar-denocciolato\/#primaryimage"},"thumbnailUrl":"https:\/\/www.bertazzofood.com\/wp-content\/uploads\/2024\/06\/Olio-Madonna-delle-Vittorie-Denocciolato-2.jpg","datePublished":"2020-01-23T15:50:21+00:00","dateModified":"2024-06-23T20:24:16+00:00","breadcrumb":{"@id":"https:\/\/www.bertazzofood.com\/de\/prodotto\/natives-olivenoel-extra-madonna-delle-vittorie-monocultivar-denocciolato\/#breadcrumb"},"inLanguage":"de","potentialAction":[{"@type":"ReadAction","target":["https:\/\/www.bertazzofood.com\/de\/prodotto\/natives-olivenoel-extra-madonna-delle-vittorie-monocultivar-denocciolato\/"]}]},{"@type":"ImageObject","inLanguage":"de","@id":"https:\/\/www.bertazzofood.com\/de\/prodotto\/natives-olivenoel-extra-madonna-delle-vittorie-monocultivar-denocciolato\/#primaryimage","url":"https:\/\/www.bertazzofood.com\/wp-content\/uploads\/2024\/06\/Olio-Madonna-delle-Vittorie-Denocciolato-2.jpg","contentUrl":"https:\/\/www.bertazzofood.com\/wp-content\/uploads\/2024\/06\/Olio-Madonna-delle-Vittorie-Denocciolato-2.jpg","width":800,"height":800},{"@type":"BreadcrumbList","@id":"https:\/\/www.bertazzofood.com\/de\/prodotto\/natives-olivenoel-extra-madonna-delle-vittorie-monocultivar-denocciolato\/#breadcrumb","itemListElement":[{"@type":"ListItem","position":1,"name":"Home","item":"https:\/\/www.bertazzofood.com\/de\/homepage\/"},{"@type":"ListItem","position":2,"name":"Produkte","item":"https:\/\/www.bertazzofood.com\/de\/shop\/"},{"@type":"ListItem","position":3,"name":"Natives Oliven\u00f6l Extra Madonna delle Vittorie Monocultivar Denocciolato"}]},{"@type":"WebSite","@id":"https:\/\/www.bertazzofood.com\/de\/#website","url":"https:\/\/www.bertazzofood.com\/de\/","name":"Bertazzo Food","description":"Prodotti Alimentari Italiani Online e Macchine Da Caff\u00e8","publisher":{"@id":"https:\/\/www.bertazzofood.com\/de\/#organization"},"potentialAction":[{"@type":"SearchAction","target":{"@type":"EntryPoint","urlTemplate":"https:\/\/www.bertazzofood.com\/de\/?s={search_term_string}"},"query-input":{"@type":"PropertyValueSpecification","valueRequired":true,"valueName":"search_term_string"}}],"inLanguage":"de"},{"@type":"Organization","@id":"https:\/\/www.bertazzofood.com\/de\/#organization","name":"Bertazzo Italian Quality Food S.a.s. di Bertazzo Fabio & C.","alternateName":"Bertazzo Food","url":"https:\/\/www.bertazzofood.com\/de\/","logo":{"@type":"ImageObject","inLanguage":"de","@id":"https:\/\/www.bertazzofood.com\/de\/#\/schema\/logo\/image\/","url":"https:\/\/www.bertazzofood.com\/wp-content\/uploads\/2024\/06\/logo-bertazzo.webp","contentUrl":"https:\/\/www.bertazzofood.com\/wp-content\/uploads\/2024\/06\/logo-bertazzo.webp","width":410,"height":166,"caption":"Bertazzo Italian Quality Food S.a.s. di Bertazzo Fabio & C."},"image":{"@id":"https:\/\/www.bertazzofood.com\/de\/#\/schema\/logo\/image\/"},"sameAs":["https:\/\/www.facebook.com\/BertazzoItalianQualityFood","https:\/\/www.instagram.com\/bertazzo_italian_quality_food\/"]}]}},"_links":{"self":[{"href":"https:\/\/www.bertazzofood.com\/de\/wp-json\/wp\/v2\/product\/10340","targetHints":{"allow":["GET"]}}],"collection":[{"href":"https:\/\/www.bertazzofood.com\/de\/wp-json\/wp\/v2\/product"}],"about":[{"href":"https:\/\/www.bertazzofood.com\/de\/wp-json\/wp\/v2\/types\/product"}],"replies":[{"embeddable":true,"href":"https:\/\/www.bertazzofood.com\/de\/wp-json\/wp\/v2\/comments?post=10340"}],"version-history":[{"count":0,"href":"https:\/\/www.bertazzofood.com\/de\/wp-json\/wp\/v2\/product\/10340\/revisions"}],"wp:featuredmedia":[{"embeddable":true,"href":"https:\/\/www.bertazzofood.com\/de\/wp-json\/wp\/v2\/media\/2988"}],"wp:attachment":[{"href":"https:\/\/www.bertazzofood.com\/de\/wp-json\/wp\/v2\/media?parent=10340"}],"wp:term":[{"taxonomy":"product_brand","embeddable":true,"href":"https:\/\/www.bertazzofood.com\/de\/wp-json\/wp\/v2\/product_brand?post=10340"},{"taxonomy":"product_cat","embeddable":true,"href":"https:\/\/www.bertazzofood.com\/de\/wp-json\/wp\/v2\/product_cat?post=10340"},{"taxonomy":"product_tag","embeddable":true,"href":"https:\/\/www.bertazzofood.com\/de\/wp-json\/wp\/v2\/product_tag?post=10340"},{"taxonomy":"brands","embeddable":true,"href":"https:\/\/www.bertazzofood.com\/de\/wp-json\/wp\/v2\/brands?post=10340"},{"taxonomy":"flag_home","embeddable":true,"href":"https:\/\/www.bertazzofood.com\/de\/wp-json\/wp\/v2\/flag_home?post=10340"}],"curies":[{"name":"wp","href":"https:\/\/api.w.org\/{rel}","templated":true}]}}