{"id":10297,"date":"2020-01-23T16:46:47","date_gmt":"2020-01-23T15:46:47","guid":{"rendered":"https:\/\/thegarden.it\/staging8\/prodotto\/kaffeemuehle-eureka-atom-schwarz\/"},"modified":"2024-10-01T11:35:23","modified_gmt":"2024-10-01T09:35:23","slug":"kaffeemuehle-eureka-atom-schwarz","status":"publish","type":"product","link":"https:\/\/www.bertazzofood.com\/de\/prodotto\/kaffeemuehle-eureka-atom-schwarz\/","title":{"rendered":"Kaffeem\u00fchle Eureka ATOM Schwarz"},"content":{"rendered":"<p>Kaffeem\u00fchle\u00a0<strong><em>Eureka ATOM<\/em><\/strong>: Direktmahlung (Grind On Demand) mit stufenloser, sehr pr\u00e4ziser Mahlgradverstellung \u00fcber das <strong><em>Eureka<\/em><\/strong>-typische Stellrad. Stark reduzierte Mahlger\u00e4usche dank neu entwickeltem Silent Grinding System. Geeignet f\u00fcr die Vermahlung von Espresso und Filterkaffee. Mit einer speziell entwickelten Mahlscheibe produziert die <em><strong>ATOM<\/strong> <\/em>geringere Feinstaubanteile, durch die der gemahlene Kaffee f\u00fcr beide Br\u00fchmethoden hervorragend geeignet ist.<\/p>\n<p><strong>M\u00dcHLEN:<\/strong><\/p>\n<p>Typ: Flach<br \/>\nDurchmesser: 60 mm<br \/>\nMaterial: Geh\u00e4rteter Stahl<\/p>\n<p><strong>DOSER:<\/strong><\/p>\n<p>Farbdisplay: Ja<br \/>\nDosenz\u00e4hler: Ja (teilweise und fortlaufend)<br \/>\nProgrammierbare mengen: 2<br \/>\nIntervallTimer: 0,5 \u2013 35 sek<br \/>\nFortlaufenden Lieferung: Ja (spezielle Taste)<\/p>\n<p><strong>MOTOR:<\/strong><\/p>\n<p>Antrieb: Direkt<br \/>\nUmdrehungen\/Minute: 1350 rpm<br \/>\nLesitung: 450 watt<br \/>\nVersorgung: Einphasig<\/p>\n<p><strong>VERSCHIEDENE:<\/strong><\/p>\n<p>Verf\u00fcgbare Version: Elektronische<br \/>\nStufenloser Mahlgradverstellung: Ja<br \/>\nTrichterinhalt: 510 g<br \/>\nBasketinhalt: 155 g<br \/>\nEspresso Mahlleistung: Ca. 2,5 bis 3,5 g\/sek<br \/>\nFilterkaffee Mahlleistung: Ca. 4,0 &#8211; 5,0 g\/sek<br \/>\nTechnologie: Silent<br \/>\nACE System<br \/>\n&#8220;High Speed&#8221; Maintenance<br \/>\nAll-Purpose Fork for &#8220;Hands-Free&#8221; Operations<\/p>\n<p>Gewicht: 7,8 kg<\/p>\n<p><strong>24 Monate Garantie<\/strong>.<\/p>\n<p><strong>Versand kostenlos<\/strong>.<\/p>\n","protected":false},"excerpt":{"rendered":"<p>Kaffeem\u00fchle\u00a0Eureka ATOM: Direktmahlung (Grind On Demand) mit stufenloser, sehr pr\u00e4ziser Mahlgradverstellung \u00fcber das Eureka-typische Stellrad. Stark reduzierte Mahlger\u00e4usche dank neu entwickeltem Silent Grinding System. Geeignet f\u00fcr die Vermahlung von Espresso und Filterkaffee. Mit einer speziell entwickelten Mahlscheibe produziert die ATOM geringere Feinstaubanteile, durch die der gemahlene Kaffee f\u00fcr beide Br\u00fchmethoden hervorragend geeignet ist. M\u00dcHLEN: Typ: [&hellip;]<\/p>\n","protected":false},"featured_media":2871,"comment_status":"open","ping_status":"closed","template":"","meta":{"_acf_changed":false,"iawp_total_views":31},"product_brand":[],"product_cat":[1155,1178],"product_tag":[1557],"brands":[1705],"flag_home":[],"class_list":{"0":"post-10297","1":"product","2":"type-product","3":"status-publish","4":"has-post-thumbnail","6":"product_cat-kaffeemaschinen-zubehoer","7":"product_cat-kaffeemuehlen","8":"product_tag-ads-ottobre-2024-de","9":"pa_diametro-macine-60-mm","10":"pa_garanzia-24-monate","11":"pa_tipo-macinacaffe-on-demand-de","12":"brands-eureka","14":"first","15":"instock","16":"taxable","17":"shipping-taxable","18":"purchasable","19":"product-type-simple"},"acf":[],"yoast_head":"<!-- This site is optimized with the Yoast SEO plugin v27.5 - https:\/\/yoast.com\/product\/yoast-seo-wordpress\/ -->\n<title>Kaffeem\u00fchle Eureka ATOM Schwarz<\/title>\n<meta name=\"robots\" content=\"index, follow, max-snippet:-1, max-image-preview:large, max-video-preview:-1\" \/>\n<link rel=\"canonical\" href=\"https:\/\/www.bertazzofood.com\/de\/prodotto\/kaffeemuehle-eureka-atom-schwarz\/\" \/>\n<meta property=\"og:locale\" content=\"de_DE\" \/>\n<meta property=\"og:type\" content=\"article\" \/>\n<meta property=\"og:title\" content=\"Kaffeem\u00fchle Eureka ATOM Schwarz\" \/>\n<meta property=\"og:description\" content=\"Kaffeem\u00fchle\u00a0Eureka ATOM: Direktmahlung (Grind On Demand) mit stufenloser, sehr pr\u00e4ziser Mahlgradverstellung \u00fcber das Eureka-typische Stellrad. Stark reduzierte Mahlger\u00e4usche dank neu entwickeltem Silent Grinding System. Geeignet f\u00fcr die Vermahlung von Espresso und Filterkaffee. Mit einer speziell entwickelten Mahlscheibe produziert die ATOM geringere Feinstaubanteile, durch die der gemahlene Kaffee f\u00fcr beide Br\u00fchmethoden hervorragend geeignet ist. M\u00dcHLEN: Typ: [&hellip;]\" \/>\n<meta property=\"og:url\" content=\"https:\/\/www.bertazzofood.com\/de\/prodotto\/kaffeemuehle-eureka-atom-schwarz\/\" \/>\n<meta property=\"og:site_name\" content=\"Bertazzo Food\" \/>\n<meta property=\"article:publisher\" content=\"https:\/\/www.facebook.com\/BertazzoItalianQualityFood\" \/>\n<meta property=\"article:modified_time\" content=\"2024-10-01T09:35:23+00:00\" \/>\n<meta property=\"og:image\" content=\"https:\/\/www.bertazzofood.com\/wp-content\/uploads\/2024\/06\/Eureka-Atom-nero-frontale-2.jpg\" \/>\n\t<meta property=\"og:image:width\" content=\"800\" \/>\n\t<meta property=\"og:image:height\" content=\"800\" \/>\n\t<meta property=\"og:image:type\" content=\"image\/jpeg\" \/>\n<meta name=\"twitter:card\" content=\"summary_large_image\" \/>\n<meta name=\"twitter:label1\" content=\"Gesch\u00e4tzte Lesezeit\" \/>\n\t<meta name=\"twitter:data1\" content=\"1\u00a0Minute\" \/>\n<script type=\"application\/ld+json\" class=\"yoast-schema-graph\">{\"@context\":\"https:\\\/\\\/schema.org\",\"@graph\":[{\"@type\":\"WebPage\",\"@id\":\"https:\\\/\\\/www.bertazzofood.com\\\/de\\\/prodotto\\\/kaffeemuehle-eureka-atom-schwarz\\\/\",\"url\":\"https:\\\/\\\/www.bertazzofood.com\\\/de\\\/prodotto\\\/kaffeemuehle-eureka-atom-schwarz\\\/\",\"name\":\"Kaffeem\u00fchle Eureka ATOM Schwarz\",\"isPartOf\":{\"@id\":\"https:\\\/\\\/www.bertazzofood.com\\\/de\\\/#website\"},\"primaryImageOfPage\":{\"@id\":\"https:\\\/\\\/www.bertazzofood.com\\\/de\\\/prodotto\\\/kaffeemuehle-eureka-atom-schwarz\\\/#primaryimage\"},\"image\":{\"@id\":\"https:\\\/\\\/www.bertazzofood.com\\\/de\\\/prodotto\\\/kaffeemuehle-eureka-atom-schwarz\\\/#primaryimage\"},\"thumbnailUrl\":\"https:\\\/\\\/www.bertazzofood.com\\\/wp-content\\\/uploads\\\/2024\\\/06\\\/Eureka-Atom-nero-frontale-2.jpg\",\"datePublished\":\"2020-01-23T15:46:47+00:00\",\"dateModified\":\"2024-10-01T09:35:23+00:00\",\"breadcrumb\":{\"@id\":\"https:\\\/\\\/www.bertazzofood.com\\\/de\\\/prodotto\\\/kaffeemuehle-eureka-atom-schwarz\\\/#breadcrumb\"},\"inLanguage\":\"de\",\"potentialAction\":[{\"@type\":\"ReadAction\",\"target\":[\"https:\\\/\\\/www.bertazzofood.com\\\/de\\\/prodotto\\\/kaffeemuehle-eureka-atom-schwarz\\\/\"]}]},{\"@type\":\"ImageObject\",\"inLanguage\":\"de\",\"@id\":\"https:\\\/\\\/www.bertazzofood.com\\\/de\\\/prodotto\\\/kaffeemuehle-eureka-atom-schwarz\\\/#primaryimage\",\"url\":\"https:\\\/\\\/www.bertazzofood.com\\\/wp-content\\\/uploads\\\/2024\\\/06\\\/Eureka-Atom-nero-frontale-2.jpg\",\"contentUrl\":\"https:\\\/\\\/www.bertazzofood.com\\\/wp-content\\\/uploads\\\/2024\\\/06\\\/Eureka-Atom-nero-frontale-2.jpg\",\"width\":800,\"height\":800},{\"@type\":\"BreadcrumbList\",\"@id\":\"https:\\\/\\\/www.bertazzofood.com\\\/de\\\/prodotto\\\/kaffeemuehle-eureka-atom-schwarz\\\/#breadcrumb\",\"itemListElement\":[{\"@type\":\"ListItem\",\"position\":1,\"name\":\"Home\",\"item\":\"https:\\\/\\\/www.bertazzofood.com\\\/de\\\/homepage\\\/\"},{\"@type\":\"ListItem\",\"position\":2,\"name\":\"Produkte\",\"item\":\"https:\\\/\\\/www.bertazzofood.com\\\/de\\\/shop\\\/\"},{\"@type\":\"ListItem\",\"position\":3,\"name\":\"Kaffeem\u00fchle Eureka ATOM Schwarz\"}]},{\"@type\":\"WebSite\",\"@id\":\"https:\\\/\\\/www.bertazzofood.com\\\/de\\\/#website\",\"url\":\"https:\\\/\\\/www.bertazzofood.com\\\/de\\\/\",\"name\":\"Bertazzo Food\",\"description\":\"Prodotti Alimentari Italiani Online e Macchine Da Caff\u00e8\",\"publisher\":{\"@id\":\"https:\\\/\\\/www.bertazzofood.com\\\/de\\\/#organization\"},\"potentialAction\":[{\"@type\":\"SearchAction\",\"target\":{\"@type\":\"EntryPoint\",\"urlTemplate\":\"https:\\\/\\\/www.bertazzofood.com\\\/de\\\/?s={search_term_string}\"},\"query-input\":{\"@type\":\"PropertyValueSpecification\",\"valueRequired\":true,\"valueName\":\"search_term_string\"}}],\"inLanguage\":\"de\"},{\"@type\":\"Organization\",\"@id\":\"https:\\\/\\\/www.bertazzofood.com\\\/de\\\/#organization\",\"name\":\"Bertazzo Italian Quality Food S.a.s. di Bertazzo Fabio & C.\",\"alternateName\":\"Bertazzo Food\",\"url\":\"https:\\\/\\\/www.bertazzofood.com\\\/de\\\/\",\"logo\":{\"@type\":\"ImageObject\",\"inLanguage\":\"de\",\"@id\":\"https:\\\/\\\/www.bertazzofood.com\\\/de\\\/#\\\/schema\\\/logo\\\/image\\\/\",\"url\":\"https:\\\/\\\/www.bertazzofood.com\\\/wp-content\\\/uploads\\\/2024\\\/06\\\/logo-bertazzo.webp\",\"contentUrl\":\"https:\\\/\\\/www.bertazzofood.com\\\/wp-content\\\/uploads\\\/2024\\\/06\\\/logo-bertazzo.webp\",\"width\":410,\"height\":166,\"caption\":\"Bertazzo Italian Quality Food S.a.s. di Bertazzo Fabio & C.\"},\"image\":{\"@id\":\"https:\\\/\\\/www.bertazzofood.com\\\/de\\\/#\\\/schema\\\/logo\\\/image\\\/\"},\"sameAs\":[\"https:\\\/\\\/www.facebook.com\\\/BertazzoItalianQualityFood\",\"https:\\\/\\\/www.instagram.com\\\/bertazzo_italian_quality_food\\\/\"]}]}<\/script>\n<!-- \/ Yoast SEO plugin. -->","yoast_head_json":{"title":"Kaffeem\u00fchle Eureka ATOM Schwarz","robots":{"index":"index","follow":"follow","max-snippet":"max-snippet:-1","max-image-preview":"max-image-preview:large","max-video-preview":"max-video-preview:-1"},"canonical":"https:\/\/www.bertazzofood.com\/de\/prodotto\/kaffeemuehle-eureka-atom-schwarz\/","og_locale":"de_DE","og_type":"article","og_title":"Kaffeem\u00fchle Eureka ATOM Schwarz","og_description":"Kaffeem\u00fchle\u00a0Eureka ATOM: Direktmahlung (Grind On Demand) mit stufenloser, sehr pr\u00e4ziser Mahlgradverstellung \u00fcber das Eureka-typische Stellrad. Stark reduzierte Mahlger\u00e4usche dank neu entwickeltem Silent Grinding System. Geeignet f\u00fcr die Vermahlung von Espresso und Filterkaffee. Mit einer speziell entwickelten Mahlscheibe produziert die ATOM geringere Feinstaubanteile, durch die der gemahlene Kaffee f\u00fcr beide Br\u00fchmethoden hervorragend geeignet ist. M\u00dcHLEN: Typ: [&hellip;]","og_url":"https:\/\/www.bertazzofood.com\/de\/prodotto\/kaffeemuehle-eureka-atom-schwarz\/","og_site_name":"Bertazzo Food","article_publisher":"https:\/\/www.facebook.com\/BertazzoItalianQualityFood","article_modified_time":"2024-10-01T09:35:23+00:00","og_image":[{"width":800,"height":800,"url":"https:\/\/www.bertazzofood.com\/wp-content\/uploads\/2024\/06\/Eureka-Atom-nero-frontale-2.jpg","type":"image\/jpeg"}],"twitter_card":"summary_large_image","twitter_misc":{"Gesch\u00e4tzte Lesezeit":"1\u00a0Minute"},"schema":{"@context":"https:\/\/schema.org","@graph":[{"@type":"WebPage","@id":"https:\/\/www.bertazzofood.com\/de\/prodotto\/kaffeemuehle-eureka-atom-schwarz\/","url":"https:\/\/www.bertazzofood.com\/de\/prodotto\/kaffeemuehle-eureka-atom-schwarz\/","name":"Kaffeem\u00fchle Eureka ATOM Schwarz","isPartOf":{"@id":"https:\/\/www.bertazzofood.com\/de\/#website"},"primaryImageOfPage":{"@id":"https:\/\/www.bertazzofood.com\/de\/prodotto\/kaffeemuehle-eureka-atom-schwarz\/#primaryimage"},"image":{"@id":"https:\/\/www.bertazzofood.com\/de\/prodotto\/kaffeemuehle-eureka-atom-schwarz\/#primaryimage"},"thumbnailUrl":"https:\/\/www.bertazzofood.com\/wp-content\/uploads\/2024\/06\/Eureka-Atom-nero-frontale-2.jpg","datePublished":"2020-01-23T15:46:47+00:00","dateModified":"2024-10-01T09:35:23+00:00","breadcrumb":{"@id":"https:\/\/www.bertazzofood.com\/de\/prodotto\/kaffeemuehle-eureka-atom-schwarz\/#breadcrumb"},"inLanguage":"de","potentialAction":[{"@type":"ReadAction","target":["https:\/\/www.bertazzofood.com\/de\/prodotto\/kaffeemuehle-eureka-atom-schwarz\/"]}]},{"@type":"ImageObject","inLanguage":"de","@id":"https:\/\/www.bertazzofood.com\/de\/prodotto\/kaffeemuehle-eureka-atom-schwarz\/#primaryimage","url":"https:\/\/www.bertazzofood.com\/wp-content\/uploads\/2024\/06\/Eureka-Atom-nero-frontale-2.jpg","contentUrl":"https:\/\/www.bertazzofood.com\/wp-content\/uploads\/2024\/06\/Eureka-Atom-nero-frontale-2.jpg","width":800,"height":800},{"@type":"BreadcrumbList","@id":"https:\/\/www.bertazzofood.com\/de\/prodotto\/kaffeemuehle-eureka-atom-schwarz\/#breadcrumb","itemListElement":[{"@type":"ListItem","position":1,"name":"Home","item":"https:\/\/www.bertazzofood.com\/de\/homepage\/"},{"@type":"ListItem","position":2,"name":"Produkte","item":"https:\/\/www.bertazzofood.com\/de\/shop\/"},{"@type":"ListItem","position":3,"name":"Kaffeem\u00fchle Eureka ATOM Schwarz"}]},{"@type":"WebSite","@id":"https:\/\/www.bertazzofood.com\/de\/#website","url":"https:\/\/www.bertazzofood.com\/de\/","name":"Bertazzo Food","description":"Prodotti Alimentari Italiani Online e Macchine Da Caff\u00e8","publisher":{"@id":"https:\/\/www.bertazzofood.com\/de\/#organization"},"potentialAction":[{"@type":"SearchAction","target":{"@type":"EntryPoint","urlTemplate":"https:\/\/www.bertazzofood.com\/de\/?s={search_term_string}"},"query-input":{"@type":"PropertyValueSpecification","valueRequired":true,"valueName":"search_term_string"}}],"inLanguage":"de"},{"@type":"Organization","@id":"https:\/\/www.bertazzofood.com\/de\/#organization","name":"Bertazzo Italian Quality Food S.a.s. di Bertazzo Fabio & C.","alternateName":"Bertazzo Food","url":"https:\/\/www.bertazzofood.com\/de\/","logo":{"@type":"ImageObject","inLanguage":"de","@id":"https:\/\/www.bertazzofood.com\/de\/#\/schema\/logo\/image\/","url":"https:\/\/www.bertazzofood.com\/wp-content\/uploads\/2024\/06\/logo-bertazzo.webp","contentUrl":"https:\/\/www.bertazzofood.com\/wp-content\/uploads\/2024\/06\/logo-bertazzo.webp","width":410,"height":166,"caption":"Bertazzo Italian Quality Food S.a.s. di Bertazzo Fabio & C."},"image":{"@id":"https:\/\/www.bertazzofood.com\/de\/#\/schema\/logo\/image\/"},"sameAs":["https:\/\/www.facebook.com\/BertazzoItalianQualityFood","https:\/\/www.instagram.com\/bertazzo_italian_quality_food\/"]}]}},"_links":{"self":[{"href":"https:\/\/www.bertazzofood.com\/de\/wp-json\/wp\/v2\/product\/10297","targetHints":{"allow":["GET"]}}],"collection":[{"href":"https:\/\/www.bertazzofood.com\/de\/wp-json\/wp\/v2\/product"}],"about":[{"href":"https:\/\/www.bertazzofood.com\/de\/wp-json\/wp\/v2\/types\/product"}],"replies":[{"embeddable":true,"href":"https:\/\/www.bertazzofood.com\/de\/wp-json\/wp\/v2\/comments?post=10297"}],"version-history":[{"count":0,"href":"https:\/\/www.bertazzofood.com\/de\/wp-json\/wp\/v2\/product\/10297\/revisions"}],"wp:featuredmedia":[{"embeddable":true,"href":"https:\/\/www.bertazzofood.com\/de\/wp-json\/wp\/v2\/media\/2871"}],"wp:attachment":[{"href":"https:\/\/www.bertazzofood.com\/de\/wp-json\/wp\/v2\/media?parent=10297"}],"wp:term":[{"taxonomy":"product_brand","embeddable":true,"href":"https:\/\/www.bertazzofood.com\/de\/wp-json\/wp\/v2\/product_brand?post=10297"},{"taxonomy":"product_cat","embeddable":true,"href":"https:\/\/www.bertazzofood.com\/de\/wp-json\/wp\/v2\/product_cat?post=10297"},{"taxonomy":"product_tag","embeddable":true,"href":"https:\/\/www.bertazzofood.com\/de\/wp-json\/wp\/v2\/product_tag?post=10297"},{"taxonomy":"brands","embeddable":true,"href":"https:\/\/www.bertazzofood.com\/de\/wp-json\/wp\/v2\/brands?post=10297"},{"taxonomy":"flag_home","embeddable":true,"href":"https:\/\/www.bertazzofood.com\/de\/wp-json\/wp\/v2\/flag_home?post=10297"}],"curies":[{"name":"wp","href":"https:\/\/api.w.org\/{rel}","templated":true}]}}