{"id":10286,"date":"2020-01-23T16:45:59","date_gmt":"2020-01-23T15:45:59","guid":{"rendered":"https:\/\/thegarden.it\/staging8\/prodotto\/isaras-rosato-vigneti-delle-dolomiti-igt\/"},"modified":"2024-06-23T22:23:37","modified_gmt":"2024-06-23T20:23:37","slug":"isaras-rosato-vigneti-delle-dolomiti-igt","status":"publish","type":"product","link":"https:\/\/www.bertazzofood.com\/de\/prodotto\/isaras-rosato-vigneti-delle-dolomiti-igt\/","title":{"rendered":"Isaras Rosato Vigneti delle Dolomiti IGT"},"content":{"rendered":"<p>Isaras Rosato Vigneti delle Dolomiti IGT Cantina Valle Isarco: dieser angenehme Ros\u00e9wein entsteht aus dem Zusammenspiel von Blauburgunder, Blauem Portugieser und Zweigelt. Durch sofortiges Abpressen der Traubenmaische, wie bei der Wei\u00dfweingewinnung, erh\u00e4lt man aus den Rotweinsorten einen hellrubinfarbenen Wein, der zu den verschiedenartigsten Anl\u00e4ssen Freude bereiten kann.<\/p>\n<p><strong>VINIFIKATION:<\/strong> schonende Verarbeitung und Pressung, temperaturkontrollierte G\u00e4rung sowie Ausbau auf der Feinhefe im Edelstahltank, kein biologischer S\u00e4ureabbau<\/p>\n<p><strong>CHARAKTERISTIK:<\/strong> Farbe zartes kirschrot Geruch fruchtig-w\u00fcrzig nach Kirsche, Erd- und Johannisbeere sowie Marzipan Geschmack trocken mit erfrischender S\u00e4ure, Rosenduft im anhaltenden Abgang<\/p>\n<p><strong>LAGERF\u00c4HIGKEIT:<\/strong> 2 &#8211; 3 Jahre<\/p>\n<p><strong>EMPFEHLUNG:<\/strong> zu Fisch, Krustentieren, vegetarischen Gerichten und als Aperitif<\/p>\n<p><strong>TRINKTEMPERATUR:<\/strong> 10\u00b0 &#8211; 12\u00b0<\/p>\n<p><strong>ALKOHOLGEHALT:<\/strong> 12 % vol.<\/p>\n","protected":false},"excerpt":{"rendered":"<p>Isaras Rosato Vigneti delle Dolomiti IGT Cantina Valle Isarco: dieser angenehme Ros\u00e9wein entsteht aus dem Zusammenspiel von Blauburgunder, Blauem Portugieser und Zweigelt. Durch sofortiges Abpressen der Traubenmaische, wie bei der Wei\u00dfweingewinnung, erh\u00e4lt man aus den Rotweinsorten einen hellrubinfarbenen Wein, der zu den verschiedenartigsten Anl\u00e4ssen Freude bereiten kann. VINIFIKATION: schonende Verarbeitung und Pressung, temperaturkontrollierte G\u00e4rung sowie [&hellip;]<\/p>\n","protected":false},"featured_media":2830,"comment_status":"open","ping_status":"open","template":"","meta":{"_acf_changed":false,"iawp_total_views":3},"product_brand":[],"product_cat":[1150,1165,1174],"product_tag":[1270],"brands":[1702],"flag_home":[],"class_list":{"0":"post-10286","1":"product","2":"type-product","3":"status-publish","4":"has-post-thumbnail","6":"product_cat-rotwein","7":"product_cat-trentino-vini-online-de","8":"product_cat-weine","9":"product_tag-solo-italia-de","10":"pa_tipologia-rotweine","11":"brands-cantina-valle-isarco","13":"first","14":"outofstock","15":"taxable","16":"shipping-taxable","17":"purchasable","18":"product-type-simple"},"acf":[],"yoast_head":"<!-- This site is optimized with the Yoast SEO plugin v27.5 - https:\/\/yoast.com\/product\/yoast-seo-wordpress\/ -->\n<title>Isaras Rosato Vigneti delle Dolomiti IGT<\/title>\n<meta name=\"robots\" content=\"index, follow, max-snippet:-1, max-image-preview:large, max-video-preview:-1\" \/>\n<link rel=\"canonical\" href=\"https:\/\/www.bertazzofood.com\/de\/prodotto\/isaras-rosato-vigneti-delle-dolomiti-igt\/\" \/>\n<meta property=\"og:locale\" content=\"de_DE\" \/>\n<meta property=\"og:type\" content=\"article\" \/>\n<meta property=\"og:title\" content=\"Isaras Rosato Vigneti delle Dolomiti IGT\" \/>\n<meta property=\"og:description\" content=\"Isaras Rosato Vigneti delle Dolomiti IGT Cantina Valle Isarco: dieser angenehme Ros\u00e9wein entsteht aus dem Zusammenspiel von Blauburgunder, Blauem Portugieser und Zweigelt. Durch sofortiges Abpressen der Traubenmaische, wie bei der Wei\u00dfweingewinnung, erh\u00e4lt man aus den Rotweinsorten einen hellrubinfarbenen Wein, der zu den verschiedenartigsten Anl\u00e4ssen Freude bereiten kann. VINIFIKATION: schonende Verarbeitung und Pressung, temperaturkontrollierte G\u00e4rung sowie [&hellip;]\" \/>\n<meta property=\"og:url\" content=\"https:\/\/www.bertazzofood.com\/de\/prodotto\/isaras-rosato-vigneti-delle-dolomiti-igt\/\" \/>\n<meta property=\"og:site_name\" content=\"Bertazzo Food\" \/>\n<meta property=\"article:publisher\" content=\"https:\/\/www.facebook.com\/BertazzoItalianQualityFood\" \/>\n<meta property=\"article:modified_time\" content=\"2024-06-23T20:23:37+00:00\" \/>\n<meta property=\"og:image\" content=\"https:\/\/www.bertazzofood.com\/wp-content\/uploads\/2024\/06\/Isaras-rose-Cantina-Valle-Isarco-2.jpg\" \/>\n\t<meta property=\"og:image:width\" content=\"800\" \/>\n\t<meta property=\"og:image:height\" content=\"800\" \/>\n\t<meta property=\"og:image:type\" content=\"image\/jpeg\" \/>\n<meta name=\"twitter:card\" content=\"summary_large_image\" \/>\n<meta name=\"twitter:label1\" content=\"Gesch\u00e4tzte Lesezeit\" \/>\n\t<meta name=\"twitter:data1\" content=\"1\u00a0Minute\" \/>\n<script type=\"application\/ld+json\" class=\"yoast-schema-graph\">{\"@context\":\"https:\\\/\\\/schema.org\",\"@graph\":[{\"@type\":\"WebPage\",\"@id\":\"https:\\\/\\\/www.bertazzofood.com\\\/de\\\/prodotto\\\/isaras-rosato-vigneti-delle-dolomiti-igt\\\/\",\"url\":\"https:\\\/\\\/www.bertazzofood.com\\\/de\\\/prodotto\\\/isaras-rosato-vigneti-delle-dolomiti-igt\\\/\",\"name\":\"Isaras Rosato Vigneti delle Dolomiti IGT\",\"isPartOf\":{\"@id\":\"https:\\\/\\\/www.bertazzofood.com\\\/de\\\/#website\"},\"primaryImageOfPage\":{\"@id\":\"https:\\\/\\\/www.bertazzofood.com\\\/de\\\/prodotto\\\/isaras-rosato-vigneti-delle-dolomiti-igt\\\/#primaryimage\"},\"image\":{\"@id\":\"https:\\\/\\\/www.bertazzofood.com\\\/de\\\/prodotto\\\/isaras-rosato-vigneti-delle-dolomiti-igt\\\/#primaryimage\"},\"thumbnailUrl\":\"https:\\\/\\\/www.bertazzofood.com\\\/wp-content\\\/uploads\\\/2024\\\/06\\\/Isaras-rose-Cantina-Valle-Isarco-2.jpg\",\"datePublished\":\"2020-01-23T15:45:59+00:00\",\"dateModified\":\"2024-06-23T20:23:37+00:00\",\"breadcrumb\":{\"@id\":\"https:\\\/\\\/www.bertazzofood.com\\\/de\\\/prodotto\\\/isaras-rosato-vigneti-delle-dolomiti-igt\\\/#breadcrumb\"},\"inLanguage\":\"de\",\"potentialAction\":[{\"@type\":\"ReadAction\",\"target\":[\"https:\\\/\\\/www.bertazzofood.com\\\/de\\\/prodotto\\\/isaras-rosato-vigneti-delle-dolomiti-igt\\\/\"]}]},{\"@type\":\"ImageObject\",\"inLanguage\":\"de\",\"@id\":\"https:\\\/\\\/www.bertazzofood.com\\\/de\\\/prodotto\\\/isaras-rosato-vigneti-delle-dolomiti-igt\\\/#primaryimage\",\"url\":\"https:\\\/\\\/www.bertazzofood.com\\\/wp-content\\\/uploads\\\/2024\\\/06\\\/Isaras-rose-Cantina-Valle-Isarco-2.jpg\",\"contentUrl\":\"https:\\\/\\\/www.bertazzofood.com\\\/wp-content\\\/uploads\\\/2024\\\/06\\\/Isaras-rose-Cantina-Valle-Isarco-2.jpg\",\"width\":800,\"height\":800},{\"@type\":\"BreadcrumbList\",\"@id\":\"https:\\\/\\\/www.bertazzofood.com\\\/de\\\/prodotto\\\/isaras-rosato-vigneti-delle-dolomiti-igt\\\/#breadcrumb\",\"itemListElement\":[{\"@type\":\"ListItem\",\"position\":1,\"name\":\"Home\",\"item\":\"https:\\\/\\\/www.bertazzofood.com\\\/de\\\/homepage\\\/\"},{\"@type\":\"ListItem\",\"position\":2,\"name\":\"Produkte\",\"item\":\"https:\\\/\\\/www.bertazzofood.com\\\/de\\\/shop\\\/\"},{\"@type\":\"ListItem\",\"position\":3,\"name\":\"Isaras Rosato Vigneti delle Dolomiti IGT\"}]},{\"@type\":\"WebSite\",\"@id\":\"https:\\\/\\\/www.bertazzofood.com\\\/de\\\/#website\",\"url\":\"https:\\\/\\\/www.bertazzofood.com\\\/de\\\/\",\"name\":\"Bertazzo Food\",\"description\":\"Prodotti Alimentari Italiani Online e Macchine Da Caff\u00e8\",\"publisher\":{\"@id\":\"https:\\\/\\\/www.bertazzofood.com\\\/de\\\/#organization\"},\"potentialAction\":[{\"@type\":\"SearchAction\",\"target\":{\"@type\":\"EntryPoint\",\"urlTemplate\":\"https:\\\/\\\/www.bertazzofood.com\\\/de\\\/?s={search_term_string}\"},\"query-input\":{\"@type\":\"PropertyValueSpecification\",\"valueRequired\":true,\"valueName\":\"search_term_string\"}}],\"inLanguage\":\"de\"},{\"@type\":\"Organization\",\"@id\":\"https:\\\/\\\/www.bertazzofood.com\\\/de\\\/#organization\",\"name\":\"Bertazzo Italian Quality Food S.a.s. di Bertazzo Fabio & C.\",\"alternateName\":\"Bertazzo Food\",\"url\":\"https:\\\/\\\/www.bertazzofood.com\\\/de\\\/\",\"logo\":{\"@type\":\"ImageObject\",\"inLanguage\":\"de\",\"@id\":\"https:\\\/\\\/www.bertazzofood.com\\\/de\\\/#\\\/schema\\\/logo\\\/image\\\/\",\"url\":\"https:\\\/\\\/www.bertazzofood.com\\\/wp-content\\\/uploads\\\/2024\\\/06\\\/logo-bertazzo.webp\",\"contentUrl\":\"https:\\\/\\\/www.bertazzofood.com\\\/wp-content\\\/uploads\\\/2024\\\/06\\\/logo-bertazzo.webp\",\"width\":410,\"height\":166,\"caption\":\"Bertazzo Italian Quality Food S.a.s. di Bertazzo Fabio & C.\"},\"image\":{\"@id\":\"https:\\\/\\\/www.bertazzofood.com\\\/de\\\/#\\\/schema\\\/logo\\\/image\\\/\"},\"sameAs\":[\"https:\\\/\\\/www.facebook.com\\\/BertazzoItalianQualityFood\",\"https:\\\/\\\/www.instagram.com\\\/bertazzo_italian_quality_food\\\/\"]}]}<\/script>\n<!-- \/ Yoast SEO plugin. -->","yoast_head_json":{"title":"Isaras Rosato Vigneti delle Dolomiti IGT","robots":{"index":"index","follow":"follow","max-snippet":"max-snippet:-1","max-image-preview":"max-image-preview:large","max-video-preview":"max-video-preview:-1"},"canonical":"https:\/\/www.bertazzofood.com\/de\/prodotto\/isaras-rosato-vigneti-delle-dolomiti-igt\/","og_locale":"de_DE","og_type":"article","og_title":"Isaras Rosato Vigneti delle Dolomiti IGT","og_description":"Isaras Rosato Vigneti delle Dolomiti IGT Cantina Valle Isarco: dieser angenehme Ros\u00e9wein entsteht aus dem Zusammenspiel von Blauburgunder, Blauem Portugieser und Zweigelt. Durch sofortiges Abpressen der Traubenmaische, wie bei der Wei\u00dfweingewinnung, erh\u00e4lt man aus den Rotweinsorten einen hellrubinfarbenen Wein, der zu den verschiedenartigsten Anl\u00e4ssen Freude bereiten kann. VINIFIKATION: schonende Verarbeitung und Pressung, temperaturkontrollierte G\u00e4rung sowie [&hellip;]","og_url":"https:\/\/www.bertazzofood.com\/de\/prodotto\/isaras-rosato-vigneti-delle-dolomiti-igt\/","og_site_name":"Bertazzo Food","article_publisher":"https:\/\/www.facebook.com\/BertazzoItalianQualityFood","article_modified_time":"2024-06-23T20:23:37+00:00","og_image":[{"width":800,"height":800,"url":"https:\/\/www.bertazzofood.com\/wp-content\/uploads\/2024\/06\/Isaras-rose-Cantina-Valle-Isarco-2.jpg","type":"image\/jpeg"}],"twitter_card":"summary_large_image","twitter_misc":{"Gesch\u00e4tzte Lesezeit":"1\u00a0Minute"},"schema":{"@context":"https:\/\/schema.org","@graph":[{"@type":"WebPage","@id":"https:\/\/www.bertazzofood.com\/de\/prodotto\/isaras-rosato-vigneti-delle-dolomiti-igt\/","url":"https:\/\/www.bertazzofood.com\/de\/prodotto\/isaras-rosato-vigneti-delle-dolomiti-igt\/","name":"Isaras Rosato Vigneti delle Dolomiti IGT","isPartOf":{"@id":"https:\/\/www.bertazzofood.com\/de\/#website"},"primaryImageOfPage":{"@id":"https:\/\/www.bertazzofood.com\/de\/prodotto\/isaras-rosato-vigneti-delle-dolomiti-igt\/#primaryimage"},"image":{"@id":"https:\/\/www.bertazzofood.com\/de\/prodotto\/isaras-rosato-vigneti-delle-dolomiti-igt\/#primaryimage"},"thumbnailUrl":"https:\/\/www.bertazzofood.com\/wp-content\/uploads\/2024\/06\/Isaras-rose-Cantina-Valle-Isarco-2.jpg","datePublished":"2020-01-23T15:45:59+00:00","dateModified":"2024-06-23T20:23:37+00:00","breadcrumb":{"@id":"https:\/\/www.bertazzofood.com\/de\/prodotto\/isaras-rosato-vigneti-delle-dolomiti-igt\/#breadcrumb"},"inLanguage":"de","potentialAction":[{"@type":"ReadAction","target":["https:\/\/www.bertazzofood.com\/de\/prodotto\/isaras-rosato-vigneti-delle-dolomiti-igt\/"]}]},{"@type":"ImageObject","inLanguage":"de","@id":"https:\/\/www.bertazzofood.com\/de\/prodotto\/isaras-rosato-vigneti-delle-dolomiti-igt\/#primaryimage","url":"https:\/\/www.bertazzofood.com\/wp-content\/uploads\/2024\/06\/Isaras-rose-Cantina-Valle-Isarco-2.jpg","contentUrl":"https:\/\/www.bertazzofood.com\/wp-content\/uploads\/2024\/06\/Isaras-rose-Cantina-Valle-Isarco-2.jpg","width":800,"height":800},{"@type":"BreadcrumbList","@id":"https:\/\/www.bertazzofood.com\/de\/prodotto\/isaras-rosato-vigneti-delle-dolomiti-igt\/#breadcrumb","itemListElement":[{"@type":"ListItem","position":1,"name":"Home","item":"https:\/\/www.bertazzofood.com\/de\/homepage\/"},{"@type":"ListItem","position":2,"name":"Produkte","item":"https:\/\/www.bertazzofood.com\/de\/shop\/"},{"@type":"ListItem","position":3,"name":"Isaras Rosato Vigneti delle Dolomiti IGT"}]},{"@type":"WebSite","@id":"https:\/\/www.bertazzofood.com\/de\/#website","url":"https:\/\/www.bertazzofood.com\/de\/","name":"Bertazzo Food","description":"Prodotti Alimentari Italiani Online e Macchine Da Caff\u00e8","publisher":{"@id":"https:\/\/www.bertazzofood.com\/de\/#organization"},"potentialAction":[{"@type":"SearchAction","target":{"@type":"EntryPoint","urlTemplate":"https:\/\/www.bertazzofood.com\/de\/?s={search_term_string}"},"query-input":{"@type":"PropertyValueSpecification","valueRequired":true,"valueName":"search_term_string"}}],"inLanguage":"de"},{"@type":"Organization","@id":"https:\/\/www.bertazzofood.com\/de\/#organization","name":"Bertazzo Italian Quality Food S.a.s. di Bertazzo Fabio & C.","alternateName":"Bertazzo Food","url":"https:\/\/www.bertazzofood.com\/de\/","logo":{"@type":"ImageObject","inLanguage":"de","@id":"https:\/\/www.bertazzofood.com\/de\/#\/schema\/logo\/image\/","url":"https:\/\/www.bertazzofood.com\/wp-content\/uploads\/2024\/06\/logo-bertazzo.webp","contentUrl":"https:\/\/www.bertazzofood.com\/wp-content\/uploads\/2024\/06\/logo-bertazzo.webp","width":410,"height":166,"caption":"Bertazzo Italian Quality Food S.a.s. di Bertazzo Fabio & C."},"image":{"@id":"https:\/\/www.bertazzofood.com\/de\/#\/schema\/logo\/image\/"},"sameAs":["https:\/\/www.facebook.com\/BertazzoItalianQualityFood","https:\/\/www.instagram.com\/bertazzo_italian_quality_food\/"]}]}},"_links":{"self":[{"href":"https:\/\/www.bertazzofood.com\/de\/wp-json\/wp\/v2\/product\/10286","targetHints":{"allow":["GET"]}}],"collection":[{"href":"https:\/\/www.bertazzofood.com\/de\/wp-json\/wp\/v2\/product"}],"about":[{"href":"https:\/\/www.bertazzofood.com\/de\/wp-json\/wp\/v2\/types\/product"}],"replies":[{"embeddable":true,"href":"https:\/\/www.bertazzofood.com\/de\/wp-json\/wp\/v2\/comments?post=10286"}],"version-history":[{"count":0,"href":"https:\/\/www.bertazzofood.com\/de\/wp-json\/wp\/v2\/product\/10286\/revisions"}],"wp:featuredmedia":[{"embeddable":true,"href":"https:\/\/www.bertazzofood.com\/de\/wp-json\/wp\/v2\/media\/2830"}],"wp:attachment":[{"href":"https:\/\/www.bertazzofood.com\/de\/wp-json\/wp\/v2\/media?parent=10286"}],"wp:term":[{"taxonomy":"product_brand","embeddable":true,"href":"https:\/\/www.bertazzofood.com\/de\/wp-json\/wp\/v2\/product_brand?post=10286"},{"taxonomy":"product_cat","embeddable":true,"href":"https:\/\/www.bertazzofood.com\/de\/wp-json\/wp\/v2\/product_cat?post=10286"},{"taxonomy":"product_tag","embeddable":true,"href":"https:\/\/www.bertazzofood.com\/de\/wp-json\/wp\/v2\/product_tag?post=10286"},{"taxonomy":"brands","embeddable":true,"href":"https:\/\/www.bertazzofood.com\/de\/wp-json\/wp\/v2\/brands?post=10286"},{"taxonomy":"flag_home","embeddable":true,"href":"https:\/\/www.bertazzofood.com\/de\/wp-json\/wp\/v2\/flag_home?post=10286"}],"curies":[{"name":"wp","href":"https:\/\/api.w.org\/{rel}","templated":true}]}}