{"id":10273,"date":"2020-01-23T16:45:05","date_gmt":"2020-01-23T15:45:05","guid":{"rendered":"https:\/\/thegarden.it\/staging8\/prodotto\/sylvaner-alto-adige-valle-isarco-doc\/"},"modified":"2024-06-23T22:23:36","modified_gmt":"2024-06-23T20:23:36","slug":"sylvaner-alto-adige-valle-isarco-doc","status":"publish","type":"product","link":"https:\/\/www.bertazzofood.com\/de\/prodotto\/sylvaner-alto-adige-valle-isarco-doc\/","title":{"rendered":"Sylvaner Alto Adige Valle Isarco DOC"},"content":{"rendered":"<p>Sylvaner Alto Adige Valle Isarco DOC Cantina Valle Isarco:\u00a0diese Rebsorte stammt h\u00f6chstwahrscheinlich aus Deutschland und wurde um 1900 in S\u00fcdtirol eingef\u00fchrt; heute wird sie haupts\u00e4chlich im Eisacktal angebaut. Die Sylvanerrebe f\u00fchlt sich vor allem in nicht zu hohen, luftigen und warmen Hanglagen des mittleren Eisacktales wohl. Die flachgr\u00fcndigen schottrigen Verwitterungsb\u00f6den verleihen dem Wein seine unvergleichliche Feinheit und Eleganz, die zwar an die gleichnamigen Weine jenseits der Alpen erinnert, die Eisacktaler Eigenart aber unverkennbar wiederspiegelt.<\/p>\n<p>&nbsp;<\/p>\n<p><strong>VINIFIKATION<\/strong> schonende Verarbeitung und Pressung, temperaturkontrollierte G\u00e4rung sowie Ausbau auf der Feinhefe im Edelstahltank, kein biologischer S\u00e4ureabbau<\/p>\n<p><strong>CHARAKTERISTIK<\/strong> Farbe hellgelb bis gr\u00fcnlich Geruch zart, sortentypisch, fruchtig, nach Pfirsich, Apfel, Aprikose Geschmack trocken, aromatisch, angenehm frisch mit ausgewogenem K\u00f6rper<\/p>\n<p><strong>LAGERF\u00c4HIGKEIT<\/strong> 3 &#8211; 5 Jahre<\/p>\n<p><strong>EMPFEHLUNG<\/strong> zu leichten Vorspeisen, Spargeln, Weinsuppe, gekochtem oder gegrilltem Fisch, als Aperitif<\/p>\n<p><strong>TRINKTEMPERATUR<\/strong> 8\u00b0 &#8211; 10\u00b0<\/p>\n<p><strong>ALKOHOLGEHALT<\/strong> 13,5 % vol.<\/p>\n","protected":false},"excerpt":{"rendered":"<p>Sylvaner Alto Adige Valle Isarco DOC Cantina Valle Isarco:\u00a0diese Rebsorte stammt h\u00f6chstwahrscheinlich aus Deutschland und wurde um 1900 in S\u00fcdtirol eingef\u00fchrt; heute wird sie haupts\u00e4chlich im Eisacktal angebaut. Die Sylvanerrebe f\u00fchlt sich vor allem in nicht zu hohen, luftigen und warmen Hanglagen des mittleren Eisacktales wohl. Die flachgr\u00fcndigen schottrigen Verwitterungsb\u00f6den verleihen dem Wein seine unvergleichliche [&hellip;]<\/p>\n","protected":false},"featured_media":2794,"comment_status":"open","ping_status":"open","template":"","meta":{"_acf_changed":false,"iawp_total_views":5},"product_brand":[],"product_cat":[1133,1165,1174],"product_tag":[1270],"brands":[1702],"flag_home":[],"class_list":{"0":"post-10273","1":"product","2":"type-product","3":"status-publish","4":"has-post-thumbnail","6":"product_cat-weisswein","7":"product_cat-trentino-vini-online-de","8":"product_cat-weine","9":"product_tag-solo-italia-de","10":"pa_tipologia-weissweine","11":"brands-cantina-valle-isarco","13":"first","14":"outofstock","15":"taxable","16":"shipping-taxable","17":"purchasable","18":"product-type-simple"},"acf":[],"yoast_head":"<!-- This site is optimized with the Yoast SEO plugin v27.5 - https:\/\/yoast.com\/product\/yoast-seo-wordpress\/ -->\n<title>Sylvaner Alto Adige Valle Isarco DOC<\/title>\n<meta name=\"robots\" content=\"index, follow, max-snippet:-1, max-image-preview:large, max-video-preview:-1\" \/>\n<link rel=\"canonical\" href=\"https:\/\/www.bertazzofood.com\/de\/prodotto\/sylvaner-alto-adige-valle-isarco-doc\/\" \/>\n<meta property=\"og:locale\" content=\"de_DE\" \/>\n<meta property=\"og:type\" content=\"article\" \/>\n<meta property=\"og:title\" content=\"Sylvaner Alto Adige Valle Isarco DOC\" \/>\n<meta property=\"og:description\" content=\"Sylvaner Alto Adige Valle Isarco DOC Cantina Valle Isarco:\u00a0diese Rebsorte stammt h\u00f6chstwahrscheinlich aus Deutschland und wurde um 1900 in S\u00fcdtirol eingef\u00fchrt; heute wird sie haupts\u00e4chlich im Eisacktal angebaut. Die Sylvanerrebe f\u00fchlt sich vor allem in nicht zu hohen, luftigen und warmen Hanglagen des mittleren Eisacktales wohl. Die flachgr\u00fcndigen schottrigen Verwitterungsb\u00f6den verleihen dem Wein seine unvergleichliche [&hellip;]\" \/>\n<meta property=\"og:url\" content=\"https:\/\/www.bertazzofood.com\/de\/prodotto\/sylvaner-alto-adige-valle-isarco-doc\/\" \/>\n<meta property=\"og:site_name\" content=\"Bertazzo Food\" \/>\n<meta property=\"article:publisher\" content=\"https:\/\/www.facebook.com\/BertazzoItalianQualityFood\" \/>\n<meta property=\"article:modified_time\" content=\"2024-06-23T20:23:36+00:00\" \/>\n<meta property=\"og:image\" content=\"https:\/\/www.bertazzofood.com\/wp-content\/uploads\/2024\/06\/Sylvaner-Cantina-Valle-Isarco-2.jpg\" \/>\n\t<meta property=\"og:image:width\" content=\"800\" \/>\n\t<meta property=\"og:image:height\" content=\"800\" \/>\n\t<meta property=\"og:image:type\" content=\"image\/jpeg\" \/>\n<meta name=\"twitter:card\" content=\"summary_large_image\" \/>\n<meta name=\"twitter:label1\" content=\"Gesch\u00e4tzte Lesezeit\" \/>\n\t<meta name=\"twitter:data1\" content=\"1\u00a0Minute\" \/>\n<script type=\"application\/ld+json\" class=\"yoast-schema-graph\">{\"@context\":\"https:\\\/\\\/schema.org\",\"@graph\":[{\"@type\":\"WebPage\",\"@id\":\"https:\\\/\\\/www.bertazzofood.com\\\/de\\\/prodotto\\\/sylvaner-alto-adige-valle-isarco-doc\\\/\",\"url\":\"https:\\\/\\\/www.bertazzofood.com\\\/de\\\/prodotto\\\/sylvaner-alto-adige-valle-isarco-doc\\\/\",\"name\":\"Sylvaner Alto Adige Valle Isarco DOC\",\"isPartOf\":{\"@id\":\"https:\\\/\\\/www.bertazzofood.com\\\/de\\\/#website\"},\"primaryImageOfPage\":{\"@id\":\"https:\\\/\\\/www.bertazzofood.com\\\/de\\\/prodotto\\\/sylvaner-alto-adige-valle-isarco-doc\\\/#primaryimage\"},\"image\":{\"@id\":\"https:\\\/\\\/www.bertazzofood.com\\\/de\\\/prodotto\\\/sylvaner-alto-adige-valle-isarco-doc\\\/#primaryimage\"},\"thumbnailUrl\":\"https:\\\/\\\/www.bertazzofood.com\\\/wp-content\\\/uploads\\\/2024\\\/06\\\/Sylvaner-Cantina-Valle-Isarco-2.jpg\",\"datePublished\":\"2020-01-23T15:45:05+00:00\",\"dateModified\":\"2024-06-23T20:23:36+00:00\",\"breadcrumb\":{\"@id\":\"https:\\\/\\\/www.bertazzofood.com\\\/de\\\/prodotto\\\/sylvaner-alto-adige-valle-isarco-doc\\\/#breadcrumb\"},\"inLanguage\":\"de\",\"potentialAction\":[{\"@type\":\"ReadAction\",\"target\":[\"https:\\\/\\\/www.bertazzofood.com\\\/de\\\/prodotto\\\/sylvaner-alto-adige-valle-isarco-doc\\\/\"]}]},{\"@type\":\"ImageObject\",\"inLanguage\":\"de\",\"@id\":\"https:\\\/\\\/www.bertazzofood.com\\\/de\\\/prodotto\\\/sylvaner-alto-adige-valle-isarco-doc\\\/#primaryimage\",\"url\":\"https:\\\/\\\/www.bertazzofood.com\\\/wp-content\\\/uploads\\\/2024\\\/06\\\/Sylvaner-Cantina-Valle-Isarco-2.jpg\",\"contentUrl\":\"https:\\\/\\\/www.bertazzofood.com\\\/wp-content\\\/uploads\\\/2024\\\/06\\\/Sylvaner-Cantina-Valle-Isarco-2.jpg\",\"width\":800,\"height\":800},{\"@type\":\"BreadcrumbList\",\"@id\":\"https:\\\/\\\/www.bertazzofood.com\\\/de\\\/prodotto\\\/sylvaner-alto-adige-valle-isarco-doc\\\/#breadcrumb\",\"itemListElement\":[{\"@type\":\"ListItem\",\"position\":1,\"name\":\"Home\",\"item\":\"https:\\\/\\\/www.bertazzofood.com\\\/de\\\/homepage\\\/\"},{\"@type\":\"ListItem\",\"position\":2,\"name\":\"Produkte\",\"item\":\"https:\\\/\\\/www.bertazzofood.com\\\/de\\\/shop\\\/\"},{\"@type\":\"ListItem\",\"position\":3,\"name\":\"Sylvaner Alto Adige Valle Isarco DOC\"}]},{\"@type\":\"WebSite\",\"@id\":\"https:\\\/\\\/www.bertazzofood.com\\\/de\\\/#website\",\"url\":\"https:\\\/\\\/www.bertazzofood.com\\\/de\\\/\",\"name\":\"Bertazzo Food\",\"description\":\"Prodotti Alimentari Italiani Online e Macchine Da Caff\u00e8\",\"publisher\":{\"@id\":\"https:\\\/\\\/www.bertazzofood.com\\\/de\\\/#organization\"},\"potentialAction\":[{\"@type\":\"SearchAction\",\"target\":{\"@type\":\"EntryPoint\",\"urlTemplate\":\"https:\\\/\\\/www.bertazzofood.com\\\/de\\\/?s={search_term_string}\"},\"query-input\":{\"@type\":\"PropertyValueSpecification\",\"valueRequired\":true,\"valueName\":\"search_term_string\"}}],\"inLanguage\":\"de\"},{\"@type\":\"Organization\",\"@id\":\"https:\\\/\\\/www.bertazzofood.com\\\/de\\\/#organization\",\"name\":\"Bertazzo Italian Quality Food S.a.s. di Bertazzo Fabio & C.\",\"alternateName\":\"Bertazzo Food\",\"url\":\"https:\\\/\\\/www.bertazzofood.com\\\/de\\\/\",\"logo\":{\"@type\":\"ImageObject\",\"inLanguage\":\"de\",\"@id\":\"https:\\\/\\\/www.bertazzofood.com\\\/de\\\/#\\\/schema\\\/logo\\\/image\\\/\",\"url\":\"https:\\\/\\\/www.bertazzofood.com\\\/wp-content\\\/uploads\\\/2024\\\/06\\\/logo-bertazzo.webp\",\"contentUrl\":\"https:\\\/\\\/www.bertazzofood.com\\\/wp-content\\\/uploads\\\/2024\\\/06\\\/logo-bertazzo.webp\",\"width\":410,\"height\":166,\"caption\":\"Bertazzo Italian Quality Food S.a.s. di Bertazzo Fabio & C.\"},\"image\":{\"@id\":\"https:\\\/\\\/www.bertazzofood.com\\\/de\\\/#\\\/schema\\\/logo\\\/image\\\/\"},\"sameAs\":[\"https:\\\/\\\/www.facebook.com\\\/BertazzoItalianQualityFood\",\"https:\\\/\\\/www.instagram.com\\\/bertazzo_italian_quality_food\\\/\"]}]}<\/script>\n<!-- \/ Yoast SEO plugin. -->","yoast_head_json":{"title":"Sylvaner Alto Adige Valle Isarco DOC","robots":{"index":"index","follow":"follow","max-snippet":"max-snippet:-1","max-image-preview":"max-image-preview:large","max-video-preview":"max-video-preview:-1"},"canonical":"https:\/\/www.bertazzofood.com\/de\/prodotto\/sylvaner-alto-adige-valle-isarco-doc\/","og_locale":"de_DE","og_type":"article","og_title":"Sylvaner Alto Adige Valle Isarco DOC","og_description":"Sylvaner Alto Adige Valle Isarco DOC Cantina Valle Isarco:\u00a0diese Rebsorte stammt h\u00f6chstwahrscheinlich aus Deutschland und wurde um 1900 in S\u00fcdtirol eingef\u00fchrt; heute wird sie haupts\u00e4chlich im Eisacktal angebaut. Die Sylvanerrebe f\u00fchlt sich vor allem in nicht zu hohen, luftigen und warmen Hanglagen des mittleren Eisacktales wohl. Die flachgr\u00fcndigen schottrigen Verwitterungsb\u00f6den verleihen dem Wein seine unvergleichliche [&hellip;]","og_url":"https:\/\/www.bertazzofood.com\/de\/prodotto\/sylvaner-alto-adige-valle-isarco-doc\/","og_site_name":"Bertazzo Food","article_publisher":"https:\/\/www.facebook.com\/BertazzoItalianQualityFood","article_modified_time":"2024-06-23T20:23:36+00:00","og_image":[{"width":800,"height":800,"url":"https:\/\/www.bertazzofood.com\/wp-content\/uploads\/2024\/06\/Sylvaner-Cantina-Valle-Isarco-2.jpg","type":"image\/jpeg"}],"twitter_card":"summary_large_image","twitter_misc":{"Gesch\u00e4tzte Lesezeit":"1\u00a0Minute"},"schema":{"@context":"https:\/\/schema.org","@graph":[{"@type":"WebPage","@id":"https:\/\/www.bertazzofood.com\/de\/prodotto\/sylvaner-alto-adige-valle-isarco-doc\/","url":"https:\/\/www.bertazzofood.com\/de\/prodotto\/sylvaner-alto-adige-valle-isarco-doc\/","name":"Sylvaner Alto Adige Valle Isarco DOC","isPartOf":{"@id":"https:\/\/www.bertazzofood.com\/de\/#website"},"primaryImageOfPage":{"@id":"https:\/\/www.bertazzofood.com\/de\/prodotto\/sylvaner-alto-adige-valle-isarco-doc\/#primaryimage"},"image":{"@id":"https:\/\/www.bertazzofood.com\/de\/prodotto\/sylvaner-alto-adige-valle-isarco-doc\/#primaryimage"},"thumbnailUrl":"https:\/\/www.bertazzofood.com\/wp-content\/uploads\/2024\/06\/Sylvaner-Cantina-Valle-Isarco-2.jpg","datePublished":"2020-01-23T15:45:05+00:00","dateModified":"2024-06-23T20:23:36+00:00","breadcrumb":{"@id":"https:\/\/www.bertazzofood.com\/de\/prodotto\/sylvaner-alto-adige-valle-isarco-doc\/#breadcrumb"},"inLanguage":"de","potentialAction":[{"@type":"ReadAction","target":["https:\/\/www.bertazzofood.com\/de\/prodotto\/sylvaner-alto-adige-valle-isarco-doc\/"]}]},{"@type":"ImageObject","inLanguage":"de","@id":"https:\/\/www.bertazzofood.com\/de\/prodotto\/sylvaner-alto-adige-valle-isarco-doc\/#primaryimage","url":"https:\/\/www.bertazzofood.com\/wp-content\/uploads\/2024\/06\/Sylvaner-Cantina-Valle-Isarco-2.jpg","contentUrl":"https:\/\/www.bertazzofood.com\/wp-content\/uploads\/2024\/06\/Sylvaner-Cantina-Valle-Isarco-2.jpg","width":800,"height":800},{"@type":"BreadcrumbList","@id":"https:\/\/www.bertazzofood.com\/de\/prodotto\/sylvaner-alto-adige-valle-isarco-doc\/#breadcrumb","itemListElement":[{"@type":"ListItem","position":1,"name":"Home","item":"https:\/\/www.bertazzofood.com\/de\/homepage\/"},{"@type":"ListItem","position":2,"name":"Produkte","item":"https:\/\/www.bertazzofood.com\/de\/shop\/"},{"@type":"ListItem","position":3,"name":"Sylvaner Alto Adige Valle Isarco DOC"}]},{"@type":"WebSite","@id":"https:\/\/www.bertazzofood.com\/de\/#website","url":"https:\/\/www.bertazzofood.com\/de\/","name":"Bertazzo Food","description":"Prodotti Alimentari Italiani Online e Macchine Da Caff\u00e8","publisher":{"@id":"https:\/\/www.bertazzofood.com\/de\/#organization"},"potentialAction":[{"@type":"SearchAction","target":{"@type":"EntryPoint","urlTemplate":"https:\/\/www.bertazzofood.com\/de\/?s={search_term_string}"},"query-input":{"@type":"PropertyValueSpecification","valueRequired":true,"valueName":"search_term_string"}}],"inLanguage":"de"},{"@type":"Organization","@id":"https:\/\/www.bertazzofood.com\/de\/#organization","name":"Bertazzo Italian Quality Food S.a.s. di Bertazzo Fabio & C.","alternateName":"Bertazzo Food","url":"https:\/\/www.bertazzofood.com\/de\/","logo":{"@type":"ImageObject","inLanguage":"de","@id":"https:\/\/www.bertazzofood.com\/de\/#\/schema\/logo\/image\/","url":"https:\/\/www.bertazzofood.com\/wp-content\/uploads\/2024\/06\/logo-bertazzo.webp","contentUrl":"https:\/\/www.bertazzofood.com\/wp-content\/uploads\/2024\/06\/logo-bertazzo.webp","width":410,"height":166,"caption":"Bertazzo Italian Quality Food S.a.s. di Bertazzo Fabio & C."},"image":{"@id":"https:\/\/www.bertazzofood.com\/de\/#\/schema\/logo\/image\/"},"sameAs":["https:\/\/www.facebook.com\/BertazzoItalianQualityFood","https:\/\/www.instagram.com\/bertazzo_italian_quality_food\/"]}]}},"_links":{"self":[{"href":"https:\/\/www.bertazzofood.com\/de\/wp-json\/wp\/v2\/product\/10273","targetHints":{"allow":["GET"]}}],"collection":[{"href":"https:\/\/www.bertazzofood.com\/de\/wp-json\/wp\/v2\/product"}],"about":[{"href":"https:\/\/www.bertazzofood.com\/de\/wp-json\/wp\/v2\/types\/product"}],"replies":[{"embeddable":true,"href":"https:\/\/www.bertazzofood.com\/de\/wp-json\/wp\/v2\/comments?post=10273"}],"version-history":[{"count":0,"href":"https:\/\/www.bertazzofood.com\/de\/wp-json\/wp\/v2\/product\/10273\/revisions"}],"wp:featuredmedia":[{"embeddable":true,"href":"https:\/\/www.bertazzofood.com\/de\/wp-json\/wp\/v2\/media\/2794"}],"wp:attachment":[{"href":"https:\/\/www.bertazzofood.com\/de\/wp-json\/wp\/v2\/media?parent=10273"}],"wp:term":[{"taxonomy":"product_brand","embeddable":true,"href":"https:\/\/www.bertazzofood.com\/de\/wp-json\/wp\/v2\/product_brand?post=10273"},{"taxonomy":"product_cat","embeddable":true,"href":"https:\/\/www.bertazzofood.com\/de\/wp-json\/wp\/v2\/product_cat?post=10273"},{"taxonomy":"product_tag","embeddable":true,"href":"https:\/\/www.bertazzofood.com\/de\/wp-json\/wp\/v2\/product_tag?post=10273"},{"taxonomy":"brands","embeddable":true,"href":"https:\/\/www.bertazzofood.com\/de\/wp-json\/wp\/v2\/brands?post=10273"},{"taxonomy":"flag_home","embeddable":true,"href":"https:\/\/www.bertazzofood.com\/de\/wp-json\/wp\/v2\/flag_home?post=10273"}],"curies":[{"name":"wp","href":"https:\/\/api.w.org\/{rel}","templated":true}]}}