{"id":10146,"date":"2020-04-08T08:19:18","date_gmt":"2020-04-08T06:19:18","guid":{"rendered":"https:\/\/thegarden.it\/staging8\/prodotto\/nuova-simonelli-oscar-ii-rot-2\/"},"modified":"2024-06-23T22:22:54","modified_gmt":"2024-06-23T20:22:54","slug":"nuova-simonelli-oscar-ii-rot-2","status":"publish","type":"product","link":"https:\/\/www.bertazzofood.com\/de\/prodotto\/nuova-simonelli-oscar-ii-rot-2\/","title":{"rendered":"Nuova Simonelli Oscar II Rot"},"content":{"rendered":"<p><em><strong>Nuova Simonelli<\/strong><\/em> <strong><em>Oscar II<\/em><\/strong>, professionelle\u00a0Leistungen auf\u00a0kleinstem Raum, die neue Generation der Ende der<br \/>\nNeunzigerjahre lancierten Espressomaschine, die Kaffeeliebhaber auf de ganzen Welt erobert hat. Dank einer Breite von nur 32 Zentimetern und dem Edelstahlgeh\u00e4use eignet sich Oscar II f\u00fcr alle kleinen R\u00e4ume wie zum Beispiel K\u00fcchen, Coffee Corners, B\u00fcros oder Bed &amp; Breakfasts und garantiert Kaffeeliebhabern stets erstklassigen Kaffeegenuss.<\/p>\n<p>Technische Daten:<\/p>\n<p>\u2022Edelstahl-Geh\u00e4use<\/p>\n<p>\u2022Hohe Dampfleistung<\/p>\n<p>\u2022Direkter Wasseranschlu\u00df Kit<\/p>\n<p>\u2022Gro\u00dfe Restwasserwanne 1 Liter<\/p>\n<p>\u2022360\u00b0 Dampflanze mit Hitzeschutz<\/p>\n<p>\u2022Tassenablage passive erw\u00e4rmt<\/p>\n<p>\u2022Thermokompensierten Br\u00fchgruppe<\/p>\n<p><span class=\"Y2IQFc\" lang=\"de\">\u2022Bypass (OPV)<\/span><\/p>\n<p>\u2022Professionellen\u00a0Siebtr\u00e4ger<\/p>\n<p>\u2022Stromsparender 2 Liter Kupferboiler mit W\u00e4rmetauscher<\/p>\n<p>\u20222 Tassenl\u00e4ngen programmierbar<\/p>\n<p>\u2022Soft-Touch-Bedienfeld hinterleuchtet<\/p>\n<p>\u2022Elektronische Kesself\u00fcllung<\/p>\n<p>\u2022Gewicht\u00a013 kg<\/p>\n<p>\u2022Leistung 1200 W<\/p>\n<p>\u2022Durchmesser 58mm<\/p>\n<p class=\" text-LEFT\"><strong>MASCHINENZUBEH\u00d6R:<\/strong><\/p>\n<p class=\" text-LEFT\">\u2022\u00a01 Doppelfilter<br \/>\n\u2022\u00a01 Einzelfilter<br \/>\n\u2022\u00a01\u00a0Feder<br \/>\n\u2022\u00a01 Plastic Kaffeepresser<br \/>\n\u2022\u00a01 Filterhalter<br \/>\n\u2022\u00a01 Kaffeedosierl\u00f6ffel<br \/>\n\u2022\u00a01 Kaffeeauslauf<\/p>\n<p class=\" text-LEFT\">\u2022\u00a01 Wasserschlauch<\/p>\n<p><strong>24 Monate Garantie<\/strong>.<\/p>\n<p><strong>Versand kostenlos<\/strong>.<\/p>\n","protected":false},"excerpt":{"rendered":"<p>Nuova Simonelli Oscar II, professionelle\u00a0Leistungen auf\u00a0kleinstem Raum, die neue Generation der Ende der Neunzigerjahre lancierten Espressomaschine, die Kaffeeliebhaber auf de ganzen Welt erobert hat. Dank einer Breite von nur 32 Zentimetern und dem Edelstahlgeh\u00e4use eignet sich Oscar II f\u00fcr alle kleinen R\u00e4ume wie zum Beispiel K\u00fcchen, Coffee Corners, B\u00fcros oder Bed &amp; Breakfasts und garantiert [&hellip;]<\/p>\n","protected":false},"featured_media":2563,"comment_status":"open","ping_status":"closed","template":"","meta":{"_acf_changed":false,"iawp_total_views":15},"product_brand":[],"product_cat":[1176,1155],"product_tag":[1557],"brands":[1693],"flag_home":[],"class_list":{"0":"post-10146","1":"product","2":"type-product","3":"status-publish","4":"has-post-thumbnail","6":"product_cat-espressomaschinen","7":"product_cat-kaffeemaschinen-zubehoer","8":"product_tag-ads-ottobre-2024-de","9":"pa_garanzia-24-monate","10":"pa_tipo-di-alimentazione-acqua-ausfuehrung-mit-festwasseranschluss","11":"pa_tipo-di-caldaia-ein-kessel","12":"pa_tipo-di-pompa-vibrationspumpe","13":"brands-nuova-simonelli","15":"first","16":"outofstock","17":"taxable","18":"shipping-taxable","19":"purchasable","20":"product-type-simple"},"acf":[],"yoast_head":"<!-- This site is optimized with the Yoast SEO plugin v27.5 - https:\/\/yoast.com\/product\/yoast-seo-wordpress\/ -->\n<title>Nuova Simonelli Oscar II Rot<\/title>\n<meta name=\"robots\" content=\"index, follow, max-snippet:-1, max-image-preview:large, max-video-preview:-1\" \/>\n<link rel=\"canonical\" href=\"https:\/\/www.bertazzofood.com\/de\/prodotto\/nuova-simonelli-oscar-ii-rot-2\/\" \/>\n<meta property=\"og:locale\" content=\"de_DE\" \/>\n<meta property=\"og:type\" content=\"article\" \/>\n<meta property=\"og:title\" content=\"Nuova Simonelli Oscar II Rot\" \/>\n<meta property=\"og:description\" content=\"Nuova Simonelli Oscar II, professionelle\u00a0Leistungen auf\u00a0kleinstem Raum, die neue Generation der Ende der Neunzigerjahre lancierten Espressomaschine, die Kaffeeliebhaber auf de ganzen Welt erobert hat. Dank einer Breite von nur 32 Zentimetern und dem Edelstahlgeh\u00e4use eignet sich Oscar II f\u00fcr alle kleinen R\u00e4ume wie zum Beispiel K\u00fcchen, Coffee Corners, B\u00fcros oder Bed &amp; Breakfasts und garantiert [&hellip;]\" \/>\n<meta property=\"og:url\" content=\"https:\/\/www.bertazzofood.com\/de\/prodotto\/nuova-simonelli-oscar-ii-rot-2\/\" \/>\n<meta property=\"og:site_name\" content=\"Bertazzo Food\" \/>\n<meta property=\"article:publisher\" content=\"https:\/\/www.facebook.com\/BertazzoItalianQualityFood\" \/>\n<meta property=\"article:modified_time\" content=\"2024-06-23T20:22:54+00:00\" \/>\n<meta property=\"og:image\" content=\"https:\/\/www.bertazzofood.com\/wp-content\/uploads\/2024\/06\/oscar2_trq_rosso-2.jpg\" \/>\n\t<meta property=\"og:image:width\" content=\"800\" \/>\n\t<meta property=\"og:image:height\" content=\"800\" \/>\n\t<meta property=\"og:image:type\" content=\"image\/jpeg\" \/>\n<meta name=\"twitter:card\" content=\"summary_large_image\" \/>\n<meta name=\"twitter:label1\" content=\"Gesch\u00e4tzte Lesezeit\" \/>\n\t<meta name=\"twitter:data1\" content=\"1\u00a0Minute\" \/>\n<script type=\"application\/ld+json\" class=\"yoast-schema-graph\">{\"@context\":\"https:\\\/\\\/schema.org\",\"@graph\":[{\"@type\":\"WebPage\",\"@id\":\"https:\\\/\\\/www.bertazzofood.com\\\/de\\\/prodotto\\\/nuova-simonelli-oscar-ii-rot-2\\\/\",\"url\":\"https:\\\/\\\/www.bertazzofood.com\\\/de\\\/prodotto\\\/nuova-simonelli-oscar-ii-rot-2\\\/\",\"name\":\"Nuova Simonelli Oscar II Rot\",\"isPartOf\":{\"@id\":\"https:\\\/\\\/www.bertazzofood.com\\\/de\\\/#website\"},\"primaryImageOfPage\":{\"@id\":\"https:\\\/\\\/www.bertazzofood.com\\\/de\\\/prodotto\\\/nuova-simonelli-oscar-ii-rot-2\\\/#primaryimage\"},\"image\":{\"@id\":\"https:\\\/\\\/www.bertazzofood.com\\\/de\\\/prodotto\\\/nuova-simonelli-oscar-ii-rot-2\\\/#primaryimage\"},\"thumbnailUrl\":\"https:\\\/\\\/www.bertazzofood.com\\\/wp-content\\\/uploads\\\/2024\\\/06\\\/oscar2_trq_rosso-2.jpg\",\"datePublished\":\"2020-04-08T06:19:18+00:00\",\"dateModified\":\"2024-06-23T20:22:54+00:00\",\"breadcrumb\":{\"@id\":\"https:\\\/\\\/www.bertazzofood.com\\\/de\\\/prodotto\\\/nuova-simonelli-oscar-ii-rot-2\\\/#breadcrumb\"},\"inLanguage\":\"de\",\"potentialAction\":[{\"@type\":\"ReadAction\",\"target\":[\"https:\\\/\\\/www.bertazzofood.com\\\/de\\\/prodotto\\\/nuova-simonelli-oscar-ii-rot-2\\\/\"]}]},{\"@type\":\"ImageObject\",\"inLanguage\":\"de\",\"@id\":\"https:\\\/\\\/www.bertazzofood.com\\\/de\\\/prodotto\\\/nuova-simonelli-oscar-ii-rot-2\\\/#primaryimage\",\"url\":\"https:\\\/\\\/www.bertazzofood.com\\\/wp-content\\\/uploads\\\/2024\\\/06\\\/oscar2_trq_rosso-2.jpg\",\"contentUrl\":\"https:\\\/\\\/www.bertazzofood.com\\\/wp-content\\\/uploads\\\/2024\\\/06\\\/oscar2_trq_rosso-2.jpg\",\"width\":800,\"height\":800},{\"@type\":\"BreadcrumbList\",\"@id\":\"https:\\\/\\\/www.bertazzofood.com\\\/de\\\/prodotto\\\/nuova-simonelli-oscar-ii-rot-2\\\/#breadcrumb\",\"itemListElement\":[{\"@type\":\"ListItem\",\"position\":1,\"name\":\"Home\",\"item\":\"https:\\\/\\\/www.bertazzofood.com\\\/de\\\/homepage\\\/\"},{\"@type\":\"ListItem\",\"position\":2,\"name\":\"Produkte\",\"item\":\"https:\\\/\\\/www.bertazzofood.com\\\/de\\\/shop\\\/\"},{\"@type\":\"ListItem\",\"position\":3,\"name\":\"Nuova Simonelli Oscar II Rot\"}]},{\"@type\":\"WebSite\",\"@id\":\"https:\\\/\\\/www.bertazzofood.com\\\/de\\\/#website\",\"url\":\"https:\\\/\\\/www.bertazzofood.com\\\/de\\\/\",\"name\":\"Bertazzo Food\",\"description\":\"Prodotti Alimentari Italiani Online e Macchine Da Caff\u00e8\",\"publisher\":{\"@id\":\"https:\\\/\\\/www.bertazzofood.com\\\/de\\\/#organization\"},\"potentialAction\":[{\"@type\":\"SearchAction\",\"target\":{\"@type\":\"EntryPoint\",\"urlTemplate\":\"https:\\\/\\\/www.bertazzofood.com\\\/de\\\/?s={search_term_string}\"},\"query-input\":{\"@type\":\"PropertyValueSpecification\",\"valueRequired\":true,\"valueName\":\"search_term_string\"}}],\"inLanguage\":\"de\"},{\"@type\":\"Organization\",\"@id\":\"https:\\\/\\\/www.bertazzofood.com\\\/de\\\/#organization\",\"name\":\"Bertazzo Italian Quality Food S.a.s. di Bertazzo Fabio & C.\",\"alternateName\":\"Bertazzo Food\",\"url\":\"https:\\\/\\\/www.bertazzofood.com\\\/de\\\/\",\"logo\":{\"@type\":\"ImageObject\",\"inLanguage\":\"de\",\"@id\":\"https:\\\/\\\/www.bertazzofood.com\\\/de\\\/#\\\/schema\\\/logo\\\/image\\\/\",\"url\":\"https:\\\/\\\/www.bertazzofood.com\\\/wp-content\\\/uploads\\\/2024\\\/06\\\/logo-bertazzo.webp\",\"contentUrl\":\"https:\\\/\\\/www.bertazzofood.com\\\/wp-content\\\/uploads\\\/2024\\\/06\\\/logo-bertazzo.webp\",\"width\":410,\"height\":166,\"caption\":\"Bertazzo Italian Quality Food S.a.s. di Bertazzo Fabio & C.\"},\"image\":{\"@id\":\"https:\\\/\\\/www.bertazzofood.com\\\/de\\\/#\\\/schema\\\/logo\\\/image\\\/\"},\"sameAs\":[\"https:\\\/\\\/www.facebook.com\\\/BertazzoItalianQualityFood\",\"https:\\\/\\\/www.instagram.com\\\/bertazzo_italian_quality_food\\\/\"]}]}<\/script>\n<!-- \/ Yoast SEO plugin. -->","yoast_head_json":{"title":"Nuova Simonelli Oscar II Rot","robots":{"index":"index","follow":"follow","max-snippet":"max-snippet:-1","max-image-preview":"max-image-preview:large","max-video-preview":"max-video-preview:-1"},"canonical":"https:\/\/www.bertazzofood.com\/de\/prodotto\/nuova-simonelli-oscar-ii-rot-2\/","og_locale":"de_DE","og_type":"article","og_title":"Nuova Simonelli Oscar II Rot","og_description":"Nuova Simonelli Oscar II, professionelle\u00a0Leistungen auf\u00a0kleinstem Raum, die neue Generation der Ende der Neunzigerjahre lancierten Espressomaschine, die Kaffeeliebhaber auf de ganzen Welt erobert hat. Dank einer Breite von nur 32 Zentimetern und dem Edelstahlgeh\u00e4use eignet sich Oscar II f\u00fcr alle kleinen R\u00e4ume wie zum Beispiel K\u00fcchen, Coffee Corners, B\u00fcros oder Bed &amp; Breakfasts und garantiert [&hellip;]","og_url":"https:\/\/www.bertazzofood.com\/de\/prodotto\/nuova-simonelli-oscar-ii-rot-2\/","og_site_name":"Bertazzo Food","article_publisher":"https:\/\/www.facebook.com\/BertazzoItalianQualityFood","article_modified_time":"2024-06-23T20:22:54+00:00","og_image":[{"width":800,"height":800,"url":"https:\/\/www.bertazzofood.com\/wp-content\/uploads\/2024\/06\/oscar2_trq_rosso-2.jpg","type":"image\/jpeg"}],"twitter_card":"summary_large_image","twitter_misc":{"Gesch\u00e4tzte Lesezeit":"1\u00a0Minute"},"schema":{"@context":"https:\/\/schema.org","@graph":[{"@type":"WebPage","@id":"https:\/\/www.bertazzofood.com\/de\/prodotto\/nuova-simonelli-oscar-ii-rot-2\/","url":"https:\/\/www.bertazzofood.com\/de\/prodotto\/nuova-simonelli-oscar-ii-rot-2\/","name":"Nuova Simonelli Oscar II Rot","isPartOf":{"@id":"https:\/\/www.bertazzofood.com\/de\/#website"},"primaryImageOfPage":{"@id":"https:\/\/www.bertazzofood.com\/de\/prodotto\/nuova-simonelli-oscar-ii-rot-2\/#primaryimage"},"image":{"@id":"https:\/\/www.bertazzofood.com\/de\/prodotto\/nuova-simonelli-oscar-ii-rot-2\/#primaryimage"},"thumbnailUrl":"https:\/\/www.bertazzofood.com\/wp-content\/uploads\/2024\/06\/oscar2_trq_rosso-2.jpg","datePublished":"2020-04-08T06:19:18+00:00","dateModified":"2024-06-23T20:22:54+00:00","breadcrumb":{"@id":"https:\/\/www.bertazzofood.com\/de\/prodotto\/nuova-simonelli-oscar-ii-rot-2\/#breadcrumb"},"inLanguage":"de","potentialAction":[{"@type":"ReadAction","target":["https:\/\/www.bertazzofood.com\/de\/prodotto\/nuova-simonelli-oscar-ii-rot-2\/"]}]},{"@type":"ImageObject","inLanguage":"de","@id":"https:\/\/www.bertazzofood.com\/de\/prodotto\/nuova-simonelli-oscar-ii-rot-2\/#primaryimage","url":"https:\/\/www.bertazzofood.com\/wp-content\/uploads\/2024\/06\/oscar2_trq_rosso-2.jpg","contentUrl":"https:\/\/www.bertazzofood.com\/wp-content\/uploads\/2024\/06\/oscar2_trq_rosso-2.jpg","width":800,"height":800},{"@type":"BreadcrumbList","@id":"https:\/\/www.bertazzofood.com\/de\/prodotto\/nuova-simonelli-oscar-ii-rot-2\/#breadcrumb","itemListElement":[{"@type":"ListItem","position":1,"name":"Home","item":"https:\/\/www.bertazzofood.com\/de\/homepage\/"},{"@type":"ListItem","position":2,"name":"Produkte","item":"https:\/\/www.bertazzofood.com\/de\/shop\/"},{"@type":"ListItem","position":3,"name":"Nuova Simonelli Oscar II Rot"}]},{"@type":"WebSite","@id":"https:\/\/www.bertazzofood.com\/de\/#website","url":"https:\/\/www.bertazzofood.com\/de\/","name":"Bertazzo Food","description":"Prodotti Alimentari Italiani Online e Macchine Da Caff\u00e8","publisher":{"@id":"https:\/\/www.bertazzofood.com\/de\/#organization"},"potentialAction":[{"@type":"SearchAction","target":{"@type":"EntryPoint","urlTemplate":"https:\/\/www.bertazzofood.com\/de\/?s={search_term_string}"},"query-input":{"@type":"PropertyValueSpecification","valueRequired":true,"valueName":"search_term_string"}}],"inLanguage":"de"},{"@type":"Organization","@id":"https:\/\/www.bertazzofood.com\/de\/#organization","name":"Bertazzo Italian Quality Food S.a.s. di Bertazzo Fabio & C.","alternateName":"Bertazzo Food","url":"https:\/\/www.bertazzofood.com\/de\/","logo":{"@type":"ImageObject","inLanguage":"de","@id":"https:\/\/www.bertazzofood.com\/de\/#\/schema\/logo\/image\/","url":"https:\/\/www.bertazzofood.com\/wp-content\/uploads\/2024\/06\/logo-bertazzo.webp","contentUrl":"https:\/\/www.bertazzofood.com\/wp-content\/uploads\/2024\/06\/logo-bertazzo.webp","width":410,"height":166,"caption":"Bertazzo Italian Quality Food S.a.s. di Bertazzo Fabio & C."},"image":{"@id":"https:\/\/www.bertazzofood.com\/de\/#\/schema\/logo\/image\/"},"sameAs":["https:\/\/www.facebook.com\/BertazzoItalianQualityFood","https:\/\/www.instagram.com\/bertazzo_italian_quality_food\/"]}]}},"_links":{"self":[{"href":"https:\/\/www.bertazzofood.com\/de\/wp-json\/wp\/v2\/product\/10146","targetHints":{"allow":["GET"]}}],"collection":[{"href":"https:\/\/www.bertazzofood.com\/de\/wp-json\/wp\/v2\/product"}],"about":[{"href":"https:\/\/www.bertazzofood.com\/de\/wp-json\/wp\/v2\/types\/product"}],"replies":[{"embeddable":true,"href":"https:\/\/www.bertazzofood.com\/de\/wp-json\/wp\/v2\/comments?post=10146"}],"version-history":[{"count":0,"href":"https:\/\/www.bertazzofood.com\/de\/wp-json\/wp\/v2\/product\/10146\/revisions"}],"wp:featuredmedia":[{"embeddable":true,"href":"https:\/\/www.bertazzofood.com\/de\/wp-json\/wp\/v2\/media\/2563"}],"wp:attachment":[{"href":"https:\/\/www.bertazzofood.com\/de\/wp-json\/wp\/v2\/media?parent=10146"}],"wp:term":[{"taxonomy":"product_brand","embeddable":true,"href":"https:\/\/www.bertazzofood.com\/de\/wp-json\/wp\/v2\/product_brand?post=10146"},{"taxonomy":"product_cat","embeddable":true,"href":"https:\/\/www.bertazzofood.com\/de\/wp-json\/wp\/v2\/product_cat?post=10146"},{"taxonomy":"product_tag","embeddable":true,"href":"https:\/\/www.bertazzofood.com\/de\/wp-json\/wp\/v2\/product_tag?post=10146"},{"taxonomy":"brands","embeddable":true,"href":"https:\/\/www.bertazzofood.com\/de\/wp-json\/wp\/v2\/brands?post=10146"},{"taxonomy":"flag_home","embeddable":true,"href":"https:\/\/www.bertazzofood.com\/de\/wp-json\/wp\/v2\/flag_home?post=10146"}],"curies":[{"name":"wp","href":"https:\/\/api.w.org\/{rel}","templated":true}]}}